{"id":68357998,"date":"2026-03-15T13:21:13","date_gmt":"2026-03-15T12:21:13","guid":{"rendered":"https:\/\/kraftwerk-shop.cc\/?post_type=product&#038;p=68357998"},"modified":"2026-03-15T16:08:47","modified_gmt":"2026-03-15T15:08:47","slug":"afe-magnum-flow-nahradni-vzduchovy-filtr-24-90112k","status":"publish","type":"product","link":"https:\/\/kraftwerk-shop.cc\/cs\/produkt\/afe-magnum-flow-ersatz-luftfilter-24-90112k\/","title":{"rendered":"aFe Magnum FLOW Black N\u00e1hradn\u00ed vzduchov\u00fd filtr 24-90112K"},"content":{"rendered":"<div class=\"description std\">\n<h1>aFe Magnum FLOW Pro 5R n\u00e1hradn\u00ed vzduchov\u00fd filtr 24-90112 vhodn\u00fd pro aFe 57-10002D, 57-10002R, 57-10009D, 57-10009R, 57-10018D, 57-10018R, 57-10028K a 57-10028D<\/h1>\n<\/div>\n<p>&nbsp;<\/p>\n<p>D\u00edky p\u011bti vrstv\u00e1m postupn\u011b jemn\u011bj\u0161\u00ed bavln\u011bn\u00e9 tkaniny mezi horn\u00edm povrchem a spodn\u00edm povrchem z polyuretanu 100 % zaji\u0161\u0165uje tento \"naolejovan\u00fd\" obr\u00e1cen\u00fd ku\u017eelov\u00fd vysoce v\u00fdkonn\u00fd filtr vynikaj\u00edc\u00ed pr\u016ftok vzduchu pro maxim\u00e1ln\u00ed v\u00fdkon a to\u010div\u00fd moment.<br \/>\nVysok\u00e9, otev\u0159en\u00e9 a rovnom\u011brn\u011b rozm\u00edst\u011bn\u00e9 z\u00e1hyby jsou omyvateln\u00e9 a opakovan\u011b pou\u017eiteln\u00e9 a nab\u00edzej\u00ed vynikaj\u00edc\u00ed schopnost zadr\u017eovat prach pro del\u0161\u00ed intervaly \u00fadr\u017eby mezi \u010di\u0161t\u011bn\u00edm.<br \/>\nPru\u017en\u00e1 polyuretanov\u00e1 p\u0159\u00edruba s integrovan\u00fdmi \u010depy zaji\u0161\u0165uje t\u011bsnost a t\u011bsnost po celou dobu \u017eivotnosti filtru.<\/p>\n<p>&nbsp;<\/p>\n<p><strong>Vlastnosti:<\/strong><\/p>\n<ul>\n<li>(7-1\/2\u00d75-1\/2) IN F x (9-1\/4\u00d77-1\/4) IN W x (6\u00d74) IN D x 7 IN H<\/li>\n<\/ul>\n<p>&nbsp;<\/p>\n<p><strong>Rozsah dod\u00e1vky:<\/strong><\/p>\n<ul>\n<li>1 vzduchov\u00fd filtr aFe 24-90112K<\/li>\n<\/ul>\n<p>&nbsp;<\/p>","protected":false},"excerpt":{"rendered":"<p>aFe Magnum FLOW Pro 5R n\u00e1hradn\u00ed vzduchov\u00fd filtr 24-90112 vhodn\u00fd pro aFe 57-10002D, 57-10002R, 57-10009D, 57-10009R, 57-10018D, 57-10018R, 57-10028K a 57-10028D<\/p>","protected":false},"featured_media":68358000,"comment_status":"open","ping_status":"closed","template":"","meta":{"_acf_changed":false},"product_brand":[16879],"product_cat":[2711,2668,1779],"product_tag":[19161,21035,19162,904,19163,19164,19165,19166,19168,19167,16880,498,9538,2441,9542,965,8515,502,2393,36,57,8665,9567,8653,9548,9558,503,55,9539,2394,9540,148,500,501,698],"class_list":{"0":"post-68357998","1":"product","2":"type-product","3":"status-publish","4":"has-post-thumbnail","6":"product_brand-afe-power","7":"product_cat-durango-hellcat-ansaugung","8":"product_cat-trackhawk-ansaugung","9":"product_cat-neue-produkte","10":"product_tag-24-90112","11":"product_tag-24-90112k","12":"product_tag-57-10002d","13":"product_tag-57-10002r","14":"product_tag-57-10009d","15":"product_tag-57-10009r","16":"product_tag-57-10018d","17":"product_tag-57-10018r","18":"product_tag-57-10028d","19":"product_tag-57-10028k","20":"product_tag-advanced-flow-engineering","21":"product_tag-afe","22":"product_tag-afe-luftfilter","23":"product_tag-afe-power","24":"product_tag-baumwollgewebe","25":"product_tag-black","26":"product_tag-ersatzfilter","27":"product_tag-filtereinsatz","28":"product_tag-flow","29":"product_tag-kraftwerk","30":"product_tag-luftfilter","31":"product_tag-luftfilter-ersatz","32":"product_tag-luftfilter-ersatzteile","33":"product_tag-luftfilter-kaufen","34":"product_tag-luftfilter-upgrade","35":"product_tag-luftfilter-zubehoer","36":"product_tag-luftfiltereinsatz","37":"product_tag-magnum","38":"product_tag-magnum-flow","39":"product_tag-pro","40":"product_tag-pro-5r","41":"product_tag-schwarz","42":"product_tag-sportluftfilter","43":"product_tag-tauschfilter","44":"product_tag-wiederverwendbar","46":"first","47":"instock","48":"taxable","49":"shipping-taxable","50":"purchasable","51":"product-type-simple"},"bundled_by":[],"bundle_stock_status":"instock","bundle_stock_quantity":2,"bundle_virtual":false,"bundle_layout":"","bundle_add_to_cart_form_location":"","bundle_editable_in_cart":false,"bundle_sold_individually_context":"","bundle_item_grouping":"","bundle_min_size":"","bundle_max_size":"","bundle_price":[],"bundled_items":[],"bundle_sell_ids":[],"exclude_global_add_ons":[],"addons":[],"acf":[],"_links":{"self":[{"href":"https:\/\/kraftwerk-shop.cc\/cs\/wp-json\/wp\/v2\/product\/68357998","targetHints":{"allow":["GET"]}}],"collection":[{"href":"https:\/\/kraftwerk-shop.cc\/cs\/wp-json\/wp\/v2\/product"}],"about":[{"href":"https:\/\/kraftwerk-shop.cc\/cs\/wp-json\/wp\/v2\/types\/product"}],"replies":[{"embeddable":true,"href":"https:\/\/kraftwerk-shop.cc\/cs\/wp-json\/wp\/v2\/comments?post=68357998"}],"version-history":[{"count":0,"href":"https:\/\/kraftwerk-shop.cc\/cs\/wp-json\/wp\/v2\/product\/68357998\/revisions"}],"wp:featuredmedia":[{"embeddable":true,"href":"https:\/\/kraftwerk-shop.cc\/cs\/wp-json\/wp\/v2\/media\/68358000"}],"wp:attachment":[{"href":"https:\/\/kraftwerk-shop.cc\/cs\/wp-json\/wp\/v2\/media?parent=68357998"}],"wp:term":[{"taxonomy":"product_brand","embeddable":true,"href":"https:\/\/kraftwerk-shop.cc\/cs\/wp-json\/wp\/v2\/product_brand?post=68357998"},{"taxonomy":"product_cat","embeddable":true,"href":"https:\/\/kraftwerk-shop.cc\/cs\/wp-json\/wp\/v2\/product_cat?post=68357998"},{"taxonomy":"product_tag","embeddable":true,"href":"https:\/\/kraftwerk-shop.cc\/cs\/wp-json\/wp\/v2\/product_tag?post=68357998"}],"curies":[{"name":"wp","href":"https:\/\/api.w.org\/{rel}","templated":true}]}}