{"id":68358164,"date":"2026-03-22T00:59:55","date_gmt":"2026-03-21T23:59:55","guid":{"rendered":"https:\/\/kraftwerk-shop.cc\/?post_type=product&#038;p=68358164"},"modified":"2026-03-29T23:58:01","modified_gmt":"2026-03-29T21:58:01","slug":"hawk-brzdove-desticky-hb913g-659-durango-hellcat","status":"publish","type":"product","link":"https:\/\/kraftwerk-shop.cc\/cs\/produkt\/hawk-bremsbelaege-hb913g-659-durango-hellcat\/","title":{"rendered":"Hawk Performance DTC-60 Brzdov\u00e9 desti\u010dky Durango Hellcat"},"content":{"rendered":"<h1>Hawk Performance DTC-60 HB913G.659 Brzdov\u00e9 desti\u010dky pro Dodge Durango Hellcat (p\u0159edn\u00ed n\u00e1prava)<\/h1>\n<p>&nbsp;<\/p>\n<p><strong>Hawk Performance DTC-60<\/strong><\/p>\n<p>J\u00edzda s extr\u00e9mn\u011b vysok\u00fdmi hodnotami zpomalen\u00ed a zv\u00fd\u0161en\u00fdm p\u0159\u00edtlakem p\u0159edstavuje zvl\u00e1\u0161tn\u00ed v\u00fdzvu, a proto spole\u010dnost Hawk vyvinula z\u00e1vodn\u00ed sm\u011bs DTC-60. Doporu\u010duje se v kombinaci s DTC-70, pokud je po\u017eadov\u00e1no jin\u00e9 rozlo\u017een\u00ed t\u0159en\u00ed mezi n\u00e1pravami, a vyzna\u010duje se vynikaj\u00edc\u00edmi modula\u010dn\u00edmi a odd\u011blovac\u00edmi vlastnostmi.<\/p>\n<p>&nbsp;<\/p>\n<p><strong>Funkce Hawk HP Plus:<\/strong><\/p>\n<ul>\n<li>Vynikaj\u00edc\u00ed kontrola uvoln\u011bn\u00ed a to\u010div\u00e9ho momentu<\/li>\n<li>Velmi n\u00edzk\u00e9 opot\u0159eben\u00ed brzdov\u00fdch desti\u010dek a kotou\u010d\u016f<\/li>\n<li>Vysok\u00fd to\u010div\u00fd moment<\/li>\n<li>Vynikaj\u00edc\u00ed modula\u010dn\u00ed a uvol\u0148ovac\u00ed vlastnosti<\/li>\n<li>Vhodn\u00e9 pro NASCAR, NASCAR Modified, ARCA, Super Late Models, asfaltov\u00e9 okruhy, Pro 2, Pro 4 Offroad Trucks, Pro Lite, Sports Cars, GT, GS, Open Wheel, Formula, Monster Trucks.<\/li>\n<li>Stabiln\u00ed t\u0159ec\u00ed v\u00fdkon<\/li>\n<li>200 - 870 \u00b0C Rozsah pracovn\u00edch teplot<\/li>\n<li>320 - 650 \u00b0C Optim\u00e1ln\u00ed teplotn\u00ed rozsah<\/li>\n<\/ul>\n<p>&nbsp;<\/p>\n<p>\u010c\u00edslo OE (pouze pro \u00fa\u010dely porovn\u00e1n\u00ed): 68399095AA, 68399095AB, 68399095AC<br \/>\nAutorizace: ne<\/p>\n<p>&nbsp;<\/p>\n<p><strong>Vhodn\u00e9 pro:<\/strong><\/p>\n<table width=\"568\">\n<tbody>\n<tr>\n<td width=\"83\">Dodge<\/td>\n<td width=\"138\">Durango<\/td>\n<td width=\"98\">6.2 Hellcat<\/td>\n<td colspan=\"3\" width=\"249\">2021\u20132025<\/td>\n<\/tr>\n<\/tbody>\n<\/table>\n<p>&nbsp;<\/p>\n<p>Cena se vztahuje na 1 sadu pro kompletn\u00ed p\u0159edn\u00ed n\u00e1pravu.<\/p>","protected":false},"excerpt":{"rendered":"<p>Hawk Performance DTC-60 HB913G.659 Bremsbel\u00e4ge f\u00fcr Dodge Durango Hellcat (Vorderachse) &nbsp; Hawk Performance DTC-60 Das Fahren mit extrem hohen Verz\u00f6gerungswerten<\/p>","protected":false},"featured_media":68358167,"comment_status":"open","ping_status":"closed","template":"","meta":{"_acf_changed":false},"product_brand":[17621],"product_cat":[17928],"product_tag":[2751,2752,2753,838,590,795,839,840,773,49,6944,21038,95,692,1070,7614,21037,100,36,842,841,673],"class_list":{"0":"post-68358164","1":"product","2":"type-product","3":"status-publish","4":"has-post-thumbnail","6":"product_brand-hawk-performance","7":"product_cat-durango-hellcat-bremsbelaege-vorne","8":"product_tag-68399095aa","9":"product_tag-68399095ab","10":"product_tag-68399095ac","11":"product_tag-bremsbelag","12":"product_tag-bremsbelaege","13":"product_tag-bremse","14":"product_tag-bremsklotz","15":"product_tag-bremskloetze","16":"product_tag-carbon","17":"product_tag-dodge","18":"product_tag-dodge-durango-hellcat","19":"product_tag-dtc-60","20":"product_tag-durango","21":"product_tag-ersatzteil","22":"product_tag-hawk","23":"product_tag-hawk10","24":"product_tag-hb913g-659","25":"product_tag-hellcat","26":"product_tag-kraftwerk","27":"product_tag-vorderachse","28":"product_tag-vorne","29":"product_tag-zubehoer","31":"first","32":"instock","33":"taxable","34":"shipping-taxable","35":"purchasable","36":"product-type-simple"},"bundled_by":[],"bundle_stock_status":"instock","bundle_stock_quantity":1,"bundle_virtual":false,"bundle_layout":"","bundle_add_to_cart_form_location":"","bundle_editable_in_cart":false,"bundle_sold_individually_context":"","bundle_item_grouping":"","bundle_min_size":"","bundle_max_size":"","bundle_price":[],"bundled_items":[],"bundle_sell_ids":[],"exclude_global_add_ons":[],"addons":[],"acf":[],"_links":{"self":[{"href":"https:\/\/kraftwerk-shop.cc\/cs\/wp-json\/wp\/v2\/product\/68358164","targetHints":{"allow":["GET"]}}],"collection":[{"href":"https:\/\/kraftwerk-shop.cc\/cs\/wp-json\/wp\/v2\/product"}],"about":[{"href":"https:\/\/kraftwerk-shop.cc\/cs\/wp-json\/wp\/v2\/types\/product"}],"replies":[{"embeddable":true,"href":"https:\/\/kraftwerk-shop.cc\/cs\/wp-json\/wp\/v2\/comments?post=68358164"}],"version-history":[{"count":0,"href":"https:\/\/kraftwerk-shop.cc\/cs\/wp-json\/wp\/v2\/product\/68358164\/revisions"}],"wp:featuredmedia":[{"embeddable":true,"href":"https:\/\/kraftwerk-shop.cc\/cs\/wp-json\/wp\/v2\/media\/68358167"}],"wp:attachment":[{"href":"https:\/\/kraftwerk-shop.cc\/cs\/wp-json\/wp\/v2\/media?parent=68358164"}],"wp:term":[{"taxonomy":"product_brand","embeddable":true,"href":"https:\/\/kraftwerk-shop.cc\/cs\/wp-json\/wp\/v2\/product_brand?post=68358164"},{"taxonomy":"product_cat","embeddable":true,"href":"https:\/\/kraftwerk-shop.cc\/cs\/wp-json\/wp\/v2\/product_cat?post=68358164"},{"taxonomy":"product_tag","embeddable":true,"href":"https:\/\/kraftwerk-shop.cc\/cs\/wp-json\/wp\/v2\/product_tag?post=68358164"}],"curies":[{"name":"wp","href":"https:\/\/api.w.org\/{rel}","templated":true}]}}