{"id":68358169,"date":"2026-03-22T01:20:08","date_gmt":"2026-03-22T00:20:08","guid":{"rendered":"https:\/\/kraftwerk-shop.cc\/?post_type=product&#038;p=68358169"},"modified":"2026-03-25T15:25:46","modified_gmt":"2026-03-25T14:25:46","slug":"jlt-kf-1093","status":"publish","type":"product","link":"https:\/\/kraftwerk-shop.cc\/cs\/produkt\/jlt-kf-1093\/","title":{"rendered":"N\u00e1hradn\u00ed vzduchov\u00fd filtr KF-1093 pro s\u00e1n\u00ed studen\u00e9ho vzduchu JLT"},"content":{"rendered":"<h1>7,25\u2033 x 5,75\u2033 N\u00e1hradn\u00ed vzduchov\u00fd filtr KF-1093 pro s\u00e1n\u00ed studen\u00e9ho vzduchu JLT<\/h1>\n<p>Omyvateln\u00fd, p\u0159edolejovan\u00fd n\u00e1hradn\u00ed vzduchov\u00fd filtr.<\/p>\n<p>&nbsp;<\/p>\n<p><strong>Vhodn\u00e9 pro s\u00e1n\u00ed studen\u00e9ho vzduchu JLT:<\/strong><\/p>\n<ul>\n<li>CAI-75-5170<\/li>\n<li>CAI-75-5196<\/li>\n<\/ul>","protected":false},"excerpt":{"rendered":"<p>7.25&#8243; x 5.75&#8243; Ersatzluftfilter KF-1093 f\u00fcr JLT Cold Air Intakes Auswaschbarer, vorge\u00f6lter Ersatzluftfilter. &nbsp; Passend f\u00fcr JLT Cold Air Intakes:<\/p>","protected":false},"featured_media":68358172,"comment_status":"open","ping_status":"closed","template":"","meta":{"_acf_changed":false},"product_brand":[17168],"product_cat":[10262],"product_tag":[3853,8515,1093,21039],"class_list":{"0":"post-68358169","1":"product","2":"type-product","3":"status-publish","4":"has-post-thumbnail","6":"product_brand-jlt","7":"product_cat-alle-produkte","8":"product_tag-dodge-challenger","9":"product_tag-ersatzfilter","10":"product_tag-jlt","11":"product_tag-kf-1093","13":"first","14":"instock","15":"taxable","16":"shipping-taxable","17":"purchasable","18":"product-type-simple"},"bundled_by":[],"bundle_stock_status":"instock","bundle_stock_quantity":5,"bundle_virtual":false,"bundle_layout":"","bundle_add_to_cart_form_location":"","bundle_editable_in_cart":false,"bundle_sold_individually_context":"","bundle_item_grouping":"","bundle_min_size":"","bundle_max_size":"","bundle_price":[],"bundled_items":[],"bundle_sell_ids":[],"exclude_global_add_ons":[],"addons":[],"acf":[],"_links":{"self":[{"href":"https:\/\/kraftwerk-shop.cc\/cs\/wp-json\/wp\/v2\/product\/68358169","targetHints":{"allow":["GET"]}}],"collection":[{"href":"https:\/\/kraftwerk-shop.cc\/cs\/wp-json\/wp\/v2\/product"}],"about":[{"href":"https:\/\/kraftwerk-shop.cc\/cs\/wp-json\/wp\/v2\/types\/product"}],"replies":[{"embeddable":true,"href":"https:\/\/kraftwerk-shop.cc\/cs\/wp-json\/wp\/v2\/comments?post=68358169"}],"version-history":[{"count":0,"href":"https:\/\/kraftwerk-shop.cc\/cs\/wp-json\/wp\/v2\/product\/68358169\/revisions"}],"wp:featuredmedia":[{"embeddable":true,"href":"https:\/\/kraftwerk-shop.cc\/cs\/wp-json\/wp\/v2\/media\/68358172"}],"wp:attachment":[{"href":"https:\/\/kraftwerk-shop.cc\/cs\/wp-json\/wp\/v2\/media?parent=68358169"}],"wp:term":[{"taxonomy":"product_brand","embeddable":true,"href":"https:\/\/kraftwerk-shop.cc\/cs\/wp-json\/wp\/v2\/product_brand?post=68358169"},{"taxonomy":"product_cat","embeddable":true,"href":"https:\/\/kraftwerk-shop.cc\/cs\/wp-json\/wp\/v2\/product_cat?post=68358169"},{"taxonomy":"product_tag","embeddable":true,"href":"https:\/\/kraftwerk-shop.cc\/cs\/wp-json\/wp\/v2\/product_tag?post=68358169"}],"curies":[{"name":"wp","href":"https:\/\/api.w.org\/{rel}","templated":true}]}}