{"id":68358777,"date":"2026-04-05T01:12:06","date_gmt":"2026-04-04T23:12:06","guid":{"rendered":"https:\/\/kraftwerk-shop.cc\/?post_type=product&#038;p=68358777"},"modified":"2026-04-06T01:27:55","modified_gmt":"2026-04-05T23:27:55","slug":"mopar-zusatzkuehlmittelpumpe-68332879ab","status":"publish","type":"product","link":"https:\/\/kraftwerk-shop.cc\/cs\/produkt\/mopar-zusatzkuehlmittelpumpe-68332879ab\/","title":{"rendered":"P\u0159\u00eddavn\u00e9 \u010derpadlo chladic\u00ed kapaliny Mopar (68332879AB)"},"content":{"rendered":"<h1>Original Mopar Zusatzk\u00fchlmittelpumpe (68332879AB) f\u00fcr RAM 1500 3.6<\/h1>\n<p>&nbsp;<\/p>\n<p><span lang=\"DE\"><strong>\u010c\u00edslo d\u00edlu Mopar:<\/strong>\u00a068332879AB<br \/>\n<strong>Nahrazeno: <\/strong>68332879AA<\/span><\/p>\n<p>&nbsp;<\/p>\n<p><strong>Vhodn\u00e9 pro:<\/strong><\/p>\n<table width=\"996\">\n<tbody>\n<tr>\n<td width=\"138\"><strong>Rok v\u00fdstavby<\/strong><\/td>\n<td width=\"168\"><strong>Zna\u010dka<\/strong><\/td>\n<td width=\"144\"><strong>Model<\/strong><\/td>\n<td width=\"290\"><strong>Verze<\/strong><\/td>\n<td width=\"256\"><strong>Motor<\/strong><\/td>\n<\/tr>\n<tr>\n<td width=\"138\">2026<\/td>\n<td width=\"168\">Ram<\/td>\n<td width=\"144\">1500<\/td>\n<td width=\"290\">Big Horn, Express, Lone Star, Tradesman, Warlock<\/td>\n<td width=\"256\">3.6L V6 - Elektrick\u00fd\/plynov\u00fd pohon<\/td>\n<\/tr>\n<tr>\n<td width=\"138\">2025<\/td>\n<td width=\"168\">Ram<\/td>\n<td width=\"144\">1500<\/td>\n<td width=\"290\">Big Horn, Lone Star, Tradesman, Tradesman HFE<\/td>\n<td width=\"256\">3.6L V6 - Elektrick\u00fd\/plynov\u00fd pohon<\/td>\n<\/tr>\n<tr>\n<td width=\"138\">2024<\/td>\n<td width=\"168\">Ram<\/td>\n<td width=\"144\">1500<\/td>\n<td width=\"290\">Big Horn, Laramie, Limited Longhorn, Lone Star, Rebel, Tradesman<\/td>\n<td width=\"256\">3.6L V6 - Elektrick\u00fd\/plynov\u00fd pohon<\/td>\n<\/tr>\n<tr>\n<td width=\"138\">2023<\/td>\n<td width=\"168\">Ram<\/td>\n<td width=\"144\">1500<\/td>\n<td width=\"290\">Big Horn, Laramie, Limited Longhorn, Lone Star, Rebel, Tradesman<\/td>\n<td width=\"256\">3.6L V6 - Elektrick\u00fd\/plynov\u00fd pohon<\/td>\n<\/tr>\n<tr>\n<td width=\"138\">2022<\/td>\n<td width=\"168\">Ram<\/td>\n<td width=\"144\">1500<\/td>\n<td width=\"290\">Big Horn, Laramie, Limited Longhorn, Lone Star, Rebel, Tradesman<\/td>\n<td width=\"256\">3.6L V6 - Elektrick\u00fd\/plynov\u00fd pohon<\/td>\n<\/tr>\n<tr>\n<td width=\"138\">2021<\/td>\n<td width=\"168\">Ram<\/td>\n<td width=\"144\">1500<\/td>\n<td width=\"290\">Big Horn, HFE, Laramie, Limited Longhorn, Lone Star, Rebel, Tradesman<\/td>\n<td width=\"256\">3.6L V6 - Elektrick\u00fd\/plynov\u00fd pohon<\/td>\n<\/tr>\n<tr>\n<td width=\"138\">2020<\/td>\n<td width=\"168\">Ram<\/td>\n<td width=\"144\">1500<\/td>\n<td width=\"290\">Big Horn, Laramie, Laramie Longhorn, Limited, Lone Star, Rebel, Tradesman<\/td>\n<td width=\"256\">3.6L V6 - Elektrick\u00fd\/plynov\u00fd pohon<\/td>\n<\/tr>\n<tr>\n<td width=\"138\">2019<\/td>\n<td width=\"168\">Ram<\/td>\n<td width=\"144\">1500<\/td>\n<td width=\"290\">Big Horn, Laramie, Laramie Longhorn, Limited, Lone Star, Rebel, Tradesman<\/td>\n<td width=\"256\">3.6L V6 - Elektrick\u00fd\/plynov\u00fd pohon<\/td>\n<\/tr>\n<\/tbody>\n<\/table>\n<p>&nbsp;<\/p>\n<h4>Mopar - origin\u00e1ln\u00ed d\u00edly, kter\u00e9 zaujmou<\/h4>\n<p>Perfektn\u011b slad\u011bno v\u00fdrobcem: Origin\u00e1ln\u00ed d\u00edly Mopar jsou zalo\u017eeny na stejn\u00fdch technick\u00fdch specifikac\u00edch jako komponenty, kter\u00e9 va\u0161e vozidlo obdr\u017eelo z v\u00fdroby. To znamen\u00e1 maxim\u00e1ln\u00ed p\u0159esnost a plnou kompatibilitu bez kompromis\u016f.<\/p>\n<p>Nejvy\u0161\u0161\u00ed standardy pro dlouhou \u017eivotnost: Mopar s\u00e1z\u00ed na testovan\u00e9 materi\u00e1ly a rozs\u00e1hl\u00e9 testovac\u00ed postupy. D\u00edky tomu obdr\u017e\u00edte n\u00e1hradn\u00ed d\u00edly, kter\u00e9 zaru\u010duj\u00ed stabiln\u00ed v\u00fdkon a trvalou spolehlivost i p\u0159i intenzivn\u00edm pou\u017e\u00edv\u00e1n\u00ed.<\/p>","protected":false},"excerpt":{"rendered":"<p>Origin\u00e1ln\u00ed d\u00edl Mopar<\/p>","protected":false},"featured_media":68358815,"comment_status":"open","ping_status":"closed","template":"","meta":{"_acf_changed":false},"product_brand":[16270],"product_cat":[19687],"product_tag":[21101,21100,31,8813,9424,16271,16273,16275,16272,16274,7221,21102,21103],"class_list":{"0":"post-68358777","1":"product","2":"type-product","3":"status-publish","4":"has-post-thumbnail","6":"product_brand-mopar","7":"product_cat-1500-36-dt-kuehlung","8":"product_tag-68332879aa","9":"product_tag-68332879ab","10":"product_tag-mopar","11":"product_tag-mopar-autoteile","12":"product_tag-mopar-ersatzteile","13":"product_tag-mopar-ersatzteile-kaufen","14":"product_tag-mopar-performance-teile","15":"product_tag-mopar-teile-katalog","16":"product_tag-mopar-teile-online","17":"product_tag-mopar-tuningteile","18":"product_tag-mopar10","19":"product_tag-zusatzkuehlmittelpumpe","20":"product_tag-zusatzkuehlwasserpumpe","21":"product_shipping_class-deutschlandohne","23":"first","24":"onbackorder","25":"taxable","26":"shipping-taxable","27":"purchasable","28":"product-type-simple"},"bundled_by":[],"bundle_stock_status":"onbackorder","bundle_stock_quantity":0,"bundle_virtual":false,"bundle_layout":"","bundle_add_to_cart_form_location":"","bundle_editable_in_cart":false,"bundle_sold_individually_context":"","bundle_item_grouping":"","bundle_min_size":"","bundle_max_size":"","bundle_price":[],"bundled_items":[],"bundle_sell_ids":[],"exclude_global_add_ons":[],"addons":[],"acf":[],"_links":{"self":[{"href":"https:\/\/kraftwerk-shop.cc\/cs\/wp-json\/wp\/v2\/product\/68358777","targetHints":{"allow":["GET"]}}],"collection":[{"href":"https:\/\/kraftwerk-shop.cc\/cs\/wp-json\/wp\/v2\/product"}],"about":[{"href":"https:\/\/kraftwerk-shop.cc\/cs\/wp-json\/wp\/v2\/types\/product"}],"replies":[{"embeddable":true,"href":"https:\/\/kraftwerk-shop.cc\/cs\/wp-json\/wp\/v2\/comments?post=68358777"}],"version-history":[{"count":0,"href":"https:\/\/kraftwerk-shop.cc\/cs\/wp-json\/wp\/v2\/product\/68358777\/revisions"}],"wp:featuredmedia":[{"embeddable":true,"href":"https:\/\/kraftwerk-shop.cc\/cs\/wp-json\/wp\/v2\/media\/68358815"}],"wp:attachment":[{"href":"https:\/\/kraftwerk-shop.cc\/cs\/wp-json\/wp\/v2\/media?parent=68358777"}],"wp:term":[{"taxonomy":"product_brand","embeddable":true,"href":"https:\/\/kraftwerk-shop.cc\/cs\/wp-json\/wp\/v2\/product_brand?post=68358777"},{"taxonomy":"product_cat","embeddable":true,"href":"https:\/\/kraftwerk-shop.cc\/cs\/wp-json\/wp\/v2\/product_cat?post=68358777"},{"taxonomy":"product_tag","embeddable":true,"href":"https:\/\/kraftwerk-shop.cc\/cs\/wp-json\/wp\/v2\/product_tag?post=68358777"}],"curies":[{"name":"wp","href":"https:\/\/api.w.org\/{rel}","templated":true}]}}