{"id":68359066,"date":"2026-04-12T15:19:06","date_gmt":"2026-04-12T13:19:06","guid":{"rendered":"https:\/\/kraftwerk-shop.cc\/?post_type=product&#038;p=68359066"},"modified":"2026-04-12T23:45:39","modified_gmt":"2026-04-12T21:45:39","slug":"chladic-motoru-mopar-68480072ac","status":"publish","type":"product","link":"https:\/\/kraftwerk-shop.cc\/cs\/produkt\/mopar-motorkuehler-68480072ac\/","title":{"rendered":"Chladi\u010d motoru Mopar Durango 3.6 (68480072AC)"},"content":{"rendered":"<h1>Origin\u00e1ln\u00ed chladi\u010d motoru Mopar (68480072AC) pro Dodge Durango 3.6 z let 2021 a\u017e 2026<\/h1>\n<p>&nbsp;<\/p>\n<p><span lang=\"DE\"><strong>\u010c\u00edslo d\u00edlu Mopar:<\/strong>\u00a068480072AC<br \/>\n<strong>Nahrazeno: <\/strong>68480072AA, 68480072AB<\/span><\/p>\n<p>&nbsp;<\/p>\n<p><strong>Pozn\u00e1mka:<\/strong> Pro uveden\u00e1 vozidla existuj\u00ed r\u016fzn\u00e9 chladi\u010de. Zkontrolujte pros\u00edm \u010d\u00edslo d\u00edlu <strong>p\u0159ed<\/strong> n\u00e1kup!<\/p>\n<p>&nbsp;<\/p>\n<p><strong>Vhodn\u00e9 pro:<\/strong><\/p>\n<table width=\"996\">\n<tbody>\n<tr>\n<td width=\"138\"><strong>Rok v\u00fdstavby<\/strong><\/td>\n<td width=\"168\"><strong>Zna\u010dka<\/strong><\/td>\n<td width=\"144\"><strong>Model<\/strong><\/td>\n<td width=\"290\"><strong>Verze<\/strong><\/td>\n<td width=\"256\"><strong>Motor<\/strong><\/td>\n<\/tr>\n<tr>\n<td width=\"138\">2026<\/td>\n<td width=\"168\">Dodge<\/td>\n<td width=\"144\">Durango<\/td>\n<td width=\"290\">GT, GT Plus, Pursuit<\/td>\n<td width=\"256\">3.6L<\/td>\n<\/tr>\n<tr>\n<td width=\"138\">2025<\/td>\n<td width=\"168\">Dodge<\/td>\n<td width=\"144\">Durango<\/td>\n<td width=\"290\">GT, GT Plus<\/td>\n<td width=\"256\">3.6L<\/td>\n<\/tr>\n<tr>\n<td width=\"138\">2024<\/td>\n<td width=\"168\">Dodge<\/td>\n<td width=\"144\">Durango<\/td>\n<td width=\"290\">Citadela, GT, GT Plus, GT Premium, Pursuit, SXT, SXT Plus<\/td>\n<td width=\"256\">3.6L<\/td>\n<\/tr>\n<tr>\n<td width=\"138\">2023<\/td>\n<td width=\"168\">Dodge<\/td>\n<td width=\"144\">Durango<\/td>\n<td width=\"290\">Citadela, GT, GT Plus, GT Premium, SXT, SXT Plus<\/td>\n<td width=\"256\">3.6L<\/td>\n<\/tr>\n<tr>\n<td width=\"138\">2022<\/td>\n<td width=\"168\">Dodge<\/td>\n<td width=\"144\">Durango<\/td>\n<td width=\"290\">Citadela, GT, GT Plus, SXT<\/td>\n<td width=\"256\">3.6L<\/td>\n<\/tr>\n<tr>\n<td width=\"138\">2021<\/td>\n<td width=\"168\">Dodge<\/td>\n<td width=\"144\">Durango<\/td>\n<td width=\"290\">Citadela, GT, GT Plus, Pursuit, SXT, SXT Plus<\/td>\n<td width=\"256\">3.6L<\/td>\n<\/tr>\n<\/tbody>\n<\/table>\n<p>&nbsp;<\/p>\n<h4>Pro\u010d si vybrat origin\u00e1ln\u00ed n\u00e1hradn\u00ed d\u00edly Mopar?<\/h4>\n<p><strong>Perfektn\u011b padnouc\u00ed a \u0161pi\u010dkov\u00e9 kvality:<\/strong> Origin\u00e1ln\u00ed n\u00e1hradn\u00ed d\u00edly Mopar jsou vyr\u00e1b\u011bny podle p\u0159\u00edsn\u00fdch specifikac\u00ed v\u00fdrobce, co\u017e znamen\u00e1, \u017ee do va\u0161eho vozidla dokonale pasuj\u00ed. T\u00edm je zaji\u0161t\u011bna nejen snadn\u00e1 instalace, ale tak\u00e9 optim\u00e1ln\u00ed funkce a bezpe\u010dnost.<\/p>\n<p><strong>Spolehlivost a trvanlivost:<\/strong> D\u00edky pou\u017eit\u00ed vysoce kvalitn\u00edch materi\u00e1l\u016f a p\u0159\u00edsn\u00e9 kontrole kvality zaji\u0161\u0165uj\u00ed n\u00e1hradn\u00ed d\u00edly Mopar spolehlivou funkci va\u0161eho vozidla i v extr\u00e9mn\u00edch podm\u00ednk\u00e1ch. Jsou navr\u017eeny tak, aby vydr\u017eely a maximalizovaly v\u00fdkon va\u0161eho vozidla.<\/p>\n<p>&nbsp;<\/p>","protected":false},"excerpt":{"rendered":"<p>Origin\u00e1ln\u00ed d\u00edl Mopar<\/p>\n<p>2021\u20132026<\/p>","protected":false},"featured_media":68354813,"comment_status":"open","ping_status":"closed","template":"","meta":{"_acf_changed":false},"product_brand":[16270],"product_cat":[4567],"product_tag":[169,21201,21202,21200,21207,21208,21209,49,95,405,2374,664,31,8813,9424,16271,16273,16275,16272,16274,7221,4534,21210,3736],"class_list":{"0":"post-68359066","1":"product","2":"type-product","3":"status-publish","4":"has-post-thumbnail","6":"product_brand-mopar","7":"product_cat-durango-36-kuehlung","8":"product_tag-3-6","9":"product_tag-68480070aa","10":"product_tag-68480070ab","11":"product_tag-68480070ac","12":"product_tag-68480072aa","13":"product_tag-68480072ab","14":"product_tag-68480072ac","15":"product_tag-dodge","16":"product_tag-durango","17":"product_tag-kuehler","18":"product_tag-kuehlsystem","19":"product_tag-kuehlung","20":"product_tag-mopar","21":"product_tag-mopar-autoteile","22":"product_tag-mopar-ersatzteile","23":"product_tag-mopar-ersatzteile-kaufen","24":"product_tag-mopar-performance-teile","25":"product_tag-mopar-teile-katalog","26":"product_tag-mopar-teile-online","27":"product_tag-mopar-tuningteile","28":"product_tag-mopar10","29":"product_tag-motorkuehler","30":"product_tag-motorkuehlung","31":"product_tag-wasserkuehler","32":"product_shipping_class-paket-l","34":"first","35":"onbackorder","36":"taxable","37":"shipping-taxable","38":"purchasable","39":"product-type-simple"},"bundled_by":[],"bundle_stock_status":"onbackorder","bundle_stock_quantity":0,"bundle_virtual":false,"bundle_layout":"","bundle_add_to_cart_form_location":"","bundle_editable_in_cart":false,"bundle_sold_individually_context":"","bundle_item_grouping":"","bundle_min_size":"","bundle_max_size":"","bundle_price":[],"bundled_items":[],"bundle_sell_ids":[],"exclude_global_add_ons":[],"addons":[],"acf":[],"_links":{"self":[{"href":"https:\/\/kraftwerk-shop.cc\/cs\/wp-json\/wp\/v2\/product\/68359066","targetHints":{"allow":["GET"]}}],"collection":[{"href":"https:\/\/kraftwerk-shop.cc\/cs\/wp-json\/wp\/v2\/product"}],"about":[{"href":"https:\/\/kraftwerk-shop.cc\/cs\/wp-json\/wp\/v2\/types\/product"}],"replies":[{"embeddable":true,"href":"https:\/\/kraftwerk-shop.cc\/cs\/wp-json\/wp\/v2\/comments?post=68359066"}],"version-history":[{"count":0,"href":"https:\/\/kraftwerk-shop.cc\/cs\/wp-json\/wp\/v2\/product\/68359066\/revisions"}],"wp:featuredmedia":[{"embeddable":true,"href":"https:\/\/kraftwerk-shop.cc\/cs\/wp-json\/wp\/v2\/media\/68354813"}],"wp:attachment":[{"href":"https:\/\/kraftwerk-shop.cc\/cs\/wp-json\/wp\/v2\/media?parent=68359066"}],"wp:term":[{"taxonomy":"product_brand","embeddable":true,"href":"https:\/\/kraftwerk-shop.cc\/cs\/wp-json\/wp\/v2\/product_brand?post=68359066"},{"taxonomy":"product_cat","embeddable":true,"href":"https:\/\/kraftwerk-shop.cc\/cs\/wp-json\/wp\/v2\/product_cat?post=68359066"},{"taxonomy":"product_tag","embeddable":true,"href":"https:\/\/kraftwerk-shop.cc\/cs\/wp-json\/wp\/v2\/product_tag?post=68359066"}],"curies":[{"name":"wp","href":"https:\/\/api.w.org\/{rel}","templated":true}]}}