{"id":68258460,"date":"2021-12-10T18:55:24","date_gmt":"2021-12-10T17:55:24","guid":{"rendered":"https:\/\/kraftwerk-gruppe.de\/?post_type=product&#038;p=68258460"},"modified":"2026-02-15T00:47:44","modified_gmt":"2026-02-14T23:47:44","slug":"injector-dynamics-id1300-injector-nozzles","status":"publish","type":"product","link":"https:\/\/kraftwerk-shop.cc\/en\/produkt\/injector-dynamics-id1300-einspritzduesen\/","title":{"rendered":"Injector Dynamics ID1300 Injectors"},"content":{"rendered":"<h1>Injector Dynamics ID1300 Injectors<\/h1>\n<p>&nbsp;<\/p>\n<p>The ID1050 series injectors are the latest product of the partnership between Injector Dynamics and Bosch Motorsport.<br \/>\nThis is an injection nozzle specially developed for motorsport and tuning applications.<\/p>\n<p>Corrosion-resistant internal parts make them compatible with all known fuels and enable a longer service life with corrosive fuels.<br \/>\nThe compact housing allows installation in more than 200 applications, including current and future engines that use short injectors.<br \/>\nAn improved internal flow path increases performance by 5 % without compromising low flow performance.<br \/>\nThe stronger magnetic circuit offers stable operation up to 10 bar, while the replaceable inlet filter extends the service life.<\/p>\n<p>&nbsp;<\/p>\n<p><strong>Plug n' Play data<\/strong><\/p>\n<p>Are you tired of analyzing log files and making changes to your tuning only to find that what worked one day no longer works the next?<br \/>\nHave you wasted hours trawling through countless forum posts about fuel injectors only to find that there is no simple solution?<br \/>\nThat is the nature of tuning with inaccurate injector data.<\/p>\n<p>Precise injector characteristics are the basis for all fuel calculations.<br \/>\nSo it's no wonder that you'll spend a lot of valuable time trying to make the best of a bad situation if you tune without it. You'll be busy searching for endless combinations of mostly wrong answers, and it will rob you of the most basic functions provided by the engineers who have invested millions of research dollars in developing the engine management system for your car.<\/p>\n<p>Whether you're a professional tuner or a consumer, you can spend countless hours getting it \"mostly right\" or you can copy and paste accurate characterization tables and get to work maximizing performance and drivability.<br \/>\nInjector Dynamics is the only supplier of fuel injectors for motorsport that is able to create these injector characterizations in OEM quality.<br \/>\nThese technical services are available to our customers free of charge in order to generate data for new platforms and applications.<\/p>\n<p>&nbsp;<\/p>\n<p><strong>Specifications<\/strong><\/p>\n<table width=\"713\">\n<tbody>\n<tr>\n<td width=\"258\">Nominal flow rate<\/td>\n<td width=\"455\">1335cc\/min at 3.0 bar (43.5 psi) with gasoline at 52 \u00b0C (125 \u00b0F)<\/td>\n<\/tr>\n<tr>\n<td>Maximum fuel differential pressure<\/td>\n<td>7.0 bar (145.0 psi)<\/td>\n<\/tr>\n<tr>\n<td>Fuel compatibility<\/td>\n<td>Compatible with all known fuels (including alternative fuels)<\/td>\n<\/tr>\n<tr>\n<td>Electrical connection<\/td>\n<td>USCAR<\/td>\n<\/tr>\n<\/tbody>\n<\/table>\n<p>&nbsp;<\/p>\n<p><strong>Delivery includes:<\/strong><\/p>\n<ul>\n<li>8 Injectors<\/li>\n<\/ul>\n<p>&nbsp;<\/p>","protected":false},"excerpt":{"rendered":"<p>Injector Dynamics ID1300 Einspritzd\u00fcsen &nbsp; Die Einspritzd\u00fcsen der ID1300 Serie sind das j\u00fcngste Produkt der Partnerschaft zwischen Injector Dynamics und<\/p>","protected":false},"featured_media":68278161,"comment_status":"open","ping_status":"closed","template":"","meta":{"_acf_changed":false},"product_brand":[],"product_cat":[2877,4980,2876,2878,2879,2880,2881,2882,2883,5159,2884,2885,2886,2888,2889,2887,2890,2891,4805,2892,2893,2894,2895,19343,2896,5016,2919,2897],"product_tag":[2873,475,52,91,92,101,93,54,53,48,49,2870,2868,2869,999,159,160,100,2872,2865,2867,1000,50,86,96,102,2353],"class_list":{"0":"post-68258460","1":"product","2":"type-product","3":"status-publish","4":"has-post-thumbnail","6":"product_cat-300c-57-2005-2010-kraftstoffversorgung","7":"product_cat-300c-57-2011-2023-kraftstoffversorgung","8":"product_cat-300c-61-kraftstoffversorgung","9":"product_cat-300c-64-kraftstoffversorgung","10":"product_cat-challenger-57-kraftstoffversorgung","11":"product_cat-challenger-61-kraftstoffversorgung","12":"product_cat-challenger-hellcat-kraftstoffversorgung","13":"product_cat-challenger-64-kraftstoffversorgung","14":"product_cat-charger-57-kraftstoffversorgung","15":"product_cat-charger-57-2011-2023-kraftstoffversorgung","16":"product_cat-charger-61-kraftstoffversorgung","17":"product_cat-charger-hellcat-kraftstoffversorgung","18":"product_cat-charger-64-kraftstoffversorgung","19":"product_cat-durango-57-kraftstoffversorgung","20":"product_cat-durango-hellcat-kraftstoffversorgung","21":"product_cat-durango-64-kraftstoffversorgung","22":"product_cat-magnum-57-kraftstoffversorgung","23":"product_cat-magnum-61-kraftstoffversorgung","24":"product_cat-grand-cherokee-57-2005-2010-kraftstoffversorgung","25":"product_cat-grand-cherokee-57-2011-2021-kraftstoffversorgung","26":"product_cat-grand-cherokee-61-kraftstoffversorgung","27":"product_cat-trackhawk-kraftstoffversorgung","28":"product_cat-grand-cherokee-64-kraftstoffversorgung","29":"product_cat-wrangler-64-kraftstoffversorgung","30":"product_cat-1500-57-2009-2018-classic-kraftstoffversorgung","31":"product_cat-1500-57-dt-kraftstoffversorgung","32":"product_cat-2500-3500-64-kraftstoffversorgung","33":"product_cat-trx-kraftstoffversorgung","34":"product_tag-1300-48-14-14b-8","35":"product_tag-475","36":"product_tag-300c","37":"product_tag-5-7","38":"product_tag-6-1","39":"product_tag-6-2","40":"product_tag-6-4","41":"product_tag-challenger","42":"product_tag-charger","43":"product_tag-chrysler","44":"product_tag-dodge","45":"product_tag-duese","46":"product_tag-duesen","47":"product_tag-einspritzduese","48":"product_tag-einspritzduesen","49":"product_tag-gross","50":"product_tag-groesser","51":"product_tag-hellcat","52":"product_tag-id1300","53":"product_tag-injector-dynamics","54":"product_tag-injektor","55":"product_tag-injektoren","56":"product_tag-jeep","57":"product_tag-ram","58":"product_tag-srt","59":"product_tag-trackhawk","60":"product_tag-trx","61":"product_shipping_class-deutschlandohne","63":"first","64":"onbackorder","65":"taxable","66":"shipping-taxable","67":"purchasable","68":"product-type-simple"},"bundled_by":[],"bundle_stock_status":"onbackorder","bundle_stock_quantity":0,"bundle_virtual":false,"bundle_layout":"","bundle_add_to_cart_form_location":"","bundle_editable_in_cart":false,"bundle_sold_individually_context":"","bundle_item_grouping":"","bundle_min_size":"","bundle_max_size":"","bundle_price":[],"bundled_items":[],"bundle_sell_ids":[],"exclude_global_add_ons":[],"addons":[],"acf":[],"_links":{"self":[{"href":"https:\/\/kraftwerk-shop.cc\/en\/wp-json\/wp\/v2\/product\/68258460","targetHints":{"allow":["GET"]}}],"collection":[{"href":"https:\/\/kraftwerk-shop.cc\/en\/wp-json\/wp\/v2\/product"}],"about":[{"href":"https:\/\/kraftwerk-shop.cc\/en\/wp-json\/wp\/v2\/types\/product"}],"replies":[{"embeddable":true,"href":"https:\/\/kraftwerk-shop.cc\/en\/wp-json\/wp\/v2\/comments?post=68258460"}],"version-history":[{"count":0,"href":"https:\/\/kraftwerk-shop.cc\/en\/wp-json\/wp\/v2\/product\/68258460\/revisions"}],"wp:featuredmedia":[{"embeddable":true,"href":"https:\/\/kraftwerk-shop.cc\/en\/wp-json\/wp\/v2\/media\/68278161"}],"wp:attachment":[{"href":"https:\/\/kraftwerk-shop.cc\/en\/wp-json\/wp\/v2\/media?parent=68258460"}],"wp:term":[{"taxonomy":"product_brand","embeddable":true,"href":"https:\/\/kraftwerk-shop.cc\/en\/wp-json\/wp\/v2\/product_brand?post=68258460"},{"taxonomy":"product_cat","embeddable":true,"href":"https:\/\/kraftwerk-shop.cc\/en\/wp-json\/wp\/v2\/product_cat?post=68258460"},{"taxonomy":"product_tag","embeddable":true,"href":"https:\/\/kraftwerk-shop.cc\/en\/wp-json\/wp\/v2\/product_tag?post=68258460"}],"curies":[{"name":"wp","href":"https:\/\/api.w.org\/{rel}","templated":true}]}}