{"id":68309106,"date":"2024-10-21T13:12:21","date_gmt":"2024-10-21T11:12:21","guid":{"rendered":"https:\/\/kraftwerk-shop.cc\/?post_type=product&#038;p=68309106"},"modified":"2026-02-15T01:14:31","modified_gmt":"2026-02-15T00:14:31","slug":"valve-cover-ventilation-ford-mustang","status":"publish","type":"product","link":"https:\/\/kraftwerk-shop.cc\/en\/produkt\/ventildeckelentlueftung-ford-mustang\/","title":{"rendered":"Valve Cover Breather Ford Mustang GT"},"content":{"rendered":"<h1>Open valve cover breather for Ford Mustang GT 4.6L and 5.0L<\/h1>\n<p>&nbsp;<\/p>\n<p>This valve cover breather is installed in place of the oil filler cap; no modifications to the vehicle are required.<\/p>\n<p>The precision-machined spiral in the base of the housing fits exactly into the filler tube, and the seal is held in place by the O-ring supplied.<\/p>\n<p>In turbocharged engines, combustion pressure inevitably enters the crankcase and this pressure contributes to power loss, increased oil temperatures and premature engine seal failure.<br \/>\nThe air vent serves as a high-flow vent so that the resulting pressure can easily escape into the atmosphere.<\/p>\n<p>This breather is equipped with a patented APV non-return valve so that the internal pressure can pass through, but no outside air can be sucked through the breather into the engine's intake tract.<br \/>\nThis venting reduces the effectiveness of the vehicle's PCV system and is not emissions-compliant.<br \/>\nYour engine tuning will not be affected by the installation of this breather.<\/p>\n<p>This valve cover breather is CNC-milled from aluminum and micro-machined on the outer surface.<br \/>\nThe filter is a high-quality, reusable unit manufactured in the USA by S &amp; B Filters.<\/p>\n<p>&nbsp;<\/p>\n<p><strong>Fits:<\/strong><\/p>\n<table width=\"449\">\n<tbody>\n<tr>\n<td width=\"115\"><strong>Brand<\/strong><\/td>\n<td width=\"145\"><strong>Model<\/strong><\/td>\n<td width=\"106\"><strong>Engine<\/strong><\/td>\n<td width=\"83\"><strong>Year<\/strong><\/td>\n<\/tr>\n<tr>\n<td width=\"115\">Ford<\/td>\n<td width=\"145\">Mustang GT<\/td>\n<td width=\"106\">4.6, 5.0<\/td>\n<td width=\"83\">2006\u20132016<\/td>\n<\/tr>\n<\/tbody>\n<\/table>\n<p>&nbsp;<\/p>","protected":false},"excerpt":{"rendered":"<p>Offene Ventildeckelentl\u00fcftung f\u00fcr Ford Mustang GT 4.6L und 5.0L &nbsp; Diese Ventildeckelentl\u00fcftung wird anstelle des \u00d6leinf\u00fclldeckels eingebaut, es sind keine<\/p>","protected":false},"featured_media":68309231,"comment_status":"open","ping_status":"closed","template":"","meta":{"_acf_changed":false},"product_brand":[19068],"product_cat":[8018],"product_tag":[8013,8010,4030,155,917,4029,3505,84,3872,4587,8011,153,154,156],"class_list":{"0":"post-68309106","1":"product","2":"type-product","3":"status-publish","4":"has-post-thumbnail","6":"product_brand-kraftwerk","7":"product_cat-mustang-50-gt-motor","8":"product_tag-1-0101-1-fb","9":"product_tag-4-6","10":"product_tag-5-0","11":"product_tag-entlueftung","12":"product_tag-ford","13":"product_tag-gt5-0","14":"product_tag-kurbelgehaeuse","15":"product_tag-kurbelgehaeuseentlueftung","16":"product_tag-mustang","17":"product_tag-mustang-gt","18":"product_tag-oeleinfuelldeckel","19":"product_tag-valve-cover-breather","20":"product_tag-ventildeckel","21":"product_tag-ventildeckelentlueftung","23":"first","24":"outofstock","25":"taxable","26":"shipping-taxable","27":"purchasable","28":"product-type-simple"},"bundled_by":[],"bundle_stock_status":"outofstock","bundle_stock_quantity":0,"bundle_virtual":false,"bundle_layout":"","bundle_add_to_cart_form_location":"","bundle_editable_in_cart":false,"bundle_sold_individually_context":"","bundle_item_grouping":"","bundle_min_size":"","bundle_max_size":"","bundle_price":[],"bundled_items":[],"bundle_sell_ids":[],"exclude_global_add_ons":[],"addons":[],"acf":[],"_links":{"self":[{"href":"https:\/\/kraftwerk-shop.cc\/en\/wp-json\/wp\/v2\/product\/68309106","targetHints":{"allow":["GET"]}}],"collection":[{"href":"https:\/\/kraftwerk-shop.cc\/en\/wp-json\/wp\/v2\/product"}],"about":[{"href":"https:\/\/kraftwerk-shop.cc\/en\/wp-json\/wp\/v2\/types\/product"}],"replies":[{"embeddable":true,"href":"https:\/\/kraftwerk-shop.cc\/en\/wp-json\/wp\/v2\/comments?post=68309106"}],"version-history":[{"count":0,"href":"https:\/\/kraftwerk-shop.cc\/en\/wp-json\/wp\/v2\/product\/68309106\/revisions"}],"wp:featuredmedia":[{"embeddable":true,"href":"https:\/\/kraftwerk-shop.cc\/en\/wp-json\/wp\/v2\/media\/68309231"}],"wp:attachment":[{"href":"https:\/\/kraftwerk-shop.cc\/en\/wp-json\/wp\/v2\/media?parent=68309106"}],"wp:term":[{"taxonomy":"product_brand","embeddable":true,"href":"https:\/\/kraftwerk-shop.cc\/en\/wp-json\/wp\/v2\/product_brand?post=68309106"},{"taxonomy":"product_cat","embeddable":true,"href":"https:\/\/kraftwerk-shop.cc\/en\/wp-json\/wp\/v2\/product_cat?post=68309106"},{"taxonomy":"product_tag","embeddable":true,"href":"https:\/\/kraftwerk-shop.cc\/en\/wp-json\/wp\/v2\/product_tag?post=68309106"}],"curies":[{"name":"wp","href":"https:\/\/api.w.org\/{rel}","templated":true}]}}