{"id":68349401,"date":"2025-09-13T23:21:46","date_gmt":"2025-09-13T21:21:46","guid":{"rendered":"https:\/\/kraftwerk-shop.cc\/?post_type=product&#038;p=68349401"},"modified":"2026-04-13T11:52:29","modified_gmt":"2026-04-13T09:52:29","slug":"dba-race-brake-pads-db2375rp-corvette-c7","status":"publish","type":"product","link":"https:\/\/kraftwerk-shop.cc\/en\/produkt\/dba-race-bremsbelaege-db2375rp-corvette-c7\/","title":{"rendered":"DBA Race Performance Brake Pads Corvette C7"},"content":{"rendered":"<h1>DBA Race Performance Bremsbel\u00e4ge DB2375RP f\u00fcr Chevrolet Corvette C7 Z06 und Grand Sport (Vorderachse)<\/h1>\n<p>&nbsp;<\/p>\n<p>Die Race Performance Bremsbel\u00e4ge wurden speziell f\u00fcr die hohen Anforderungen des Rennsports auf Rennstrecken und Rundkursen entwickelt und bew\u00e4hren sich unter den extremen Hitzebedingungen des Wettkampfsports mit Betriebstemperaturen von bis zu 350 \u00b0C und mehr.<br \/>\nDiese Bremsbel\u00e4ge werden mit einer carbonfaserverst\u00e4rkten Formel hergestellt und bieten eine un\u00fcbertroffene Festigkeit sowie eine gleichbleibende Reibung selbst unter den anspruchsvollsten Bedingungen.<\/p>\n<p>&nbsp;<\/p>\n<p><strong>Eigenschaften:<\/strong><\/p>\n<ul>\n<li>Optimierte Reibungsformel: Erleben Sie \u00fcberlegene Bremskraft mit einer aus dem Rennsport stammenden Mischung, die einen hohen Reibungskoeffizienten f\u00fcr maximale Kontrolle bietet<\/li>\n<li>Thermische Stabilit\u00e4t: Diese Bremsbel\u00e4ge sind f\u00fcr extreme Temperaturen ausgelegt und gew\u00e4hrleisten auch unter harten Rennbedingungen eine gleichbleibende Leistung und Langlebigkeit<\/li>\n<li>Reduzierter Bremsfading: Die Innovative Mischung reduziert das Risiko von Bremsfading und sorgt f\u00fcr zuverl\u00e4ssige Bremskraft, wenn Sie sie am dringendsten ben\u00f6tigen<\/li>\n<li>Optimaler Betriebstemperaturbereich: 250 \u00b0C bis 750 \u00b0C<\/li>\n<li>Kohlefaser-Formulierung mit geringem Metallanteil: Verbessert die Bremskraft bei gleichzeitig geringem Bremsstaub und Ger\u00e4uschpegel<\/li>\n<li>Hervorragende Fading- und Verschlei\u00dfeigenschaften: Bietet lang anhaltende Leistung und minimalen Verschlei\u00df unter extremen Fahrbedingungen<\/li>\n<li>Thermische Unterlage: Erh\u00f6ht die W\u00e4rmeableitung und die Haftfestigkeit und sorgt daf\u00fcr, dass die Bremsbel\u00e4ge auch bei hohen Temperaturen sicher funktionieren<\/li>\n<\/ul>\n<p>&nbsp;<\/p>\n<p><strong>Hinweis: <\/strong>Die Race Performance &#8211; Reihe wurde speziell f\u00fcr den Rennsport entwickelt und ist nicht f\u00fcr den Stra\u00dfenverkehr geeignet.<\/p>\n<p>&nbsp;<\/p>\n<p>&nbsp;<\/p>\n<p><strong><br \/>\n<\/strong><strong>GM Vergleichsnummern:<\/strong> <span id=\"vew_partnumber[3855]\" class=\"listing-final-partnumber as-link-if-js\" title=\"K\u00e4uferleitfaden\">1711040<\/span>, <span class=\"text1\">25940447<br \/>\n<strong>Zulassung:<\/strong> nein<\/span><\/p>\n<p>&nbsp;<\/p>\n<p><strong>Passend f\u00fcr:<\/strong><\/p>\n<table width=\"403\">\n<tbody>\n<tr>\n<td width=\"67\">Chevrolet<\/td>\n<td width=\"116\">Corvette C7<\/td>\n<td width=\"123\">Z06<\/td>\n<td width=\"97\">2014 &#8211; 2019<\/td>\n<\/tr>\n<tr>\n<td width=\"67\">Chevrolet<\/td>\n<td width=\"116\">Corvette C7<\/td>\n<td width=\"123\">Grand Sport<\/td>\n<td width=\"97\">2017 &#8211; 2019<\/td>\n<\/tr>\n<\/tbody>\n<\/table>\n<p>&nbsp;<\/p>\n<p>Der Preis bezieht sich auf 1 Satz f\u00fcr die komplette Vorderachse.<\/p>\n<p>&nbsp;<\/p>\n","protected":false},"excerpt":{"rendered":"<p>DBA Race Performance brake pads DB2375RP for Chevrolet Corvette C7 Z06 and Grand Sport (front axle) The Race Performance brake pads have been<\/p>","protected":false},"featured_media":68349406,"comment_status":"open","ping_status":"closed","template":"","meta":{"_acf_changed":false},"product_brand":[18922],"product_cat":[10262,3128],"product_tag":[6875,6876,1046,9915,838,9916,9910,9914,9911,590,9789,795,9904,839,840,3087,9908,189,281,9907,7892,18988,789,9918,9920,9900,9906,9912,9909,9922,9905,9923,9930,9925,9928,9919,9917,9926,9921,9927,9924,9913,9929,2325,692,4379,9715,31,9902,18989,9903,2139,842,841,283,673,2137],"class_list":{"0":"post-68349401","1":"product","2":"type-product","3":"status-publish","4":"has-post-thumbnail","6":"product_brand-dba","7":"product_cat-alle-produkte","8":"product_cat-corvette-c7-bremsen-vorne","9":"product_tag-6875","10":"product_tag-6876","11":"product_tag-abe","12":"product_tag-beste-bremsbelaege","13":"product_tag-bremsbelag","14":"product_tag-bremsbelag-empfehlungen","15":"product_tag-bremsbelag-montage","16":"product_tag-bremsbelag-vergleich","17":"product_tag-bremsbelag-wechsel","18":"product_tag-bremsbelaege","19":"product_tag-bremsbelaege-kaufen","20":"product_tag-bremse","21":"product_tag-bremsen-tuning","22":"product_tag-bremsklotz","23":"product_tag-bremskloetze","24":"product_tag-c7","25":"product_tag-c7-bremsbelaege","26":"product_tag-chevrolet","27":"product_tag-corvette","28":"product_tag-corvette-bremsen","29":"product_tag-corvette-c7","30":"product_tag-db2375rp","31":"product_tag-dba","32":"product_tag-dba-angebote","33":"product_tag-dba-bewertungen","34":"product_tag-dba-bremsbelaege","35":"product_tag-dba-deutschland","36":"product_tag-dba-erfahrungen","37":"product_tag-dba-ersatzteile","38":"product_tag-dba-garantie","39":"product_tag-dba-haendler","40":"product_tag-dba-installation","41":"product_tag-dba-kompatibilitae","42":"product_tag-dba-kundenservice","43":"product_tag-dba-lieferzeit","44":"product_tag-dba-online-shop","45":"product_tag-dba-preise","46":"product_tag-dba-produktdetails","47":"product_tag-dba-qualitaet","48":"product_tag-dba-spezifikationen","49":"product_tag-dba-support","50":"product_tag-dba-testberichte","51":"product_tag-dba-versandkosten","52":"product_tag-eg","53":"product_tag-ersatzteil","54":"product_tag-grand-sport","55":"product_tag-hochleistungsbremsen","56":"product_tag-mopar","57":"product_tag-performance-bremsbelaege","58":"product_tag-race-performance","59":"product_tag-sportbremsen","60":"product_tag-tuev","61":"product_tag-vorderachse","62":"product_tag-vorne","63":"product_tag-z06","64":"product_tag-zubehoer","65":"product_tag-zulassung","66":"product_shipping_class-deutschlandohne","68":"first","69":"onbackorder","70":"taxable","71":"shipping-taxable","72":"purchasable","73":"product-type-simple"},"bundled_by":[],"bundle_stock_status":"onbackorder","bundle_stock_quantity":0,"bundle_virtual":false,"bundle_layout":"","bundle_add_to_cart_form_location":"","bundle_editable_in_cart":false,"bundle_sold_individually_context":"","bundle_item_grouping":"","bundle_min_size":"","bundle_max_size":"","bundle_price":[],"bundled_items":[],"bundle_sell_ids":[],"exclude_global_add_ons":[],"addons":[],"acf":[],"_links":{"self":[{"href":"https:\/\/kraftwerk-shop.cc\/en\/wp-json\/wp\/v2\/product\/68349401","targetHints":{"allow":["GET"]}}],"collection":[{"href":"https:\/\/kraftwerk-shop.cc\/en\/wp-json\/wp\/v2\/product"}],"about":[{"href":"https:\/\/kraftwerk-shop.cc\/en\/wp-json\/wp\/v2\/types\/product"}],"replies":[{"embeddable":true,"href":"https:\/\/kraftwerk-shop.cc\/en\/wp-json\/wp\/v2\/comments?post=68349401"}],"version-history":[{"count":0,"href":"https:\/\/kraftwerk-shop.cc\/en\/wp-json\/wp\/v2\/product\/68349401\/revisions"}],"wp:featuredmedia":[{"embeddable":true,"href":"https:\/\/kraftwerk-shop.cc\/en\/wp-json\/wp\/v2\/media\/68349406"}],"wp:attachment":[{"href":"https:\/\/kraftwerk-shop.cc\/en\/wp-json\/wp\/v2\/media?parent=68349401"}],"wp:term":[{"taxonomy":"product_brand","embeddable":true,"href":"https:\/\/kraftwerk-shop.cc\/en\/wp-json\/wp\/v2\/product_brand?post=68349401"},{"taxonomy":"product_cat","embeddable":true,"href":"https:\/\/kraftwerk-shop.cc\/en\/wp-json\/wp\/v2\/product_cat?post=68349401"},{"taxonomy":"product_tag","embeddable":true,"href":"https:\/\/kraftwerk-shop.cc\/en\/wp-json\/wp\/v2\/product_tag?post=68349401"}],"curies":[{"name":"wp","href":"https:\/\/api.w.org\/{rel}","templated":true}]}}