{"id":68354175,"date":"2025-12-14T19:59:11","date_gmt":"2025-12-14T18:59:11","guid":{"rendered":"https:\/\/kraftwerk-shop.cc\/?post_type=product&#038;p=68354175"},"modified":"2026-04-17T11:46:01","modified_gmt":"2026-04-17T09:46:01","slug":"oem-identical-part-for-mopar-srt-oil-filter-5038041aa","status":"publish","type":"product","link":"https:\/\/kraftwerk-shop.cc\/en\/produkt\/oem-identteil-zu-mopar-srt-oelfilter-5038041aa\/","title":{"rendered":"OEM Identical Part for Mopar SRT Oil Filter (5038041AA)"},"content":{"rendered":"<h1>OEM Identical Part for Mopar SRT Performance Oil Filter 5038041AA (MO-041)<strong><br \/>\n<\/strong><\/h1>\n<p>&nbsp;<\/p>\n<p>This oil filter is the OEM identical part for the Mopar SRT oil filter with part number 5038041AA (MO-041), manufactured by the MANN+HUMMEL Group, one of the world's leading manufacturers of filtration solutions in the automotive original equipment and aftermarket sectors.<\/p>\n<p>The filter is completely identical to the original Mopar filter in terms of design, material, filter medium, dimensions and function. It comes from the same production or is produced according to the same technical specifications - the only difference is the brand imprint.<\/p>\n<p>This product is therefore not a replica or a compatible replacement, but an identical OEM part that is supplied without Mopar branding.<\/p>\n<p>The Mopar replacement oil filter was originally developed for the Dodge Viper, but is also used on other vehicles that use the oil filter with part number 4884899AC from the factory due to its better filter properties.<br \/>\nIn addition to the better filter material, the internal bypass is designed to open later than the 4884899AC oil filter.<br \/>\nThis means that the engine oil is generally better filtered.<\/p>\n<p>&nbsp;<\/p>\n<p>&nbsp;<\/p>\n<p><strong>Fits:<\/strong><\/p>\n<table width=\"449\">\n<tbody>\n<tr>\n<td width=\"115\"><strong>Brand<\/strong><\/td>\n<td width=\"145\"><strong>Model<\/strong><\/td>\n<td width=\"106\"><strong>Engine<\/strong><\/td>\n<td width=\"83\"><strong>Year<\/strong><\/td>\n<\/tr>\n<tr>\n<td>Chrysler<\/td>\n<td>300C<\/td>\n<td>5.7<\/td>\n<td>2008\u20132023<\/td>\n<\/tr>\n<tr>\n<td>Chrysler<\/td>\n<td>300C<\/td>\n<td>6.1<\/td>\n<td>2008\u20132010<\/td>\n<\/tr>\n<tr>\n<td width=\"115\">Chrysler<\/td>\n<td width=\"145\">300C<\/td>\n<td>6.4<\/td>\n<td width=\"83\">2011\u20132023<\/td>\n<\/tr>\n<tr>\n<td>Dodge<\/td>\n<td>Challenger<\/td>\n<td>5.7<\/td>\n<td>2008\u20132023<\/td>\n<\/tr>\n<tr>\n<td>Dodge<\/td>\n<td>Challenger<\/td>\n<td>6.1<\/td>\n<td>2008\u20132010<\/td>\n<\/tr>\n<tr>\n<td width=\"115\">Dodge<\/td>\n<td width=\"145\">Challenger<\/td>\n<td width=\"106\">6.2 Hellcat<\/td>\n<td width=\"83\">2015\u20132023<\/td>\n<\/tr>\n<tr>\n<td width=\"115\">Dodge<\/td>\n<td width=\"145\">Challenger<\/td>\n<td>6.4<\/td>\n<td width=\"83\">2011\u20132023<\/td>\n<\/tr>\n<tr>\n<td>Dodge<\/td>\n<td>Charger<\/td>\n<td>5.7<\/td>\n<td>2008\u20132023<\/td>\n<\/tr>\n<tr>\n<td>Dodge<\/td>\n<td>Charger<\/td>\n<td>6.1<\/td>\n<td>2008\u20132010<\/td>\n<\/tr>\n<tr>\n<td width=\"115\">Dodge<\/td>\n<td width=\"145\">Charger<\/td>\n<td width=\"106\">6.2 Hellcat<\/td>\n<td width=\"83\">2015\u20132023<\/td>\n<\/tr>\n<tr>\n<td width=\"115\">Dodge<\/td>\n<td width=\"145\">Charger<\/td>\n<td>6.4<\/td>\n<td width=\"83\">2011\u20132023<\/td>\n<\/tr>\n<tr>\n<td>Dodge<\/td>\n<td>Durango<\/td>\n<td>5.7<\/td>\n<td>2013\u20132025<\/td>\n<\/tr>\n<tr>\n<td width=\"115\">Dodge<\/td>\n<td width=\"145\">Durango<\/td>\n<td width=\"106\">6.2 Hellcat<\/td>\n<td width=\"83\">2021\u20132025<\/td>\n<\/tr>\n<tr>\n<td>Dodge<\/td>\n<td>Durango<\/td>\n<td>6.4<\/td>\n<td>2018\u20132024<\/td>\n<\/tr>\n<tr>\n<td>Dodge<\/td>\n<td>Magnum<\/td>\n<td>6.1<\/td>\n<td>2008<\/td>\n<\/tr>\n<tr>\n<td>Dodge<\/td>\n<td>Magnum<\/td>\n<td>5.7<\/td>\n<td>2008<\/td>\n<\/tr>\n<tr>\n<td>Jeep<\/td>\n<td>Commander<\/td>\n<td>5.7<\/td>\n<td>2008\u20132010<\/td>\n<\/tr>\n<tr>\n<td>Jeep<\/td>\n<td>Grand Cherokee<\/td>\n<td>5.7<\/td>\n<td>2008\u20132023<\/td>\n<\/tr>\n<tr>\n<td>Jeep<\/td>\n<td>Grand Cherokee<\/td>\n<td>6.1<\/td>\n<td>2008\u20132010<\/td>\n<\/tr>\n<tr>\n<td width=\"115\">Jeep<\/td>\n<td width=\"145\">Grand Cherokee<\/td>\n<td width=\"106\">6.2 Trackhawk<\/td>\n<td width=\"83\">2018\u20132021<\/td>\n<\/tr>\n<tr>\n<td>Jeep<\/td>\n<td>Grand Cherokee<\/td>\n<td>6.4<\/td>\n<td>2011\u20132021<\/td>\n<\/tr>\n<tr>\n<td>Jeep<\/td>\n<td>Wrangler<\/td>\n<td>6.4<\/td>\n<td>2021\u20132023<\/td>\n<\/tr>\n<tr>\n<td>RAM<\/td>\n<td>1500<\/td>\n<td>5.7<\/td>\n<td>2009\u20132024<\/td>\n<\/tr>\n<tr>\n<td width=\"115\">RAM<\/td>\n<td width=\"145\">1500<\/td>\n<td width=\"106\">6.2 TRX<\/td>\n<td width=\"83\">2021\u20132024<\/td>\n<\/tr>\n<tr>\n<td>RAM<\/td>\n<td>2500<\/td>\n<td>6.4<\/td>\n<td>2014\u20132025<\/td>\n<\/tr>\n<\/tbody>\n<\/table>\n<p>&nbsp;<\/p>\n<p>Not suitable for older vehicles. These have a different thread on the oil filter.<\/p>","protected":false},"excerpt":{"rendered":"<p>OEM-Identteil zum Mopar SRT Performance \u00d6lfilter 5038041AA (MO-041) &nbsp; Dieser \u00d6lfilter ist das OEM-Identteil zum Mopar SRT-\u00d6lfilter mit der Teilenummer<\/p>","protected":false},"featured_media":68354206,"comment_status":"open","ping_status":"closed","template":"","meta":{"_acf_changed":false},"product_brand":[16270],"product_cat":[1590,1695,1703,1630,1638,2710,1663,8049,1767,1775,2963,2706],"product_tag":[4989,4993,18239,52,217,4991,685,91,2404,19977,92,93,54,53,48,536,94,49,3853,3854,95,2321,648,56,126,675,50,4425,4427,4426,19975,2405,31,7221,404,2320,647,2453,655,34,35,86,674,96,164,38,102,2353,37,19976,673],"class_list":{"0":"post-68354175","1":"product","2":"type-product","3":"status-publish","4":"has-post-thumbnail","6":"product_brand-mopar","7":"product_cat-300c-64-wartung","8":"product_cat-challenger-hellcat-wartung","9":"product_cat-challenger-64-wartung","10":"product_cat-charger-hellcat-wartung","11":"product_cat-charger-64-wartung","12":"product_cat-durango-hellcat-wartung","13":"product_cat-durango-64-wartung","14":"product_cat-viper-84-wartung","15":"product_cat-trackhawk-wartung","16":"product_cat-grand-cherokee-64-wartung","17":"product_cat-wrangler-64-wartung","18":"product_cat-trx-wartung","19":"product_tag-04884899ab","20":"product_tag-04884899ac","21":"product_tag-05038041aa","22":"product_tag-300c","23":"product_tag-217","24":"product_tag-4884899ab","25":"product_tag-4884899ac","26":"product_tag-5-7","27":"product_tag-5038041aa","28":"product_tag-19977","29":"product_tag-6-1","30":"product_tag-6-4","31":"product_tag-challenger","32":"product_tag-charger","33":"product_tag-chrysler","34":"product_tag-chrysler-300c","35":"product_tag-commander","36":"product_tag-dodge","37":"product_tag-dodge-challenger","38":"product_tag-dodge-charger","39":"product_tag-durango","40":"product_tag-erstausruester","41":"product_tag-filter","42":"product_tag-grand-cherokee","43":"product_tag-hemi","44":"product_tag-inspektion","45":"product_tag-jeep","46":"product_tag-jeep-grand-cherokee","47":"product_tag-jeep-grand-cherokee-trackhawk","48":"product_tag-jeep-trackhawk","49":"product_tag-mann-hummel","50":"product_tag-mo-041","51":"product_tag-mopar","52":"product_tag-mopar10","53":"product_tag-motoroel","54":"product_tag-motoroelfilter","55":"product_tag-oelfilter","56":"product_tag-oelfilter10","57":"product_tag-oelwechsel","58":"product_tag-original","59":"product_tag-originalersatzteil","60":"product_tag-ram","61":"product_tag-service","62":"product_tag-srt","63":"product_tag-srt8","64":"product_tag-teile","65":"product_tag-trackhawk","66":"product_tag-trx","67":"product_tag-wartung","68":"product_tag-wix","69":"product_tag-zubehoer","70":"product_shipping_class-deutschlandohne","72":"first","73":"instock","74":"taxable","75":"shipping-taxable","76":"purchasable","77":"product-type-simple"},"bundled_by":[],"bundle_stock_status":"instock","bundle_stock_quantity":27,"bundle_virtual":false,"bundle_layout":"","bundle_add_to_cart_form_location":"","bundle_editable_in_cart":false,"bundle_sold_individually_context":"","bundle_item_grouping":"","bundle_min_size":"","bundle_max_size":"","bundle_price":[],"bundled_items":[],"bundle_sell_ids":[],"exclude_global_add_ons":[],"addons":[],"acf":[],"_links":{"self":[{"href":"https:\/\/kraftwerk-shop.cc\/en\/wp-json\/wp\/v2\/product\/68354175","targetHints":{"allow":["GET"]}}],"collection":[{"href":"https:\/\/kraftwerk-shop.cc\/en\/wp-json\/wp\/v2\/product"}],"about":[{"href":"https:\/\/kraftwerk-shop.cc\/en\/wp-json\/wp\/v2\/types\/product"}],"replies":[{"embeddable":true,"href":"https:\/\/kraftwerk-shop.cc\/en\/wp-json\/wp\/v2\/comments?post=68354175"}],"version-history":[{"count":0,"href":"https:\/\/kraftwerk-shop.cc\/en\/wp-json\/wp\/v2\/product\/68354175\/revisions"}],"wp:featuredmedia":[{"embeddable":true,"href":"https:\/\/kraftwerk-shop.cc\/en\/wp-json\/wp\/v2\/media\/68354206"}],"wp:attachment":[{"href":"https:\/\/kraftwerk-shop.cc\/en\/wp-json\/wp\/v2\/media?parent=68354175"}],"wp:term":[{"taxonomy":"product_brand","embeddable":true,"href":"https:\/\/kraftwerk-shop.cc\/en\/wp-json\/wp\/v2\/product_brand?post=68354175"},{"taxonomy":"product_cat","embeddable":true,"href":"https:\/\/kraftwerk-shop.cc\/en\/wp-json\/wp\/v2\/product_cat?post=68354175"},{"taxonomy":"product_tag","embeddable":true,"href":"https:\/\/kraftwerk-shop.cc\/en\/wp-json\/wp\/v2\/product_tag?post=68354175"}],"curies":[{"name":"wp","href":"https:\/\/api.w.org\/{rel}","templated":true}]}}