{"id":68250883,"date":"2021-07-15T07:33:13","date_gmt":"2021-07-15T05:33:13","guid":{"rendered":"https:\/\/kraftwerk-gruppe.de\/?page_id=68250883"},"modified":"2025-10-21T22:25:07","modified_gmt":"2025-10-21T20:25:07","slug":"politica-de-anulacion","status":"publish","type":"page","link":"https:\/\/kraftwerk-shop.cc\/es\/widerrufsbelehrung\/","title":{"rendered":"Pol\u00edtica de anulaci\u00f3n"},"content":{"rendered":"<div data-elementor-type=\"wp-page\" data-elementor-id=\"68250883\" class=\"elementor elementor-68250883\" data-elementor-post-type=\"page\">\n\t\t\t\t\t\t<section class=\"elementor-section elementor-top-section elementor-element elementor-element-e10a294 elementor-section-boxed elementor-section-height-default elementor-section-height-default\" data-id=\"e10a294\" data-element_type=\"section\" data-e-type=\"section\">\n\t\t\t\t\t\t<div class=\"elementor-container elementor-column-gap-default\">\n\t\t\t\t\t<div class=\"elementor-column elementor-col-100 elementor-top-column elementor-element elementor-element-91c47c4\" data-id=\"91c47c4\" data-element_type=\"column\" data-e-type=\"column\">\n\t\t\t<div class=\"elementor-widget-wrap elementor-element-populated\">\n\t\t\t\t\t\t<div class=\"elementor-element elementor-element-07f34c8 color-scheme-inherit text-left elementor-widget elementor-widget-text-editor\" data-id=\"07f34c8\" data-element_type=\"widget\" data-e-type=\"widget\" data-widget_type=\"text-editor.default\">\n\t\t\t\t<div class=\"elementor-widget-container\">\n\t\t\t\t\t\t\t\t\t<p><strong>Derecho de anulaci\u00f3n <\/strong><\/p>\n<p>Pol\u00edtica de anulaci\u00f3n<\/p>\n<p>Los consumidores tienen derecho de cancelaci\u00f3n de conformidad con las siguientes disposiciones, seg\u00fan las cuales un consumidor es toda persona f\u00edsica que celebra un negocio jur\u00eddico con fines que no pueden atribuirse predominantemente ni a su actividad comercial ni a su actividad profesional independiente.<\/p>\n<p>Usted tiene derecho a desistir del presente contrato en un plazo de catorce d\u00edas sin necesidad de justificaci\u00f3n. El plazo de desistimiento es de catorce d\u00edas a partir del d\u00eda en que usted o un tercero nombrado por usted, que no sea el transportista, reciba los bienes,<\/p>\n<p>a) haya tomado posesi\u00f3n de los bienes, siempre que haya pedido uno o m\u00e1s bienes como parte de un pedido uniforme y \u00e9stos sean o vayan a ser entregados de manera uniforme;<\/p>\n<p>b) haya tomado posesi\u00f3n de la \u00faltima mercanc\u00eda, si ha pedido varias mercanc\u00edas como parte de un mismo pedido y \u00e9stas se entregan por separado;<\/p>\n<p>c) haber tomado posesi\u00f3n del \u00faltimo env\u00edo parcial o de la \u00faltima pieza, si ha encargado mercanc\u00edas que se entregan en varios env\u00edos parciales o piezas;<\/p>\n<p>d) hayan tomado o hayan tomado posesi\u00f3n de los primeros bienes, siempre que los bienes se entreguen como parte de un pedido de entrega peri\u00f3dica de bienes durante un per\u00edodo de tiempo determinado.<\/p>\n<p>Para ejercer su derecho de cancelaci\u00f3n, debe informarnos de su decisi\u00f3n de cancelar este contrato mediante una declaraci\u00f3n clara (por ejemplo, una carta enviada por correo postal, fax o correo electr\u00f3nico). &nbsp;<\/p>\n<p>La cancelaci\u00f3n debe enviarse a&nbsp;<\/p>\n<p>Kraftwerk GmbH &amp; Co. KG<br>Industriestr. 2<br>D-36088 H\u00fcnfeld<\/p>\n<p>Tel.: 06652-1828678<br>E-mail: info@kraftwerk-shop.cc<\/p>\n<p>Tambi\u00e9n puede utilizar este&nbsp;<a href=\"https:\/\/kraftwerk-shop.cc\/wp-content\/uploads\/2025\/08\/Muster-Widerrufsformular_Kraftwerk.pdf\" target=\"_blank\">Formulario <\/a>uso.<\/p>\n<p>Consecuencias de la anulaci\u00f3n<\/p>\n<p>Si desiste del presente contrato, le reembolsaremos todos los pagos que hayamos recibido de usted, incluidos los gastos de entrega (con excepci\u00f3n de los gastos suplementarios resultantes de la elecci\u00f3n por su parte de un tipo de entrega distinto del tipo menos costoso de entrega ordinaria que ofrezcamos), sin ninguna demora indebida y, en cualquier caso, a m\u00e1s tardar 14 d\u00edas a partir del d\u00eda en que se nos informe de su decisi\u00f3n de desistir del presente contrato. Para este reembolso, utilizaremos el mismo medio de pago que usted utiliz\u00f3 para la transacci\u00f3n original, salvo que se haya acordado expresamente otra cosa con usted; en ning\u00fan caso se le cobrar\u00e1n comisiones por este reembolso. Podremos retener el reembolso hasta que hayamos recibido los bienes de vuelta o hasta que usted haya presentado una prueba de que ha devuelto los bienes, seg\u00fan qu\u00e9 condici\u00f3n se cumpla primero.<\/p>\n<p>Debe devolvernos o entregarnos los bienes inmediatamente y, en cualquier caso, en un plazo m\u00e1ximo de catorce d\u00edas a partir del d\u00eda en que nos informe de la rescisi\u00f3n del presente contrato. El plazo se cumple si usted env\u00eda los bienes antes de que venza el plazo. Usted correr\u00e1 con los gastos directos de devoluci\u00f3n de la mercanc\u00eda. Esto tambi\u00e9n se aplica a los bienes que no puedan devolverse por correo normal debido a su naturaleza; los gastos de transporte a su cargo en este caso se estiman en un m\u00e1ximo de 180 euros. S\u00f3lo tendr\u00e1 que hacerse cargo de la p\u00e9rdida de valor de los bienes si dicha p\u00e9rdida de valor se debe a un grado que no sea necesario para comprobar con usted la naturaleza, las propiedades y el funcionamiento de los bienes.&nbsp;<\/p>\n<p>Quedan excluidos del derecho de cancelaci\u00f3n<\/p>\n<p>Bienes fabricados conforme a las especificaciones del cliente o claramente adaptados a las necesidades personales, programas inform\u00e1ticos, siempre que el consumidor haya roto el precinto de los soportes de datos\/dispositivos entregados, y dispositivos de programaci\u00f3n que se hayan conectado a un veh\u00edculo.<\/p>\n<p>El derecho de cancelaci\u00f3n se aplica exclusivamente a los consumidores. Las empresas quedan excluidas de esta normativa.<\/p>\t\t\t\t\t\t\t\t<\/div>\n\t\t\t\t<\/div>\n\t\t\t\t\t<\/div>\n\t\t<\/div>\n\t\t\t\t\t<\/div>\n\t\t<\/section>\n\t\t\t\t<\/div>","protected":false},"excerpt":{"rendered":"<p>Los consumidores tienen derecho de desistimiento de conformidad con las siguientes disposiciones, en virtud de las cuales se considera consumidor a toda persona f\u00edsica que celebre un negocio jur\u00eddico con el fin de<\/p>","protected":false},"author":1,"featured_media":0,"parent":0,"menu_order":0,"comment_status":"closed","ping_status":"closed","template":"","meta":{"_acf_changed":false,"footnotes":""},"class_list":["post-68250883","page","type-page","status-publish","hentry"],"acf":[],"_links":{"self":[{"href":"https:\/\/kraftwerk-shop.cc\/es\/wp-json\/wp\/v2\/pages\/68250883","targetHints":{"allow":["GET"]}}],"collection":[{"href":"https:\/\/kraftwerk-shop.cc\/es\/wp-json\/wp\/v2\/pages"}],"about":[{"href":"https:\/\/kraftwerk-shop.cc\/es\/wp-json\/wp\/v2\/types\/page"}],"author":[{"embeddable":true,"href":"https:\/\/kraftwerk-shop.cc\/es\/wp-json\/wp\/v2\/users\/1"}],"replies":[{"embeddable":true,"href":"https:\/\/kraftwerk-shop.cc\/es\/wp-json\/wp\/v2\/comments?post=68250883"}],"version-history":[{"count":0,"href":"https:\/\/kraftwerk-shop.cc\/es\/wp-json\/wp\/v2\/pages\/68250883\/revisions"}],"wp:attachment":[{"href":"https:\/\/kraftwerk-shop.cc\/es\/wp-json\/wp\/v2\/media?parent=68250883"}],"curies":[{"name":"wp","href":"https:\/\/api.w.org\/{rel}","templated":true}]}}