{"id":68267660,"date":"2022-06-04T11:33:40","date_gmt":"2022-06-04T09:33:40","guid":{"rendered":"https:\/\/kraftwerk-shop.cc\/echtheit-von-bewertungen\/"},"modified":"2025-10-21T22:24:20","modified_gmt":"2025-10-21T20:24:20","slug":"autenticidad-de-las-calificaciones","status":"publish","type":"page","link":"https:\/\/kraftwerk-shop.cc\/es\/echtheit-von-bewertungen\/","title":{"rendered":"Autenticidad de las calificaciones"},"content":{"rendered":"<p><strong>Presentaci\u00f3n de valoraciones con verificaci\u00f3n<\/strong><\/p>\n\n\n\n<p>Las opiniones en nuestro sitio web s\u00f3lo pueden ser enviadas por clientes con una cuenta de usuario registrada y s\u00f3lo para productos que nos hayan comprado realmente. Por lo tanto, la funci\u00f3n de rese\u00f1a solo se activa una vez realizada la compra.<\/p>\n\n\n\n<p>Las valoraciones que no est\u00e1n etiquetadas como compras verificadas siguen procediendo de nuestro antiguo sistema de tienda y, lamentablemente, no se muestran como verificadas en el nuevo sistema, aunque en la antigua tienda s\u00f3lo se pod\u00edan valorar los productos que realmente se hab\u00edan comprado. <\/p>","protected":false},"excerpt":{"rendered":"<p>Env\u00edo de rese\u00f1as con verificaci\u00f3n Las rese\u00f1as en nuestro sitio web s\u00f3lo pueden ser enviadas por clientes con una cuenta de usuario registrada y esta<\/p>","protected":false},"author":1,"featured_media":0,"parent":0,"menu_order":0,"comment_status":"closed","ping_status":"closed","template":"","meta":{"_acf_changed":false,"footnotes":""},"class_list":["post-68267660","page","type-page","status-publish","hentry"],"acf":[],"_links":{"self":[{"href":"https:\/\/kraftwerk-shop.cc\/es\/wp-json\/wp\/v2\/pages\/68267660","targetHints":{"allow":["GET"]}}],"collection":[{"href":"https:\/\/kraftwerk-shop.cc\/es\/wp-json\/wp\/v2\/pages"}],"about":[{"href":"https:\/\/kraftwerk-shop.cc\/es\/wp-json\/wp\/v2\/types\/page"}],"author":[{"embeddable":true,"href":"https:\/\/kraftwerk-shop.cc\/es\/wp-json\/wp\/v2\/users\/1"}],"replies":[{"embeddable":true,"href":"https:\/\/kraftwerk-shop.cc\/es\/wp-json\/wp\/v2\/comments?post=68267660"}],"version-history":[{"count":0,"href":"https:\/\/kraftwerk-shop.cc\/es\/wp-json\/wp\/v2\/pages\/68267660\/revisions"}],"wp:attachment":[{"href":"https:\/\/kraftwerk-shop.cc\/es\/wp-json\/wp\/v2\/media?parent=68267660"}],"curies":[{"name":"wp","href":"https:\/\/api.w.org\/{rel}","templated":true}]}}