{"id":68251478,"date":"2021-09-13T13:14:29","date_gmt":"2021-09-13T11:14:29","guid":{"rendered":"https:\/\/kraftwerk-gruppe.de\/?post_type=product&#038;p=68251478"},"modified":"2026-02-15T01:00:41","modified_gmt":"2026-02-15T00:00:41","slug":"central-petrolera-bidon-de-recogida-durango","status":"publish","type":"product","link":"https:\/\/kraftwerk-shop.cc\/es\/produkt\/kraftwerk-oil-catch-can-durango\/","title":{"rendered":"Kraftwerk Oil Catch Can Dodge Durango"},"content":{"rendered":"<h1>Oil Catch Can en dise\u00f1o de aluminio macizo para Dodge Durango 5,7 y 6,4<strong><br \/>\n<\/strong><\/h1>\n<p>&nbsp;<\/p>\n<ul>\n<li>S\u00f3lido dise\u00f1o de tocho, fabricado en aluminio aeron\u00e1utico 6061-T6 certificado<\/li>\n<li>El original sistema de filtrado con dos c\u00e1maras en la parte superior, que captura los vapores m\u00e1s finos y los recoge en el recipiente f\u00e1cilmente extra\u00edble, al tiempo que permite el paso de aire limpio hacia el tracto de admisi\u00f3n.<\/li>\n<li>Montaje sencillo<\/li>\n<\/ul>\n<p>&nbsp;<\/p>\n<p><strong>\u00bfC\u00f3mo funciona el sistema?<\/strong><\/p>\n<p>Cuando la presi\u00f3n del c\u00e1rter se ventila a trav\u00e9s del conducto de admisi\u00f3n, grandes cantidades de aceite en forma de vapores se introducen en el colector de admisi\u00f3n y en los colectores de admisi\u00f3n e incluso diluyen la gasolina, haciendo que baje el octanaje.<br \/>\nEsto ocurre en todos los motores y es a\u00fan m\u00e1s pronunciado en los veh\u00edculos con carga forzada (sobrealimentadores y turbocompresores), ya que aumenta la presi\u00f3n del c\u00e1rter.<br \/>\nPara contrarrestarlo, se desarroll\u00f3 un Oil Catch Can con dise\u00f1o propio.<br \/>\nMecanizado a partir de aluminio billet macizo, es una pieza s\u00f3lida como una roca. Tiene una base de recipiente moleteada que facilita el vaciado del aceite usado y una junta t\u00f3rica que evita las fugas.<\/p>\n<p>La filtraci\u00f3n consiste en un tejido de aluminio de malla fina que captura los vapores finos de aceite y los libera en cuanto pesan lo suficiente como para caer.<br \/>\nSi el aceite atraviesa el filtro, es demasiado pesado para pasar al tracto de admisi\u00f3n.<\/p>\n<p>&nbsp;<\/p>\n<p><strong>Adecuado para:<\/strong><\/p>\n<table width=\"453\">\n<tbody>\n<tr>\n<td width=\"83\"><strong>Marca<\/strong><\/td>\n<td width=\"122\"><strong>Modelo<\/strong><\/td>\n<td width=\"83\"><strong>Motor<\/strong><\/td>\n<td width=\"165\"><strong>A\u00f1o de construcci\u00f3n<\/strong><\/td>\n<\/tr>\n<tr>\n<td>Dodge<\/td>\n<td>Durango<\/td>\n<td>5.7<\/td>\n<td>2011-2025<\/td>\n<\/tr>\n<tr>\n<td>Dodge<\/td>\n<td>Durango<\/td>\n<td>6.4<\/td>\n<td>2018-2024<\/td>\n<\/tr>\n<\/tbody>\n<\/table>\n<p><strong><br \/>\nNota:<\/strong> a partir del a\u00f1o modelo 2018, es posible que haya que retirar la cubierta del ABS para su instalaci\u00f3n.<\/p>\n<p>&nbsp;<\/p>\n<p><strong>Volumen de suministro:<\/strong><\/p>\n<ul>\n<li>Kraftwerk Oil Catch Can<\/li>\n<li>Mangueras<\/li>\n<li>Piezas de conexi\u00f3n espec\u00edficas del veh\u00edculo<\/li>\n<li>Instrucciones de uso en alem\u00e1n<\/li>\n<\/ul>","protected":false},"excerpt":{"rendered":"<p>Oil Catch Can in solider Aluminiumausf\u00fchrung f\u00fcr Dodge Durango 5.7 und 6.4 &nbsp; Solide Billet-Ausf\u00fchrung, gefertigt aus zertifiziertem 6061-T6 Flugzeugaluminium<\/p>","protected":false},"featured_media":68275224,"comment_status":"open","ping_status":"closed","template":"","meta":{"_acf_changed":false},"product_brand":[19068],"product_cat":[1448,1653,1661],"product_tag":[91,93,2446,49,95,36,84,82,85,83,96],"class_list":{"0":"post-68251478","1":"product","2":"type-product","3":"status-publish","4":"has-post-thumbnail","6":"product_brand-kraftwerk","7":"product_cat-durango","8":"product_cat-durango-57-oil-catch-can","9":"product_cat-durango-64-oil-catch-can","10":"product_tag-5-7","11":"product_tag-6-4","12":"product_tag-billettech","13":"product_tag-dodge","14":"product_tag-durango","15":"product_tag-kraftwerk","16":"product_tag-kurbelgehaeuseentlueftung","17":"product_tag-oil-catch-can","18":"product_tag-oil-catch-tank","19":"product_tag-oelabscheider","20":"product_tag-srt","22":"first","23":"outofstock","24":"taxable","25":"shipping-taxable","26":"purchasable","27":"product-type-variable"},"bundled_by":[],"bundle_stock_status":"outofstock","bundle_stock_quantity":0,"bundle_virtual":false,"bundle_layout":"","bundle_add_to_cart_form_location":"","bundle_editable_in_cart":false,"bundle_sold_individually_context":"","bundle_item_grouping":"","bundle_min_size":"","bundle_max_size":"","bundle_price":[],"bundled_items":[],"bundle_sell_ids":[],"exclude_global_add_ons":[],"addons":[],"acf":[],"_links":{"self":[{"href":"https:\/\/kraftwerk-shop.cc\/es\/wp-json\/wp\/v2\/product\/68251478","targetHints":{"allow":["GET"]}}],"collection":[{"href":"https:\/\/kraftwerk-shop.cc\/es\/wp-json\/wp\/v2\/product"}],"about":[{"href":"https:\/\/kraftwerk-shop.cc\/es\/wp-json\/wp\/v2\/types\/product"}],"replies":[{"embeddable":true,"href":"https:\/\/kraftwerk-shop.cc\/es\/wp-json\/wp\/v2\/comments?post=68251478"}],"version-history":[{"count":0,"href":"https:\/\/kraftwerk-shop.cc\/es\/wp-json\/wp\/v2\/product\/68251478\/revisions"}],"wp:featuredmedia":[{"embeddable":true,"href":"https:\/\/kraftwerk-shop.cc\/es\/wp-json\/wp\/v2\/media\/68275224"}],"wp:attachment":[{"href":"https:\/\/kraftwerk-shop.cc\/es\/wp-json\/wp\/v2\/media?parent=68251478"}],"wp:term":[{"taxonomy":"product_brand","embeddable":true,"href":"https:\/\/kraftwerk-shop.cc\/es\/wp-json\/wp\/v2\/product_brand?post=68251478"},{"taxonomy":"product_cat","embeddable":true,"href":"https:\/\/kraftwerk-shop.cc\/es\/wp-json\/wp\/v2\/product_cat?post=68251478"},{"taxonomy":"product_tag","embeddable":true,"href":"https:\/\/kraftwerk-shop.cc\/es\/wp-json\/wp\/v2\/product_tag?post=68251478"}],"curies":[{"name":"wp","href":"https:\/\/api.w.org\/{rel}","templated":true}]}}