{"id":68251536,"date":"2021-09-14T11:26:07","date_gmt":"2021-09-14T09:26:07","guid":{"rendered":"https:\/\/kraftwerk-gruppe.de\/?post_type=product&#038;p=68251536"},"modified":"2026-03-23T11:40:39","modified_gmt":"2026-03-23T10:40:39","slug":"soporte-z-para-recipiente-de-aceite","status":"publish","type":"product","link":"https:\/\/kraftwerk-shop.cc\/es\/produkt\/oil-catch-can-z-halterung\/","title":{"rendered":"Oil Catch Can Montaje en Z"},"content":{"rendered":"<h1>Montaje en Z como alternativa al montaje est\u00e1ndar del Kraftwerk Oil Catch Can para motores 5.7, 6.1 y 6.4<\/h1>\n<p>&nbsp;<\/p>\n<p>El recipiente de recogida est\u00e1 situado m\u00e1s alto, por lo que es m\u00e1s visible y accesible.<\/p>\n<p>No apto para motores 5.7 con la cubierta del motor original.<br \/>\nEn los motores 5.7 hasta 2008, la recirculaci\u00f3n de los gases de escape debe reubicarse o retirarse por razones de espacio.<\/p>\n<p>S\u00f3lo apto para Kraftwerk Oil Catch Can, no J&amp;L.<\/p>\n<p>El Oil Catch Can no est\u00e1 incluido en el volumen de suministro y debe pedirse por separado.<\/p>","protected":false},"excerpt":{"rendered":"<p>Montaje en Z como alternativa al montaje est\u00e1ndar<\/p>","protected":false},"featured_media":68275193,"comment_status":"open","ping_status":"closed","template":"","meta":{"_acf_changed":false},"product_brand":[19068],"product_cat":[1572,4983,1580,1588,1677,1685,1701,1612,5161,1620,1636,1717,1725],"product_tag":[52,2446,105,104,54,53,536,49,3853,3854,56,107,36,55,82,106],"class_list":{"0":"post-68251536","1":"product","2":"type-product","3":"status-publish","4":"has-post-thumbnail","6":"product_brand-kraftwerk","7":"product_cat-300c-57-2005-2010-oil-catch-can","8":"product_cat-300c-57-2011-2023-oil-catch-can","9":"product_cat-300c-61-oil-catch-can","10":"product_cat-300c-64-oil-catch-can","11":"product_cat-challenger-57-oil-catch-can","12":"product_cat-challenger-61-oil-catch-can","13":"product_cat-challenger-64-oil-catch-can","14":"product_cat-charger-57-oil-catch-can","15":"product_cat-charger-57-2011-2023-oil-catch-can","16":"product_cat-charger-61-oil-catch-can","17":"product_cat-charger-64-oil-catch-can","18":"product_cat-magnum-57-oil-catch-can","19":"product_cat-magnum-61-oil-catch-can","20":"product_tag-300c","21":"product_tag-billettech","22":"product_tag-can","23":"product_tag-catch","24":"product_tag-challenger","25":"product_tag-charger","26":"product_tag-chrysler-300c","27":"product_tag-dodge","28":"product_tag-dodge-challenger","29":"product_tag-dodge-charger","30":"product_tag-grand-cherokee","31":"product_tag-halterung","32":"product_tag-kraftwerk","33":"product_tag-magnum","34":"product_tag-oil-catch-can","35":"product_tag-z-halterung","37":"first","38":"instock","39":"taxable","40":"shipping-taxable","41":"purchasable","42":"product-type-variable"},"bundled_by":[],"bundle_stock_status":"instock","bundle_stock_quantity":22,"bundle_virtual":false,"bundle_layout":"","bundle_add_to_cart_form_location":"","bundle_editable_in_cart":false,"bundle_sold_individually_context":"","bundle_item_grouping":"","bundle_min_size":"","bundle_max_size":"","bundle_price":[],"bundled_items":[],"bundle_sell_ids":[],"exclude_global_add_ons":[],"addons":[],"acf":[],"_links":{"self":[{"href":"https:\/\/kraftwerk-shop.cc\/es\/wp-json\/wp\/v2\/product\/68251536","targetHints":{"allow":["GET"]}}],"collection":[{"href":"https:\/\/kraftwerk-shop.cc\/es\/wp-json\/wp\/v2\/product"}],"about":[{"href":"https:\/\/kraftwerk-shop.cc\/es\/wp-json\/wp\/v2\/types\/product"}],"replies":[{"embeddable":true,"href":"https:\/\/kraftwerk-shop.cc\/es\/wp-json\/wp\/v2\/comments?post=68251536"}],"version-history":[{"count":0,"href":"https:\/\/kraftwerk-shop.cc\/es\/wp-json\/wp\/v2\/product\/68251536\/revisions"}],"wp:featuredmedia":[{"embeddable":true,"href":"https:\/\/kraftwerk-shop.cc\/es\/wp-json\/wp\/v2\/media\/68275193"}],"wp:attachment":[{"href":"https:\/\/kraftwerk-shop.cc\/es\/wp-json\/wp\/v2\/media?parent=68251536"}],"wp:term":[{"taxonomy":"product_brand","embeddable":true,"href":"https:\/\/kraftwerk-shop.cc\/es\/wp-json\/wp\/v2\/product_brand?post=68251536"},{"taxonomy":"product_cat","embeddable":true,"href":"https:\/\/kraftwerk-shop.cc\/es\/wp-json\/wp\/v2\/product_cat?post=68251536"},{"taxonomy":"product_tag","embeddable":true,"href":"https:\/\/kraftwerk-shop.cc\/es\/wp-json\/wp\/v2\/product_tag?post=68251536"}],"curies":[{"name":"wp","href":"https:\/\/api.w.org\/{rel}","templated":true}]}}