{"id":68251670,"date":"2021-09-14T14:33:45","date_gmt":"2021-09-14T12:33:45","guid":{"rendered":"https:\/\/kraftwerk-gruppe.de\/?post_type=product&#038;p=68251670"},"modified":"2026-04-05T17:18:33","modified_gmt":"2026-04-05T15:18:33","slug":"mecanismo-de-desbloqueo-del-aparcamiento","status":"publish","type":"product","link":"https:\/\/kraftwerk-shop.cc\/es\/produkt\/park-entriegelungs-mechanismus\/","title":{"rendered":"Palanca de liberaci\u00f3n de estacionamiento \/ me\u00f1ique para caja de cambios NAG1 de aluminio"},"content":{"rendered":"<h1>Desbloqueo de aparcamiento \/ bloqueo de la palanca de cambios de aluminio en sustituci\u00f3n de la pieza de pl\u00e1stico original<\/h1>\n<p>&nbsp;<\/p>\n<p>\u00bfLa caja de cambios de su Chrysler 300C, Pacifica, Dodge Charger o Magnum est\u00e1 atascada en \"P\"? Aqu\u00ed encontrar\u00e1 la soluci\u00f3n.<\/p>\n<p>La parte necesaria tambi\u00e9n est\u00e1 disponible con el nombre \"<strong>Pinky<\/strong>\" y \"<strong>Cosa rosa<\/strong>\" conocido.<\/p>\n<p>Si la palanca selectora del cambio autom\u00e1tico ya no se puede mover de la posici\u00f3n \"P\" o no se pueden seleccionar m\u00e1s marchas, a menudo se ha roto una pieza de pl\u00e1stico en el m\u00f3dulo de la palanca de cambios.<br \/>\nEl taller suele sustituir todo el m\u00f3dulo del interruptor.<\/p>\n<p>La experiencia ha demostrado que este defecto se produce con mayor frecuencia cuando vuelve a hacer mucho calor por primera vez despu\u00e9s del invierno o cuando el veh\u00edculo ha estado expuesto a una luz solar extrema.<\/p>\n<p>Nuestra pieza de recambio no s\u00f3lo soluciona el problema, sino que evita que se repita.<\/p>\n<p>Esta pieza es la versi\u00f3n de aluminio moldeado por inyecci\u00f3n.<br \/>\nPuede encontrar la versi\u00f3n fresada CNC <a href=\"https:\/\/kraftwerk-shop.cc\/es\/producto\/park-entriegelungs-mechanismus-2\/\">aqu\u00ed<\/a>.<\/p>\n<p>&nbsp;<\/p>\n<p><strong>Adecuado para:<\/strong><\/p>\n<table width=\"548\">\n<tbody>\n<tr>\n<td width=\"154\">Chrysler<\/td>\n<td width=\"114\">300C<\/td>\n<td width=\"166\">3,0 CRD, 3,5, 5,7, 6,1<\/td>\n<td width=\"114\">2005-2007<\/td>\n<\/tr>\n<tr>\n<td>Chrysler<\/td>\n<td>Pacifica<\/td>\n<td>3.5, 3.8<\/td>\n<td>2005-2007<\/td>\n<\/tr>\n<tr>\n<td>Dodge<\/td>\n<td>Charger<\/td>\n<td>3.5, 5.7, 6.1<\/td>\n<td>2005-2007<\/td>\n<\/tr>\n<tr>\n<td>Dodge<\/td>\n<td>Magnum<\/td>\n<td>3.5, 5.7, 6.1<\/td>\n<td>2005-2007<\/td>\n<\/tr>\n<\/tbody>\n<\/table>\n<p>&nbsp;<\/p>\n<p>as\u00ed como diversos modelos de Mercedes con transmisi\u00f3n NAG1 \/ W5A580.<\/p>\n<p>El volumen de suministro incluye un muelle nuevo e instrucciones de montaje detalladas.<\/p>\n<p>&nbsp;<\/p>\n<p><strong>Volumen de suministro:<\/strong><\/p>\n<ul>\n<li>Liberaci\u00f3n del aparcamiento<\/li>\n<li>Nueva primavera<\/li>\n<li>Descargar instrucciones de instalaci\u00f3n<\/li>\n<\/ul>","protected":false},"excerpt":{"rendered":"<p>Desbloqueo de estacionamiento \/ bloqueo de la palanca de cambios de aluminio en sustituci\u00f3n de la pieza de pl\u00e1stico original La caja de cambios de su Chrysler 300C, Pacifica, Dodge<\/p>","protected":false},"featured_media":68275063,"comment_status":"open","ping_status":"closed","template":"","meta":{"_acf_changed":false},"product_brand":[],"product_cat":[1549,1557,1573,1581,1422,1597,1613,1621,1710,1718,1726],"product_tag":[52,144,147,130,131,139,138,53,536,49,3854,135,136,134,132,133,55,137,143,4400,127,4401,4402,142,141,4403,4404,4405,140,4406,129,4407,128,146,145],"class_list":{"0":"post-68251670","1":"product","2":"type-product","3":"status-publish","4":"has-post-thumbnail","6":"product_cat-300c-30-diesel-getriebe","7":"product_cat-300c-35-getriebe","8":"product_cat-300c-57-2005-2010-getriebe","9":"product_cat-300c-61-getriebe","10":"product_cat-pacifica-getriebe","11":"product_cat-charger-35-getriebe","12":"product_cat-charger-57-getriebe","13":"product_cat-charger-61-getriebe","14":"product_cat-magnum-35-getriebe","15":"product_cat-magnum-57-getriebe","16":"product_cat-magnum-61-getriebe","17":"product_tag-300c","18":"product_tag-5-gang","19":"product_tag-68088259ab","20":"product_tag-automatik","21":"product_tag-automatikhebel","22":"product_tag-blockieren","23":"product_tag-blockiert","24":"product_tag-charger","25":"product_tag-chrysler-300c","26":"product_tag-dodge","27":"product_tag-dodge-charger","28":"product_tag-entriegeln","29":"product_tag-entriegelung","30":"product_tag-gebrochen","31":"product_tag-haengt","32":"product_tag-klemmt","33":"product_tag-magnum","34":"product_tag-mechanismus","35":"product_tag-nag1","36":"product_tag-nicht-aus-p","37":"product_tag-pacifica","38":"product_tag-parkentriegelungshebel","39":"product_tag-parkhebel-blockiert","40":"product_tag-pink-thingy","41":"product_tag-pinky","42":"product_tag-pinky-aus-metall","43":"product_tag-pinky-ersetzen","44":"product_tag-pinky-tauschen","45":"product_tag-plastikteil","46":"product_tag-robust","47":"product_tag-schalthebel","48":"product_tag-schaltsperre","49":"product_tag-schaltung","50":"product_tag-w5a580","51":"product_tag-wa580","53":"first","54":"instock","55":"taxable","56":"shipping-taxable","57":"purchasable","58":"product-type-simple"},"bundled_by":[],"bundle_stock_status":"instock","bundle_stock_quantity":12,"bundle_virtual":false,"bundle_layout":"","bundle_add_to_cart_form_location":"","bundle_editable_in_cart":false,"bundle_sold_individually_context":"","bundle_item_grouping":"","bundle_min_size":"","bundle_max_size":"","bundle_price":[],"bundled_items":[],"bundle_sell_ids":[],"exclude_global_add_ons":[],"addons":[],"acf":[],"_links":{"self":[{"href":"https:\/\/kraftwerk-shop.cc\/es\/wp-json\/wp\/v2\/product\/68251670","targetHints":{"allow":["GET"]}}],"collection":[{"href":"https:\/\/kraftwerk-shop.cc\/es\/wp-json\/wp\/v2\/product"}],"about":[{"href":"https:\/\/kraftwerk-shop.cc\/es\/wp-json\/wp\/v2\/types\/product"}],"replies":[{"embeddable":true,"href":"https:\/\/kraftwerk-shop.cc\/es\/wp-json\/wp\/v2\/comments?post=68251670"}],"version-history":[{"count":0,"href":"https:\/\/kraftwerk-shop.cc\/es\/wp-json\/wp\/v2\/product\/68251670\/revisions"}],"wp:featuredmedia":[{"embeddable":true,"href":"https:\/\/kraftwerk-shop.cc\/es\/wp-json\/wp\/v2\/media\/68275063"}],"wp:attachment":[{"href":"https:\/\/kraftwerk-shop.cc\/es\/wp-json\/wp\/v2\/media?parent=68251670"}],"wp:term":[{"taxonomy":"product_brand","embeddable":true,"href":"https:\/\/kraftwerk-shop.cc\/es\/wp-json\/wp\/v2\/product_brand?post=68251670"},{"taxonomy":"product_cat","embeddable":true,"href":"https:\/\/kraftwerk-shop.cc\/es\/wp-json\/wp\/v2\/product_cat?post=68251670"},{"taxonomy":"product_tag","embeddable":true,"href":"https:\/\/kraftwerk-shop.cc\/es\/wp-json\/wp\/v2\/product_tag?post=68251670"}],"curies":[{"name":"wp","href":"https:\/\/api.w.org\/{rel}","templated":true}]}}