{"id":68251955,"date":"2021-09-17T08:43:17","date_gmt":"2021-09-17T06:43:17","guid":{"rendered":"https:\/\/kraftwerk-gruppe.de\/?post_type=product&#038;p=68251955"},"modified":"2026-02-15T00:55:28","modified_gmt":"2026-02-14T23:55:28","slug":"culatas-de-alto-rendimiento-hellcat","status":"publish","type":"product","link":"https:\/\/kraftwerk-shop.cc\/es\/produkt\/performance-zylinderkoepfe-hellcat\/","title":{"rendered":"Culatas de alto rendimiento 6.2 Hellcat"},"content":{"rendered":"<h2>Culatas Hellcat modificadas y reforzadas<\/h2>\n<p>&nbsp;<\/p>\n<p><strong>N\u00fameros de comparaci\u00f3n Mopar:<\/strong> 68262324AA, 68225718AB, 68225718AC, 68225718AD, 68225718AE, 68225718AF, 68262325AA, 68225719AB, 68225719AC, 68225719AD, 68225719AE, 68225719AF<\/p>\n<p>&nbsp;<\/p>\n<p>Nuestras culatas portadas para Dodge Challenger, Charger y Durango Hellcat son la elecci\u00f3n ideal si desea sacar el m\u00e1ximo partido a su motor.<br \/>\nGracias al mecanizado preciso y a la optimizaci\u00f3n individual de los orificios de admisi\u00f3n y escape, nuestras culatas ofrecen aumentos medibles y perceptibles del rendimiento, ya sea en circuito o en carretera.<\/p>\n<p>&nbsp;<\/p>\n<p><strong>Propiedades:<\/strong><\/p>\n<ul>\n<li>Conductos de admisi\u00f3n y escape ampliados y de caudal optimizado: Para un caudal de aire m\u00e1ximo y una formaci\u00f3n \u00f3ptima de la mezcla.<\/li>\n<li>Asientos de v\u00e1lvula mecanizados: transiciones precisas para mejorar el flujo de gas y una gran resistencia t\u00e9rmica.<\/li>\n<li>Nuevas v\u00e1lvulas: de alta calidad y durabilidad, perfectamente adaptadas al sistema global.<\/li>\n<li>Nuevos muelles de v\u00e1lvula PSI 1511: Para las velocidades m\u00e1s altas y la m\u00e1xima fuerza del muelle: ideal para motores de alto rendimiento.<\/li>\n<li>Nuevas juntas de v\u00e1stago de v\u00e1lvula: Protecci\u00f3n fiable contra la p\u00e9rdida de aceite y la entrada de gases.<\/li>\n<li>Nuevos retenes de muelle de v\u00e1lvula de molibdeno: especialmente ligeros y extremadamente resistentes, para reducir las fuerzas de inercia en el tren de v\u00e1lvulas.<\/li>\n<li>Completamente listo para montar: sin trabajo de montaje adicional: desembalar, montar, conducir.<\/li>\n<\/ul>\n<p>&nbsp;<\/p>\n<p><strong>Ventajas:<\/strong><\/p>\n<ul>\n<li>M\u00e1s potencia y par: aumento notable en toda la gama de revoluciones.<\/li>\n<li>Respuesta m\u00e1s r\u00e1pida del acelerador: el flujo de aire optimizado garantiza reacciones m\u00e1s directas.<\/li>\n<li>Combusti\u00f3n m\u00e1s eficiente: mejor turbulencia de la mezcla para mayor eficiencia y potencia.<\/li>\n<li>Mayor estabilidad t\u00e9rmica: mayor vida \u00fatil incluso a plena carga.<\/li>\n<\/ul>\n<p>La culata Hellcat tiene un aspecto muy similar a la culata 392 Apache, pero s\u00f3lo se fabrica en cantidades muy peque\u00f1as y con herramientas especiales.<br \/>\nMientras que la culata Apache est\u00e1 fabricada en aluminio 319, Mopar utiliza aluminio 356-T6 especialmente tratado t\u00e9rmicamente para la variante Hellcat, lo que se traduce en una mejor conductividad t\u00e9rmica y ductilidad.<\/p>\n<p>Destacan las v\u00e1lvulas reforzadas utilizadas en nuestras culatas de alto rendimiento Hellcat.<br \/>\nLas v\u00e1lvulas de admisi\u00f3n son v\u00e1lvulas de v\u00e1stago hueco de acero inoxidable, las de escape son v\u00e1lvulas macizas de Inconel, que tambi\u00e9n se utilizan en niveles de potencia superiores a 1.500 CV.<\/p>\n<p>&nbsp;<\/p>\n<p>&nbsp;<\/p>\n<p><strong>Adecuado para:<\/strong><\/p>\n<table width=\"449\">\n<tbody>\n<tr>\n<td width=\"115\"><strong>Marca<\/strong><\/td>\n<td width=\"145\"><strong>Modelo<\/strong><\/td>\n<td width=\"106\"><strong>Motor<\/strong><\/td>\n<td width=\"83\"><strong>A\u00f1o de construcci\u00f3n<\/strong><\/td>\n<\/tr>\n<tr>\n<td width=\"115\">Dodge<\/td>\n<td width=\"145\">Charger<\/td>\n<td width=\"106\">6.2 Hellcat<\/td>\n<td>2015-2023<\/td>\n<\/tr>\n<tr>\n<td width=\"115\">Dodge<\/td>\n<td width=\"145\">Challenger<\/td>\n<td width=\"106\">6.2 Hellcat<\/td>\n<td>2015-2023<\/td>\n<\/tr>\n<tr>\n<td width=\"115\">Dodge<\/td>\n<td width=\"145\">Durango<\/td>\n<td width=\"106\">6.2 Hellcat<\/td>\n<td>2021-2025<\/td>\n<\/tr>\n<\/tbody>\n<\/table>\n<p>&nbsp;<\/p>\n<p><strong>Volumen de suministro:<\/strong><\/p>\n<ul>\n<li>2 culatas<\/li>\n<\/ul>","protected":false},"excerpt":{"rendered":"<p>Culatas Hellcat modificadas y reforzadas N\u00fameros de referencia Mopar: 68262324AA, 68225718AB, 68225718AC, 68225718AD, 68225718AE, 68225718AF, 68262325AA, 68225719AB, 68225719AC, 68225719AD, 68225719AE, 68225719AF<\/p>","protected":false},"featured_media":68274908,"comment_status":"open","ping_status":"closed","template":"","meta":{"_acf_changed":false},"product_brand":[],"product_cat":[6656,6661,6666,3024],"product_tag":[101,11122,11123,11124,11125,11126,11128,11129,11130,11131,11132,11121,11127,203,200,54,53,48,49,3853,3854,95,204,100,50,36,2455,202,186,201,86,102,2353,216,215,199],"class_list":{"0":"post-68251955","1":"product","2":"type-product","3":"status-publish","4":"has-post-thumbnail","6":"product_cat-challenger-hellcat-zylinderkopf","7":"product_cat-charger-hellcat-zylinderkopf","8":"product_cat-durango-hellcat-zylinderkopf","9":"product_cat-nicht-nach-eu","10":"product_tag-6-2","11":"product_tag-68225718ab","12":"product_tag-68225718ac","13":"product_tag-68225718ad","14":"product_tag-68225718ae","15":"product_tag-68225718af","16":"product_tag-68225719ab","17":"product_tag-68225719ac","18":"product_tag-68225719ad","19":"product_tag-68225719ae","20":"product_tag-68225719af","21":"product_tag-68262324aa","22":"product_tag-68262325aa","23":"product_tag-austausch","24":"product_tag-bearbeitet","25":"product_tag-challenger","26":"product_tag-charger","27":"product_tag-chrysler","28":"product_tag-dodge","29":"product_tag-dodge-challenger","30":"product_tag-dodge-charger","31":"product_tag-durango","32":"product_tag-ersatz","33":"product_tag-hellcat","34":"product_tag-jeep","35":"product_tag-kraftwerk","36":"product_tag-mm5","37":"product_tag-optimiert","38":"product_tag-performance","39":"product_tag-ported","40":"product_tag-ram","41":"product_tag-trackhawk","42":"product_tag-trx","43":"product_tag-upgrade","44":"product_tag-ventile","45":"product_tag-zylinderkoepfe","46":"product_shipping_class-spedition-1","48":"first","49":"onbackorder","50":"taxable","51":"shipping-taxable","52":"purchasable","53":"product-type-simple"},"bundled_by":[],"bundle_stock_status":"onbackorder","bundle_stock_quantity":0,"bundle_virtual":false,"bundle_layout":"","bundle_add_to_cart_form_location":"","bundle_editable_in_cart":false,"bundle_sold_individually_context":"","bundle_item_grouping":"","bundle_min_size":"","bundle_max_size":"","bundle_price":[],"bundled_items":[],"bundle_sell_ids":[],"exclude_global_add_ons":[],"addons":[],"acf":[],"_links":{"self":[{"href":"https:\/\/kraftwerk-shop.cc\/es\/wp-json\/wp\/v2\/product\/68251955","targetHints":{"allow":["GET"]}}],"collection":[{"href":"https:\/\/kraftwerk-shop.cc\/es\/wp-json\/wp\/v2\/product"}],"about":[{"href":"https:\/\/kraftwerk-shop.cc\/es\/wp-json\/wp\/v2\/types\/product"}],"replies":[{"embeddable":true,"href":"https:\/\/kraftwerk-shop.cc\/es\/wp-json\/wp\/v2\/comments?post=68251955"}],"version-history":[{"count":0,"href":"https:\/\/kraftwerk-shop.cc\/es\/wp-json\/wp\/v2\/product\/68251955\/revisions"}],"wp:featuredmedia":[{"embeddable":true,"href":"https:\/\/kraftwerk-shop.cc\/es\/wp-json\/wp\/v2\/media\/68274908"}],"wp:attachment":[{"href":"https:\/\/kraftwerk-shop.cc\/es\/wp-json\/wp\/v2\/media?parent=68251955"}],"wp:term":[{"taxonomy":"product_brand","embeddable":true,"href":"https:\/\/kraftwerk-shop.cc\/es\/wp-json\/wp\/v2\/product_brand?post=68251955"},{"taxonomy":"product_cat","embeddable":true,"href":"https:\/\/kraftwerk-shop.cc\/es\/wp-json\/wp\/v2\/product_cat?post=68251955"},{"taxonomy":"product_tag","embeddable":true,"href":"https:\/\/kraftwerk-shop.cc\/es\/wp-json\/wp\/v2\/product_tag?post=68251955"}],"curies":[{"name":"wp","href":"https:\/\/api.w.org\/{rel}","templated":true}]}}