{"id":68251994,"date":"2021-09-17T08:56:16","date_gmt":"2021-09-17T06:56:16","guid":{"rendered":"https:\/\/kraftwerk-gruppe.de\/?post_type=product&#038;p=68251994"},"modified":"2026-02-15T01:00:43","modified_gmt":"2026-02-15T00:00:43","slug":"conversion-del-colector-de-admision-57-61","status":"publish","type":"product","link":"https:\/\/kraftwerk-shop.cc\/es\/produkt\/ansaugbrueckenumbau-57-61\/","title":{"rendered":"Conversi\u00f3n del colector de admisi\u00f3n 5.7 a 6.1 SRT8"},"content":{"rendered":"<h1>Conversi\u00f3n del colector de admisi\u00f3n 5.7 a 6.1 SRT8<\/h1>\n<p>&nbsp;<\/p>\n<p>Kit de conversi\u00f3n completo para la conversi\u00f3n al colector de admisi\u00f3n SRT8 6.1 para motores Hemi 5.7<\/p>\n<p>&nbsp;<\/p>\n<p><strong>Adecuado para:<\/strong><\/p>\n<table width=\"449\">\n<tbody>\n<tr>\n<td width=\"115\"><strong>Marca<\/strong><\/td>\n<td width=\"145\"><strong>Modelo<\/strong><\/td>\n<td width=\"106\"><strong>Motor<\/strong><\/td>\n<td width=\"83\"><strong>A\u00f1o de construcci\u00f3n<\/strong><\/td>\n<\/tr>\n<tr>\n<td>Chrysler<\/td>\n<td>300C<\/td>\n<td>5.7<\/td>\n<td>2005-2023<\/td>\n<\/tr>\n<tr>\n<td>Dodge<\/td>\n<td>Challenger<\/td>\n<td>5.7<\/td>\n<td>2008-2023<\/td>\n<\/tr>\n<tr>\n<td>Dodge<\/td>\n<td>Charger<\/td>\n<td>5.7<\/td>\n<td>2005-2023<\/td>\n<\/tr>\n<tr>\n<td>Dodge<\/td>\n<td>Durango<\/td>\n<td>5.7<\/td>\n<td>2009-2023<\/td>\n<\/tr>\n<tr>\n<td>Dodge<\/td>\n<td>Magnum<\/td>\n<td>5.7<\/td>\n<td>2005-2008<\/td>\n<\/tr>\n<tr>\n<td>Jeep<\/td>\n<td>Grand Cherokee<\/td>\n<td>5.7<\/td>\n<td>2005-2022<\/td>\n<\/tr>\n<tr>\n<td>Jeep<\/td>\n<td>Commander<\/td>\n<td>5.7<\/td>\n<td>2006-2010<\/td>\n<\/tr>\n<tr>\n<td>RAM<\/td>\n<td>1500<\/td>\n<td>5.7<\/td>\n<td>2009-2023<\/td>\n<\/tr>\n<\/tbody>\n<\/table>\n<p>&nbsp;<\/p>\n<p><strong>Volumen de suministro:<\/strong><\/p>\n<ul>\n<li>Colector de admisi\u00f3n 6.1 SRT8<\/li>\n<li>Adaptadores fresados CNC<\/li>\n<li>L\u00edneas de gasolina del 6.1 SRT8<\/li>\n<li>6.1 SRT8 V\u00e1lvula PCV<\/li>\n<li>6.1 SRT8 sensor MAP<\/li>\n<li>Kit de extracci\u00f3n EGR<\/li>\n<li>Tornillos<\/li>\n<\/ul>","protected":false},"excerpt":{"rendered":"<p>Ansaugbr\u00fcckenumbau 5.7 auf 6.1 SRT8 &nbsp; Komplettes Umbauset zur Umr\u00fcstung auf die 6.1 SRT8 Ansaugbr\u00fccke bei 5.7 Hemi Motoren &nbsp;<\/p>","protected":false},"featured_media":68275090,"comment_status":"open","ping_status":"closed","template":"","meta":{"_acf_changed":false},"product_brand":[19068],"product_cat":[2506,4973,2501,2502,5151,2503,2745,2500,3024],"product_tag":[52,91,92,219,54,53,48,536,49,3853,3854,56,50,4425,222,36,55,2455,86,164,180,221,220],"class_list":{"0":"post-68251994","1":"product","2":"type-product","3":"status-publish","4":"has-post-thumbnail","6":"product_brand-kraftwerk","7":"product_cat-300c-57-2005-2010-ansaugung","8":"product_cat-300c-57-2011-2023-ansaugung","9":"product_cat-challenger-57-ansaugung","10":"product_cat-charger-57-ansaugung","11":"product_cat-charger-57-2011-2023-ansaugung","12":"product_cat-magnum-57-ansaugung","13":"product_cat-commander-ansaugung","14":"product_cat-grand-cherokee-57-2011-2021-ansaugung","15":"product_cat-nicht-nach-eu","16":"product_tag-300c","17":"product_tag-5-7","18":"product_tag-6-1","19":"product_tag-ansaugbruecke","20":"product_tag-challenger","21":"product_tag-charger","22":"product_tag-chrysler","23":"product_tag-chrysler-300c","24":"product_tag-dodge","25":"product_tag-dodge-challenger","26":"product_tag-dodge-charger","27":"product_tag-grand-cherokee","28":"product_tag-jeep","29":"product_tag-jeep-grand-cherokee","30":"product_tag-kit","31":"product_tag-kraftwerk","32":"product_tag-magnum","33":"product_tag-mm5","34":"product_tag-ram","35":"product_tag-srt8","36":"product_tag-umbau","37":"product_tag-umruesten","38":"product_tag-umruestung","39":"product_shipping_class-paket-l","41":"first","42":"outofstock","43":"taxable","44":"shipping-taxable","45":"purchasable","46":"product-type-variable"},"bundled_by":[],"bundle_stock_status":"outofstock","bundle_stock_quantity":0,"bundle_virtual":false,"bundle_layout":"","bundle_add_to_cart_form_location":"","bundle_editable_in_cart":false,"bundle_sold_individually_context":"","bundle_item_grouping":"","bundle_min_size":"","bundle_max_size":"","bundle_price":[],"bundled_items":[],"bundle_sell_ids":[],"exclude_global_add_ons":[],"addons":[],"acf":[],"_links":{"self":[{"href":"https:\/\/kraftwerk-shop.cc\/es\/wp-json\/wp\/v2\/product\/68251994","targetHints":{"allow":["GET"]}}],"collection":[{"href":"https:\/\/kraftwerk-shop.cc\/es\/wp-json\/wp\/v2\/product"}],"about":[{"href":"https:\/\/kraftwerk-shop.cc\/es\/wp-json\/wp\/v2\/types\/product"}],"replies":[{"embeddable":true,"href":"https:\/\/kraftwerk-shop.cc\/es\/wp-json\/wp\/v2\/comments?post=68251994"}],"version-history":[{"count":0,"href":"https:\/\/kraftwerk-shop.cc\/es\/wp-json\/wp\/v2\/product\/68251994\/revisions"}],"wp:featuredmedia":[{"embeddable":true,"href":"https:\/\/kraftwerk-shop.cc\/es\/wp-json\/wp\/v2\/media\/68275090"}],"wp:attachment":[{"href":"https:\/\/kraftwerk-shop.cc\/es\/wp-json\/wp\/v2\/media?parent=68251994"}],"wp:term":[{"taxonomy":"product_brand","embeddable":true,"href":"https:\/\/kraftwerk-shop.cc\/es\/wp-json\/wp\/v2\/product_brand?post=68251994"},{"taxonomy":"product_cat","embeddable":true,"href":"https:\/\/kraftwerk-shop.cc\/es\/wp-json\/wp\/v2\/product_cat?post=68251994"},{"taxonomy":"product_tag","embeddable":true,"href":"https:\/\/kraftwerk-shop.cc\/es\/wp-json\/wp\/v2\/product_tag?post=68251994"}],"curies":[{"name":"wp","href":"https:\/\/api.w.org\/{rel}","templated":true}]}}