{"id":68252020,"date":"2021-09-17T09:25:00","date_gmt":"2021-09-17T07:25:00","guid":{"rendered":"https:\/\/kraftwerk-gruppe.de\/?post_type=product&#038;p=68252020"},"modified":"2026-02-15T00:43:17","modified_gmt":"2026-02-14T23:43:17","slug":"kit-compresor-edelbrock-e-force-5-7-2011-2014","status":"publish","type":"product","link":"https:\/\/kraftwerk-shop.cc\/es\/produkt\/edelbrock-e-force-kompressorkit-5-7-2011-2014\/","title":{"rendered":"Kit compresor Edelbrock E-Force 5.7"},"content":{"rendered":"<h1>Kit completo de conversi\u00f3n de compresor para Chrysler 300C, Dodge Challenger y Charger 5.7 de 2011 a 2014<\/h1>\n<p>&nbsp;<\/p>\n<p>Los sobrealimentadores Edelbrock ofrecen un comportamiento de respuesta directa, una aceleraci\u00f3n suave y una instalaci\u00f3n sencilla sin necesidad de modificaciones adicionales.<br \/>\nLos kits Edelbrock se desarrollan en el banco de pruebas y est\u00e1n probados en competici\u00f3n para ofrecerle el m\u00e1ximo rendimiento y fiabilidad para la conducci\u00f3n diaria en la calle.<br \/>\nEl compresor Edelbrock es uno de los compresores roots m\u00e1s silenciosos del mercado. El compresor Edelbrock ofrece un funcionamiento silencioso y una excelente respuesta del acelerador.<\/p>\n<p>&nbsp;<\/p>\n<p>&nbsp;<\/p>\n<p><strong>Volumen de suministro:<\/strong><\/p>\n<ul>\n<li>Compresor Eaton con colector de admisi\u00f3n<\/li>\n<li>Correa trapezoidal<\/li>\n<li>Boquillas de inyecci\u00f3n m\u00e1s grandes<\/li>\n<li>Surtidor de gasolina m\u00e1s potente<\/li>\n<li>L\u00edneas de gasolina<\/li>\n<li>Sensor MAP de 2 bar<\/li>\n<li>Refrigeraci\u00f3n aire\/agua con intercambiador de calor<\/li>\n<li>Dep\u00f3sito de compensaci\u00f3n<\/li>\n<li>Bomba el\u00e9ctrica de agua de refrigeraci\u00f3n<\/li>\n<li>Placas adaptadoras<\/li>\n<li>Tubos de conexi\u00f3n, adaptadores<\/li>\n<li>Filtro de aire lavable<\/li>\n<li>Tapas de motor Edelbrock<\/li>\n<li>Dispositivo de programaci\u00f3n con software b\u00e1sico<\/li>\n<\/ul>\n<p>&nbsp;<\/p>\n<p><strong>Adecuado para:<\/strong><\/p>\n<table width=\"437\">\n<tbody>\n<tr>\n<td width=\"83\"><strong>Marca<\/strong><\/td>\n<td width=\"122\"><strong>Modelo<\/strong><\/td>\n<td width=\"136\"><strong>Motor<\/strong><\/td>\n<td width=\"96\"><strong>A\u00f1o de construcci\u00f3n<\/strong><\/td>\n<\/tr>\n<tr>\n<td>Chrysler<\/td>\n<td>300C<\/td>\n<td>5.7<\/td>\n<td width=\"96\">2011-2014<\/td>\n<\/tr>\n<tr>\n<td>Dodge<\/td>\n<td>Challenger<\/td>\n<td>5.7<\/td>\n<td width=\"96\">2011-2014<\/td>\n<\/tr>\n<tr>\n<td>Dodge<\/td>\n<td>Charger<\/td>\n<td>5.7<\/td>\n<td width=\"96\">2011-2014<\/td>\n<\/tr>\n<\/tbody>\n<\/table>\n<p>&nbsp;<\/p>","protected":false},"excerpt":{"rendered":"<p>2011-2014<\/p>","protected":false},"featured_media":68278732,"comment_status":"open","ping_status":"closed","template":"","meta":{"_acf_changed":false},"product_brand":[20091],"product_cat":[4979,2508,5158,3024],"product_tag":[52,91,54,53,48,536,49,3853,3854,2854,247,56,126,50,20273,242,244,20102,243,426,36,55,246,20103,233,245,216],"class_list":{"0":"post-68252020","1":"product","2":"type-product","3":"status-publish","4":"has-post-thumbnail","6":"product_brand-edelbrock","7":"product_cat-300c-57-2011-2023-kompressor","8":"product_cat-challenger-57-kompressor","9":"product_cat-charger-57-2011-2023-kompressor","10":"product_cat-nicht-nach-eu","11":"product_tag-300c","12":"product_tag-5-7","13":"product_tag-challenger","14":"product_tag-charger","15":"product_tag-chrysler","16":"product_tag-chrysler-300c","17":"product_tag-dodge","18":"product_tag-dodge-challenger","19":"product_tag-dodge-charger","20":"product_tag-e-force","21":"product_tag-edelbrock","22":"product_tag-grand-cherokee","23":"product_tag-hemi","24":"product_tag-jeep","25":"product_tag-keintuev","26":"product_tag-kompressor","27":"product_tag-kompressorkit","28":"product_tag-kompressorsystem","29":"product_tag-kompressorumbau","30":"product_tag-kompressorupgrade","31":"product_tag-kraftwerk","32":"product_tag-magnum","33":"product_tag-supercharger","34":"product_tag-supercharger-kit","35":"product_tag-tuning","36":"product_tag-umbaukit","37":"product_tag-upgrade","38":"product_shipping_class-spedition-1","40":"first","41":"onbackorder","42":"taxable","43":"shipping-taxable","44":"purchasable","45":"product-type-simple"},"bundled_by":[],"bundle_stock_status":"onbackorder","bundle_stock_quantity":0,"bundle_virtual":false,"bundle_layout":"","bundle_add_to_cart_form_location":"","bundle_editable_in_cart":false,"bundle_sold_individually_context":"","bundle_item_grouping":"","bundle_min_size":"","bundle_max_size":"","bundle_price":[],"bundled_items":[],"bundle_sell_ids":[],"exclude_global_add_ons":[],"addons":[],"acf":[],"_links":{"self":[{"href":"https:\/\/kraftwerk-shop.cc\/es\/wp-json\/wp\/v2\/product\/68252020","targetHints":{"allow":["GET"]}}],"collection":[{"href":"https:\/\/kraftwerk-shop.cc\/es\/wp-json\/wp\/v2\/product"}],"about":[{"href":"https:\/\/kraftwerk-shop.cc\/es\/wp-json\/wp\/v2\/types\/product"}],"replies":[{"embeddable":true,"href":"https:\/\/kraftwerk-shop.cc\/es\/wp-json\/wp\/v2\/comments?post=68252020"}],"version-history":[{"count":0,"href":"https:\/\/kraftwerk-shop.cc\/es\/wp-json\/wp\/v2\/product\/68252020\/revisions"}],"wp:featuredmedia":[{"embeddable":true,"href":"https:\/\/kraftwerk-shop.cc\/es\/wp-json\/wp\/v2\/media\/68278732"}],"wp:attachment":[{"href":"https:\/\/kraftwerk-shop.cc\/es\/wp-json\/wp\/v2\/media?parent=68252020"}],"wp:term":[{"taxonomy":"product_brand","embeddable":true,"href":"https:\/\/kraftwerk-shop.cc\/es\/wp-json\/wp\/v2\/product_brand?post=68252020"},{"taxonomy":"product_cat","embeddable":true,"href":"https:\/\/kraftwerk-shop.cc\/es\/wp-json\/wp\/v2\/product_cat?post=68252020"},{"taxonomy":"product_tag","embeddable":true,"href":"https:\/\/kraftwerk-shop.cc\/es\/wp-json\/wp\/v2\/product_tag?post=68252020"}],"curies":[{"name":"wp","href":"https:\/\/api.w.org\/{rel}","templated":true}]}}