{"id":68252646,"date":"2021-09-17T12:53:31","date_gmt":"2021-09-17T10:53:31","guid":{"rendered":"https:\/\/kraftwerk-gruppe.de\/?post_type=product&#038;p=68252646"},"modified":"2026-02-15T00:50:41","modified_gmt":"2026-02-14T23:50:41","slug":"termostato-corvette-c6-z06-ls7","status":"publish","type":"product","link":"https:\/\/kraftwerk-shop.cc\/es\/produkt\/thermostat-corvette-c6-z06-ls7\/","title":{"rendered":"Termostato de 83 grados para Chevrolet Corvette C6 Z06 (LS7 7.0)"},"content":{"rendered":"<h1>Termostato de alto flujo de 83 grados para bajar la temperatura del agua de refrigeraci\u00f3n \/ temperatura del motor para Chevrolet Corvette C6 Z06 (LS7 7.0)<\/h1>\n<p>&nbsp;<\/p>\n<p>La tarea de un termostato est\u00e1ndar es regular la temperatura del motor y mantenerlo dentro de su rango de funcionamiento ideal para garantizar el mejor rendimiento y durabilidad.<\/p>\n<p>Cuando el motor est\u00e1 fr\u00edo, la cera del interior del termostato es s\u00f3lida y el termostato permanece cerrado, impidiendo que el refrigerante fluya por el motor. A medida que el motor se calienta, la cera comienza a derretirse y expandirse, abriendo la v\u00e1lvula termost\u00e1tica y permitiendo que el refrigerante fluya a trav\u00e9s del motor. Una vez que el motor ha alcanzado su temperatura \u00f3ptima de funcionamiento, la cera del termostato se habr\u00e1 expandido por completo y la v\u00e1lvula permanecer\u00e1 abierta para mantener la temperatura deseada.<\/p>\n<p>El termostato de cera es un m\u00e9todo eficaz para regular la temperatura del motor, ya que reacciona r\u00e1pidamente a los cambios de temperatura y puede ajustar el flujo de refrigerante en consecuencia. Tambi\u00e9n es duradero y requiere relativamente poco mantenimiento, por lo que es una opci\u00f3n popular para aplicaciones de automoci\u00f3n.<\/p>\n<p>&nbsp;<\/p>\n<p><strong>Volumen de suministro:<\/strong><\/p>\n<p>- Termostato de 83 grados para Chevrolet Corvette C6 Z06 (LS7 7.0)<br \/>\n- Junta<\/p>\n<p>&nbsp;<\/p>\n<p>Nota: dado que la junta est\u00e1 incluida en el volumen de suministro, no es necesario pedir la junta de la carcasa del termostato por separado.<\/p>","protected":false},"excerpt":{"rendered":"<p>83 Grad High Flow Thermostat f\u00fcr geringere K\u00fchlwassertemperatur \/ Motortemperatur f\u00fcr Chevrolet Corvette C6 Z06 (LS7 7.0) &nbsp; Die Aufgabe<\/p>","protected":false},"featured_media":68300388,"comment_status":"open","ping_status":"closed","template":"","meta":{"_acf_changed":false},"product_brand":[],"product_cat":[1526],"product_tag":[276,277,282,189,190,281,2375,1318,266,1126,2374,664,284,267,2456,283],"class_list":{"0":"post-68252646","1":"product","2":"type-product","3":"status-publish","4":"has-post-thumbnail","6":"product_cat-corvette","7":"product_tag-276","8":"product_tag-277","9":"product_tag-c6","10":"product_tag-chevrolet","11":"product_tag-chevy","12":"product_tag-corvette","13":"product_tag-degree","14":"product_tag-gm","15":"product_tag-grad","16":"product_tag-kaelter","17":"product_tag-kuehlsystem","18":"product_tag-kuehlung","19":"product_tag-ls7","20":"product_tag-thermostat","21":"product_tag-tstat15","22":"product_tag-z06","24":"first","25":"instock","26":"taxable","27":"shipping-taxable","28":"purchasable","29":"product-type-simple"},"bundled_by":[],"bundle_stock_status":"instock","bundle_stock_quantity":2,"bundle_virtual":false,"bundle_layout":"","bundle_add_to_cart_form_location":"","bundle_editable_in_cart":false,"bundle_sold_individually_context":"","bundle_item_grouping":"","bundle_min_size":"","bundle_max_size":"","bundle_price":[],"bundled_items":[],"bundle_sell_ids":[],"exclude_global_add_ons":[],"addons":[],"acf":[],"_links":{"self":[{"href":"https:\/\/kraftwerk-shop.cc\/es\/wp-json\/wp\/v2\/product\/68252646","targetHints":{"allow":["GET"]}}],"collection":[{"href":"https:\/\/kraftwerk-shop.cc\/es\/wp-json\/wp\/v2\/product"}],"about":[{"href":"https:\/\/kraftwerk-shop.cc\/es\/wp-json\/wp\/v2\/types\/product"}],"replies":[{"embeddable":true,"href":"https:\/\/kraftwerk-shop.cc\/es\/wp-json\/wp\/v2\/comments?post=68252646"}],"version-history":[{"count":0,"href":"https:\/\/kraftwerk-shop.cc\/es\/wp-json\/wp\/v2\/product\/68252646\/revisions"}],"wp:featuredmedia":[{"embeddable":true,"href":"https:\/\/kraftwerk-shop.cc\/es\/wp-json\/wp\/v2\/media\/68300388"}],"wp:attachment":[{"href":"https:\/\/kraftwerk-shop.cc\/es\/wp-json\/wp\/v2\/media?parent=68252646"}],"wp:term":[{"taxonomy":"product_brand","embeddable":true,"href":"https:\/\/kraftwerk-shop.cc\/es\/wp-json\/wp\/v2\/product_brand?post=68252646"},{"taxonomy":"product_cat","embeddable":true,"href":"https:\/\/kraftwerk-shop.cc\/es\/wp-json\/wp\/v2\/product_cat?post=68252646"},{"taxonomy":"product_tag","embeddable":true,"href":"https:\/\/kraftwerk-shop.cc\/es\/wp-json\/wp\/v2\/product_tag?post=68252646"}],"curies":[{"name":"wp","href":"https:\/\/api.w.org\/{rel}","templated":true}]}}