{"id":68252677,"date":"2021-09-17T12:53:32","date_gmt":"2021-09-17T12:53:32","guid":{"rendered":"https:\/\/kraftwerk-gruppe.de\/?post_type=product&#038;p=68252677"},"modified":"2026-02-15T00:53:22","modified_gmt":"2026-02-14T23:53:22","slug":"termostato-mishimoto-83-grados-hemi-srt-hellcat-trackhawk-trx","status":"publish","type":"product","link":"https:\/\/kraftwerk-shop.cc\/es\/produkt\/mishimoto-83-grad-thermostat-hemi-srt-hellcat-trackhawk-trx\/","title":{"rendered":"Termostato Mishimoto 83 grados para motores 5.7 \/ 6.1 \/ 6.2 \/ 6.4"},"content":{"rendered":"<h1>Termostato Mishimoto de 83 grados para mejorar la refrigeraci\u00f3n para Chrysler, Dodge, Jeep y RAM 5.7, 6.1 SRT, 6.2 Hellcat \/ Trackhawk \/ TRX y 6.4 SRT<\/h1>\n<p>&nbsp;<\/p>\n<p>El termostato Mishimoto de 83 grados es una opci\u00f3n ideal para motores 5.7 \/ 6.1 \/ 6.2 \/ 6.4.<br \/>\nEn comparaci\u00f3n con el termostato original, que se abre a 95 grados, el termostato de 83 grados ofrece una mejora adicional en la refrigeraci\u00f3n del motor.<br \/>\nPara mantener la temperatura del refrigerante permanentemente baja incluso cuando se conduce despacio y cuando se est\u00e1 parado, tambi\u00e9n recomendamos ajustar el control del ventilador. As\u00ed se reducen las temperaturas de conexi\u00f3n de los electroventiladores y se garantiza una refrigeraci\u00f3n eficaz.<\/p>\n<p>&nbsp;<\/p>\n<p>El control del ventilador puede personalizarse, por ejemplo, con el Diablosport <a href=\"https:\/\/kraftwerk-shop.cc\/es\/producto\/diablosport-trinity-t2-platinum-programador-chrysler-dodge-jeep-ram\/\" target=\"_blank\" rel=\"noopener\" data-link-type=\"external\" data-type=\"linkpicker\">Trinidad<\/a> y <a href=\"https:\/\/kraftwerk-shop.cc\/es\/producto\/diablosport-intune-i3-platinum-programador-chrysler-dodge-jeep-ram\/\" target=\"_blank\" rel=\"noopener\" data-link-type=\"external\" data-type=\"linkpicker\">inTune<\/a> posible.<\/p>\n<p>Como alternativa, tambi\u00e9n podemos programar la unidad de control del motor en la propia empresa sin estos dispositivos, lo que resulta bastante m\u00e1s barato.<br \/>\nTambi\u00e9n podemos ajustar el umbral de tolerancia para el c\u00f3digo de error P0128 si est\u00e1 configurado.<br \/>\nPara ello <a href=\"http:\/\/www.kraftwerk.cc\/de\/kontakt\" target=\"_blank\" rel=\"noopener\" data-link-type=\"external\" data-type=\"linkpicker\">Contacto<\/a> con nosotros.<\/p>\n<p>&nbsp;<\/p>\n<p><strong>Adecuado para:<\/strong><\/p>\n<table width=\"449\">\n<tbody>\n<tr>\n<td width=\"115\"><strong>Marca<\/strong><\/td>\n<td width=\"145\"><strong>Modelo\u00a0<\/strong><\/td>\n<td width=\"106\"><strong>Motor<\/strong><\/td>\n<td width=\"83\"><strong>A\u00f1o de construcci\u00f3n<\/strong><\/td>\n<\/tr>\n<tr>\n<td>Chrysler<\/td>\n<td>300C<\/td>\n<td>5.7<\/td>\n<td>2005-2023<\/td>\n<\/tr>\n<tr>\n<td>Chrysler<\/td>\n<td>300C<\/td>\n<td>6.1<\/td>\n<td>2005-2010<\/td>\n<\/tr>\n<tr>\n<td width=\"115\">Chrysler<\/td>\n<td width=\"145\">300C<\/td>\n<td>6.4<\/td>\n<td width=\"83\">2012-2014<\/td>\n<\/tr>\n<tr>\n<td>Dodge<\/td>\n<td>Challenger<\/td>\n<td>5.7<\/td>\n<td>2008-2023<\/td>\n<\/tr>\n<tr>\n<td>Dodge<\/td>\n<td>Challenger<\/td>\n<td>6.1<\/td>\n<td>2008-2010<\/td>\n<\/tr>\n<tr>\n<td width=\"115\">Dodge<\/td>\n<td width=\"145\">Challenger<\/td>\n<td width=\"106\">6.2 Hellcat<\/td>\n<td width=\"83\">2015-2023<\/td>\n<\/tr>\n<tr>\n<td width=\"115\">Dodge<\/td>\n<td width=\"145\">Challenger<\/td>\n<td>6.4<\/td>\n<td width=\"83\">2011-2023<\/td>\n<\/tr>\n<tr>\n<td>Dodge<\/td>\n<td>Charger<\/td>\n<td>5.7<\/td>\n<td>2005-2023<\/td>\n<\/tr>\n<tr>\n<td>Dodge<\/td>\n<td>Charger<\/td>\n<td>6.1<\/td>\n<td>2005-2010<\/td>\n<\/tr>\n<tr>\n<td width=\"115\">Dodge<\/td>\n<td width=\"145\">Charger<\/td>\n<td width=\"106\">6.2 Hellcat<\/td>\n<td width=\"83\">2015-2023<\/td>\n<\/tr>\n<tr>\n<td width=\"115\">Dodge<\/td>\n<td width=\"145\">Charger<\/td>\n<td>6.4<\/td>\n<td width=\"83\">2011-2023<\/td>\n<\/tr>\n<tr>\n<td>Dodge<\/td>\n<td>Durango<\/td>\n<td>5.7<\/td>\n<td>2013-2025<\/td>\n<\/tr>\n<tr>\n<td width=\"115\">Dodge<\/td>\n<td width=\"145\">Durango<\/td>\n<td width=\"106\">6.2 Hellcat<\/td>\n<td width=\"83\">2021-2025<\/td>\n<\/tr>\n<tr>\n<td>Dodge<\/td>\n<td>Durango<\/td>\n<td>6.4<\/td>\n<td>2018-2024<\/td>\n<\/tr>\n<tr>\n<td>Dodge<\/td>\n<td>Magnum<\/td>\n<td>6.1<\/td>\n<td>2006-2008<\/td>\n<\/tr>\n<tr>\n<td>Dodge<\/td>\n<td>Magnum<\/td>\n<td>5.7<\/td>\n<td>2005-2008<\/td>\n<\/tr>\n<tr>\n<td>Jeep<\/td>\n<td>Commander<\/td>\n<td>5.7<\/td>\n<td>2006-2010<\/td>\n<\/tr>\n<tr>\n<td>Jeep<\/td>\n<td>Grand Cherokee<\/td>\n<td>5.7<\/td>\n<td>2005-2022<\/td>\n<\/tr>\n<tr>\n<td>Jeep<\/td>\n<td>Grand Cherokee<\/td>\n<td>6.1<\/td>\n<td>2006-2010<\/td>\n<\/tr>\n<tr>\n<td width=\"115\">Jeep<\/td>\n<td width=\"145\">Grand Cherokee<\/td>\n<td width=\"106\">6,2 Trackhawk<\/td>\n<td width=\"83\">2018-2021<\/td>\n<\/tr>\n<tr>\n<td>Jeep<\/td>\n<td>Grand Cherokee<\/td>\n<td>6.4<\/td>\n<td>2011-2021<\/td>\n<\/tr>\n<tr>\n<td>Jeep<\/td>\n<td>Wrangler<\/td>\n<td>6.4<\/td>\n<td>2021-2025<\/td>\n<\/tr>\n<tr>\n<td>RAM<\/td>\n<td>1500<\/td>\n<td>5.7<\/td>\n<td>2009-2024<\/td>\n<\/tr>\n<tr>\n<td width=\"115\">RAM<\/td>\n<td width=\"145\">1500<\/td>\n<td width=\"106\">6.2 TRX<\/td>\n<td width=\"83\">2021-2024<\/td>\n<\/tr>\n<tr>\n<td><\/td>\n<td><\/td>\n<td><\/td>\n<td><\/td>\n<\/tr>\n<\/tbody>\n<\/table>\n<p>&nbsp;<\/p>\n<p><strong>Volumen de suministro:<\/strong><\/p>\n<ul>\n<li>Termostato Mishimoto 83 grados<\/li>\n<li>Junta<\/li>\n<\/ul>\n<p>&nbsp;<\/p>\n<p>Nota: Como la junta est\u00e1 incluida en el volumen de suministro, no es necesario pedir la junta de la caja del termostato por separado.<\/p>","protected":false},"excerpt":{"rendered":"<p>Termostato Mishimoto de 83 grados para mejorar la refrigeraci\u00f3n para Chrysler, Dodge, Jeep y RAM 5.7, 6.1 SRT, 6.2 Hellcat \/<\/p>","protected":false},"featured_media":68274724,"comment_status":"open","ping_status":"closed","template":"","meta":{"_acf_changed":false},"product_brand":[18924],"product_cat":[2549,4981,2545,2546,2530,2548,2550,2547,2537,5160,2536,2535,2534,2533,2730,2531,2544,2543,6383,4806,2541,2540,2539,2538,2957,7762,1517,5017,2702],"product_tag":[11105,11103,11104,11102,475,295,506,52,507,51,6840,6841,4480,6839,101,93,296,297,54,53,48,536,94,49,3853,3854,95,266,56,100,126,50,4425,4427,4426,273,36,664,269,271,272,55,274,4452,275,34,3101,86,96,1056,164,270,267,102,2353,4062,175],"class_list":{"0":"post-68252677","1":"product","2":"type-product","3":"status-publish","4":"has-post-thumbnail","6":"product_brand-mishimoto","7":"product_cat-300c-57-2005-2010-kuehlung","8":"product_cat-300c-57-2011-2023-kuehlung","9":"product_cat-300c-61-kuehlung","10":"product_cat-300c-64-kuehlung","11":"product_cat-challenger-57-kuehlung","12":"product_cat-challenger-61-kuehlung","13":"product_cat-challenger-hellcat-kuehlung","14":"product_cat-challenger-64-kuehlung","15":"product_cat-charger-57-kuehlung","16":"product_cat-charger-57-2011-2023-kuehlung","17":"product_cat-charger-61-kuehlung","18":"product_cat-charger-hellcat-kuehlung","19":"product_cat-charger-64-kuehlung","20":"product_cat-durango-57-kuehlung","21":"product_cat-durango-hellcat-kuehlung","22":"product_cat-durango-64-kuehlung","23":"product_cat-magnum-57-kuehlung","24":"product_cat-magnum-61-kuehlung","25":"product_cat-commander-kuehlung","26":"product_cat-grand-cherokee-57-2005-2010-kuehlung","27":"product_cat-grand-cherokee-57-2011-2021-kuehlung","28":"product_cat-grand-cherokee-61-kuehlung","29":"product_cat-trackhawk-kuehlung","30":"product_cat-grand-cherokee-64-kuehlung","31":"product_cat-wrangler-64-kuehlung","32":"product_cat-1500-57-2003-2008-kuehlung","33":"product_cat-1500-57-2009-2018-classic-kuehlung","34":"product_cat-1500-57-dt-kuehlung","35":"product_cat-trx-kuehlung","36":"product_tag-052028898ad","37":"product_tag-052028898ae","38":"product_tag-052028898ai","39":"product_tag-052028898aj","40":"product_tag-475","41":"product_tag-295","42":"product_tag-506","43":"product_tag-300c","44":"product_tag-507","45":"product_tag-5-7-6-1","46":"product_tag-52028898ad","47":"product_tag-52028898ae","48":"product_tag-52028898ai","49":"product_tag-52028898aj","50":"product_tag-6-2","51":"product_tag-6-4","52":"product_tag-296","53":"product_tag-297","54":"product_tag-challenger","55":"product_tag-charger","56":"product_tag-chrysler","57":"product_tag-chrysler-300c","58":"product_tag-commander","59":"product_tag-dodge","60":"product_tag-dodge-challenger","61":"product_tag-dodge-charger","62":"product_tag-durango","63":"product_tag-grad","64":"product_tag-grand-cherokee","65":"product_tag-hellcat","66":"product_tag-hemi","67":"product_tag-jeep","68":"product_tag-jeep-grand-cherokee","69":"product_tag-jeep-grand-cherokee-trackhawk","70":"product_tag-jeep-trackhawk","71":"product_tag-jet","72":"product_tag-kraftwerk","73":"product_tag-kuehlung","74":"product_tag-kuehlwasser","75":"product_tag-luefter","76":"product_tag-lueftersteuerung","77":"product_tag-magnum","78":"product_tag-mishimoto","79":"product_tag-mmts-jed-06l","80":"product_tag-motorad","81":"product_tag-original","82":"product_tag-p0128","83":"product_tag-ram","84":"product_tag-srt","85":"product_tag-srt-8","86":"product_tag-srt8","87":"product_tag-temperatur","88":"product_tag-thermostat","89":"product_tag-trackhawk","90":"product_tag-trx","91":"product_tag-verbessern","92":"product_tag-wrangler","94":"first","95":"outofstock","96":"taxable","97":"shipping-taxable","98":"purchasable","99":"product-type-simple"},"bundled_by":[],"bundle_stock_status":"outofstock","bundle_stock_quantity":0,"bundle_virtual":false,"bundle_layout":"","bundle_add_to_cart_form_location":"","bundle_editable_in_cart":false,"bundle_sold_individually_context":"","bundle_item_grouping":"","bundle_min_size":"","bundle_max_size":"","bundle_price":[],"bundled_items":[],"bundle_sell_ids":[],"exclude_global_add_ons":[],"addons":[],"acf":[],"_links":{"self":[{"href":"https:\/\/kraftwerk-shop.cc\/es\/wp-json\/wp\/v2\/product\/68252677","targetHints":{"allow":["GET"]}}],"collection":[{"href":"https:\/\/kraftwerk-shop.cc\/es\/wp-json\/wp\/v2\/product"}],"about":[{"href":"https:\/\/kraftwerk-shop.cc\/es\/wp-json\/wp\/v2\/types\/product"}],"replies":[{"embeddable":true,"href":"https:\/\/kraftwerk-shop.cc\/es\/wp-json\/wp\/v2\/comments?post=68252677"}],"version-history":[{"count":0,"href":"https:\/\/kraftwerk-shop.cc\/es\/wp-json\/wp\/v2\/product\/68252677\/revisions"}],"wp:featuredmedia":[{"embeddable":true,"href":"https:\/\/kraftwerk-shop.cc\/es\/wp-json\/wp\/v2\/media\/68274724"}],"wp:attachment":[{"href":"https:\/\/kraftwerk-shop.cc\/es\/wp-json\/wp\/v2\/media?parent=68252677"}],"wp:term":[{"taxonomy":"product_brand","embeddable":true,"href":"https:\/\/kraftwerk-shop.cc\/es\/wp-json\/wp\/v2\/product_brand?post=68252677"},{"taxonomy":"product_cat","embeddable":true,"href":"https:\/\/kraftwerk-shop.cc\/es\/wp-json\/wp\/v2\/product_cat?post=68252677"},{"taxonomy":"product_tag","embeddable":true,"href":"https:\/\/kraftwerk-shop.cc\/es\/wp-json\/wp\/v2\/product_tag?post=68252677"}],"curies":[{"name":"wp","href":"https:\/\/api.w.org\/{rel}","templated":true}]}}