{"id":68252701,"date":"2021-09-17T12:53:33","date_gmt":"2021-09-17T12:53:33","guid":{"rendered":"https:\/\/kraftwerk-gruppe.de\/?post_type=product&#038;p=68252701"},"modified":"2026-03-31T12:41:53","modified_gmt":"2026-03-31T10:41:53","slug":"hellcat-lifter-5038784ad","status":"publish","type":"product","link":"https:\/\/kraftwerk-shop.cc\/es\/produkt\/hellcat-lifter-5038784ad\/","title":{"rendered":"Mopar Hellcat Elevador \/ taqu\u00e9 hidr\u00e1ulico (5038784AD)"},"content":{"rendered":"<h1>taqu\u00e9 hidr\u00e1ulico\/elevador Mopar Hellcat como recambio o actualizaci\u00f3n para 300C, Dodge, Challenger, Charger, Durango, Magnum, Commander, Grand Cherokee, Wrangler y RAM<\/h1>\n<p>&nbsp;<\/p>\n<p><strong>N\u00famero de pieza Mopar:<\/strong>\u00a05038784AD<br \/>\n<strong>Reemplazado:<\/strong> <span class=\"list-value\">5038686AA, 5038784AA, 5038784AB, 5038784AC, 53021720AB, 53021720AC, 53021720AD, 53021720AE<\/span><\/p>\n<p>&nbsp;<\/p>\n<p>Kit de conversi\u00f3n completo (16 taqu\u00e9s hidr\u00e1ulicos Hellcat) para la eliminaci\u00f3n mec\u00e1nica de la funci\u00f3n MDS en motores 5.7 Hemi y 6.4 SRT y como sustituci\u00f3n en reparaciones del motor.<\/p>\n<p>La sustituci\u00f3n de los taqu\u00e9s hidr\u00e1ulicos se recomienda encarecidamente para las conversiones de \u00e1rbol de levas y como parte de las reparaciones del motor.<\/p>\n<p>Para evitar que se encienda el testigo de control del motor, puede ser necesario adaptar el software de la unidad de control del motor.<br \/>\nTambi\u00e9n podemos realizar esta programaci\u00f3n. P\u00f3ngase en contacto con nosotros.<\/p>\n<p>Para retirar los actuadores MDS que ya no son necesarios, tambi\u00e9n necesita 4 <a href=\"https:\/\/kraftwerk-shop.cc\/es\/producto\/tapones-ciegos-mds\/\" target=\"_blank\" rel=\"noopener\">Tap\u00f3n ciego MDS<\/a>.<\/p>\n<p>Seg\u00fan nuestra experiencia, la vida \u00fatil de los taqu\u00e9s hidr\u00e1ulicos es de unos 120.000 kil\u00f3metros. Si est\u00e1 realizando trabajos en el motor y se acerca a este kilometraje, recomendamos encarecidamente instalar un nuevo juego de taqu\u00e9s mientras el motor est\u00e1 desmontado. Para sustituir los taqu\u00e9s es necesario desmontar las culatas.<\/p>\n<p>&nbsp;<\/p>\n<p><strong>Adecuado para:<\/strong><\/p>\n<table width=\"449\">\n<tbody>\n<tr>\n<td width=\"115\"><strong>Marca<\/strong><\/td>\n<td width=\"145\"><strong>Modelo<\/strong><\/td>\n<td width=\"106\"><strong>Motor<\/strong><\/td>\n<td width=\"83\"><strong>A\u00f1o de construcci\u00f3n<\/strong><\/td>\n<\/tr>\n<tr>\n<td>Chrysler<\/td>\n<td>300C<\/td>\n<td>5.7<\/td>\n<td>2009-2023<\/td>\n<\/tr>\n<tr>\n<td>Chrysler<\/td>\n<td>300C<\/td>\n<td>6.1<\/td>\n<td>2005-2010<\/td>\n<\/tr>\n<tr>\n<td width=\"115\">Chrysler<\/td>\n<td width=\"145\">300C<\/td>\n<td>6.4<\/td>\n<td width=\"83\">2012-2014<\/td>\n<\/tr>\n<tr>\n<td>Dodge<\/td>\n<td>Challenger<\/td>\n<td>5.7<\/td>\n<td>2009-2023<\/td>\n<\/tr>\n<tr>\n<td>Dodge<\/td>\n<td>Challenger<\/td>\n<td>6.1<\/td>\n<td>2008-2010<\/td>\n<\/tr>\n<tr>\n<td width=\"115\">Dodge<\/td>\n<td width=\"145\">Challenger<\/td>\n<td width=\"106\">6.2 Hellcat<\/td>\n<td width=\"83\">2015-2023<\/td>\n<\/tr>\n<tr>\n<td width=\"115\">Dodge<\/td>\n<td width=\"145\">Challenger<\/td>\n<td>6.4<\/td>\n<td width=\"83\">2011-2023<\/td>\n<\/tr>\n<tr>\n<td>Dodge<\/td>\n<td>Charger<\/td>\n<td>5.7<\/td>\n<td>2009-2023<\/td>\n<\/tr>\n<tr>\n<td>Dodge<\/td>\n<td>Charger<\/td>\n<td>6.1<\/td>\n<td>2005-2010<\/td>\n<\/tr>\n<tr>\n<td width=\"115\">Dodge<\/td>\n<td width=\"145\">Charger<\/td>\n<td width=\"106\">6.2 Hellcat<\/td>\n<td width=\"83\">2015-2023<\/td>\n<\/tr>\n<tr>\n<td width=\"115\">Dodge<\/td>\n<td width=\"145\">Charger<\/td>\n<td>6.4<\/td>\n<td width=\"83\">2011-2023<\/td>\n<\/tr>\n<tr>\n<td>Dodge<\/td>\n<td>Durango<\/td>\n<td>5.7<\/td>\n<td>2013-2025<\/td>\n<\/tr>\n<tr>\n<td width=\"115\">Dodge<\/td>\n<td width=\"145\">Durango<\/td>\n<td width=\"106\">6.2 Hellcat<\/td>\n<td width=\"83\">2021-2025<\/td>\n<\/tr>\n<tr>\n<td>Dodge<\/td>\n<td>Durango<\/td>\n<td>6.4<\/td>\n<td>2018-2024<\/td>\n<\/tr>\n<tr>\n<td>Dodge<\/td>\n<td>Magnum<\/td>\n<td>6.1<\/td>\n<td>2006-2008<\/td>\n<\/tr>\n<tr>\n<td>Jeep<\/td>\n<td>Commander<\/td>\n<td>5.7<\/td>\n<td>2009-2010<\/td>\n<\/tr>\n<tr>\n<td>Jeep<\/td>\n<td>Grand Cherokee<\/td>\n<td>5.7<\/td>\n<td>2009-2022<\/td>\n<\/tr>\n<tr>\n<td>Jeep<\/td>\n<td>Grand Cherokee<\/td>\n<td>6.1<\/td>\n<td>2006-2010<\/td>\n<\/tr>\n<tr>\n<td width=\"115\">Jeep<\/td>\n<td width=\"145\">Grand Cherokee<\/td>\n<td width=\"106\">6,2 Trackhawk<\/td>\n<td width=\"83\">2018-2021<\/td>\n<\/tr>\n<tr>\n<td>Jeep<\/td>\n<td>Grand Cherokee<\/td>\n<td>6.4<\/td>\n<td>2011-2021<\/td>\n<\/tr>\n<tr>\n<td>Jeep<\/td>\n<td>Wrangler<\/td>\n<td>6.4<\/td>\n<td>2021-2025<\/td>\n<\/tr>\n<tr>\n<td>RAM<\/td>\n<td>1500<\/td>\n<td>5.7<\/td>\n<td>2006-2024<\/td>\n<\/tr>\n<tr>\n<td width=\"115\">RAM<\/td>\n<td width=\"145\">1500<\/td>\n<td width=\"106\">6.2 TRX<\/td>\n<td width=\"83\">2021-2024<\/td>\n<\/tr>\n<tr>\n<td>RAM<\/td>\n<td>2500<\/td>\n<td>6.4<\/td>\n<td>2014-2025<\/td>\n<\/tr>\n<\/tbody>\n<\/table>\n<p><span style=\"font-size: 16px;\"><span style=\"line-height: 1.3;\"><br \/>\n<strong>Volumen de suministro:<\/strong><\/span><\/span><\/p>\n<ul>\n<li>16 taqu\u00e9s hidr\u00e1ulicos (juego completo)<\/li>\n<\/ul>","protected":false},"excerpt":{"rendered":"<p>Pieza original Mopar<\/p>","protected":false},"featured_media":68309845,"comment_status":"open","ping_status":"closed","template":"","meta":{"_acf_changed":false},"product_brand":[16270],"product_cat":[6708,6723,6683,6488,6728,6688,6658,6483,6713,6733,6693,6663,6493,6738,6668,6498,8092,6697,19348,6718,6743,6702,6673,6503,6508,6748,6753,19353,6678],"product_tag":[11144,11145,11146,11147,332,11148,11149,11150,11151,52,217,91,6525,6526,6527,6528,11143,6529,6530,6531,6532,93,330,54,53,48,536,94,331,49,3853,3854,119,56,100,126,334,335,50,4425,4427,4426,333,55,328,2455,8813,9424,16271,16273,16275,16272,16274,7221,86,96,102,2353,329],"class_list":{"0":"post-68252701","1":"product","2":"type-product","3":"status-publish","4":"has-post-thumbnail","6":"product_brand-mopar","7":"product_cat-300c-57-2005-2010-nockenwelle-ventiltrieb","8":"product_cat-300c-57-2011-2023-nockenwelle-ventiltrieb","9":"product_cat-300c-61-nockenwelle-ventiltrieb","10":"product_cat-300c-64-nockenwelle-ventiltrieb","11":"product_cat-challenger-57-nockenwelle-ventiltrieb","12":"product_cat-challenger-61-nockenwelle-ventiltrieb","13":"product_cat-challenger-hellcat-nockenwelle-ventiltrieb","14":"product_cat-challenger-64-nockenwelle-ventiltrieb","15":"product_cat-charger-57-nockenwelle-ventiltrieb","16":"product_cat-charger-57-2011-2023-nockenwelle-ventiltrieb","17":"product_cat-charger-61-nockenwelle-ventiltrieb","18":"product_cat-charger-hellcat-nockenwelle-ventiltrieb","19":"product_cat-charger-64-nockenwelle-ventiltrieb","20":"product_cat-durango-57-nockenwelle-ventiltrieb","21":"product_cat-durango-hellcat-nockenwelle-ventiltrieb","22":"product_cat-durango-64-nockenwelle-ventiltrieb","23":"product_cat-magnum-57-nockenwelle-ventiltrieb","24":"product_cat-magnum-61-nockenwelle-ventiltrieb","25":"product_cat-commander-57-nockenwelle-ventiltrieb","26":"product_cat-grand-cherokee-57-2005-2010-nockenwelle-ventiltrieb","27":"product_cat-grand-cherokee-57-2011-2021-nockenwelle-ventiltrieb","28":"product_cat-grand-cherokee-61-nockenwelle-ventiltrieb","29":"product_cat-trackhawk-nockenwelle-ventiltrieb","30":"product_cat-grand-cherokee-64-nockenwelle-ventiltrieb","31":"product_cat-wrangler-64-nockenwelle-ventiltrieb","32":"product_cat-1500-57-2009-2018-classic-nockenwelle-ventiltrieb","33":"product_cat-1500-57-dt-nockenwelle-ventiltrieb","34":"product_cat-2500-3500-64-nockenwelle-ventiltrieb","35":"product_cat-trx-nockenwelle-ventiltrieb","36":"product_tag-05038686aa","37":"product_tag-05038784aa","38":"product_tag-05038784ab","39":"product_tag-05038784ac","40":"product_tag-05038784ad","41":"product_tag-053021720ab","42":"product_tag-053021720ac","43":"product_tag-053021720ad","44":"product_tag-053021720ae","45":"product_tag-300c","46":"product_tag-217","47":"product_tag-5-7","48":"product_tag-5038686aa","49":"product_tag-5038784aa","50":"product_tag-5038784ab","51":"product_tag-5038784ac","52":"product_tag-5038784ad","53":"product_tag-53021720ab","54":"product_tag-53021720ac","55":"product_tag-53021720ad","56":"product_tag-53021720ae","57":"product_tag-6-4","58":"product_tag-abschalten","59":"product_tag-challenger","60":"product_tag-charger","61":"product_tag-chrysler","62":"product_tag-chrysler-300c","63":"product_tag-commander","64":"product_tag-deaktivieren","65":"product_tag-dodge","66":"product_tag-dodge-challenger","67":"product_tag-dodge-charger","68":"product_tag-entfernen","69":"product_tag-grand-cherokee","70":"product_tag-hellcat","71":"product_tag-hemi","72":"product_tag-hydro","73":"product_tag-hydrostoessel","74":"product_tag-jeep","75":"product_tag-jeep-grand-cherokee","76":"product_tag-jeep-grand-cherokee-trackhawk","77":"product_tag-jeep-trackhawk","78":"product_tag-lifter","79":"product_tag-magnum","80":"product_tag-mds","81":"product_tag-mm5","82":"product_tag-mopar-autoteile","83":"product_tag-mopar-ersatzteile","84":"product_tag-mopar-ersatzteile-kaufen","85":"product_tag-mopar-performance-teile","86":"product_tag-mopar-teile-katalog","87":"product_tag-mopar-teile-online","88":"product_tag-mopar-tuningteile","89":"product_tag-mopar10","90":"product_tag-ram","91":"product_tag-srt","92":"product_tag-trackhawk","93":"product_tag-trx","94":"product_tag-zylinderabschaltung","96":"first","97":"onbackorder","98":"taxable","99":"shipping-taxable","100":"purchasable","101":"product-type-simple"},"bundled_by":[],"bundle_stock_status":"onbackorder","bundle_stock_quantity":0,"bundle_virtual":false,"bundle_layout":"","bundle_add_to_cart_form_location":"","bundle_editable_in_cart":false,"bundle_sold_individually_context":"","bundle_item_grouping":"","bundle_min_size":"","bundle_max_size":"","bundle_price":[],"bundled_items":[],"bundle_sell_ids":[],"exclude_global_add_ons":[],"addons":[],"acf":[],"_links":{"self":[{"href":"https:\/\/kraftwerk-shop.cc\/es\/wp-json\/wp\/v2\/product\/68252701","targetHints":{"allow":["GET"]}}],"collection":[{"href":"https:\/\/kraftwerk-shop.cc\/es\/wp-json\/wp\/v2\/product"}],"about":[{"href":"https:\/\/kraftwerk-shop.cc\/es\/wp-json\/wp\/v2\/types\/product"}],"replies":[{"embeddable":true,"href":"https:\/\/kraftwerk-shop.cc\/es\/wp-json\/wp\/v2\/comments?post=68252701"}],"version-history":[{"count":0,"href":"https:\/\/kraftwerk-shop.cc\/es\/wp-json\/wp\/v2\/product\/68252701\/revisions"}],"wp:featuredmedia":[{"embeddable":true,"href":"https:\/\/kraftwerk-shop.cc\/es\/wp-json\/wp\/v2\/media\/68309845"}],"wp:attachment":[{"href":"https:\/\/kraftwerk-shop.cc\/es\/wp-json\/wp\/v2\/media?parent=68252701"}],"wp:term":[{"taxonomy":"product_brand","embeddable":true,"href":"https:\/\/kraftwerk-shop.cc\/es\/wp-json\/wp\/v2\/product_brand?post=68252701"},{"taxonomy":"product_cat","embeddable":true,"href":"https:\/\/kraftwerk-shop.cc\/es\/wp-json\/wp\/v2\/product_cat?post=68252701"},{"taxonomy":"product_tag","embeddable":true,"href":"https:\/\/kraftwerk-shop.cc\/es\/wp-json\/wp\/v2\/product_tag?post=68252701"}],"curies":[{"name":"wp","href":"https:\/\/api.w.org\/{rel}","templated":true}]}}