{"id":68252718,"date":"2021-09-17T12:53:34","date_gmt":"2021-09-17T12:53:34","guid":{"rendered":"https:\/\/kraftwerk-gruppe.de\/?post_type=product&#038;p=68252718"},"modified":"2026-02-15T00:51:07","modified_gmt":"2026-02-14T23:51:07","slug":"hemi-vvt-cam-phaser-limitador","status":"publish","type":"product","link":"https:\/\/kraftwerk-shop.cc\/es\/produkt\/hemi-vvt-cam-phaser-limiter\/","title":{"rendered":"Limitador de levas Hemi VVT Phaser"},"content":{"rendered":"<h1>Limitador de fase de leva para motores Chrysler, Dodge, Jeep y RAM 5.7, 6.2 y 6.4 VVT<\/h1>\n<p>&nbsp;<\/p>\n<p>El limitador del \u00e1rbol de levas puede ser necesario para las conversiones del \u00e1rbol de levas.<br \/>\nAl instalar el limitador de fase, el ajuste del \u00e1rbol de levas variable se limita mec\u00e1nicamente, de modo que se pueden utilizar perfiles de \u00e1rbol de levas m\u00e1s agresivos sin riesgo de que las v\u00e1lvulas toquen los pistones.<\/p>\n<p>A pesar de la limitaci\u00f3n, se mantienen en gran medida las ventajas del escalonamiento del \u00e1rbol de levas.<\/p>\n<p>&nbsp;<\/p>\n<p><strong>Adecuado para:<\/strong><\/p>\n<table width=\"700\">\n<tbody>\n<tr>\n<td width=\"203\"><strong>Marca<\/strong><\/td>\n<td width=\"160\"><strong>Modelo<\/strong><\/td>\n<td width=\"200\"><strong>Motor<\/strong><\/td>\n<td width=\"137\"><strong>A\u00f1o de construcci\u00f3n<\/strong><\/td>\n<\/tr>\n<tr>\n<td>Chrysler<\/td>\n<td>300C<\/td>\n<td>5.7<\/td>\n<td>2009-2023<\/td>\n<\/tr>\n<tr>\n<td width=\"203\">Chrysler<\/td>\n<td width=\"160\">300C<\/td>\n<td>6.4<\/td>\n<td width=\"137\">2012-2014<\/td>\n<\/tr>\n<tr>\n<td>Dodge<\/td>\n<td>Challenger<\/td>\n<td>5.7<\/td>\n<td>2009-2023<\/td>\n<\/tr>\n<tr>\n<td width=\"203\">Dodge<\/td>\n<td width=\"160\">Challenger<\/td>\n<td width=\"200\">6.2 Hellcat<\/td>\n<td width=\"137\">2015-2023<\/td>\n<\/tr>\n<tr>\n<td width=\"203\">Dodge<\/td>\n<td width=\"160\">Challenger<\/td>\n<td>6.4<\/td>\n<td width=\"137\">2011-2023<\/td>\n<\/tr>\n<tr>\n<td>Dodge<\/td>\n<td>Charger<\/td>\n<td>5.7<\/td>\n<td>2009-2023<\/td>\n<\/tr>\n<tr>\n<td width=\"203\">Dodge<\/td>\n<td width=\"160\">Charger<\/td>\n<td width=\"200\">6.2 Hellcat<\/td>\n<td width=\"137\">2015-2023<\/td>\n<\/tr>\n<tr>\n<td width=\"203\">Dodge<\/td>\n<td width=\"160\">Charger<\/td>\n<td>6.4<\/td>\n<td width=\"137\">2011-2023<\/td>\n<\/tr>\n<tr>\n<td>Dodge<\/td>\n<td>Durango<\/td>\n<td>5.7<\/td>\n<td>2013-2025<\/td>\n<\/tr>\n<tr>\n<td width=\"203\">Dodge<\/td>\n<td width=\"160\">Durango<\/td>\n<td width=\"200\">6.2 Hellcat<\/td>\n<td width=\"137\">2021-2025<\/td>\n<\/tr>\n<tr>\n<td>Dodge<\/td>\n<td>Durango<\/td>\n<td>6.4<\/td>\n<td>2018-2024<\/td>\n<\/tr>\n<tr>\n<td>Jeep<\/td>\n<td>Commander<\/td>\n<td>5.7<\/td>\n<td>2009-2010<\/td>\n<\/tr>\n<tr>\n<td>Jeep<\/td>\n<td>Grand Cherokee<\/td>\n<td>5.7<\/td>\n<td>2009-2022<\/td>\n<\/tr>\n<tr>\n<td width=\"203\">Jeep<\/td>\n<td width=\"160\">Grand Cherokee<\/td>\n<td width=\"200\">6,2 Trackhawk<\/td>\n<td width=\"137\">2018-2021<\/td>\n<\/tr>\n<tr>\n<td>Jeep<\/td>\n<td>Grand Cherokee<\/td>\n<td>6.4<\/td>\n<td>2011-2021<\/td>\n<\/tr>\n<tr>\n<td>Jeep<\/td>\n<td>Wrangler<\/td>\n<td>6.4<\/td>\n<td>2021-2025<\/td>\n<\/tr>\n<tr>\n<td>RAM<\/td>\n<td>1500 \/ 2500 \/ 3500<\/td>\n<td>5.7<\/td>\n<td>2009-2024<\/td>\n<\/tr>\n<tr>\n<td width=\"203\">RAM<\/td>\n<td width=\"160\">1500<\/td>\n<td width=\"200\">6.2 TRX<\/td>\n<td width=\"137\">2021-2024<\/td>\n<\/tr>\n<tr>\n<td>RAM<\/td>\n<td>2500 \/ 3500<\/td>\n<td>6.4<\/td>\n<td>2014-2024<\/td>\n<\/tr>\n<\/tbody>\n<\/table>\n<p>&nbsp;<\/p>","protected":false},"excerpt":{"rendered":"<p>Limitador Cam Phaser para motores Chrysler, Dodge, Jeep y RAM 5.7, 6.2 y 6.4 VVT El Limitador Cam Phaser<\/p>","protected":false},"featured_media":68278709,"comment_status":"open","ping_status":"closed","template":"","meta":{"_acf_changed":false},"product_brand":[],"product_cat":[6708,6723,6488,6728,6658,6483,6713,6733,6663,6493,6738,6668,6498,19348,6718,6743,6673,6503,6508,6748,6753,9961,19353,6678],"product_tag":[52,217,91,93,367,365,54,53,48,536,94,49,3853,3854,56,100,126,359,50,4425,36,55,2455,336,366,337,102,2353,319,356,175],"class_list":{"0":"post-68252718","1":"product","2":"type-product","3":"status-publish","4":"has-post-thumbnail","6":"product_cat-300c-57-2005-2010-nockenwelle-ventiltrieb","7":"product_cat-300c-57-2011-2023-nockenwelle-ventiltrieb","8":"product_cat-300c-64-nockenwelle-ventiltrieb","9":"product_cat-challenger-57-nockenwelle-ventiltrieb","10":"product_cat-challenger-hellcat-nockenwelle-ventiltrieb","11":"product_cat-challenger-64-nockenwelle-ventiltrieb","12":"product_cat-charger-57-nockenwelle-ventiltrieb","13":"product_cat-charger-57-2011-2023-nockenwelle-ventiltrieb","14":"product_cat-charger-hellcat-nockenwelle-ventiltrieb","15":"product_cat-charger-64-nockenwelle-ventiltrieb","16":"product_cat-durango-57-nockenwelle-ventiltrieb","17":"product_cat-durango-hellcat-nockenwelle-ventiltrieb","18":"product_cat-durango-64-nockenwelle-ventiltrieb","19":"product_cat-commander-57-nockenwelle-ventiltrieb","20":"product_cat-grand-cherokee-57-2005-2010-nockenwelle-ventiltrieb","21":"product_cat-grand-cherokee-57-2011-2021-nockenwelle-ventiltrieb","22":"product_cat-trackhawk-nockenwelle-ventiltrieb","23":"product_cat-grand-cherokee-64-nockenwelle-ventiltrieb","24":"product_cat-wrangler-64-nockenwelle-ventiltrieb","25":"product_cat-1500-57-2009-2018-classic-nockenwelle-ventiltrieb","26":"product_cat-1500-57-dt-nockenwelle-ventiltrieb","27":"product_cat-2500-3500-57-nockenwelle-ventiltrieb","28":"product_cat-2500-3500-64-nockenwelle-ventiltrieb","29":"product_cat-trx-nockenwelle-ventiltrieb","30":"product_tag-300c","31":"product_tag-217","32":"product_tag-5-7","33":"product_tag-6-4","34":"product_tag-begrenzer","35":"product_tag-cam","36":"product_tag-challenger","37":"product_tag-charger","38":"product_tag-chrysler","39":"product_tag-chrysler-300c","40":"product_tag-commander","41":"product_tag-dodge","42":"product_tag-dodge-challenger","43":"product_tag-dodge-charger","44":"product_tag-grand-cherokee","45":"product_tag-hellcat","46":"product_tag-hemi","47":"product_tag-hub","48":"product_tag-jeep","49":"product_tag-jeep-grand-cherokee","50":"product_tag-kraftwerk","51":"product_tag-magnum","52":"product_tag-mm5","53":"product_tag-nockenwelle","54":"product_tag-phaser","55":"product_tag-scharfe","56":"product_tag-trackhawk","57":"product_tag-trx","58":"product_tag-ventilfedern","59":"product_tag-vvt","60":"product_tag-wrangler","62":"first","63":"onbackorder","64":"taxable","65":"shipping-taxable","66":"purchasable","67":"product-type-simple"},"bundled_by":[],"bundle_stock_status":"onbackorder","bundle_stock_quantity":0,"bundle_virtual":false,"bundle_layout":"","bundle_add_to_cart_form_location":"","bundle_editable_in_cart":false,"bundle_sold_individually_context":"","bundle_item_grouping":"","bundle_min_size":"","bundle_max_size":"","bundle_price":[],"bundled_items":[],"bundle_sell_ids":[],"exclude_global_add_ons":[],"addons":[],"acf":[],"_links":{"self":[{"href":"https:\/\/kraftwerk-shop.cc\/es\/wp-json\/wp\/v2\/product\/68252718","targetHints":{"allow":["GET"]}}],"collection":[{"href":"https:\/\/kraftwerk-shop.cc\/es\/wp-json\/wp\/v2\/product"}],"about":[{"href":"https:\/\/kraftwerk-shop.cc\/es\/wp-json\/wp\/v2\/types\/product"}],"replies":[{"embeddable":true,"href":"https:\/\/kraftwerk-shop.cc\/es\/wp-json\/wp\/v2\/comments?post=68252718"}],"version-history":[{"count":0,"href":"https:\/\/kraftwerk-shop.cc\/es\/wp-json\/wp\/v2\/product\/68252718\/revisions"}],"wp:featuredmedia":[{"embeddable":true,"href":"https:\/\/kraftwerk-shop.cc\/es\/wp-json\/wp\/v2\/media\/68278709"}],"wp:attachment":[{"href":"https:\/\/kraftwerk-shop.cc\/es\/wp-json\/wp\/v2\/media?parent=68252718"}],"wp:term":[{"taxonomy":"product_brand","embeddable":true,"href":"https:\/\/kraftwerk-shop.cc\/es\/wp-json\/wp\/v2\/product_brand?post=68252718"},{"taxonomy":"product_cat","embeddable":true,"href":"https:\/\/kraftwerk-shop.cc\/es\/wp-json\/wp\/v2\/product_cat?post=68252718"},{"taxonomy":"product_tag","embeddable":true,"href":"https:\/\/kraftwerk-shop.cc\/es\/wp-json\/wp\/v2\/product_tag?post=68252718"}],"curies":[{"name":"wp","href":"https:\/\/api.w.org\/{rel}","templated":true}]}}