{"id":68252727,"date":"2021-09-17T12:53:34","date_gmt":"2021-09-17T12:53:34","guid":{"rendered":"https:\/\/kraftwerk-gruppe.de\/?post_type=product&#038;p=68252727"},"modified":"2026-02-15T00:03:57","modified_gmt":"2026-02-14T23:03:57","slug":"smoothboost-regulador-de-presion-de-sobrealimentacion-whipple-29-compresor","status":"publish","type":"product","link":"https:\/\/kraftwerk-shop.cc\/es\/produkt\/smoothboost-ladedruckregler-whipple-29-kompressor\/","title":{"rendered":"Regulador de presi\u00f3n de sobrealimentaci\u00f3n Smoothboost para sobrealimentadores Whipple 2.9"},"content":{"rendered":"<h1>Regulador de presi\u00f3n de sobrealimentaci\u00f3n Smoothboost<\/h1>\n<p><strong><br \/>\nSmoothBoost<\/strong> es la primera v\u00e1lvula de derivaci\u00f3n electr\u00f3nica para reequipar el <strong>Sobrealimentaci\u00f3n Whipple de 2,9 litros<\/strong>.<\/p>\n<p>Este control de la presi\u00f3n de sobrealimentaci\u00f3n sustituye la v\u00e1lvula de derivaci\u00f3n controlada por vac\u00edo por una v\u00e1lvula de precisi\u00f3n controlada electr\u00f3nicamente que permite \"suavizar\" la curva de par.<br \/>\nEste control hace que el comportamiento de conducci\u00f3n en la zona de transici\u00f3n a la presi\u00f3n de sobrealimentaci\u00f3n sea mucho m\u00e1s predecible, la transici\u00f3n ya no es brusca.<\/p>\n<p>Lo mejor es que puedes limitar f\u00e1cilmente la presi\u00f3n de sobrealimentaci\u00f3n seg\u00fan tus necesidades mediante un mando giratorio.<br \/>\nSupongamos que la presi\u00f3n de sobrealimentaci\u00f3n es de un m\u00e1ximo de 15 PSI. En el uso diario, puedes ajustarla a 5 PSI o incluso a 0 PSI, por ejemplo.<br \/>\nSi necesita m\u00e1s presi\u00f3n de sobrealimentaci\u00f3n, s\u00f3lo tiene que ajustar el regulador y dispondr\u00e1 de ella inmediatamente.<\/p>\n<p>El sistema Smoothboost permite una aceleraci\u00f3n y una conducci\u00f3n m\u00e1s controladas, ya que la v\u00e1lvula de derivaci\u00f3n se abre y se cierra suavemente en lugar de a tirones.<br \/>\nCuanto mayor sea la presi\u00f3n de sobrealimentaci\u00f3n de su configuraci\u00f3n, m\u00e1s se beneficiar\u00e1 de la mejora de la facilidad de conducci\u00f3n.<\/p>\n<p>&nbsp;<\/p>\n<p><strong>Adecuado para:<\/strong><\/p>\n<p>Compresores Whipple de 2,9 litros<\/p>\n<p>Puede ser necesario programar la unidad de control del motor en consecuencia.<\/p>\n<p>&nbsp;<\/p>\n<p><img decoding=\"async\" class=\"ep-gadget epgadget-externalvideo\" style=\"max-width: 100%; display: block; margin-bottom: 10px; width: 201px; height: 111px;\" title=\"Aplicaci\u00f3n\" src=\"data:image\/png;base64,iVBORw0KGgoAAAANSUhEUgAAAAEAAAABCAQAAAC1HAwCAAAAC0lEQVR4nGP6zwAAAgcBApocMXEAAAAASUVORK5CYII=\" alt=\"Aplicaci\u00f3n\" data-ep-gadget=\"{&quot;options&quot;:{&quot;width&quot;:560,&quot;height&quot;:315,&quot;provider&quot;:&quot;youtube&quot;,&quot;id&quot;:&quot;E7yZe808sso&quot;},&quot;alias&quot;:&quot;externalvideo&quot;,&quot;cartridge&quot;:&quot;externalcontent&quot;}\" \/><\/p>\n<p>&nbsp;<\/p>\n<p><img decoding=\"async\" class=\"ep-gadget epgadget-externalvideo\" style=\"max-width: 100%; display: block; margin-bottom: 10px; width: 201px; height: 111px;\" title=\"Aplicaci\u00f3n\" src=\"data:image\/png;base64,iVBORw0KGgoAAAANSUhEUgAAAAEAAAABCAQAAAC1HAwCAAAAC0lEQVR4nGP6zwAAAgcBApocMXEAAAAASUVORK5CYII=\" alt=\"Aplicaci\u00f3n\" data-ep-gadget=\"{&quot;options&quot;:{&quot;width&quot;:560,&quot;height&quot;:315,&quot;provider&quot;:&quot;youtube&quot;,&quot;id&quot;:&quot;3k0f2MPBKa4&quot;},&quot;alias&quot;:&quot;externalvideo&quot;,&quot;cartridge&quot;:&quot;externalcontent&quot;}\" \/><\/p>\n<p>&nbsp;<\/p>","protected":false},"excerpt":{"rendered":"<p>Control de presi\u00f3n de sobrealimentaci\u00f3n para sobrealimentadores Whipple de 2,9 litros<\/p>","protected":false},"featured_media":68275006,"comment_status":"open","ping_status":"closed","template":"","meta":{"_acf_changed":false},"product_brand":[20098],"product_cat":[2509,4979,2529,1794,2508,2528,1792,2511,5158,2551,1795,2553,2552,2510,2554,2555,2556,2557,1513],"product_tag":[377,52,383,191,54,53,189,48,381,49,384,56,50,242,36,382,379,380,55,2455,86,385,378,376],"class_list":{"0":"post-68252727","1":"product","2":"type-product","3":"status-publish","4":"has-post-thumbnail","6":"product_brand-smoothboost","7":"product_cat-300c-57-2005-2010-kompressor","8":"product_cat-300c-57-2011-2023-kompressor","9":"product_cat-300c-61-kompressor","10":"product_cat-300c-64-kompressor","11":"product_cat-challenger-57-kompressor","12":"product_cat-challenger-61-kompressor","13":"product_cat-challenger-64-kompressor","14":"product_cat-charger-57-kompressor","15":"product_cat-charger-57-2011-2023-kompressor","16":"product_cat-charger-61-kompressor","17":"product_cat-charger-64-kompressor","18":"product_cat-durango-57-kompressor","19":"product_cat-durango-64-kompressor","20":"product_cat-magnum-57-kompressor","21":"product_cat-magnum-61-kompressor","22":"product_cat-grand-cherokee-57-2011-2021-kompressor","23":"product_cat-grand-cherokee-61-kompressor","24":"product_cat-grand-cherokee-64-kompressor","25":"product_cat-1500-57-2009-2018-classic-kompressor","26":"product_tag-2-9","27":"product_tag-300c","28":"product_tag-begrenzen","29":"product_tag-camaro","30":"product_tag-challenger","31":"product_tag-charger","32":"product_tag-chevrolet","33":"product_tag-chrysler","34":"product_tag-dampfrad","35":"product_tag-dodge","36":"product_tag-einstellen","37":"product_tag-grand-cherokee","38":"product_tag-jeep","39":"product_tag-kompressor","40":"product_tag-kraftwerk","41":"product_tag-ladedruck","42":"product_tag-ladedruckregelung","43":"product_tag-ladedruckregler","44":"product_tag-magnum","45":"product_tag-mm5","46":"product_tag-ram","47":"product_tag-regeln","48":"product_tag-smoothboost","49":"product_tag-whipple","51":"first","52":"onbackorder","53":"taxable","54":"shipping-taxable","55":"purchasable","56":"product-type-simple"},"bundled_by":[],"bundle_stock_status":"onbackorder","bundle_stock_quantity":0,"bundle_virtual":false,"bundle_layout":"","bundle_add_to_cart_form_location":"","bundle_editable_in_cart":false,"bundle_sold_individually_context":"","bundle_item_grouping":"","bundle_min_size":"","bundle_max_size":"","bundle_price":[],"bundled_items":[],"bundle_sell_ids":[],"exclude_global_add_ons":[],"addons":[],"acf":[],"_links":{"self":[{"href":"https:\/\/kraftwerk-shop.cc\/es\/wp-json\/wp\/v2\/product\/68252727","targetHints":{"allow":["GET"]}}],"collection":[{"href":"https:\/\/kraftwerk-shop.cc\/es\/wp-json\/wp\/v2\/product"}],"about":[{"href":"https:\/\/kraftwerk-shop.cc\/es\/wp-json\/wp\/v2\/types\/product"}],"replies":[{"embeddable":true,"href":"https:\/\/kraftwerk-shop.cc\/es\/wp-json\/wp\/v2\/comments?post=68252727"}],"version-history":[{"count":0,"href":"https:\/\/kraftwerk-shop.cc\/es\/wp-json\/wp\/v2\/product\/68252727\/revisions"}],"wp:featuredmedia":[{"embeddable":true,"href":"https:\/\/kraftwerk-shop.cc\/es\/wp-json\/wp\/v2\/media\/68275006"}],"wp:attachment":[{"href":"https:\/\/kraftwerk-shop.cc\/es\/wp-json\/wp\/v2\/media?parent=68252727"}],"wp:term":[{"taxonomy":"product_brand","embeddable":true,"href":"https:\/\/kraftwerk-shop.cc\/es\/wp-json\/wp\/v2\/product_brand?post=68252727"},{"taxonomy":"product_cat","embeddable":true,"href":"https:\/\/kraftwerk-shop.cc\/es\/wp-json\/wp\/v2\/product_cat?post=68252727"},{"taxonomy":"product_tag","embeddable":true,"href":"https:\/\/kraftwerk-shop.cc\/es\/wp-json\/wp\/v2\/product_tag?post=68252727"}],"curies":[{"name":"wp","href":"https:\/\/api.w.org\/{rel}","templated":true}]}}