{"id":68252821,"date":"2021-09-17T12:54:08","date_gmt":"2021-09-17T12:54:08","guid":{"rendered":"https:\/\/kraftwerk-gruppe.de\/?post_type=product&#038;p=68252821"},"modified":"2026-02-15T01:12:59","modified_gmt":"2026-02-15T00:12:59","slug":"piston-forjado-61-srt8-4032","status":"publish","type":"product","link":"https:\/\/kraftwerk-shop.cc\/es\/produkt\/schmiedekolben-61-srt8-4032\/","title":{"rendered":"Pist\u00f3n forjado para 6.1 SRT8 (4032)"},"content":{"rendered":"<h1><strong>Pistones forjados para motores 6.1 SRT8 como sustituci\u00f3n directa de las piezas de serie<\/strong><\/h1>\n<p>&nbsp;<\/p>\n<ul>\n<li>Sustituci\u00f3n directa de los pistones de serie<\/li>\n<li>Aluminio forjado 4032<\/li>\n<li>para anillos de pist\u00f3n est\u00e1ndar<\/li>\n<li>para bielas est\u00e1ndar<\/li>\n<li>Ranura de almacenamiento en la segunda banda<\/li>\n<li>Camisas de pist\u00f3n recubiertas<\/li>\n<li>Segmentos de pist\u00f3n recubiertos<\/li>\n<li>Compresi\u00f3n como serie<\/li>\n<li>Cajeras de v\u00e1lvulas para \u00e1rboles de levas de hasta <span id=\"dnn_ctr306650_ContentPane\">.080 int y .050 exh<\/span><\/li>\n<\/ul>\n<p>&nbsp;<\/p>\n<p><strong>Adecuado para:<\/strong><\/p>\n<table width=\"437\">\n<tbody>\n<tr>\n<td width=\"83\"><strong>Marca<\/strong><\/td>\n<td width=\"122\"><strong>Modelo<\/strong><\/td>\n<td width=\"136\"><strong>Motor<\/strong><\/td>\n<td width=\"96\"><strong>A\u00f1o de construcci\u00f3n<\/strong><\/td>\n<\/tr>\n<tr>\n<td>Chrysler<\/td>\n<td>300C<\/td>\n<td>6.1<\/td>\n<td>2005-2010<\/td>\n<\/tr>\n<tr>\n<td>Dodge<\/td>\n<td>Challenger<\/td>\n<td>6.1<\/td>\n<td>2008-2010<\/td>\n<\/tr>\n<tr>\n<td>Dodge<\/td>\n<td>Charger<\/td>\n<td>6.1<\/td>\n<td>2005-2010<\/td>\n<\/tr>\n<tr>\n<td>Dodge<\/td>\n<td>Magnum<\/td>\n<td>6.1<\/td>\n<td>2006-2008<\/td>\n<\/tr>\n<tr>\n<td>Jeep<\/td>\n<td>Grand Cherokee<\/td>\n<td>6.1<\/td>\n<td>2006-2010<\/td>\n<\/tr>\n<\/tbody>\n<\/table>\n<p>&nbsp;<\/p>\n<p><strong>Volumen de suministro:<\/strong><\/p>\n<ul>\n<li>8 Pistones forjados<\/li>\n<li>Aros de pist\u00f3n<\/li>\n<\/ul>","protected":false},"excerpt":{"rendered":"<p>Schmiedekolben f\u00fcr 6.1 SRT8 Motoren als direkter Ersatz f\u00fcr die Serienteile &nbsp; direkter Ersatz f\u00fcr die Serienkolben geschmiedetes 4032 Aluminium<\/p>","protected":false},"featured_media":68278644,"comment_status":"open","ping_status":"closed","template":"","meta":{"_acf_changed":false},"product_brand":[],"product_cat":[6684,6689,6694,6698,6703],"product_tag":[52,92,54,53,48,536,49,3853,3854,56,50,4425,409,413,36,55,411,2455,412,414,407,164],"class_list":{"0":"post-68252821","1":"product","2":"type-product","3":"status-publish","4":"has-post-thumbnail","6":"product_cat-300c-61-kurbelwelle-kolben","7":"product_cat-challenger-61-kurbelwelle-kolben","8":"product_cat-charger-61-kurbelwelle-kolben","9":"product_cat-magnum-61-kurbelwelle-kolben","10":"product_cat-grand-cherokee-61-kurbelwelle-kolben","11":"product_tag-300c","12":"product_tag-6-1","13":"product_tag-challenger","14":"product_tag-charger","15":"product_tag-chrysler","16":"product_tag-chrysler-300c","17":"product_tag-dodge","18":"product_tag-dodge-challenger","19":"product_tag-dodge-charger","20":"product_tag-grand-cherokee","21":"product_tag-jeep","22":"product_tag-jeep-grand-cherokee","23":"product_tag-kolben","24":"product_tag-kolbenringe","25":"product_tag-kraftwerk","26":"product_tag-magnum","27":"product_tag-mahle","28":"product_tag-mm5","29":"product_tag-molnar","30":"product_tag-pleuelschrauben","31":"product_tag-schmiedekolben","32":"product_tag-srt8","33":"pa_kolbenmass-010-uebermass","34":"pa_kolbenmass-005-uebermass","35":"pa_kolbenmass-serienmab","37":"first","38":"onbackorder","39":"taxable","40":"shipping-taxable","41":"purchasable","42":"product-type-variable"},"bundled_by":[],"bundle_stock_status":"onbackorder","bundle_stock_quantity":0,"bundle_virtual":false,"bundle_layout":"","bundle_add_to_cart_form_location":"","bundle_editable_in_cart":false,"bundle_sold_individually_context":"","bundle_item_grouping":"","bundle_min_size":"","bundle_max_size":"","bundle_price":[],"bundled_items":[],"bundle_sell_ids":[],"exclude_global_add_ons":[],"addons":[],"acf":[],"_links":{"self":[{"href":"https:\/\/kraftwerk-shop.cc\/es\/wp-json\/wp\/v2\/product\/68252821","targetHints":{"allow":["GET"]}}],"collection":[{"href":"https:\/\/kraftwerk-shop.cc\/es\/wp-json\/wp\/v2\/product"}],"about":[{"href":"https:\/\/kraftwerk-shop.cc\/es\/wp-json\/wp\/v2\/types\/product"}],"replies":[{"embeddable":true,"href":"https:\/\/kraftwerk-shop.cc\/es\/wp-json\/wp\/v2\/comments?post=68252821"}],"version-history":[{"count":0,"href":"https:\/\/kraftwerk-shop.cc\/es\/wp-json\/wp\/v2\/product\/68252821\/revisions"}],"wp:featuredmedia":[{"embeddable":true,"href":"https:\/\/kraftwerk-shop.cc\/es\/wp-json\/wp\/v2\/media\/68278644"}],"wp:attachment":[{"href":"https:\/\/kraftwerk-shop.cc\/es\/wp-json\/wp\/v2\/media?parent=68252821"}],"wp:term":[{"taxonomy":"product_brand","embeddable":true,"href":"https:\/\/kraftwerk-shop.cc\/es\/wp-json\/wp\/v2\/product_brand?post=68252821"},{"taxonomy":"product_cat","embeddable":true,"href":"https:\/\/kraftwerk-shop.cc\/es\/wp-json\/wp\/v2\/product_cat?post=68252821"},{"taxonomy":"product_tag","embeddable":true,"href":"https:\/\/kraftwerk-shop.cc\/es\/wp-json\/wp\/v2\/product_tag?post=68252821"}],"curies":[{"name":"wp","href":"https:\/\/api.w.org\/{rel}","templated":true}]}}