{"id":68252952,"date":"2021-09-17T12:54:16","date_gmt":"2021-09-17T12:54:16","guid":{"rendered":"https:\/\/kraftwerk-gruppe.de\/?post_type=product&#038;p=68252952"},"modified":"2026-02-15T00:03:11","modified_gmt":"2026-02-14T23:03:11","slug":"kit-compresor-whipple-ram-5-7-2013-2018","status":"publish","type":"product","link":"https:\/\/kraftwerk-shop.cc\/es\/produkt\/whipple-kompressorkit-ram-5-7-2013-2018\/","title":{"rendered":"Kit compresor Whipple RAM 5.7"},"content":{"rendered":"<h1>El sistema de compresor m\u00e1s grande, eficiente y potente para el RAM 5.7 de 2013 a 2018<\/h1>\n<p>&nbsp;<\/p>\n<p>El sistema para el 5.7 RAM incluye el nuevo sobrealimentador de 2,9 litros de 4\u00aa generaci\u00f3n, un sistema de intercooler de alto flujo masivo, inyectores m\u00e1s grandes, un reforzador de la bomba de combustible MSD, un sensor MAP de 2 bares, conexiones plug-and-play, latiguillos premontados y todo lo necesario para el funcionamiento diario con una presi\u00f3n de sobrealimentaci\u00f3n de 0,45 bares*.<\/p>\n<p><span style=\"font-size: 14px;\">*Los modelos de 2015 y posteriores requieren un PCM activado. No incluido en el volumen de suministro.<br \/>\n*La presi\u00f3n de sobrealimentaci\u00f3n sirve de referencia, los resultados pueden variar.<\/span><\/p>\n<p><strong>Descripci\u00f3n de la<\/strong><\/p>\n<ul>\n<li>No se necesitan m\u00e1s actualizaciones<\/li>\n<li>Sobrealimentaci\u00f3n de doble tornillo Whipple W175ax (2,9 litros) de admisi\u00f3n frontal, que supera significativamente a los sistemas de la competencia en 1,9L y 2,3L.<\/li>\n<li>El compresor de entrada frontal utiliza engranajes helicoidales rectificados de precisi\u00f3n en lugar de una problem\u00e1tica correa o eje a trav\u00e9s de la entrada, lo que supondr\u00eda una enorme p\u00e9rdida de eficiencia.<\/li>\n<li>La abertura de entrada redonda integrada Crusher\u2122 de 102 mm supera a las aberturas de entrada m\u00e1s peque\u00f1as de 90 y 93 mm, como otros sistemas basados en Eaton.<\/li>\n<li>Entrada redonda integrada Crusher\u2122 de 102 mm para un cuerpo de mariposa m\u00e1s grande opcional.<\/li>\n<li>El dise\u00f1o permite un n\u00facleo de intercooler sobredimensionado en comparaci\u00f3n con otros sistemas m\u00e1s peque\u00f1os, lo que permite a Whipple alcanzar temperaturas de aire de carga m\u00e1s bajas.<\/li>\n<li>El enorme intercooler de aluminio aire-agua proporciona m\u00e1s refrigeraci\u00f3n que cualquier otro sistema disponible<\/li>\n<li>Un enorme dep\u00f3sito de aluminio para el refrigerante del sistema de refrigeraci\u00f3n del aire de sobrealimentaci\u00f3n tiene m\u00e1s del doble de volumen que cualquier otro competidor. M\u00e1s agua, mejor refrigeraci\u00f3n, m\u00e1s potencia<\/li>\n<li>Sistema de aceite autosuficiente y sobredimensionado para reducir significativamente la temperatura del aceite incluso en las condiciones m\u00e1s dif\u00edciles.<\/li>\n<li>Combinaci\u00f3n exclusiva de rotores 3\u00d75 para un aumento significativo del caudal de aire bajo la curva en comparaci\u00f3n con combinaciones de rotores 4\u00d76 menos eficientes.<\/li>\n<li>La entrada permite reducir las p\u00e9rdidas por inducci\u00f3n en comparaci\u00f3n con los sistemas de entrada trasera con curvas de 180\u00b0.<\/li>\n<li>Orificio de escape central para una mejor distribuci\u00f3n cilindro a cilindro que otros sistemas con adaptadores de pernos improvisados y escape orientado hacia delante<\/li>\n<li>El dise\u00f1o de la descarga permite una menor p\u00e9rdida de presi\u00f3n, lo que se traduce en m\u00e1s potencia a niveles de presi\u00f3n de sobrealimentaci\u00f3n m\u00e1s bajos.<\/li>\n<li>El dise\u00f1o de montaje superior permite un funcionamiento m\u00e1s fr\u00edo<\/li>\n<li>M\u00e1s par al \"arrancar\" que cualquier sistema de compresor comparable<\/li>\n<li>Curva de par plana para una aceleraci\u00f3n incre\u00edble<\/li>\n<li>Intercambiador de calor sobredimensionado para bajas temperaturas del agua en la zona del enfriador del aire de sobrealimentaci\u00f3n<\/li>\n<li>No es necesario modificar el funcionamiento interno del motor<\/li>\n<li>Los kits de compresor se suministran completos con todas las piezas y accesorios necesarios para su instalaci\u00f3n.<\/li>\n<li>Mirilla \u00fanica para controlar f\u00e1cilmente el nivel de aceite y la calidad<\/li>\n<li>Cableado plug-and-play con conexiones de enchufe y clavija<\/li>\n<li>Sistema opcional de filtro de aire de alto caudal con un filtro de alto caudal<\/li>\n<li>Incluye boquillas de inyecci\u00f3n de combustible de gran caudal<\/li>\n<li>Sistema de correas de 6 nervaduras de eficacia probada con sistema de desviaci\u00f3n ajustable para facilitar el cambio de correas y diversas configuraciones de poleas.<\/li>\n<li>Eje de transmisi\u00f3n de acero inoxidable con cubierta de pl\u00e1stico (opcionalmente tambi\u00e9n de fibra de carbono) para mayor seguridad<\/li>\n<li>Racores r\u00e1pidos OEM para facilitar la instalaci\u00f3n, sin feos racores de lat\u00f3n o acero en el compresor<\/li>\n<li>El color est\u00e1ndar es el negro, otros colores disponibles bajo pedido<\/li>\n<li>F\u00e1cilmente ampliable con filtros de aire grandes y v\u00e1lvulas de mariposa m\u00e1s grandes<\/li>\n<li>Las poleas se cambian en pocos minutos<\/li>\n<li>Herramienta flash con la que se puede programar la unidad de control del motor y leer y borrar los datos de los sensores y los c\u00f3digos de error.<\/li>\n<\/ul>\n<p>&nbsp;<\/p>\n<p><strong>Adecuado para:<\/strong><\/p>\n<table width=\"437\">\n<tbody>\n<tr>\n<td width=\"83\"><strong>Marca<\/strong><\/td>\n<td width=\"122\"><strong>Modelo<\/strong><\/td>\n<td width=\"136\"><strong>Motor<\/strong><\/td>\n<td width=\"96\"><strong>A\u00f1o de construcci\u00f3n<\/strong><\/td>\n<\/tr>\n<tr>\n<td>RAM<\/td>\n<td>1500<\/td>\n<td>5.7<\/td>\n<td>2013-2018<\/td>\n<\/tr>\n<\/tbody>\n<\/table>\n<p>&nbsp;<\/p>\n<p>&nbsp;<\/p>\n<p><strong>Acerca de Whipple<\/strong><\/p>\n<p>Whipple Superchargers\u2122 ha sido pionero y precursor de los compresores de doble tornillo desde 1987.<br \/>\nCon m\u00e1s de 30 a\u00f1os de experiencia en estos sobrealimentadores, el equipo Whipple ha desarrollado los sistemas de sobrealimentaci\u00f3n de doble tornillo refrigerados por aire de carga m\u00e1s potentes disponibles en la actualidad para los motores V8 Chrysler \/ Dodge \/ Jeep.<br \/>\nTanto el sistema de nivel 1 como el de nivel 2 est\u00e1n equipados con la \u00faltima tecnolog\u00eda y le ofrecen la posibilidad de seleccionar el nivel de salida deseado.<br \/>\nEl nuevo sistema Whipple ofrece m\u00e1s potencia que cualquier otro sistema compresor del mercado.<br \/>\nEs completo hasta 100% y fue desarrollado para motores de serie, pero tiene suficientes reservas para lograr resultados a\u00fan mejores con motores muy modificados.<\/p>\n<p>&nbsp;<\/p>\n<p>&nbsp;<\/p>\n<p>&nbsp;<\/p>","protected":false},"excerpt":{"rendered":"<p>2013-2018<\/p>","protected":false},"featured_media":68276002,"comment_status":"open","ping_status":"closed","template":"","meta":{"_acf_changed":false},"product_brand":[19061],"product_cat":[3024,1513],"product_tag":[91,49,3854,126,20273,242,244,243,36,86,246,233,245,376,6811],"class_list":{"0":"post-68252952","1":"product","2":"type-product","3":"status-publish","4":"has-post-thumbnail","6":"product_brand-whipple","7":"product_cat-nicht-nach-eu","8":"product_cat-1500-57-2009-2018-classic-kompressor","9":"product_tag-5-7","10":"product_tag-dodge","11":"product_tag-dodge-charger","12":"product_tag-hemi","13":"product_tag-keintuev","14":"product_tag-kompressor","15":"product_tag-kompressorkit","16":"product_tag-kompressorumbau","17":"product_tag-kraftwerk","18":"product_tag-ram","19":"product_tag-supercharger","20":"product_tag-tuning","21":"product_tag-umbaukit","22":"product_tag-whipple","23":"product_tag-whipple5","24":"product_shipping_class-spedition-1","26":"first","27":"outofstock","28":"taxable","29":"shipping-taxable","30":"purchasable","31":"product-type-simple"},"bundled_by":[],"bundle_stock_status":"outofstock","bundle_stock_quantity":0,"bundle_virtual":false,"bundle_layout":"","bundle_add_to_cart_form_location":"","bundle_editable_in_cart":false,"bundle_sold_individually_context":"","bundle_item_grouping":"","bundle_min_size":"","bundle_max_size":"","bundle_price":[],"bundled_items":[],"bundle_sell_ids":[],"exclude_global_add_ons":[],"addons":[],"acf":[],"_links":{"self":[{"href":"https:\/\/kraftwerk-shop.cc\/es\/wp-json\/wp\/v2\/product\/68252952","targetHints":{"allow":["GET"]}}],"collection":[{"href":"https:\/\/kraftwerk-shop.cc\/es\/wp-json\/wp\/v2\/product"}],"about":[{"href":"https:\/\/kraftwerk-shop.cc\/es\/wp-json\/wp\/v2\/types\/product"}],"replies":[{"embeddable":true,"href":"https:\/\/kraftwerk-shop.cc\/es\/wp-json\/wp\/v2\/comments?post=68252952"}],"version-history":[{"count":0,"href":"https:\/\/kraftwerk-shop.cc\/es\/wp-json\/wp\/v2\/product\/68252952\/revisions"}],"wp:featuredmedia":[{"embeddable":true,"href":"https:\/\/kraftwerk-shop.cc\/es\/wp-json\/wp\/v2\/media\/68276002"}],"wp:attachment":[{"href":"https:\/\/kraftwerk-shop.cc\/es\/wp-json\/wp\/v2\/media?parent=68252952"}],"wp:term":[{"taxonomy":"product_brand","embeddable":true,"href":"https:\/\/kraftwerk-shop.cc\/es\/wp-json\/wp\/v2\/product_brand?post=68252952"},{"taxonomy":"product_cat","embeddable":true,"href":"https:\/\/kraftwerk-shop.cc\/es\/wp-json\/wp\/v2\/product_cat?post=68252952"},{"taxonomy":"product_tag","embeddable":true,"href":"https:\/\/kraftwerk-shop.cc\/es\/wp-json\/wp\/v2\/product_tag?post=68252952"}],"curies":[{"name":"wp","href":"https:\/\/api.w.org\/{rel}","templated":true}]}}