{"id":68252963,"date":"2021-09-17T12:54:16","date_gmt":"2021-09-17T12:54:16","guid":{"rendered":"https:\/\/kraftwerk-gruppe.de\/?post_type=product&#038;p=68252963"},"modified":"2026-02-15T01:00:15","modified_gmt":"2026-02-15T00:00:15","slug":"kit-compresor-kraftwerks-camaro-ls3","status":"publish","type":"product","link":"https:\/\/kraftwerk-shop.cc\/es\/produkt\/kraftwerks-camaro-ls3-kompressorkit\/","title":{"rendered":"Kraftwerks Camaro Kit compresor LS3"},"content":{"rendered":"<h1>Sistema de compresor Kraftwerks completo para el Chevrolet Camaro LS3 de 2010 a 2015<\/h1>\n<p>&nbsp;<\/p>\n<p><strong>El kit consta de:<\/strong><\/p>\n<ul>\n<li>Compresor centr\u00edfugo Rotrex C38-91 con lubricaci\u00f3n por aceite independiente del motor<\/li>\n<li>Inyectores de combustible Grams Performance 550cc\/52lbs<\/li>\n<li>Intercooler (entrada y salida de 3 pulgadas - dimensiones 600 x300 x 100 mm )<\/li>\n<li>Filtro de aire<\/li>\n<li>Tubos de aluminio<\/li>\n<li>Refrigerador de aceite para el compresor<\/li>\n<li>Filtro de aceite para el compresor<\/li>\n<li>V\u00e1lvula de derivaci\u00f3n<\/li>\n<li>Soportes fresados CNC<\/li>\n<li>Rodillos tensores<\/li>\n<li>Polea ATI Super Damper (finamente equilibrada)<\/li>\n<li>Cintur\u00f3n dentado<\/li>\n<li>Tensor de correa (ajustable)<\/li>\n<li>Mangueras de silicona<\/li>\n<li>Abrazaderas de manguera<\/li>\n<li>Buj\u00edas de encendido<\/li>\n<\/ul>\n<p>A diferencia de otros sistemas que utilizan una correa trapezoidal normal, la correa dentada evita que la correa patine bajo cargas elevadas.<\/p>\n<p>Como el sobrealimentador no est\u00e1 montado en el motor, sino junto a \u00e9l, las temperaturas del aire de admisi\u00f3n son significativamente m\u00e1s bajas que en los sistemas montados en el motor. Esto significa que se puede esperar un mayor aumento del rendimiento con una presi\u00f3n de sobrealimentaci\u00f3n id\u00e9ntica.<\/p>\n<p>La presi\u00f3n de sobrealimentaci\u00f3n en la versi\u00f3n est\u00e1ndar es de aproximadamente 0,48 bar (7 PSI).<br \/>\nCon la polea dentada High Boost de 75 mm, la presi\u00f3n de sobrealimentaci\u00f3n puede aumentarse en 2 PSI (opci\u00f3n High Boost).<br \/>\nEn este caso, se requieren boquillas de inyecci\u00f3n m\u00e1s grandes (750cc o 1000cc) y tambi\u00e9n recomendamos una bomba de gasolina m\u00e1s potente.<br \/>\nNo est\u00e1 incluido en el volumen de suministro.<\/p>","protected":false},"excerpt":{"rendered":"<p>2010-2015<\/p>","protected":false},"featured_media":68278596,"comment_status":"open","ping_status":"closed","template":"","meta":{"_acf_changed":false},"product_brand":[19068],"product_cat":[1534,3024],"product_tag":[191,189,429,427,428,222,242,243,426,421,425,393,193,422,246,424,233,423],"class_list":{"0":"post-68252963","1":"product","2":"type-product","3":"status-publish","4":"has-post-thumbnail","6":"product_brand-kraftwerk","7":"product_cat-camaro-62-2010-2015-kompressor","8":"product_cat-nicht-nach-eu","9":"product_tag-camaro","10":"product_tag-chevrolet","11":"product_tag-deutschland","12":"product_tag-diablosport","13":"product_tag-intune","14":"product_tag-kit","15":"product_tag-kompressor","16":"product_tag-kompressorumbau","17":"product_tag-kompressorupgrade","18":"product_tag-kraftwerks","19":"product_tag-ladeluftkuehler","20":"product_tag-leistungssteigerung","21":"product_tag-ls3","22":"product_tag-rotrex","23":"product_tag-supercharger","24":"product_tag-system","25":"product_tag-tuning","26":"product_tag-zentrifugal","27":"product_shipping_class-spedition-1","28":"pa_einspritzduesen-1000-cc","29":"pa_einspritzduesen-550-cc","30":"pa_einspritzduesen-750-cc","31":"pa_programmer-mit-intune","32":"pa_programmer-ohne-intune","33":"pa_pulley-high-boost-9-psi","34":"pa_pulley-standard-7-psi","36":"first","37":"onbackorder","38":"taxable","39":"shipping-taxable","40":"purchasable","41":"product-type-variable"},"bundled_by":[],"bundle_stock_status":"onbackorder","bundle_stock_quantity":0,"bundle_virtual":false,"bundle_layout":"","bundle_add_to_cart_form_location":"","bundle_editable_in_cart":false,"bundle_sold_individually_context":"","bundle_item_grouping":"","bundle_min_size":"","bundle_max_size":"","bundle_price":[],"bundled_items":[],"bundle_sell_ids":[],"exclude_global_add_ons":[],"addons":[],"acf":[],"_links":{"self":[{"href":"https:\/\/kraftwerk-shop.cc\/es\/wp-json\/wp\/v2\/product\/68252963","targetHints":{"allow":["GET"]}}],"collection":[{"href":"https:\/\/kraftwerk-shop.cc\/es\/wp-json\/wp\/v2\/product"}],"about":[{"href":"https:\/\/kraftwerk-shop.cc\/es\/wp-json\/wp\/v2\/types\/product"}],"replies":[{"embeddable":true,"href":"https:\/\/kraftwerk-shop.cc\/es\/wp-json\/wp\/v2\/comments?post=68252963"}],"version-history":[{"count":0,"href":"https:\/\/kraftwerk-shop.cc\/es\/wp-json\/wp\/v2\/product\/68252963\/revisions"}],"wp:featuredmedia":[{"embeddable":true,"href":"https:\/\/kraftwerk-shop.cc\/es\/wp-json\/wp\/v2\/media\/68278596"}],"wp:attachment":[{"href":"https:\/\/kraftwerk-shop.cc\/es\/wp-json\/wp\/v2\/media?parent=68252963"}],"wp:term":[{"taxonomy":"product_brand","embeddable":true,"href":"https:\/\/kraftwerk-shop.cc\/es\/wp-json\/wp\/v2\/product_brand?post=68252963"},{"taxonomy":"product_cat","embeddable":true,"href":"https:\/\/kraftwerk-shop.cc\/es\/wp-json\/wp\/v2\/product_cat?post=68252963"},{"taxonomy":"product_tag","embeddable":true,"href":"https:\/\/kraftwerk-shop.cc\/es\/wp-json\/wp\/v2\/product_tag?post=68252963"}],"curies":[{"name":"wp","href":"https:\/\/api.w.org\/{rel}","templated":true}]}}