{"id":68253015,"date":"2021-09-17T12:54:20","date_gmt":"2021-09-17T12:54:20","guid":{"rendered":"https:\/\/kraftwerk-gruppe.de\/?post_type=product&#038;p=68253015"},"modified":"2026-03-06T13:18:05","modified_gmt":"2026-03-06T12:18:05","slug":"modulo-de-bloqueo-de-linea-burnbox-hellcat","status":"publish","type":"product","link":"https:\/\/kraftwerk-shop.cc\/es\/produkt\/burnbox-hellcat-line-lock-modul\/","title":{"rendered":"BurnBox Dodge Hellcat (m\u00f3dulo de bloqueo de l\u00ednea electr\u00f3nico)"},"content":{"rendered":"<h1>BurnBox Dodge Hellcat: la soluci\u00f3n ideal para quemados sencillos<\/h1>\n<p>&nbsp;<\/p>\n<p>A diferencia de los kits de bloqueo mec\u00e1nico del conducto, no es necesario modificar el sistema de frenado.<br \/>\nLa caja de combusti\u00f3n se enchufa simplemente en la conexi\u00f3n de diagn\u00f3stico (conexi\u00f3n OBD).<br \/>\nAl pulsar el interruptor del control de crucero, las ruedas delanteras quedan bloqueadas por el freno hasta que se suelta el interruptor.<\/p>\n<p>A diferencia del burnout \"normal\", los frenos traseros no son accionados por el bloqueo de l\u00ednea.<br \/>\nLa combusti\u00f3n se simplifica considerablemente y es m\u00e1s f\u00e1cil de controlar, especialmente en veh\u00edculos con caja de cambios manual.<\/p>\n<p>El dispositivo tambi\u00e9n ofrece una funci\u00f3n de espect\u00e1culo de luces en la que parpadean los intermitentes, los faros, las luces antiniebla, las luces de freno y las luces traseras.<br \/>\nEsta funci\u00f3n s\u00f3lo est\u00e1 prevista para fines de espect\u00e1culo y s\u00f3lo funciona cuando el veh\u00edculo est\u00e1 parado. No puede activarse durante la conducci\u00f3n.<\/p>\n<p>El Hellcat tambi\u00e9n tiene una funci\u00f3n de \"enfriamiento\". Esto permite que tanto los ventiladores del radiador como la bomba de refrigeraci\u00f3n del aire de sobrealimentaci\u00f3n se activen cuando el motor est\u00e1 apagado para mantener bajas las temperaturas de admisi\u00f3n en 1\/4 de milla.<\/p>\n<p>El dispositivo se puede actualizar con el software disponible para su descarga a trav\u00e9s del puerto USB.<\/p>\n<p>&nbsp;<\/p>\n<p><strong>El BurnBox es apto para los siguientes veh\u00edculos:<\/strong><\/p>\n<table width=\"539\">\n<tbody>\n<tr>\n<td width=\"158\">Dodge<\/td>\n<td width=\"117\">Charger<\/td>\n<td width=\"146\">6.2 Hellcat<\/td>\n<td width=\"118\">2015-2023<\/td>\n<\/tr>\n<tr>\n<td width=\"158\">Dodge<\/td>\n<td width=\"117\">Challenger<\/td>\n<td width=\"146\">6.2 Hellcat<\/td>\n<td width=\"118\">2015-2023<\/td>\n<\/tr>\n<\/tbody>\n<\/table>\n<p>* Modelo 2018 y posteriores s\u00f3lo en combinaci\u00f3n con <a href=\"https:\/\/kraftwerk-shop.cc\/es\/producto\/cable-de-doble-derivacion\/\">Cable de doble derivaci\u00f3n<\/a><\/p>\n<p>&nbsp;<\/p>\n<p><strong>Volumen de suministro:<\/strong><\/p>\n<ul>\n<li>Burnbox Hellcat<\/li>\n<li>Instrucciones de uso en alem\u00e1n<\/li>\n<\/ul>\n<p>&nbsp;<\/p>\n<p>F\u00edjese bien en el modelo y el a\u00f1o de fabricaci\u00f3n.<br \/>\nSi su veh\u00edculo no figura en la lista, consulte tambi\u00e9n <a href=\"https:\/\/kraftwerk-shop.cc\/es\/producto\/burnout-box-gen-1-elektronisches-line-lock-modul\/\" data-link-type=\"external\" data-type=\"linkpicker\">BurnBox Gen 1<\/a> y <a href=\"https:\/\/kraftwerk-shop.cc\/es\/producto\/burnout-box-gen-2-elektronisches-line-lock-modul\/\" data-link-type=\"external\" data-type=\"linkpicker\">BurnBox Gen 2<\/a> a.<\/p>\n<h3>Somos un distribuidor autorizado de Z-Automotive.<\/h3>","protected":false},"excerpt":{"rendered":"<p>Caja de bloqueo de l\u00ednea electr\u00f3nica para quemados perfectos<\/p>","protected":false},"featured_media":68278580,"comment_status":"open","ping_status":"closed","template":"","meta":{"_acf_changed":false},"product_brand":[17480],"product_cat":[1697,1632],"product_tag":[432,2996,431,54,53,429,439,49,3853,3854,437,100,441,222,434,433,435,436,438,470,440],"class_list":{"0":"post-68253015","1":"product","2":"type-product","3":"status-publish","4":"has-post-thumbnail","6":"product_brand-z-automotive","7":"product_cat-challenger-hellcat-programmiergeraete","8":"product_cat-charger-hellcat-programmiergeraete","9":"product_tag-box","10":"product_tag-burnbox","11":"product_tag-burnout","12":"product_tag-challenger","13":"product_tag-charger","14":"product_tag-deutschland","15":"product_tag-diagnosestecker","16":"product_tag-dodge","17":"product_tag-dodge-challenger","18":"product_tag-dodge-charger","19":"product_tag-elektronisch","20":"product_tag-hellcat","21":"product_tag-kaufen","22":"product_tag-kit","23":"product_tag-line","24":"product_tag-linelock","25":"product_tag-lock","26":"product_tag-module","27":"product_tag-obd","28":"product_tag-z-auto","29":"product_tag-zautotech","30":"product_shipping_class-deutschlandohne","32":"first","33":"outofstock","34":"taxable","35":"shipping-taxable","36":"purchasable","37":"product-type-simple"},"bundled_by":[],"bundle_stock_status":"outofstock","bundle_stock_quantity":0,"bundle_virtual":false,"bundle_layout":"","bundle_add_to_cart_form_location":"","bundle_editable_in_cart":false,"bundle_sold_individually_context":"","bundle_item_grouping":"","bundle_min_size":"","bundle_max_size":"","bundle_price":[],"bundled_items":[],"bundle_sell_ids":[],"exclude_global_add_ons":[],"addons":[],"acf":[],"_links":{"self":[{"href":"https:\/\/kraftwerk-shop.cc\/es\/wp-json\/wp\/v2\/product\/68253015","targetHints":{"allow":["GET"]}}],"collection":[{"href":"https:\/\/kraftwerk-shop.cc\/es\/wp-json\/wp\/v2\/product"}],"about":[{"href":"https:\/\/kraftwerk-shop.cc\/es\/wp-json\/wp\/v2\/types\/product"}],"replies":[{"embeddable":true,"href":"https:\/\/kraftwerk-shop.cc\/es\/wp-json\/wp\/v2\/comments?post=68253015"}],"version-history":[{"count":0,"href":"https:\/\/kraftwerk-shop.cc\/es\/wp-json\/wp\/v2\/product\/68253015\/revisions"}],"wp:featuredmedia":[{"embeddable":true,"href":"https:\/\/kraftwerk-shop.cc\/es\/wp-json\/wp\/v2\/media\/68278580"}],"wp:attachment":[{"href":"https:\/\/kraftwerk-shop.cc\/es\/wp-json\/wp\/v2\/media?parent=68253015"}],"wp:term":[{"taxonomy":"product_brand","embeddable":true,"href":"https:\/\/kraftwerk-shop.cc\/es\/wp-json\/wp\/v2\/product_brand?post=68253015"},{"taxonomy":"product_cat","embeddable":true,"href":"https:\/\/kraftwerk-shop.cc\/es\/wp-json\/wp\/v2\/product_cat?post=68253015"},{"taxonomy":"product_tag","embeddable":true,"href":"https:\/\/kraftwerk-shop.cc\/es\/wp-json\/wp\/v2\/product_tag?post=68253015"}],"curies":[{"name":"wp","href":"https:\/\/api.w.org\/{rel}","templated":true}]}}