{"id":68253020,"date":"2021-09-17T12:54:20","date_gmt":"2021-09-17T12:54:20","guid":{"rendered":"https:\/\/kraftwerk-gruppe.de\/?post_type=product&#038;p=68253020"},"modified":"2026-04-17T11:39:30","modified_gmt":"2026-04-17T09:39:30","slug":"cable-de-doble-derivacion","status":"publish","type":"product","link":"https:\/\/kraftwerk-shop.cc\/es\/produkt\/double-bypass-kabel\/","title":{"rendered":"Cable de doble derivaci\u00f3n"},"content":{"rendered":"<h1>Cable de derivaci\u00f3n Chrysler 300C, Dodge Challenger y Charger<\/h1>\n<p>&nbsp;<\/p>\n<p><strong>Cable adicional para Tazer y BurnBox en modelos a partir del a\u00f1o 2018<\/strong><\/p>\n<p>Los veh\u00edculos Chrysler, Dodge y Jeep a partir del a\u00f1o modelo 2018 cuentan con una nueva funci\u00f3n de seguridad que impide que el puerto OBD se utilice para dispositivos accesorios.<\/p>\n<p>Este cable se utiliza para instalar una conexi\u00f3n OBD adicional en el maletero, que evita el m\u00f3dulo Security Gateway.<br \/>\nEsto significa que el Tazer, BurnBox y otros dispositivos OBD pueden funcionar de nuevo en esta conexi\u00f3n.<\/p>\n<p>Instalaci\u00f3n sencilla, sin soldaduras, etc.<\/p>\n<p>El cable tambi\u00e9n funciona en el Charger 2011 - 2017 y Challenger 2015 - 2017 si quieres un puerto OBD adicional en el maletero para dejar el BurnBox o Tazer permanentemente instalado sin ocupar el puerto OBD original.<\/p>\n<p>&nbsp;<\/p>\n<p><strong>Adecuado para:<\/strong><\/p>\n<table width=\"354\">\n<tbody>\n<tr>\n<td width=\"97\">Chrysler<\/td>\n<td width=\"141\">300<\/td>\n<td width=\"116\">2011-2023<\/td>\n<\/tr>\n<tr>\n<td width=\"97\">Dodge<\/td>\n<td width=\"141\">Challenger<\/td>\n<td width=\"116\">2015-2023<\/td>\n<\/tr>\n<tr>\n<td width=\"97\">Dodge<\/td>\n<td width=\"141\">Charger<\/td>\n<td width=\"116\">2011-2023<\/td>\n<\/tr>\n<\/tbody>\n<\/table>\n<p><strong><br \/>\nVolumen de suministro:<\/strong><\/p>\n<ul>\n<li>Cable de derivaci\u00f3n<\/li>\n<li>Instrucciones de instalaci\u00f3n en alem\u00e1n<\/li>\n<\/ul>\n<p><strong><br \/>\nAtenci\u00f3n:<\/strong> Hasta ahora s\u00f3lo hay instrucciones de instalaci\u00f3n para 300C, Charger y Challenger. Esto significa que no hay informaci\u00f3n sobre la instalaci\u00f3n para otros veh\u00edculos.<\/p>\n<p>&nbsp;<\/p>","protected":false},"excerpt":{"rendered":"<p>Cable de derivaci\u00f3n Chrysler 300C, Dodge Challenger y Charger Cable adicional para Tazer y BurnBox en modelos a partir del a\u00f1o de modelo 2018 Chrysler,<\/p>","protected":false},"featured_media":68306905,"comment_status":"open","ping_status":"closed","template":"","meta":{"_acf_changed":false},"product_brand":[17480],"product_cat":[1568,4984,1592,1673,1681,1697,1705,1608,5162,1632,1640],"product_tag":[252,419,420,2066,2373,455,456,460,452,431,54,53,536,462,429,49,3853,3854,466,95,461,447,115,454,56,453,441,36,450,451,457,445,467,449,448,444,459,446,469,468,463,443,442,464,470,2991,440,458],"class_list":{"0":"post-68253020","1":"product","2":"type-product","3":"status-publish","4":"has-post-thumbnail","6":"product_brand-z-automotive","7":"product_cat-300c-36-programmiergeraete","8":"product_cat-300c-57-2011-2023-programmiergeraete","9":"product_cat-300c-64-programmiergeraete","10":"product_cat-challenger-36-programmiergeraete","11":"product_cat-challenger-57-programmiergeraete","12":"product_cat-challenger-hellcat-programmiergeraete","13":"product_cat-challenger-64-programmiergeraete","14":"product_cat-charger-36-programmiergeraete","15":"product_cat-charger-57-2011-2023-programmiergeraete","16":"product_cat-charger-hellcat-programmiergeraete","17":"product_cat-charger-64-programmiergeraete","18":"product_tag-252","19":"product_tag-419","20":"product_tag-420","21":"product_tag-2066","22":"product_tag-2373","23":"product_tag-adaption","24":"product_tag-adaptionswerte","25":"product_tag-aktivieren","26":"product_tag-allrad","27":"product_tag-burnout","28":"product_tag-challenger","29":"product_tag-charger","30":"product_tag-chrysler-300c","31":"product_tag-codieren","32":"product_tag-deutschland","33":"product_tag-dodge","34":"product_tag-dodge-challenger","35":"product_tag-dodge-charger","36":"product_tag-double-bypass","37":"product_tag-durango","38":"product_tag-einschalten","39":"product_tag-evic","40":"product_tag-getriebe","41":"product_tag-getriebesteuerung","42":"product_tag-grand-cherokee","43":"product_tag-heckantrieb","44":"product_tag-kaufen","45":"product_tag-kraftwerk","46":"product_tag-lenkradschaltung","47":"product_tag-line-lock","48":"product_tag-loeschen","49":"product_tag-nebelleuchten","50":"product_tag-obd-anschluss","51":"product_tag-paddle-shifter","52":"product_tag-paddles","53":"product_tag-performance-pages","54":"product_tag-programmieren","55":"product_tag-rueckfahrkamera","56":"product_tag-security-gateway","57":"product_tag-sgw","58":"product_tag-shop","59":"product_tag-sport-modus","60":"product_tag-tazer","61":"product_tag-webshop","62":"product_tag-z-auto","63":"product_tag-zauto","64":"product_tag-zautotech","65":"product_tag-zuruecksetzen","67":"first","68":"instock","69":"taxable","70":"shipping-taxable","71":"purchasable","72":"product-type-simple"},"bundled_by":[],"bundle_stock_status":"instock","bundle_stock_quantity":6,"bundle_virtual":false,"bundle_layout":"","bundle_add_to_cart_form_location":"","bundle_editable_in_cart":false,"bundle_sold_individually_context":"","bundle_item_grouping":"","bundle_min_size":"","bundle_max_size":"","bundle_price":[],"bundled_items":[],"bundle_sell_ids":[],"exclude_global_add_ons":[],"addons":[],"acf":[],"_links":{"self":[{"href":"https:\/\/kraftwerk-shop.cc\/es\/wp-json\/wp\/v2\/product\/68253020","targetHints":{"allow":["GET"]}}],"collection":[{"href":"https:\/\/kraftwerk-shop.cc\/es\/wp-json\/wp\/v2\/product"}],"about":[{"href":"https:\/\/kraftwerk-shop.cc\/es\/wp-json\/wp\/v2\/types\/product"}],"replies":[{"embeddable":true,"href":"https:\/\/kraftwerk-shop.cc\/es\/wp-json\/wp\/v2\/comments?post=68253020"}],"version-history":[{"count":0,"href":"https:\/\/kraftwerk-shop.cc\/es\/wp-json\/wp\/v2\/product\/68253020\/revisions"}],"wp:featuredmedia":[{"embeddable":true,"href":"https:\/\/kraftwerk-shop.cc\/es\/wp-json\/wp\/v2\/media\/68306905"}],"wp:attachment":[{"href":"https:\/\/kraftwerk-shop.cc\/es\/wp-json\/wp\/v2\/media?parent=68253020"}],"wp:term":[{"taxonomy":"product_brand","embeddable":true,"href":"https:\/\/kraftwerk-shop.cc\/es\/wp-json\/wp\/v2\/product_brand?post=68253020"},{"taxonomy":"product_cat","embeddable":true,"href":"https:\/\/kraftwerk-shop.cc\/es\/wp-json\/wp\/v2\/product_cat?post=68253020"},{"taxonomy":"product_tag","embeddable":true,"href":"https:\/\/kraftwerk-shop.cc\/es\/wp-json\/wp\/v2\/product_tag?post=68253020"}],"curies":[{"name":"wp","href":"https:\/\/api.w.org\/{rel}","templated":true}]}}