{"id":68253026,"date":"2021-09-17T12:54:44","date_gmt":"2021-09-17T12:54:44","guid":{"rendered":"https:\/\/kraftwerk-gruppe.de\/?post_type=product&#038;p=68253026"},"modified":"2026-04-04T00:35:43","modified_gmt":"2026-04-03T22:35:43","slug":"tazer-ram-ds","status":"publish","type":"product","link":"https:\/\/kraftwerk-shop.cc\/es\/produkt\/tazer-ram-ds\/","title":{"rendered":"Dispositivo de programaci\u00f3n Tazer RAM"},"content":{"rendered":"<h1>Dispositivo de programaci\u00f3n Tazer para RAM 5.7 de 2013 a 2018 y Classic de 2019 a 2021<\/h1>\n<p>&nbsp;<\/p>\n<p>Funciona con todas las variantes de motor, incluido el di\u00e9sel.<br \/>\nEl veh\u00edculo debe tener un veloc\u00edmetro con una pantalla m\u00e1s grande, en la que, por ejemplo, se puedan mostrar las emisoras de radio o con una pantalla en color.<\/p>\n<p>Para el nuevo RAM DT a partir del modelo 2019, el <a href=\"https:\/\/kraftwerk-shop.cc\/es\/producto\/tazer-dt-unlocker-line-lock-kit-elektronisches-line-lock-modul-fur-ram-2019-2020\/\">Tazer DT.<\/a><br \/>\nInstalaci\u00f3n sencilla y enchufable.<\/p>\n<p>Existen dos tipos de funciones: las que se guardan de forma permanente tras la programaci\u00f3n y las funciones \"en vivo\".<\/p>\n<p>Se puede acceder a todas estas funciones a trav\u00e9s del cuadro de instrumentos, utilizando los botones del volante para navegar por los men\u00fas.<\/p>\n<p>Tan pronto como el Tazer est\u00e1 \"casado\" con el Ram, se puede acceder a los siguientes men\u00fas. Cuando el Tazer DT ya no est\u00e1 casado con el veh\u00edculo, los ajustes est\u00e1n disponibles de nuevo:<\/p>\n<p>El Tazer RAM es un dispositivo enchufable para cambiar los ajustes del veh\u00edculo y proporcionar algunas funciones adicionales que no estaban disponibles de f\u00e1brica.  Funciona en todas las variantes de motor, incluido el motor di\u00e9sel.  Requiere el grupo de veloc\u00edmetro, que tiene la capacidad de mostrar la informaci\u00f3n de la estaci\u00f3n de radio - s\u00f3lo los camiones m\u00e1s antiguos modelo base puede tener el grupo, que no puede.  Funcionan todas las pantallas en color.<\/p>\n<p>Las funciones de la Taser-RAM pueden dividirse en dos categor\u00edas:<\/p>\n<p>- Ajustes del veh\u00edculo: son cambios realizados en el veh\u00edculo para adaptar modificaciones al veh\u00edculo o para activar o \"desbloquear\" caracter\u00edsticas t\u00e9cnicamente disponibles pero desactivadas de f\u00e1brica que normalmente est\u00e1n reservadas para un nivel de acabado o paquete superior para ese tipo de veh\u00edculo. Estos cambios son efectivos incluso despu\u00e9s de retirar el Tazer-RAM.<\/p>\n<p>- Funciones en vivo - son funciones que el Tazer RAM realiza bajo tensi\u00f3n s\u00f3lo cuando est\u00e1 conectado al puerto OBD2.<\/p>\n<p>&nbsp;<\/p>\n<p><strong>Ajustes del veh\u00edculo:<\/strong><\/p>\n<ul>\n<li>Calibrar el veloc\u00edmetro para neum\u00e1ticos que no sean de f\u00e1brica<\/li>\n<li>Configurar el veh\u00edculo para una relaci\u00f3n de ejes diferente<\/li>\n<li>Puede desactivar las advertencias del sistema de control de la presi\u00f3n de los neum\u00e1ticos o cambiar los ajustes de PSI*.<\/li>\n<li>Puede activar\/desactivar las luces de circulaci\u00f3n diurna y el usuario puede seleccionar las luces que se van a utilizar (depende de la aplicaci\u00f3n).<\/li>\n<li>Puede permitir la adici\u00f3n de faros antiniebla de f\u00e1brica<\/li>\n<li>Admite luces LED<\/li>\n<li>Puede desactivar el apagado de las luces antiniebla (deja encendidas simult\u00e1neamente las luces de carretera, de cruce y antiniebla cuando parpadean)<\/li>\n<li>Permite a\u00f1adir una c\u00e1mara de marcha atr\u00e1s de f\u00e1brica y una c\u00e1mara frontal de repuesto*.<\/li>\n<li>\u00bfPuede SiriusXM Travellink desactivar las alertas de tr\u00e1fico y meteorol\u00f3gicas?<\/li>\n<li>Puede activar v\u00eddeo\/audio auxiliar para c\u00e1mara frontal y\/o fuente de v\u00eddeo externa (los modelos 2018 s\u00f3lo pueden activar una entrada de c\u00e1mara de carga).<\/li>\n<li>Puede activar los botones auxiliares de f\u00e1brica, a\u00f1adir retrovisores plegables el\u00e9ctricamente, etc.<\/li>\n<li>Restablecer al estado original con un solo toque: la funci\u00f3n r\u00e1pida \"desmarcar\" devuelve todos los ajustes del veh\u00edculo a su estado original. No es necesario recordar ni anotar los ajustes originales si no se restablece todo antes de una visita al taller.<\/li>\n<\/ul>\n<p>&nbsp;<\/p>\n<p><strong>Funciones en directo:<\/strong><\/p>\n<ul>\n<li>AutoFold: puede extender y replegar autom\u00e1ticamente los retrovisores plegables el\u00e9ctricos al encender y apagar el veh\u00edculo.<\/li>\n<li>Ventanas desde el mando a distancia: puede abrir y cerrar las ventanas el\u00e9ctricas con el mando a distancia<\/li>\n<li>Line Lock - Utiliza actuadores ABS para bloquear las ruedas delanteras cuando se quiere hacer un burnout en la pista o simplemente por diversi\u00f3n.<\/li>\n<li>Puede activar la introducci\u00f3n de direcciones de navegaci\u00f3n mientras conduce<\/li>\n<li>Modo espect\u00e1culo de luces: 6 espect\u00e1culos de luces preestablecidos y 3 personalizados en los que parpadean todas las luces exteriores. Perfecto para exhibiciones de coches. Se controla con el llavero o los botones del volante. Puede activarse para su uso en desfiles, conducci\u00f3n todoterreno y por parte de la polic\u00eda o los servicios de emergencia.<\/li>\n<li>Modo de enfriamiento: Enciende los ventiladores del motor seg\u00fan sea necesario cuando el encendido est\u00e1 conectado y el motor no est\u00e1 en marcha.<\/li>\n<li>Modo cabrestante: eleva temporalmente el motor a 2.000 rpm al ralent\u00ed, por ejemplo, en modo cabrestante o al arrancar otro veh\u00edculo.<\/li>\n<li>Spoof4Lo: eleva los puntos de ralent\u00ed y de cambio.<\/li>\n<li>Borrar CEL: reinicio de la luz de control del motor, borrado de la memoria de fallos<\/li>\n<li>Desactive completamente el ESP\/el control de tracci\u00f3n manteniendo pulsado el bot\u00f3n ESP.<\/li>\n<li>Temporizador de 0 a 30 y de 0 a 60 - Muestra los tiempos de 0 a 30 o de 0 a 60 en la pantalla del EVIC.<\/li>\n<li>Actualizaciones de firmware - el nuevo firmware est\u00e1 disponible regularmente, siempre de forma gratuita y se publica en la p\u00e1gina web de Z Automotive. Utiliza el programa de programaci\u00f3n ZPU.<\/li>\n<\/ul>\n<p>&nbsp;<\/p>\n<p>*El ajuste de la presi\u00f3n de los neum\u00e1ticos requiere una actualizaci\u00f3n en el concesionario para que el veh\u00edculo pueda reconocer el cambio. Para desactivar completamente el sistema TPMS y apagar el s\u00edmbolo de advertencia NO es necesario acudir al concesionario.<\/p>\n<p>&nbsp;<\/p>\n<p><strong>Adecuado para:<\/strong><u><\/u><\/p>\n<table width=\"421\">\n<tbody>\n<tr>\n<td width=\"158\">RAM<\/td>\n<td width=\"117\">1500<\/td>\n<td width=\"146\">2013-2018<\/td>\n<\/tr>\n<tr>\n<td>RAM<\/td>\n<td>1500 Classic<\/td>\n<td>2019-2021<\/td>\n<\/tr>\n<tr>\n<td>RAM<\/td>\n<td>2500<\/td>\n<td>2013-2021<\/td>\n<\/tr>\n<tr>\n<td>RAM<\/td>\n<td>3500<\/td>\n<td>2013-2021<\/td>\n<\/tr>\n<\/tbody>\n<\/table>\n<p>Modelo del a\u00f1o 2018 y posteriores: Debido a un nuevo m\u00f3dulo de seguridad, un adicional <a href=\"https:\/\/kraftwerk-shop.cc\/es\/producto\/obd-t-bypass-cable-largo\/\" target=\"_blank\" rel=\"noopener\">Arn\u00e9s en T de derivaci\u00f3n <\/a>necesario.<\/p>\n<p>&nbsp;<\/p>\n<p><u><strong>Importante: <\/strong><\/u>Todos los cambios son funciones que ya est\u00e1n disponibles en el veh\u00edculo de f\u00e1brica pero que no siempre est\u00e1n activadas.<br \/>\nComo las versiones de software de los veh\u00edculos difieren y a veces se producen cambios como parte de las actualizaciones, no podemos garantizar que todas las funciones se puedan configurar \/ activar como se describe en cada veh\u00edculo.<br \/>\nSi una funci\u00f3n no se ha guardado de f\u00e1brica, no se puede activar.<\/p>\n<h3>Somos un distribuidor autorizado de Z-Automotive.<\/h3>","protected":false},"excerpt":{"rendered":"<p>2013 - 2019<\/p>","protected":false},"featured_media":68284882,"comment_status":"open","ping_status":"closed","template":"","meta":{"_acf_changed":false},"product_brand":[17480],"product_cat":[4241,4760,1518],"product_tag":[475,455,456,460,452,431,2219,462,429,49,477,461,447,115,454,453,441,36,450,451,457,445,449,448,444,459,86,446,463,443,442,464,470,2991,440,458],"class_list":{"0":"post-68253026","1":"product","2":"type-product","3":"status-publish","4":"has-post-thumbnail","6":"product_brand-z-automotive","7":"product_cat-1500-ecodiesel-programmiergeraete","8":"product_cat-1500-36-programmiergeraete","9":"product_cat-1500-57-2009-2018-classic-programmiergeraete","10":"product_tag-475","11":"product_tag-adaption","12":"product_tag-adaptionswerte","13":"product_tag-aktivieren","14":"product_tag-allrad","15":"product_tag-burnout","16":"product_tag-classic","17":"product_tag-codieren","18":"product_tag-deutschland","19":"product_tag-dodge","20":"product_tag-ds","21":"product_tag-einschalten","22":"product_tag-evic","23":"product_tag-getriebe","24":"product_tag-getriebesteuerung","25":"product_tag-heckantrieb","26":"product_tag-kaufen","27":"product_tag-kraftwerk","28":"product_tag-lenkradschaltung","29":"product_tag-line-lock","30":"product_tag-loeschen","31":"product_tag-nebelleuchten","32":"product_tag-paddle-shifter","33":"product_tag-paddles","34":"product_tag-performance-pages","35":"product_tag-programmieren","36":"product_tag-ram","37":"product_tag-rueckfahrkamera","38":"product_tag-shop","39":"product_tag-sport-modus","40":"product_tag-tazer","41":"product_tag-webshop","42":"product_tag-z-auto","43":"product_tag-zauto","44":"product_tag-zautotech","45":"product_tag-zuruecksetzen","47":"first","48":"instock","49":"taxable","50":"shipping-taxable","51":"purchasable","52":"product-type-simple"},"bundled_by":[],"bundle_stock_status":"instock","bundle_stock_quantity":1,"bundle_virtual":false,"bundle_layout":"","bundle_add_to_cart_form_location":"","bundle_editable_in_cart":false,"bundle_sold_individually_context":"","bundle_item_grouping":"","bundle_min_size":"","bundle_max_size":"","bundle_price":[],"bundled_items":[],"bundle_sell_ids":[],"exclude_global_add_ons":[],"addons":[],"acf":[],"_links":{"self":[{"href":"https:\/\/kraftwerk-shop.cc\/es\/wp-json\/wp\/v2\/product\/68253026","targetHints":{"allow":["GET"]}}],"collection":[{"href":"https:\/\/kraftwerk-shop.cc\/es\/wp-json\/wp\/v2\/product"}],"about":[{"href":"https:\/\/kraftwerk-shop.cc\/es\/wp-json\/wp\/v2\/types\/product"}],"replies":[{"embeddable":true,"href":"https:\/\/kraftwerk-shop.cc\/es\/wp-json\/wp\/v2\/comments?post=68253026"}],"version-history":[{"count":0,"href":"https:\/\/kraftwerk-shop.cc\/es\/wp-json\/wp\/v2\/product\/68253026\/revisions"}],"wp:featuredmedia":[{"embeddable":true,"href":"https:\/\/kraftwerk-shop.cc\/es\/wp-json\/wp\/v2\/media\/68284882"}],"wp:attachment":[{"href":"https:\/\/kraftwerk-shop.cc\/es\/wp-json\/wp\/v2\/media?parent=68253026"}],"wp:term":[{"taxonomy":"product_brand","embeddable":true,"href":"https:\/\/kraftwerk-shop.cc\/es\/wp-json\/wp\/v2\/product_brand?post=68253026"},{"taxonomy":"product_cat","embeddable":true,"href":"https:\/\/kraftwerk-shop.cc\/es\/wp-json\/wp\/v2\/product_cat?post=68253026"},{"taxonomy":"product_tag","embeddable":true,"href":"https:\/\/kraftwerk-shop.cc\/es\/wp-json\/wp\/v2\/product_tag?post=68253026"}],"curies":[{"name":"wp","href":"https:\/\/api.w.org\/{rel}","templated":true}]}}