{"id":68253294,"date":"2021-09-17T12:55:44","date_gmt":"2021-09-17T12:55:44","guid":{"rendered":"https:\/\/kraftwerk-gruppe.de\/?post_type=product&#038;p=68253294"},"modified":"2026-02-28T14:12:17","modified_gmt":"2026-02-28T13:12:17","slug":"conector-carcasa-junta-nag1-caja-de-cambios","status":"publish","type":"product","link":"https:\/\/kraftwerk-shop.cc\/es\/produkt\/steckergehaeuse-dichtung-nag1-getriebe\/","title":{"rendered":"Caja de enchufe \/ junta Transmisi\u00f3n autom\u00e1tica de 5 velocidades (NAG1)"},"content":{"rendered":"<h1>Steckergeh\u00e4use &#8211; Dichtung \/ Reparatursatz gegen Undichtigkeiten am Getriebestecker f\u00fcr NAG1 Getriebe<\/h1>\n<p>&nbsp;<\/p>\n<p><span class=\"relative -mx-px my-[-0.2rem] rounded px-px py-[0.2rem] transition-colors duration-100 ease-in-out\">Eine h\u00e4ufig auftretende Schwachstelle bei \u00e4lteren oder verschlissenen Getriebesteckern ist die Undichtigkeit an der Dichtung des Steckers.<\/span> <span class=\"relative -mx-px my-[-0.2rem] rounded px-px py-[0.2rem] transition-colors duration-100 ease-in-out\">Wenn diese nicht mehr zuverl\u00e4ssig abdichtet, kann Getriebe\u00f6l durch Kapillarwirkung entlang der Kabel bis ins Getriebesteuerger\u00e4t (TCU) aufsteigen.<\/span> <span class=\"relative -mx-px my-[-0.2rem] rounded px-px py-[0.2rem] transition-colors duration-100 ease-in-out\">Dies f\u00fchrt oft zu schwerwiegenden Sch\u00e4den an der Elektronik, die kostspielige Reparaturen oder sogar den Austausch des Steuerger\u00e4ts nach sich ziehen k\u00f6nnen.<\/span><\/p>\n<p>Ein rechtzeitiger Austausch des undichten Steckgeh\u00e4uses kann teure Reparaturen verhindern und die Zuverl\u00e4ssigkeit Ihres Fahrzeugs sicherstellen.<\/p>\n<p>&nbsp;<\/p>\n<p><strong>Mopar Vergleichsnummern:<\/strong> 68021352AA, 05166827AB, 5166827AA, 5189122AA, 52108322AA, 52108322AB, 52108323AA, 52108323AB, 52108323AC, 52108324AA, 52108324AB, 52108324AC, 68001278AA, 68001279AA<\/p>\n<p>&nbsp;<\/p>\n<p><strong>Passend f\u00fcr:<\/strong><\/p>\n<table width=\"972\">\n<tbody>\n<tr>\n<td width=\"80\"><strong>Baujahr<\/strong><\/td>\n<td width=\"80\"><strong>Marke<\/strong><\/td>\n<td width=\"121\"><strong>Modell<\/strong><\/td>\n<td width=\"493\"><strong>Version<\/strong><\/td>\n<td width=\"198\"><strong>Motor<\/strong><\/td>\n<\/tr>\n<tr>\n<td width=\"80\">2020<\/td>\n<td width=\"80\">Dodge<\/td>\n<td width=\"121\">Charger<\/td>\n<td width=\"493\">GT, Pursuit, R\/T, SXT<\/td>\n<td width=\"198\">3.6L V6 &#8211; Flex, 3.6L, 5.7L<\/td>\n<\/tr>\n<tr>\n<td width=\"80\">2019<\/td>\n<td width=\"80\">Dodge<\/td>\n<td width=\"121\">Charger<\/td>\n<td width=\"493\">GT, Pursuit, R\/T, SXT<\/td>\n<td width=\"198\">3.6L V6 &#8211; Flex, 3.6L, 5.7L<\/td>\n<\/tr>\n<tr>\n<td width=\"80\">2018<\/td>\n<td width=\"80\">Dodge<\/td>\n<td width=\"121\">Charger<\/td>\n<td width=\"493\">Pursuit, R\/T, SXT, SXT Plus, SXT Plus Leather<\/td>\n<td width=\"198\">3.6L V6 &#8211; Flex, 3.6L, 5.7L<\/td>\n<\/tr>\n<tr>\n<td width=\"80\">2018<\/td>\n<td width=\"80\">Jeep<\/td>\n<td width=\"121\">Wrangler JK<\/td>\n<td width=\"493\">Rubicon, Sahara, Sport, Sport S, Unlimited Rubicon, Unlimited Sahara, Unlimited Sport, Unlimited Sport S<\/td>\n<td width=\"198\">3.6L<\/td>\n<\/tr>\n<tr>\n<td width=\"80\">2017<\/td>\n<td width=\"80\">Dodge<\/td>\n<td width=\"121\">Charger<\/td>\n<td width=\"493\">Pursuit, R\/T, SE, SXT<\/td>\n<td width=\"198\">3.6L V6 &#8211; Flex, 5.7L<\/td>\n<\/tr>\n<tr>\n<td width=\"80\">2017<\/td>\n<td width=\"80\">Jeep<\/td>\n<td width=\"121\">Wrangler<\/td>\n<td width=\"493\">Rubicon, Sahara, Sport, Unlimited Rubicon, Unlimited Sahara, Unlimited Sport<\/td>\n<td width=\"198\">3.6L<\/td>\n<\/tr>\n<tr>\n<td width=\"80\">2016<\/td>\n<td width=\"80\">Dodge<\/td>\n<td width=\"121\">Charger<\/td>\n<td width=\"493\">Pursuit, R\/T, R\/T Road &amp; Track, SE, SXT<\/td>\n<td width=\"198\">3.6L V6 &#8211; Flex, 5.7L<\/td>\n<\/tr>\n<tr>\n<td width=\"80\">2016<\/td>\n<td width=\"80\">Jeep<\/td>\n<td width=\"121\">Wrangler<\/td>\n<td width=\"493\">75th Anniversary, Rubicon, Sahara, Sport, Sport S, Unlimited 75th Anniversary, Unlimited Rubicon, Unlimited Sahara, Unlimited Sport, Unlimited Sport S<\/td>\n<td width=\"198\">3.6L<\/td>\n<\/tr>\n<tr>\n<td width=\"80\">2015<\/td>\n<td width=\"80\">Dodge<\/td>\n<td width=\"121\">Charger<\/td>\n<td width=\"493\">Pursuit, R\/T, R\/T Road &amp; Track, SE, SXT<\/td>\n<td width=\"198\">3.6L V6 &#8211; Flex, 5.7L<\/td>\n<\/tr>\n<tr>\n<td width=\"80\">2015<\/td>\n<td width=\"80\">Jeep<\/td>\n<td width=\"121\">Wrangler<\/td>\n<td width=\"493\">Rubicon, Sahara, Sport, Unlimited Rubicon, Unlimited Sahara, Unlimited Sport<\/td>\n<td width=\"198\">3.6L<\/td>\n<\/tr>\n<tr>\n<td width=\"80\">2014<\/td>\n<td width=\"80\">Chrysler<\/td>\n<td width=\"121\">300<\/td>\n<td width=\"493\">C, C Luxury, S, SRT8<\/td>\n<td width=\"198\">5.7L, 6.4L<\/td>\n<\/tr>\n<tr>\n<td width=\"80\">2014<\/td>\n<td width=\"80\">Dodge<\/td>\n<td width=\"121\">Challenger<\/td>\n<td width=\"493\">R\/T, Rallye Redline, SXT<\/td>\n<td width=\"198\">3.6L, 5.7L<\/td>\n<\/tr>\n<tr>\n<td width=\"80\">2014<\/td>\n<td width=\"80\">Dodge<\/td>\n<td width=\"121\">Charger<\/td>\n<td width=\"493\">Pursuit, R\/T, SE, SRT8, SXT<\/td>\n<td width=\"198\">3.6L V6 &#8211; Flex, 3.6L, 5.7L, 6.4L<\/td>\n<\/tr>\n<tr>\n<td width=\"80\">2014<\/td>\n<td width=\"80\">Jeep<\/td>\n<td width=\"121\">Wrangler<\/td>\n<td width=\"493\">Rubicon, Sahara, Sport, Unlimited Rubicon, Unlimited Sahara, Unlimited Sport<\/td>\n<td width=\"198\">3.6L<\/td>\n<\/tr>\n<tr>\n<td width=\"80\">2013<\/td>\n<td width=\"80\">Chrysler<\/td>\n<td width=\"121\">300<\/td>\n<td width=\"493\">Base, C, C Luxury, S, SRT8, SRT8 Core<\/td>\n<td width=\"198\">3.6L V6 &#8211; Flex, 3.6L, 5.7L, 6.4L<\/td>\n<\/tr>\n<tr>\n<td width=\"80\">2013<\/td>\n<td width=\"80\">Dodge<\/td>\n<td width=\"121\">Challenger<\/td>\n<td width=\"493\">R\/T, SRT8, SXT<\/td>\n<td width=\"198\">3.6L, 5.7L, 6.4L<\/td>\n<\/tr>\n<tr>\n<td width=\"80\">2013<\/td>\n<td width=\"80\">Dodge<\/td>\n<td width=\"121\">Charger<\/td>\n<td width=\"493\">Pursuit, R\/T, SE, SRT8, SXT<\/td>\n<td width=\"198\">3.6L V6 &#8211; Flex, 3.6L, 5.7L, 6.4L<\/td>\n<\/tr>\n<tr>\n<td width=\"80\">2013<\/td>\n<td width=\"80\">Dodge<\/td>\n<td width=\"121\">Durango<\/td>\n<td width=\"493\">Citadel, Crew, SXT, Special Service<\/td>\n<td width=\"198\">3.6L V6 &#8211; Flex<\/td>\n<\/tr>\n<tr>\n<td width=\"80\">2013<\/td>\n<td width=\"80\">Jeep<\/td>\n<td width=\"121\">Grand Cherokee<\/td>\n<td width=\"493\">Laredo, Limited, Overland, SRT8<\/td>\n<td width=\"198\">3.6L V6 &#8211; Flex, 6.4L<\/td>\n<\/tr>\n<tr>\n<td width=\"80\">2013<\/td>\n<td width=\"80\">Jeep<\/td>\n<td width=\"121\">Wrangler<\/td>\n<td width=\"493\">Rubicon, Sahara, Sport, Unlimited Rubicon, Unlimited Sahara, Unlimited Sport<\/td>\n<td width=\"198\">3.6L<\/td>\n<\/tr>\n<tr>\n<td width=\"80\">2012<\/td>\n<td width=\"80\">Chrysler<\/td>\n<td width=\"121\">300<\/td>\n<td width=\"493\">Base, C, C Luxury, Limited, S, SRT8<\/td>\n<td width=\"198\">3.6L V6 &#8211; Flex, 3.6L, 5.7L, 6.4L<\/td>\n<\/tr>\n<tr>\n<td width=\"80\">2012<\/td>\n<td width=\"80\">Dodge<\/td>\n<td width=\"121\">Challenger<\/td>\n<td width=\"493\">R\/T, R\/T Classic, SRT8, SXT, SXT Plus<\/td>\n<td width=\"198\">3.6L, 5.7L, 6.4L<\/td>\n<\/tr>\n<tr>\n<td width=\"80\">2012<\/td>\n<td width=\"80\">Dodge<\/td>\n<td width=\"121\">Charger<\/td>\n<td width=\"493\">Pursuit, R\/T, SE, SRT8, SXT, SXT Plus<\/td>\n<td width=\"198\">3.6L V6 &#8211; Flex, 3.6L, 5.7L, 6.4L<\/td>\n<\/tr>\n<tr>\n<td width=\"80\">2012<\/td>\n<td width=\"80\">Dodge<\/td>\n<td width=\"121\">Durango<\/td>\n<td width=\"493\">Citadel, Crew, SXT, Special Service<\/td>\n<td width=\"198\">3.6L V6 &#8211; Flex<\/td>\n<\/tr>\n<tr>\n<td width=\"80\">2012<\/td>\n<td width=\"80\">Jeep<\/td>\n<td width=\"121\">Grand Cherokee<\/td>\n<td width=\"493\">Laredo, Limited, Overland, Overland Summit, SRT8<\/td>\n<td width=\"198\">3.6L V6 &#8211; Flex, 6.4L<\/td>\n<\/tr>\n<tr>\n<td width=\"80\">2012<\/td>\n<td width=\"80\">Jeep<\/td>\n<td width=\"121\">Wrangler<\/td>\n<td width=\"493\">Rubicon, Sahara, Sport, Unlimited Rubicon, Unlimited Sahara, Unlimited Sport<\/td>\n<td width=\"198\">3.6L<\/td>\n<\/tr>\n<tr>\n<td width=\"80\">2011<\/td>\n<td width=\"80\">Chrysler<\/td>\n<td width=\"121\">300<\/td>\n<td width=\"493\">Base, C, Limited<\/td>\n<td width=\"198\">3.6L V6 &#8211; Flex, 3.6L, 5.7L<\/td>\n<\/tr>\n<tr>\n<td width=\"80\">2011<\/td>\n<td width=\"80\">Dodge<\/td>\n<td width=\"121\">Challenger<\/td>\n<td width=\"493\">R\/T, SE, SRT8<\/td>\n<td width=\"198\">3.6L V6 &#8211; Flex, 5.7L, 6.4L<\/td>\n<\/tr>\n<tr>\n<td width=\"80\">2011<\/td>\n<td width=\"80\">Dodge<\/td>\n<td width=\"121\">Charger<\/td>\n<td width=\"493\">Pursuit, R\/T, SE<\/td>\n<td width=\"198\">3.6L V6 &#8211; Flex, 3.6L, 5.7L<\/td>\n<\/tr>\n<tr>\n<td width=\"80\">2011<\/td>\n<td width=\"80\">Dodge<\/td>\n<td width=\"121\">Durango<\/td>\n<td width=\"493\">Citadel, Crew, Express, Heat<\/td>\n<td width=\"198\">3.6L V6 &#8211; Flex<\/td>\n<\/tr>\n<tr>\n<td width=\"80\">2011<\/td>\n<td width=\"80\">Dodge<\/td>\n<td width=\"121\">Nitro<\/td>\n<td width=\"493\">Detonator, Heat, SXT, Shock<\/td>\n<td width=\"198\">4.0L<\/td>\n<\/tr>\n<tr>\n<td width=\"80\">2011<\/td>\n<td width=\"80\">Jeep<\/td>\n<td width=\"121\">Grand Cherokee<\/td>\n<td width=\"493\">Laredo, Limited, Overland<\/td>\n<td width=\"198\">3.6L V6 &#8211; Flex<\/td>\n<\/tr>\n<tr>\n<td width=\"80\">2010<\/td>\n<td width=\"80\">Chrysler<\/td>\n<td width=\"121\">300<\/td>\n<td width=\"493\">C, C SRT8, Limited, S, Touring<\/td>\n<td width=\"198\">3.5L, 5.7L, 6.1L<\/td>\n<\/tr>\n<tr>\n<td width=\"80\">2010<\/td>\n<td width=\"80\">Dodge<\/td>\n<td width=\"121\">Challenger<\/td>\n<td width=\"493\">R\/T, SE, SRT8<\/td>\n<td width=\"198\">3.5L, 5.7L, 6.1L<\/td>\n<\/tr>\n<tr>\n<td width=\"80\">2010<\/td>\n<td width=\"80\">Dodge<\/td>\n<td width=\"121\">Charger<\/td>\n<td width=\"493\">Pursuit, R\/T, SE, SRT8, SXT<\/td>\n<td width=\"198\">3.5L, 5.7L, 6.1L<\/td>\n<\/tr>\n<tr>\n<td width=\"80\">2010<\/td>\n<td width=\"80\">Dodge<\/td>\n<td width=\"121\">Nitro<\/td>\n<td width=\"493\">Detonator, Heat, SE, SXT, Shock<\/td>\n<td width=\"198\">3.7L, 4.0L<\/td>\n<\/tr>\n<tr>\n<td width=\"80\">2010<\/td>\n<td width=\"80\">Jeep<\/td>\n<td width=\"121\">Commander<\/td>\n<td width=\"493\">Limited, Sport<\/td>\n<td width=\"198\">3.7L, 5.7L<\/td>\n<\/tr>\n<tr>\n<td width=\"80\">2010<\/td>\n<td width=\"80\">Jeep<\/td>\n<td width=\"121\">Grand Cherokee<\/td>\n<td width=\"493\">Laredo, Limited, SRT8<\/td>\n<td width=\"198\">3.7L, 6.1L<\/td>\n<\/tr>\n<tr>\n<td width=\"80\">2009<\/td>\n<td width=\"80\">Chrysler<\/td>\n<td width=\"121\">300<\/td>\n<td width=\"493\">C, C SRT8, Limited, Signature Series, Touring<\/td>\n<td width=\"198\">3.5L, 5.7L, 6.1L<\/td>\n<\/tr>\n<tr>\n<td width=\"80\">2009<\/td>\n<td width=\"80\">Dodge<\/td>\n<td width=\"121\">Challenger<\/td>\n<td width=\"493\">R\/T, SE, SRT8<\/td>\n<td width=\"198\">3.5L, 5.7L, 6.1L<\/td>\n<\/tr>\n<tr>\n<td width=\"80\">2009<\/td>\n<td width=\"80\">Dodge<\/td>\n<td width=\"121\">Charger<\/td>\n<td width=\"493\">Pursuit, R\/T, SE, SRT8, SXT<\/td>\n<td width=\"198\">3.5L, 5.7L, 6.1L<\/td>\n<\/tr>\n<tr>\n<td width=\"80\">2009<\/td>\n<td width=\"80\">Dodge<\/td>\n<td width=\"121\">Nitro<\/td>\n<td width=\"493\">R\/T, SE, SLT<\/td>\n<td width=\"198\">3.7L, 4.0L<\/td>\n<\/tr>\n<tr>\n<td width=\"80\">2009<\/td>\n<td width=\"80\">Jeep<\/td>\n<td width=\"121\">Commander<\/td>\n<td width=\"493\">Limited, Overland, Sport<\/td>\n<td width=\"198\">3.7L, 4.7L V8 &#8211; Flex, 4.7L, 5.7L<\/td>\n<\/tr>\n<tr>\n<td width=\"80\">2009<\/td>\n<td width=\"80\">Jeep<\/td>\n<td width=\"121\">Grand Cherokee<\/td>\n<td width=\"493\">Laredo, Limited, Overland, SRT8<\/td>\n<td width=\"198\">3.0L V6 &#8211; Diesel, 3.7L, 6.1L<\/td>\n<\/tr>\n<tr>\n<td width=\"80\">2008<\/td>\n<td width=\"80\">Chrysler<\/td>\n<td width=\"121\">300<\/td>\n<td width=\"493\">C, C SRT8, Limited, Touring<\/td>\n<td width=\"198\">3.5L, 5.7L, 6.1L<\/td>\n<\/tr>\n<tr>\n<td width=\"80\">2008<\/td>\n<td width=\"80\">Chrysler<\/td>\n<td width=\"121\">Crossfire<\/td>\n<td width=\"493\">Limited<\/td>\n<td width=\"198\">3.2L<\/td>\n<\/tr>\n<tr>\n<td width=\"80\">2008<\/td>\n<td width=\"80\">Dodge<\/td>\n<td width=\"121\">Challenger<\/td>\n<td width=\"493\">SRT8<\/td>\n<td width=\"198\">6.1L<\/td>\n<\/tr>\n<tr>\n<td width=\"80\">2008<\/td>\n<td width=\"80\">Dodge<\/td>\n<td width=\"121\">Charger<\/td>\n<td width=\"493\">Pursuit, R\/T, SE, SRT8, SXT<\/td>\n<td width=\"198\">3.5L, 5.7L, 6.1L<\/td>\n<\/tr>\n<tr>\n<td width=\"80\">2008<\/td>\n<td width=\"80\">Dodge<\/td>\n<td width=\"121\">Magnum<\/td>\n<td width=\"493\">R\/T, SE, SRT8, SXT<\/td>\n<td width=\"198\">3.5L, 5.7L, 6.1L<\/td>\n<\/tr>\n<tr>\n<td width=\"80\">2008<\/td>\n<td width=\"80\">Dodge<\/td>\n<td width=\"121\">Nitro<\/td>\n<td width=\"493\">R\/T, SLT<\/td>\n<td width=\"198\">3.7L, 4.0L<\/td>\n<\/tr>\n<tr>\n<td width=\"80\">2008<\/td>\n<td width=\"80\">Jeep<\/td>\n<td width=\"121\">Commander<\/td>\n<td width=\"493\">Limited, Overland, Sport<\/td>\n<td width=\"198\">3.7L, 4.7L V8 &#8211; Flex, 4.7L, 5.7L<\/td>\n<\/tr>\n<tr>\n<td width=\"80\">2008<\/td>\n<td width=\"80\">Jeep<\/td>\n<td width=\"121\">Grand Cherokee<\/td>\n<td width=\"493\">Laredo, Limited, Overland, SRT8<\/td>\n<td width=\"198\">3.0L V6 &#8211; Diesel, 3.7L, 6.1L<\/td>\n<\/tr>\n<tr>\n<td width=\"80\">2007<\/td>\n<td width=\"80\">Chrysler<\/td>\n<td width=\"121\">300<\/td>\n<td width=\"493\">C, C SRT8, Limited, Touring<\/td>\n<td width=\"198\">3.5L, 5.7L, 6.1L<\/td>\n<\/tr>\n<tr>\n<td width=\"80\">2007<\/td>\n<td width=\"80\">Chrysler<\/td>\n<td width=\"121\">Crossfire<\/td>\n<td width=\"493\">Limited<\/td>\n<td width=\"198\">3.2L<\/td>\n<\/tr>\n<tr>\n<td width=\"80\">2007<\/td>\n<td width=\"80\">Dodge<\/td>\n<td width=\"121\">Charger<\/td>\n<td width=\"493\">Pursuit, R\/T, SE, SRT8, SXT<\/td>\n<td width=\"198\">3.5L, 5.7L, 6.1L<\/td>\n<\/tr>\n<tr>\n<td width=\"80\">2007<\/td>\n<td width=\"80\">Dodge<\/td>\n<td width=\"121\">Magnum<\/td>\n<td width=\"493\">R\/T, SE, SRT8, SXT<\/td>\n<td width=\"198\">3.5L, 5.7L, 6.1L<\/td>\n<\/tr>\n<tr>\n<td width=\"80\">2007<\/td>\n<td width=\"80\">Dodge<\/td>\n<td width=\"121\">Nitro<\/td>\n<td width=\"493\">R\/T, SLT, SXT<\/td>\n<td width=\"198\">3.7L, 4.0L<\/td>\n<\/tr>\n<tr>\n<td width=\"80\">2007<\/td>\n<td width=\"80\">Jeep<\/td>\n<td width=\"121\">Commander<\/td>\n<td width=\"493\">Base, Limited, Overland, Sport<\/td>\n<td width=\"198\">3.7L, 4.7L V8 &#8211; Flex, 4.7L, 5.7L<\/td>\n<\/tr>\n<tr>\n<td width=\"80\">2007<\/td>\n<td width=\"80\">Jeep<\/td>\n<td width=\"121\">Grand Cherokee<\/td>\n<td width=\"493\">Laredo, Limited, Overland, SRT8<\/td>\n<td width=\"198\">3.0L V6 &#8211; Diesel, 3.7L, 6.1L<\/td>\n<\/tr>\n<tr>\n<td width=\"80\">2006<\/td>\n<td width=\"80\">Chrysler<\/td>\n<td width=\"121\">300<\/td>\n<td width=\"493\">C, Touring<\/td>\n<td width=\"198\">3.5L, 5.7L<\/td>\n<\/tr>\n<tr>\n<td width=\"80\">2006<\/td>\n<td width=\"80\">Chrysler<\/td>\n<td width=\"121\">Crossfire<\/td>\n<td width=\"493\">Limited, SRT-6<\/td>\n<td width=\"198\">3.2L<\/td>\n<\/tr>\n<tr>\n<td width=\"80\">2006<\/td>\n<td width=\"80\">Dodge<\/td>\n<td width=\"121\">Charger<\/td>\n<td width=\"493\">R\/T, SE, SRT8<\/td>\n<td width=\"198\">3.5L, 5.7L, 6.1L<\/td>\n<\/tr>\n<tr>\n<td width=\"80\">2006<\/td>\n<td width=\"80\">Dodge<\/td>\n<td width=\"121\">Magnum<\/td>\n<td width=\"493\">R\/T, SRT8, SXT<\/td>\n<td width=\"198\">3.5L, 5.7L, 6.1L<\/td>\n<\/tr>\n<tr>\n<td width=\"80\">2006<\/td>\n<td width=\"80\">Jeep<\/td>\n<td width=\"121\">Commander<\/td>\n<td width=\"493\">Base, Limited<\/td>\n<td width=\"198\">3.7L, 4.7L, 5.7L<\/td>\n<\/tr>\n<tr>\n<td width=\"80\">2006<\/td>\n<td width=\"80\">Jeep<\/td>\n<td width=\"121\">Grand Cherokee<\/td>\n<td width=\"493\">Laredo, SRT8<\/td>\n<td width=\"198\">3.7L, 6.1L<\/td>\n<\/tr>\n<tr>\n<td width=\"80\">2005<\/td>\n<td width=\"80\">Chrysler<\/td>\n<td width=\"121\">300<\/td>\n<td width=\"493\">C, Touring<\/td>\n<td width=\"198\">3.5L, 5.7L<\/td>\n<\/tr>\n<tr>\n<td width=\"80\">2005<\/td>\n<td width=\"80\">Chrysler<\/td>\n<td width=\"121\">Crossfire<\/td>\n<td width=\"493\">Limited, SRT-6<\/td>\n<td width=\"198\">3.2L<\/td>\n<\/tr>\n<tr>\n<td width=\"80\">2005<\/td>\n<td width=\"80\">Dodge<\/td>\n<td width=\"121\">Magnum<\/td>\n<td width=\"493\">R\/T, SXT<\/td>\n<td width=\"198\">3.5L, 5.7L<\/td>\n<\/tr>\n<tr>\n<td width=\"80\">2005<\/td>\n<td width=\"80\">Jeep<\/td>\n<td width=\"121\">Grand Cherokee<\/td>\n<td width=\"493\">Laredo, Limited<\/td>\n<td width=\"198\">3.7L, 4.7L, 5.7L<\/td>\n<\/tr>\n<\/tbody>\n<\/table>\n<p>&nbsp;<\/p>\n","protected":false},"excerpt":{"rendered":"<p>&nbsp;<\/p>\n<p>&nbsp;<\/p>","protected":false},"featured_media":68319726,"comment_status":"open","ping_status":"closed","template":"","meta":{"_acf_changed":false},"product_brand":[19064],"product_cat":[1549,1557,1565,1573,4978,1581,1589,2572,1670,1678,1686,1702,1597,1605,1613,5157,1621,1637,1710,1718,1726,1734,1742,1758,1774,19750,19724],"product_tag":[18148,11158,18149,18150,18151,18152,18153,18154,18155,18156,18157,52,11159,11160,11161,11162,11163,11164,11165,11166,11167,11168,11169,11170,11171,130,54,53,48,536,571,49,3853,3854,115,56,50,4425,143,645,64,646,644,21004],"class_list":{"0":"post-68253294","1":"product","2":"type-product","3":"status-publish","4":"has-post-thumbnail","6":"product_brand-vaico","7":"product_cat-300c-30-diesel-getriebe","8":"product_cat-300c-35-getriebe","9":"product_cat-300c-36-getriebe","10":"product_cat-300c-57-2005-2010-getriebe","11":"product_cat-300c-57-2011-2023-getriebe","12":"product_cat-300c-61-getriebe","13":"product_cat-300c-64-getriebe","14":"product_cat-challenger-35-getriebe","15":"product_cat-challenger-36-getriebe","16":"product_cat-challenger-57-getriebe","17":"product_cat-challenger-61-getriebe","18":"product_cat-challenger-64-getriebe","19":"product_cat-charger-35-getriebe","20":"product_cat-charger-36-getriebe","21":"product_cat-charger-57-getriebe","22":"product_cat-charger-57-2011-2023-getriebe","23":"product_cat-charger-61-getriebe","24":"product_cat-charger-64-getriebe","25":"product_cat-magnum-35-getriebe","26":"product_cat-magnum-57-getriebe","27":"product_cat-magnum-61-getriebe","28":"product_cat-grand-cherokee-30-diesel-getriebe","29":"product_cat-grand-cherokee-36-getriebe","30":"product_cat-grand-cherokee-61-getriebe","31":"product_cat-grand-cherokee-64-getriebe","32":"product_cat-wrangler-28-crd-getriebe","33":"product_cat-wrangler-36-jk-getriebe","34":"product_tag-05166827aa","35":"product_tag-05166827ab","36":"product_tag-05189122aa","37":"product_tag-052108322aa","38":"product_tag-052108322ab","39":"product_tag-052108323aa","40":"product_tag-052108323ab","41":"product_tag-052108323ac","42":"product_tag-052108324aa","43":"product_tag-052108324ab","44":"product_tag-052108324ac","45":"product_tag-300c","46":"product_tag-5166827aa","47":"product_tag-5189122aa","48":"product_tag-52108322aa","49":"product_tag-52108322ab","50":"product_tag-52108323aa","51":"product_tag-52108323ab","52":"product_tag-52108323ac","53":"product_tag-52108324aa","54":"product_tag-52108324ab","55":"product_tag-52108324ac","56":"product_tag-68001278aa","57":"product_tag-68001279aa","58":"product_tag-68021352aa","59":"product_tag-automatik","60":"product_tag-challenger","61":"product_tag-charger","62":"product_tag-chrysler","63":"product_tag-chrysler-300c","64":"product_tag-dichtung","65":"product_tag-dodge","66":"product_tag-dodge-challenger","67":"product_tag-dodge-charger","68":"product_tag-getriebe","69":"product_tag-grand-cherokee","70":"product_tag-jeep","71":"product_tag-jeep-grand-cherokee","72":"product_tag-nag1","73":"product_tag-oelverlust","74":"product_tag-reparatur","75":"product_tag-stecker","76":"product_tag-undicht","77":"product_tag-v30-7642","78":"product_shipping_class-deutschlandohne","80":"first","81":"instock","82":"taxable","83":"shipping-taxable","84":"purchasable","85":"product-type-simple"},"bundled_by":[],"bundle_stock_status":"instock","bundle_stock_quantity":4,"bundle_virtual":false,"bundle_layout":"","bundle_add_to_cart_form_location":"","bundle_editable_in_cart":false,"bundle_sold_individually_context":"","bundle_item_grouping":"","bundle_min_size":"","bundle_max_size":"","bundle_price":[],"bundled_items":[],"bundle_sell_ids":[],"exclude_global_add_ons":[],"addons":[],"acf":[],"_links":{"self":[{"href":"https:\/\/kraftwerk-shop.cc\/es\/wp-json\/wp\/v2\/product\/68253294","targetHints":{"allow":["GET"]}}],"collection":[{"href":"https:\/\/kraftwerk-shop.cc\/es\/wp-json\/wp\/v2\/product"}],"about":[{"href":"https:\/\/kraftwerk-shop.cc\/es\/wp-json\/wp\/v2\/types\/product"}],"replies":[{"embeddable":true,"href":"https:\/\/kraftwerk-shop.cc\/es\/wp-json\/wp\/v2\/comments?post=68253294"}],"version-history":[{"count":0,"href":"https:\/\/kraftwerk-shop.cc\/es\/wp-json\/wp\/v2\/product\/68253294\/revisions"}],"wp:featuredmedia":[{"embeddable":true,"href":"https:\/\/kraftwerk-shop.cc\/es\/wp-json\/wp\/v2\/media\/68319726"}],"wp:attachment":[{"href":"https:\/\/kraftwerk-shop.cc\/es\/wp-json\/wp\/v2\/media?parent=68253294"}],"wp:term":[{"taxonomy":"product_brand","embeddable":true,"href":"https:\/\/kraftwerk-shop.cc\/es\/wp-json\/wp\/v2\/product_brand?post=68253294"},{"taxonomy":"product_cat","embeddable":true,"href":"https:\/\/kraftwerk-shop.cc\/es\/wp-json\/wp\/v2\/product_cat?post=68253294"},{"taxonomy":"product_tag","embeddable":true,"href":"https:\/\/kraftwerk-shop.cc\/es\/wp-json\/wp\/v2\/product_tag?post=68253294"}],"curies":[{"name":"wp","href":"https:\/\/api.w.org\/{rel}","templated":true}]}}