{"id":68253296,"date":"2021-09-17T12:55:44","date_gmt":"2021-09-17T12:55:44","guid":{"rendered":"https:\/\/kraftwerk-gruppe.de\/?post_type=product&#038;p=68253296"},"modified":"2026-03-13T14:21:00","modified_gmt":"2026-03-13T13:21:00","slug":"junta-del-carter-nag1","status":"publish","type":"product","link":"https:\/\/kraftwerk-shop.cc\/es\/produkt\/oelwannendichtung-nag1\/","title":{"rendered":"Junta del c\u00e1rter transmisi\u00f3n autom\u00e1tica de 5 velocidades (NAG1)"},"content":{"rendered":"<h1>Junta del c\u00e1rter transmisi\u00f3n autom\u00e1tica de 5 velocidades (NAG1)<\/h1>\n<p>&nbsp;<\/p>\n<p><strong>N\u00fameros de comparaci\u00f3n Mopar:<\/strong> K52108332AB, K52108332AA, 52108332AA, 52108332AB, 52108332AC<\/p>\n<p>&nbsp;<\/p>\n<p><strong>Adecuado para:<\/strong><\/p>\n<table width=\"449\">\n<tbody>\n<tr>\n<td width=\"115\"><strong>Marca<\/strong><\/td>\n<td width=\"145\"><strong>Modelo<\/strong><\/td>\n<td width=\"106\"><strong>Motor<\/strong><\/td>\n<td width=\"83\"><strong>A\u00f1o de construcci\u00f3n<\/strong><\/td>\n<\/tr>\n<tr>\n<td>Chrysler<\/td>\n<td>300C<\/td>\n<td>3.0 CRD<\/td>\n<td>2005-2010<\/td>\n<\/tr>\n<tr>\n<td>Chrysler<\/td>\n<td>300C<\/td>\n<td>5.7<\/td>\n<td>2005-2014<\/td>\n<\/tr>\n<tr>\n<td>Chrysler<\/td>\n<td>300C<\/td>\n<td>6.1<\/td>\n<td>2005-2010<\/td>\n<\/tr>\n<tr>\n<td width=\"115\">Chrysler<\/td>\n<td width=\"145\">300C<\/td>\n<td>6.4<\/td>\n<td width=\"83\">2012-2014<\/td>\n<\/tr>\n<tr>\n<td>Dodge<\/td>\n<td>Challenger<\/td>\n<td>5.7<\/td>\n<td>2008-2014<\/td>\n<\/tr>\n<tr>\n<td>Dodge<\/td>\n<td>Challenger<\/td>\n<td>6.1<\/td>\n<td>2008-2010<\/td>\n<\/tr>\n<tr>\n<td width=\"115\">Dodge<\/td>\n<td width=\"145\">Challenger<\/td>\n<td>6.4<\/td>\n<td width=\"83\">2011-2014<\/td>\n<\/tr>\n<tr>\n<td>Dodge<\/td>\n<td>Charger<\/td>\n<td>5.7<\/td>\n<td>2005-2014<\/td>\n<\/tr>\n<tr>\n<td>Dodge<\/td>\n<td>Charger<\/td>\n<td>6.1<\/td>\n<td>2005-2010<\/td>\n<\/tr>\n<tr>\n<td width=\"115\">Dodge<\/td>\n<td width=\"145\">Charger<\/td>\n<td>6.4<\/td>\n<td width=\"83\">2011-2014<\/td>\n<\/tr>\n<tr>\n<td>Dodge<\/td>\n<td>Magnum<\/td>\n<td>5.7<\/td>\n<td>2005-2008<\/td>\n<\/tr>\n<tr>\n<td>Dodge<\/td>\n<td>Magnum<\/td>\n<td>6.1<\/td>\n<td>2006-2008<\/td>\n<\/tr>\n<tr>\n<td>Jeep<\/td>\n<td>Grand Cherokee<\/td>\n<td>6.1<\/td>\n<td>2006-2010<\/td>\n<\/tr>\n<tr>\n<td>Jeep<\/td>\n<td>Grand Cherokee<\/td>\n<td>6.4<\/td>\n<td>2011-2013<\/td>\n<\/tr>\n<\/tbody>\n<\/table>\n<p>&nbsp;<\/p>\n<p>&nbsp;<\/p>","protected":false},"excerpt":{"rendered":"<p>Junta del c\u00e1rter transmisi\u00f3n autom\u00e1tica de 5 velocidades (NAG1) N\u00fameros de referencia Mopar: K52108332AB, K52108332AA, 52108332AA, 52108332AB, 52108332AC Adecuado para: Marca Modelo Motor A\u00f1o de fabricaci\u00f3n Chrysler<\/p>","protected":false},"featured_media":68275814,"comment_status":"open","ping_status":"closed","template":"","meta":{"_acf_changed":false},"product_brand":[],"product_cat":[1549,1557,1565,1573,4978,1581,1589,2572,1670,1678,1686,1702,1597,1605,1613,5157,1621,1637,1710,1718,1726,1734,1742,1758,1774],"product_tag":[11177,11178,11179,52,11174,11175,11176,54,53,48,536,571,49,3853,3854,115,56,50,4425,11173,11172,55,143,239,21006],"class_list":{"0":"post-68253296","1":"product","2":"type-product","3":"status-publish","4":"has-post-thumbnail","6":"product_cat-300c-30-diesel-getriebe","7":"product_cat-300c-35-getriebe","8":"product_cat-300c-36-getriebe","9":"product_cat-300c-57-2005-2010-getriebe","10":"product_cat-300c-57-2011-2023-getriebe","11":"product_cat-300c-61-getriebe","12":"product_cat-300c-64-getriebe","13":"product_cat-challenger-35-getriebe","14":"product_cat-challenger-36-getriebe","15":"product_cat-challenger-57-getriebe","16":"product_cat-challenger-61-getriebe","17":"product_cat-challenger-64-getriebe","18":"product_cat-charger-35-getriebe","19":"product_cat-charger-36-getriebe","20":"product_cat-charger-57-getriebe","21":"product_cat-charger-57-2011-2023-getriebe","22":"product_cat-charger-61-getriebe","23":"product_cat-charger-64-getriebe","24":"product_cat-magnum-35-getriebe","25":"product_cat-magnum-57-getriebe","26":"product_cat-magnum-61-getriebe","27":"product_cat-grand-cherokee-30-diesel-getriebe","28":"product_cat-grand-cherokee-36-getriebe","29":"product_cat-grand-cherokee-61-getriebe","30":"product_cat-grand-cherokee-64-getriebe","31":"product_tag-052108332aa","32":"product_tag-052108332ab","33":"product_tag-052108332ac","34":"product_tag-300c","35":"product_tag-52108332aa","36":"product_tag-52108332ab","37":"product_tag-52108332ac","38":"product_tag-challenger","39":"product_tag-charger","40":"product_tag-chrysler","41":"product_tag-chrysler-300c","42":"product_tag-dichtung","43":"product_tag-dodge","44":"product_tag-dodge-challenger","45":"product_tag-dodge-charger","46":"product_tag-getriebe","47":"product_tag-grand-cherokee","48":"product_tag-jeep","49":"product_tag-jeep-grand-cherokee","50":"product_tag-k52108332aa","51":"product_tag-k52108332ab","52":"product_tag-magnum","53":"product_tag-nag1","54":"product_tag-oelwanne","55":"product_tag-v30-7231-1","57":"first","58":"instock","59":"taxable","60":"shipping-taxable","61":"purchasable","62":"product-type-simple"},"bundled_by":[],"bundle_stock_status":"instock","bundle_stock_quantity":3,"bundle_virtual":false,"bundle_layout":"","bundle_add_to_cart_form_location":"","bundle_editable_in_cart":false,"bundle_sold_individually_context":"","bundle_item_grouping":"","bundle_min_size":"","bundle_max_size":"","bundle_price":[],"bundled_items":[],"bundle_sell_ids":[],"exclude_global_add_ons":[],"addons":[],"acf":[],"_links":{"self":[{"href":"https:\/\/kraftwerk-shop.cc\/es\/wp-json\/wp\/v2\/product\/68253296","targetHints":{"allow":["GET"]}}],"collection":[{"href":"https:\/\/kraftwerk-shop.cc\/es\/wp-json\/wp\/v2\/product"}],"about":[{"href":"https:\/\/kraftwerk-shop.cc\/es\/wp-json\/wp\/v2\/types\/product"}],"replies":[{"embeddable":true,"href":"https:\/\/kraftwerk-shop.cc\/es\/wp-json\/wp\/v2\/comments?post=68253296"}],"version-history":[{"count":0,"href":"https:\/\/kraftwerk-shop.cc\/es\/wp-json\/wp\/v2\/product\/68253296\/revisions"}],"wp:featuredmedia":[{"embeddable":true,"href":"https:\/\/kraftwerk-shop.cc\/es\/wp-json\/wp\/v2\/media\/68275814"}],"wp:attachment":[{"href":"https:\/\/kraftwerk-shop.cc\/es\/wp-json\/wp\/v2\/media?parent=68253296"}],"wp:term":[{"taxonomy":"product_brand","embeddable":true,"href":"https:\/\/kraftwerk-shop.cc\/es\/wp-json\/wp\/v2\/product_brand?post=68253296"},{"taxonomy":"product_cat","embeddable":true,"href":"https:\/\/kraftwerk-shop.cc\/es\/wp-json\/wp\/v2\/product_cat?post=68253296"},{"taxonomy":"product_tag","embeddable":true,"href":"https:\/\/kraftwerk-shop.cc\/es\/wp-json\/wp\/v2\/product_tag?post=68253296"}],"curies":[{"name":"wp","href":"https:\/\/api.w.org\/{rel}","templated":true}]}}