{"id":68253404,"date":"2021-09-17T12:55:51","date_gmt":"2021-09-17T12:55:51","guid":{"rendered":"https:\/\/kraftwerk-gruppe.de\/?post_type=product&#038;p=68253404"},"modified":"2026-03-31T13:48:05","modified_gmt":"2026-03-31T11:48:05","slug":"kn-filtro-de-aceite-ram","status":"publish","type":"product","link":"https:\/\/kraftwerk-shop.cc\/es\/produkt\/kn-oelfilter-ram\/","title":{"rendered":"Filtro de aceite K&amp;N RAM"},"content":{"rendered":"<h1>Filtro de aceite K&amp;N Pro Series RAM<\/h1>\n<p>&nbsp;<\/p>\n<p>Los filtros de aceite K&amp;N Performance se han desarrollado especialmente para uso profesional en talleres y operaciones de mantenimiento.<br \/>\nSu dise\u00f1o de alto flujo puede ayudar a mejorar el rendimiento del motor de su RAM reduciendo la restricci\u00f3n del filtro de aceite.<br \/>\nLos filtros de aceite K&amp;N Pro Series tienen una forma de carcasa acanalada para que puedan sustituirse con una llave de filtro de aceite convencional.<br \/>\nProporcionan una excelente filtraci\u00f3n y protecci\u00f3n del motor para su Dodge RAM durante toda su vida \u00fatil.<br \/>\nLos filtros de aceite K&amp;N son adecuados para todos los aceites de motor sint\u00e9ticos, convencionales y de mezcla. Los elementos filtrantes plisados ofrecen un alto rendimiento de filtraci\u00f3n, por lo que son adecuados para intervalos de cambio de aceite prolongados cuando se utilizan de acuerdo con las recomendaciones del fabricante del veh\u00edculo y del aceite del motor.<\/p>\n<p>Proteja su motor con los filtros de aceite K&amp;N\u00ae de alta calidad que filtran de forma fiable las impurezas del aceite del motor.<br \/>\nLos filtros de aceite K&amp;N se desarrollan siguiendo los mismos estrictos est\u00e1ndares de calidad que los mundialmente famosos filtros de aire K&amp;N y cuentan con un dise\u00f1o duradero y medios filtrantes de alto flujo para garantizar una excelente filtraci\u00f3n del aceite.<\/p>\n<p>&nbsp;<\/p>\n<p><span lang=\"DE\">Gracias a la mezcla sint\u00e9tica especial del material filtrante, se filtra m\u00e1s suciedad con un mayor caudal.<\/span><\/p>\n<ul>\n<li>Desarrollado para los aceites sint\u00e9ticos de alto rendimiento actuales<\/li>\n<li>La v\u00e1lvula de retorno evita que el filtro se vac\u00ede y arranque en seco<\/li>\n<li>V\u00e1lvula de derivaci\u00f3n<\/li>\n<li>Supera todas las especificaciones del fabricante del equipo original<\/li>\n<\/ul>","protected":false},"excerpt":{"rendered":"<p>Filtro de aceite K&amp;N Pro Series RAM Los filtros de aceite K&amp;N Performance han sido especialmente desarrollados para el uso profesional en talleres y operaciones de mantenimiento.<\/p>","protected":false},"featured_media":68271482,"comment_status":"open","ping_status":"closed","template":"","meta":{"_acf_changed":false},"product_brand":[19067],"product_cat":[1521,5021],"product_tag":[217,91,93,49,648,126,675,670,36,404,2320,406,647,2453,655,672,86,674,96,37,673],"class_list":{"0":"post-68253404","1":"product","2":"type-product","3":"status-publish","4":"has-post-thumbnail","6":"product_brand-kn","7":"product_cat-1500-57-2009-2018-classic-wartung","8":"product_cat-1500-57-dt-wartung","9":"product_tag-217","10":"product_tag-5-7","11":"product_tag-6-4","12":"product_tag-dodge","13":"product_tag-filter","14":"product_tag-hemi","15":"product_tag-inspektion","16":"product_tag-kn","17":"product_tag-kraftwerk","18":"product_tag-motoroel","19":"product_tag-motoroelfilter","20":"product_tag-oel","21":"product_tag-oelfilter","22":"product_tag-oelfilter10","23":"product_tag-oelwechsel","24":"product_tag-pro-series","25":"product_tag-ram","26":"product_tag-service","27":"product_tag-srt","28":"product_tag-wartung","29":"product_tag-zubehoer","30":"pa_baujahr-2007-2","31":"pa_baujahr-2008-2013","32":"pa_baujahr-alle-baujahre","33":"pa_motor-4-7-2","34":"pa_motor-5-7-2","35":"pa_motor-6-4-2","37":"first","38":"instock","39":"taxable","40":"shipping-taxable","41":"purchasable","42":"product-type-variable"},"bundled_by":[],"bundle_stock_status":"instock","bundle_stock_quantity":16,"bundle_virtual":false,"bundle_layout":"","bundle_add_to_cart_form_location":"","bundle_editable_in_cart":false,"bundle_sold_individually_context":"","bundle_item_grouping":"","bundle_min_size":"","bundle_max_size":"","bundle_price":[],"bundled_items":[],"bundle_sell_ids":[],"exclude_global_add_ons":[],"addons":[],"acf":[],"_links":{"self":[{"href":"https:\/\/kraftwerk-shop.cc\/es\/wp-json\/wp\/v2\/product\/68253404","targetHints":{"allow":["GET"]}}],"collection":[{"href":"https:\/\/kraftwerk-shop.cc\/es\/wp-json\/wp\/v2\/product"}],"about":[{"href":"https:\/\/kraftwerk-shop.cc\/es\/wp-json\/wp\/v2\/types\/product"}],"replies":[{"embeddable":true,"href":"https:\/\/kraftwerk-shop.cc\/es\/wp-json\/wp\/v2\/comments?post=68253404"}],"version-history":[{"count":0,"href":"https:\/\/kraftwerk-shop.cc\/es\/wp-json\/wp\/v2\/product\/68253404\/revisions"}],"wp:featuredmedia":[{"embeddable":true,"href":"https:\/\/kraftwerk-shop.cc\/es\/wp-json\/wp\/v2\/media\/68271482"}],"wp:attachment":[{"href":"https:\/\/kraftwerk-shop.cc\/es\/wp-json\/wp\/v2\/media?parent=68253404"}],"wp:term":[{"taxonomy":"product_brand","embeddable":true,"href":"https:\/\/kraftwerk-shop.cc\/es\/wp-json\/wp\/v2\/product_brand?post=68253404"},{"taxonomy":"product_cat","embeddable":true,"href":"https:\/\/kraftwerk-shop.cc\/es\/wp-json\/wp\/v2\/product_cat?post=68253404"},{"taxonomy":"product_tag","embeddable":true,"href":"https:\/\/kraftwerk-shop.cc\/es\/wp-json\/wp\/v2\/product_tag?post=68253404"}],"curies":[{"name":"wp","href":"https:\/\/api.w.org\/{rel}","templated":true}]}}