{"id":68253562,"date":"2021-09-17T12:56:48","date_gmt":"2021-09-17T12:56:48","guid":{"rendered":"https:\/\/kraftwerk-gruppe.de\/?post_type=product&#038;p=68253562"},"modified":"2026-04-14T14:34:42","modified_gmt":"2026-04-14T12:34:42","slug":"mopar-filtro-de-habitaculo-filtro-de-polen-dodge-challenger","status":"publish","type":"product","link":"https:\/\/kraftwerk-shop.cc\/es\/produkt\/mopar-innenraumfilter-pollenfilter-dodge-challenger\/","title":{"rendered":"Filtro de habit\u00e1culo \/ filtro de polen Dodge Challenger"},"content":{"rendered":"<h1>Filtro de habit\u00e1culo \/ filtro de polen para Dodge Challenger<\/h1>\n<p>&nbsp;<\/p>\n<p><strong>N\u00fameros de comparaci\u00f3n Mopar:<\/strong> 4596501AB, <span class=\"list-value\">4596501AC<\/span>, <span class=\"list-value sku-display\">68535608AA<\/span>, <span class=\"list-value\">68071668AA<\/span>, <span class=\"list-value sku-display\">68535614AA<\/span><\/p>\n<p>&nbsp;<\/p>\n<ul>\n<li><span lang=\"DE\">Mopar 2005 - 2010 es la parte original de Mopar en el dise\u00f1o de carb\u00f3n activado, adecuado a partir del a\u00f1o de construcci\u00f3n 2005 a 2010<\/span><\/li>\n<li><span lang=\"DE\">Mopar 2011 - 2021 <span lang=\"DE\">es la pieza original de Mopar (no <\/span><span lang=\"DE\">Versi\u00f3n de carb\u00f3n activado), apto desde el a\u00f1o de construcci\u00f3n 2011 hasta 2021<br \/>\n<\/span><\/span><\/li>\n<li><span lang=\"DE\">Mopar 2022 - 2023 <span lang=\"DE\">es la pieza original de Mopar (no <\/span><span lang=\"DE\">Versi\u00f3n de carb\u00f3n activado), apto para los modelos de los a\u00f1os 2022 y 2023<\/span><\/span><\/li>\n<li><span lang=\"DE\">Kraftwerk 2011 - 2023 no es una pieza original, sino una <span lang=\"DE\">Versi\u00f3n de carb\u00f3n activado<\/span>De construcci\u00f3n id\u00e9ntica al filtro Mopar, apto para modelos del a\u00f1o 2011 al 2023.<\/span><\/li>\n<\/ul>\n<p><span lang=\"DE\" style=\"display: inline;\">\u00a0<\/span><\/p>\n<p><strong>Adecuado para:<\/strong><\/p>\n<table width=\"544\">\n<tbody>\n<tr>\n<td width=\"83\">Dodge<\/td>\n<td width=\"83\">Challenger<\/td>\n<td width=\"219\">3.5<\/td>\n<td width=\"159\">2008-2010<\/td>\n<\/tr>\n<tr>\n<td width=\"83\">Dodge<\/td>\n<td width=\"83\">Challenger<\/td>\n<td width=\"219\">3.6<\/td>\n<td width=\"159\">2011-2023<\/td>\n<\/tr>\n<tr>\n<td width=\"83\">Dodge<\/td>\n<td width=\"83\">Challenger<\/td>\n<td width=\"219\">5.7<\/td>\n<td width=\"159\">2008-2023<\/td>\n<\/tr>\n<tr>\n<td width=\"83\">Dodge<\/td>\n<td width=\"83\">Challenger<\/td>\n<td width=\"219\">6.1<\/td>\n<td width=\"159\">2008-2010<\/td>\n<\/tr>\n<tr>\n<td width=\"83\">Dodge<\/td>\n<td width=\"83\">Challenger<\/td>\n<td width=\"219\">6.2 Hellcat<\/td>\n<td width=\"159\">2015-2023<\/td>\n<\/tr>\n<tr>\n<td width=\"83\">Dodge<\/td>\n<td width=\"83\">Challenger<\/td>\n<td width=\"219\">6.4<\/td>\n<td width=\"159\">2011-2023<\/td>\n<\/tr>\n<\/tbody>\n<\/table>\n<p>&nbsp;<\/p>\n<p>&nbsp;<\/p>","protected":false},"excerpt":{"rendered":"<p><span lang=\"DE\" style=\"display: inline;\">Pieza original Mopar<\/span><\/p>","protected":false},"featured_media":68275759,"comment_status":"open","ping_status":"closed","template":"","meta":{"_acf_changed":false},"product_brand":[16270],"product_cat":[2575,1671,1679,1687,1695,1703],"product_tag":[40,4483,695,4482,696,6884,10670,3611,3612,54,49,3853,692,648,32,36,31,8813,9424,16271,16273,16275,16272,16274,34,691,694,693],"class_list":{"0":"post-68253562","1":"product","2":"type-product","3":"status-publish","4":"has-post-thumbnail","6":"product_brand-mopar","7":"product_cat-challenger-35-wartung","8":"product_cat-challenger-36-wartung","9":"product_cat-challenger-57-wartung","10":"product_cat-challenger-61-wartung","11":"product_cat-challenger-hellcat-wartung","12":"product_cat-challenger-64-wartung","13":"product_tag-04596501ab","14":"product_tag-04596501ac","15":"product_tag-4596501ab","16":"product_tag-4596501ac","17":"product_tag-68071668aa","18":"product_tag-68535608aa","19":"product_tag-68535614aa","20":"product_tag-aktivkohle","21":"product_tag-aktivkohlefilter","22":"product_tag-challenger","23":"product_tag-dodge","24":"product_tag-dodge-challenger","25":"product_tag-ersatzteil","26":"product_tag-filter","27":"product_tag-innenraumfilter","28":"product_tag-kraftwerk","29":"product_tag-mopar","30":"product_tag-mopar-autoteile","31":"product_tag-mopar-ersatzteile","32":"product_tag-mopar-ersatzteile-kaufen","33":"product_tag-mopar-performance-teile","34":"product_tag-mopar-teile-katalog","35":"product_tag-mopar-teile-online","36":"product_tag-mopar-tuningteile","37":"product_tag-original","38":"product_tag-pollenfilter","39":"product_tag-tauschen","40":"product_tag-wechseln","42":"first","43":"instock","44":"taxable","45":"shipping-taxable","46":"purchasable","47":"product-type-variable"},"bundled_by":[],"bundle_stock_status":"instock","bundle_stock_quantity":63,"bundle_virtual":false,"bundle_layout":"","bundle_add_to_cart_form_location":"","bundle_editable_in_cart":false,"bundle_sold_individually_context":"","bundle_item_grouping":"","bundle_min_size":"","bundle_max_size":"","bundle_price":[],"bundled_items":[],"bundle_sell_ids":[],"exclude_global_add_ons":[],"addons":[],"acf":[],"_links":{"self":[{"href":"https:\/\/kraftwerk-shop.cc\/es\/wp-json\/wp\/v2\/product\/68253562","targetHints":{"allow":["GET"]}}],"collection":[{"href":"https:\/\/kraftwerk-shop.cc\/es\/wp-json\/wp\/v2\/product"}],"about":[{"href":"https:\/\/kraftwerk-shop.cc\/es\/wp-json\/wp\/v2\/types\/product"}],"replies":[{"embeddable":true,"href":"https:\/\/kraftwerk-shop.cc\/es\/wp-json\/wp\/v2\/comments?post=68253562"}],"version-history":[{"count":0,"href":"https:\/\/kraftwerk-shop.cc\/es\/wp-json\/wp\/v2\/product\/68253562\/revisions"}],"wp:featuredmedia":[{"embeddable":true,"href":"https:\/\/kraftwerk-shop.cc\/es\/wp-json\/wp\/v2\/media\/68275759"}],"wp:attachment":[{"href":"https:\/\/kraftwerk-shop.cc\/es\/wp-json\/wp\/v2\/media?parent=68253562"}],"wp:term":[{"taxonomy":"product_brand","embeddable":true,"href":"https:\/\/kraftwerk-shop.cc\/es\/wp-json\/wp\/v2\/product_brand?post=68253562"},{"taxonomy":"product_cat","embeddable":true,"href":"https:\/\/kraftwerk-shop.cc\/es\/wp-json\/wp\/v2\/product_cat?post=68253562"},{"taxonomy":"product_tag","embeddable":true,"href":"https:\/\/kraftwerk-shop.cc\/es\/wp-json\/wp\/v2\/product_tag?post=68253562"}],"curies":[{"name":"wp","href":"https:\/\/api.w.org\/{rel}","templated":true}]}}