{"id":68253574,"date":"2021-09-17T12:56:50","date_gmt":"2021-09-17T12:56:50","guid":{"rendered":"https:\/\/kraftwerk-gruppe.de\/?post_type=product&#038;p=68253574"},"modified":"2026-04-04T17:51:32","modified_gmt":"2026-04-04T15:51:32","slug":"filtro-de-habitaculo-mopar-dodge-magnum","status":"publish","type":"product","link":"https:\/\/kraftwerk-shop.cc\/es\/produkt\/mopar-innenraumfilter-dodge-magnum\/","title":{"rendered":"Filtro de habit\u00e1culo Mopar Dodge Magnum"},"content":{"rendered":"<h1>Filtro de habit\u00e1culo Mopar <img alt=\"\" \/>\/ Filtro de polen adecuado para Dodge Magnum<\/h1>\n<p>&nbsp;<\/p>\n<p><strong>N\u00fameros de pieza Mopar:<\/strong> 4596501AB, 4596501AC, 68535608AA<\/p>\n<p>&nbsp;<\/p>\n<p><strong>Adecuado para:<\/strong><\/p>\n<table width=\"544\">\n<tbody>\n<tr>\n<td width=\"83\">Dodge<\/td>\n<td width=\"83\">Magnum<\/td>\n<td width=\"219\">3.5<\/td>\n<td width=\"159\">2005-2008<\/td>\n<\/tr>\n<tr>\n<td>Dodge<\/td>\n<td>Magnum<\/td>\n<td>5.7<\/td>\n<td>2005-2008<\/td>\n<\/tr>\n<tr>\n<td>Dodge<\/td>\n<td>Magnum<\/td>\n<td>6.1<\/td>\n<td>2006-2008<\/td>\n<\/tr>\n<\/tbody>\n<\/table>\n<p>&nbsp;<\/p>\n<p>&nbsp;<\/p>\n<h4>Recambios originales Mopar: calidad directa del fabricante<\/h4>\n<p><strong>Precisi\u00f3n conforme al fabricante:<\/strong> Como fabricante de piezas originales, Mopar proporciona componentes que se corresponden exactamente con las especificaciones de su veh\u00edculo. La fabricaci\u00f3n precisa garantiza una instalaci\u00f3n sin problemas y el cumplimiento de todos los requisitos relacionados con la seguridad.<\/p>\n<p><strong>Duradera y fiable:<\/strong> Las piezas originales Mopar se fabrican con materiales de alta calidad y se someten a estrictas pruebas de calidad. Est\u00e1n dise\u00f1adas para una larga vida \u00fatil y ofrecen un rendimiento constante incluso con un uso intensivo.<\/p>","protected":false},"excerpt":{"rendered":"<p><span lang=\"DE\" style=\"display: inline;\">Pieza original Mopar<\/span><\/p>","protected":false},"featured_media":68275754,"comment_status":"open","ping_status":"closed","template":"","meta":{"_acf_changed":false},"product_brand":[16270],"product_cat":[1711,1719,1727],"product_tag":[40,4483,695,4482,6884,49,692,648,32,55,31,34,691,694,693],"class_list":{"0":"post-68253574","1":"product","2":"type-product","3":"status-publish","4":"has-post-thumbnail","6":"product_brand-mopar","7":"product_cat-magnum-35-wartung","8":"product_cat-magnum-57-wartung","9":"product_cat-magnum-61-wartung","10":"product_tag-04596501ab","11":"product_tag-04596501ac","12":"product_tag-4596501ab","13":"product_tag-4596501ac","14":"product_tag-68535608aa","15":"product_tag-dodge","16":"product_tag-ersatzteil","17":"product_tag-filter","18":"product_tag-innenraumfilter","19":"product_tag-magnum","20":"product_tag-mopar","21":"product_tag-original","22":"product_tag-pollenfilter","23":"product_tag-tauschen","24":"product_tag-wechseln","26":"first","27":"instock","28":"taxable","29":"shipping-taxable","30":"purchasable","31":"product-type-simple"},"bundled_by":[],"bundle_stock_status":"instock","bundle_stock_quantity":8,"bundle_virtual":false,"bundle_layout":"","bundle_add_to_cart_form_location":"","bundle_editable_in_cart":false,"bundle_sold_individually_context":"","bundle_item_grouping":"","bundle_min_size":"","bundle_max_size":"","bundle_price":[],"bundled_items":[],"bundle_sell_ids":[],"exclude_global_add_ons":[],"addons":[],"acf":[],"_links":{"self":[{"href":"https:\/\/kraftwerk-shop.cc\/es\/wp-json\/wp\/v2\/product\/68253574","targetHints":{"allow":["GET"]}}],"collection":[{"href":"https:\/\/kraftwerk-shop.cc\/es\/wp-json\/wp\/v2\/product"}],"about":[{"href":"https:\/\/kraftwerk-shop.cc\/es\/wp-json\/wp\/v2\/types\/product"}],"replies":[{"embeddable":true,"href":"https:\/\/kraftwerk-shop.cc\/es\/wp-json\/wp\/v2\/comments?post=68253574"}],"version-history":[{"count":0,"href":"https:\/\/kraftwerk-shop.cc\/es\/wp-json\/wp\/v2\/product\/68253574\/revisions"}],"wp:featuredmedia":[{"embeddable":true,"href":"https:\/\/kraftwerk-shop.cc\/es\/wp-json\/wp\/v2\/media\/68275754"}],"wp:attachment":[{"href":"https:\/\/kraftwerk-shop.cc\/es\/wp-json\/wp\/v2\/media?parent=68253574"}],"wp:term":[{"taxonomy":"product_brand","embeddable":true,"href":"https:\/\/kraftwerk-shop.cc\/es\/wp-json\/wp\/v2\/product_brand?post=68253574"},{"taxonomy":"product_cat","embeddable":true,"href":"https:\/\/kraftwerk-shop.cc\/es\/wp-json\/wp\/v2\/product_cat?post=68253574"},{"taxonomy":"product_tag","embeddable":true,"href":"https:\/\/kraftwerk-shop.cc\/es\/wp-json\/wp\/v2\/product_tag?post=68253574"}],"curies":[{"name":"wp","href":"https:\/\/api.w.org\/{rel}","templated":true}]}}