{"id":68253696,"date":"2021-09-17T12:56:56","date_gmt":"2021-09-17T12:56:56","guid":{"rendered":"https:\/\/kraftwerk-gruppe.de\/?post_type=product&#038;p=68253696"},"modified":"2026-04-15T02:11:01","modified_gmt":"2026-04-15T00:11:01","slug":"herramienta-especial-compresor-cambio-rueda-hellcat-trackhawk-trx","status":"publish","type":"product","link":"https:\/\/kraftwerk-shop.cc\/es\/produkt\/spezialwerkzeug-kompressorradwechsel-hellcat-trackhawk-trx\/","title":{"rendered":"Herramienta especial para el cambio de rueda del compresor Hellcat"},"content":{"rendered":"<h1>Herramienta especial para cambiar la rueda del compresor en Hellcat, Trackhawk y TRX<\/h1>\n<p>&nbsp;<\/p>\n<p>Esta herramienta ha sido desarrollada para desmontar la rueda del compresor original en los modelos Dodge Charger, Challenger &amp; Durango Hellcat, Jeep Trackhawk y RAM TRX.<br \/>\nEsta herramienta se utiliza para fijar el eje del sobrealimentador mientras se desatornilla la polea de la correa en la parte delantera.<\/p>\n<p>La ventaja de esta herramienta es que distribuye la carga entre los ocho pivotes, lo que es mucho mejor que utilizar una palanca contra dos pivotes.<br \/>\nEsta herramienta reduce considerablemente la posibilidad de rotura al desmontar la polea.<\/p>\n<p>Esta herramienta de alto rendimiento est\u00e1 cortada con l\u00e1ser de acero de 1\/4\u2033 y mecanizada con precisi\u00f3n para que coincida con el patr\u00f3n y el di\u00e1metro del pasador.<br \/>\nEl orificio situado en el centro de los agujeros de los pasadores est\u00e1 dise\u00f1ado de forma que pueda introducirse a trav\u00e9s de \u00e9l una llave de tubo de 15 mm para sujetar el perno del eje en caso necesario.<\/p>\n<p>&nbsp;<\/p>\n<p><strong>Adecuado para:<\/strong><\/p>\n<table width=\"449\">\n<tbody>\n<tr>\n<td width=\"115\"><strong>Marca<\/strong><\/td>\n<td width=\"145\"><strong>Modelo<\/strong><\/td>\n<td width=\"106\"><strong>Motor<\/strong><\/td>\n<td width=\"83\"><strong>A\u00f1o de construcci\u00f3n<\/strong><\/td>\n<\/tr>\n<tr>\n<td width=\"115\">Dodge<\/td>\n<td width=\"145\">Charger<\/td>\n<td width=\"106\">6.2 Hellcat<\/td>\n<td width=\"83\">2015-2023<\/td>\n<\/tr>\n<tr>\n<td width=\"115\">Dodge<\/td>\n<td width=\"145\">Challenger<\/td>\n<td width=\"106\">6.2 Hellcat<\/td>\n<td width=\"83\">2015-2023<\/td>\n<\/tr>\n<tr>\n<td width=\"115\">Dodge<\/td>\n<td width=\"145\">Durango<\/td>\n<td width=\"106\">6.2 Hellcat<\/td>\n<td width=\"83\">2021-2025<\/td>\n<\/tr>\n<tr>\n<td width=\"115\">Jeep<\/td>\n<td width=\"145\">Grand Cherokee<\/td>\n<td width=\"106\">6,2 Trackhawk<\/td>\n<td width=\"83\">2018-2021<\/td>\n<\/tr>\n<tr>\n<td width=\"115\">RAM<\/td>\n<td width=\"145\">1500<\/td>\n<td width=\"106\">TRX<\/td>\n<td width=\"83\">2021-2024<\/td>\n<\/tr>\n<\/tbody>\n<\/table>\n<p>&nbsp;<\/p>\n<p><strong>Volumen de suministro:<\/strong><\/p>\n<ul>\n<li>Llave especial<\/li>\n<li>Pernos especiales<\/li>\n<\/ul>\n<p>&nbsp;<\/p>","protected":false},"excerpt":{"rendered":"<p>Spezialwerkzeug f\u00fcr Kompressorradwechsel bei Hellcat, Trackhawk und TRX &nbsp; Dieses Werkzeug wurde entwickelt, um das originale Kompressorrad am Dodge Charger,<\/p>","protected":false},"featured_media":68275485,"comment_status":"open","ping_status":"closed","template":"","meta":{"_acf_changed":false},"product_brand":[20097],"product_cat":[2585,2709,2708,2669,2701],"product_tag":[475,101,54,53,49,3853,3854,3415,56,2452,100,723,50,4425,4427,4426,722,242,394,36,382,157,397,86,721,734,246,102,2353,233,733],"class_list":{"0":"post-68253696","1":"product","2":"type-product","3":"status-publish","4":"has-post-thumbnail","6":"product_brand-metco","7":"product_cat-challenger-hellcat-kompressor","8":"product_cat-charger-hellcat-kompressor","9":"product_cat-durango-hellcat-kompressor","10":"product_cat-trackhawk-kompressor","11":"product_cat-trx-kompressor","12":"product_tag-475","13":"product_tag-6-2","14":"product_tag-challenger","15":"product_tag-charger","16":"product_tag-dodge","17":"product_tag-dodge-challenger","18":"product_tag-dodge-charger","19":"product_tag-erhoehen","20":"product_tag-grand-cherokee","21":"product_tag-hcsc","22":"product_tag-hellcat","23":"product_tag-hoeher","24":"product_tag-jeep","25":"product_tag-jeep-grand-cherokee","26":"product_tag-jeep-grand-cherokee-trackhawk","27":"product_tag-jeep-trackhawk","28":"product_tag-kleiner","29":"product_tag-kompressor","30":"product_tag-kompressorrad","31":"product_tag-kraftwerk","32":"product_tag-ladedruck","33":"product_tag-metco","34":"product_tag-pulley","35":"product_tag-ram","36":"product_tag-riemenscheibe","37":"product_tag-spezialwerkzeug","38":"product_tag-supercharger","39":"product_tag-trackhawk","40":"product_tag-trx","41":"product_tag-tuning","42":"product_tag-werkzeug","44":"first","45":"onbackorder","46":"taxable","47":"shipping-taxable","48":"purchasable","49":"product-type-simple"},"bundled_by":[],"bundle_stock_status":"onbackorder","bundle_stock_quantity":0,"bundle_virtual":false,"bundle_layout":"","bundle_add_to_cart_form_location":"","bundle_editable_in_cart":false,"bundle_sold_individually_context":"","bundle_item_grouping":"","bundle_min_size":"","bundle_max_size":"","bundle_price":[],"bundled_items":[],"bundle_sell_ids":[],"exclude_global_add_ons":[],"addons":[],"acf":[],"_links":{"self":[{"href":"https:\/\/kraftwerk-shop.cc\/es\/wp-json\/wp\/v2\/product\/68253696","targetHints":{"allow":["GET"]}}],"collection":[{"href":"https:\/\/kraftwerk-shop.cc\/es\/wp-json\/wp\/v2\/product"}],"about":[{"href":"https:\/\/kraftwerk-shop.cc\/es\/wp-json\/wp\/v2\/types\/product"}],"replies":[{"embeddable":true,"href":"https:\/\/kraftwerk-shop.cc\/es\/wp-json\/wp\/v2\/comments?post=68253696"}],"version-history":[{"count":0,"href":"https:\/\/kraftwerk-shop.cc\/es\/wp-json\/wp\/v2\/product\/68253696\/revisions"}],"wp:featuredmedia":[{"embeddable":true,"href":"https:\/\/kraftwerk-shop.cc\/es\/wp-json\/wp\/v2\/media\/68275485"}],"wp:attachment":[{"href":"https:\/\/kraftwerk-shop.cc\/es\/wp-json\/wp\/v2\/media?parent=68253696"}],"wp:term":[{"taxonomy":"product_brand","embeddable":true,"href":"https:\/\/kraftwerk-shop.cc\/es\/wp-json\/wp\/v2\/product_brand?post=68253696"},{"taxonomy":"product_cat","embeddable":true,"href":"https:\/\/kraftwerk-shop.cc\/es\/wp-json\/wp\/v2\/product_cat?post=68253696"},{"taxonomy":"product_tag","embeddable":true,"href":"https:\/\/kraftwerk-shop.cc\/es\/wp-json\/wp\/v2\/product_tag?post=68253696"}],"curies":[{"name":"wp","href":"https:\/\/api.w.org\/{rel}","templated":true}]}}