{"id":68253700,"date":"2021-09-17T12:56:56","date_gmt":"2021-09-17T12:56:56","guid":{"rendered":"https:\/\/kraftwerk-gruppe.de\/?post_type=product&#038;p=68253700"},"modified":"2026-04-11T14:41:07","modified_gmt":"2026-04-11T12:41:07","slug":"correa-compresor-hd-hellcat-trackhawk-2x-polea","status":"publish","type":"product","link":"https:\/\/kraftwerk-shop.cc\/es\/produkt\/hd-kompresssorriemen-hellcat-trackhawk-2x-pulley\/","title":{"rendered":"Correa de compresor reforzada para Hellcat, Trackhawk y TRX"},"content":{"rendered":"<h1>Correa de compresor reforzada para Hellcat, Trackhawk y TRX<\/h1>\n<p>&nbsp;<\/p>\n<p>Dise\u00f1ada para las aplicaciones m\u00e1s duras, la construcci\u00f3n FleetRunner\u00ae ofrece una flexibilidad, estabilidad y capacidad de carga superiores y una vida \u00fatil de la correa del compresor inigualable.<\/p>\n<p>Los materiales patentados ofrecen el m\u00e1ximo rendimiento a temperaturas de funcionamiento extremadamente prolongadas y convierten a esta correa en el solucionador de problemas definitivo.<br \/>\nUna mezcla altamente desarrollada de tecnolog\u00eda de caucho EPDM resiste el envejecimiento prematuro.<\/p>\n<p>&nbsp;<\/p>\n<p><strong>Adecuado para:<\/strong><\/p>\n<table width=\"449\">\n<tbody>\n<tr>\n<td width=\"115\"><strong>Marca<\/strong><\/td>\n<td width=\"145\"><strong>Modelo<\/strong><\/td>\n<td width=\"106\"><strong>Motor<\/strong><\/td>\n<td width=\"83\"><strong>A\u00f1o de construcci\u00f3n<\/strong><\/td>\n<\/tr>\n<tr>\n<td width=\"115\">Dodge<\/td>\n<td width=\"145\">Charger<\/td>\n<td width=\"106\">6.2 Hellcat<\/td>\n<td width=\"83\">2015-2023<\/td>\n<\/tr>\n<tr>\n<td width=\"115\">Dodge<\/td>\n<td width=\"145\">Challenger<\/td>\n<td width=\"106\">6.2 Hellcat<\/td>\n<td width=\"83\">2015-2023<\/td>\n<\/tr>\n<tr>\n<td width=\"115\">Dodge<\/td>\n<td width=\"145\">Durango<\/td>\n<td width=\"106\">6.2 Hellcat<\/td>\n<td width=\"83\">2021-2025<\/td>\n<\/tr>\n<tr>\n<td width=\"115\">Jeep<\/td>\n<td width=\"145\">Grand Cherokee<\/td>\n<td width=\"106\">6,2 Trackhawk<\/td>\n<td width=\"83\">2018-2021<\/td>\n<\/tr>\n<tr>\n<td width=\"115\">RAM<\/td>\n<td width=\"145\">1500<\/td>\n<td width=\"106\">TRX<\/td>\n<td width=\"83\">2021-2024<\/td>\n<\/tr>\n<\/tbody>\n<\/table>\n<p>&nbsp;<\/p>\n<p><strong>S\u00f3lo para ruedas compresoras de 2,65, 2,75 y 2,85<\/strong><\/p>\n<p>&nbsp;<\/p>","protected":false},"excerpt":{"rendered":"<p>Adecuado para ruedas de compresor de 2,85\u2033, 2,75\u2033 y 2,65\u2033.<\/p>","protected":false},"featured_media":68275712,"comment_status":"open","ping_status":"closed","template":"","meta":{"_acf_changed":false},"product_brand":[],"product_cat":[2585,7505,2709,7509,2708,7512,7519,2669,2701,7525],"product_tag":[475,101,54,53,49,3853,3854,3415,737,56,2452,738,100,723,50,4425,4427,4426,739,736,722,242,394,36,382,157,397,86,735,721,246,102,2353,233,733],"class_list":{"0":"post-68253700","1":"product","2":"type-product","3":"status-publish","4":"has-post-thumbnail","6":"product_cat-challenger-hellcat-kompressor","7":"product_cat-challenger-hellcat-riemenantrieb","8":"product_cat-charger-hellcat-kompressor","9":"product_cat-charger-hellcat-riemenantrieb","10":"product_cat-durango-hellcat-kompressor","11":"product_cat-durango-hellcat-riemenantrieb","12":"product_cat-trackhawk-riemenantrieb","13":"product_cat-trackhawk-kompressor","14":"product_cat-trx-kompressor","15":"product_cat-trx-riemenantrieb","16":"product_tag-475","17":"product_tag-6-2","18":"product_tag-challenger","19":"product_tag-charger","20":"product_tag-dodge","21":"product_tag-dodge-challenger","22":"product_tag-dodge-charger","23":"product_tag-erhoehen","24":"product_tag-gates","25":"product_tag-grand-cherokee","26":"product_tag-hcsc","27":"product_tag-hd","28":"product_tag-hellcat","29":"product_tag-hoeher","30":"product_tag-jeep","31":"product_tag-jeep-grand-cherokee","32":"product_tag-jeep-grand-cherokee-trackhawk","33":"product_tag-jeep-trackhawk","34":"product_tag-k100572hd","35":"product_tag-keilriemen","36":"product_tag-kleiner","37":"product_tag-kompressor","38":"product_tag-kompressorrad","39":"product_tag-kraftwerk","40":"product_tag-ladedruck","41":"product_tag-metco","42":"product_tag-pulley","43":"product_tag-ram","44":"product_tag-riemen","45":"product_tag-riemenscheibe","46":"product_tag-supercharger","47":"product_tag-trackhawk","48":"product_tag-trx","49":"product_tag-tuning","50":"product_tag-werkzeug","52":"first","53":"instock","54":"taxable","55":"shipping-taxable","56":"purchasable","57":"product-type-simple"},"bundled_by":[],"bundle_stock_status":"instock","bundle_stock_quantity":7,"bundle_virtual":false,"bundle_layout":"","bundle_add_to_cart_form_location":"","bundle_editable_in_cart":false,"bundle_sold_individually_context":"","bundle_item_grouping":"","bundle_min_size":"","bundle_max_size":"","bundle_price":[],"bundled_items":[],"bundle_sell_ids":[],"exclude_global_add_ons":[],"addons":[],"acf":[],"_links":{"self":[{"href":"https:\/\/kraftwerk-shop.cc\/es\/wp-json\/wp\/v2\/product\/68253700","targetHints":{"allow":["GET"]}}],"collection":[{"href":"https:\/\/kraftwerk-shop.cc\/es\/wp-json\/wp\/v2\/product"}],"about":[{"href":"https:\/\/kraftwerk-shop.cc\/es\/wp-json\/wp\/v2\/types\/product"}],"replies":[{"embeddable":true,"href":"https:\/\/kraftwerk-shop.cc\/es\/wp-json\/wp\/v2\/comments?post=68253700"}],"version-history":[{"count":0,"href":"https:\/\/kraftwerk-shop.cc\/es\/wp-json\/wp\/v2\/product\/68253700\/revisions"}],"wp:featuredmedia":[{"embeddable":true,"href":"https:\/\/kraftwerk-shop.cc\/es\/wp-json\/wp\/v2\/media\/68275712"}],"wp:attachment":[{"href":"https:\/\/kraftwerk-shop.cc\/es\/wp-json\/wp\/v2\/media?parent=68253700"}],"wp:term":[{"taxonomy":"product_brand","embeddable":true,"href":"https:\/\/kraftwerk-shop.cc\/es\/wp-json\/wp\/v2\/product_brand?post=68253700"},{"taxonomy":"product_cat","embeddable":true,"href":"https:\/\/kraftwerk-shop.cc\/es\/wp-json\/wp\/v2\/product_cat?post=68253700"},{"taxonomy":"product_tag","embeddable":true,"href":"https:\/\/kraftwerk-shop.cc\/es\/wp-json\/wp\/v2\/product_tag?post=68253700"}],"curies":[{"name":"wp","href":"https:\/\/api.w.org\/{rel}","templated":true}]}}