{"id":68253871,"date":"2021-09-17T12:57:53","date_gmt":"2021-09-17T12:57:53","guid":{"rendered":"https:\/\/kraftwerk-gruppe.de\/?post_type=product&#038;p=68253871"},"modified":"2026-02-15T00:06:21","modified_gmt":"2026-02-14T23:06:21","slug":"kit-arbol-de-levas-jeep-trackhawk-nsr","status":"publish","type":"product","link":"https:\/\/kraftwerk-shop.cc\/es\/produkt\/jeep-trackhawk-nsr-nockenwellen-kit\/","title":{"rendered":"Jeep Trackhawk Kit de \u00e1rbol de levas NSR"},"content":{"rendered":"<h1>Jeep Trackhawk Kit de \u00e1rbol de levas NSR<\/h1>\n<p>&nbsp;<\/p>\n<p>Nuestros kits de \u00e1rbol de levas HEMI se han desarrollado para que la selecci\u00f3n del \u00e1rbol de levas adecuado para su veh\u00edculo sea extremadamente f\u00e1cil.<br \/>\nPuede estar seguro de que est\u00e1 recibiendo piezas de la m\u00e1s alta calidad y el mejor dise\u00f1o de \u00e1rbol de levas, montados para usted por los t\u00e9cnicos m\u00e1s experimentados del sector.<br \/>\n<strong>NSR<\/strong> significa <strong>N<\/strong>o <strong>S<\/strong>prings <strong>R<\/strong>ecesario.<br \/>\nEste \u00e1rbol de levas puede utilizarse sin muelles de v\u00e1lvula reforzados.<\/p>\n<p>&nbsp;<\/p>\n<p><strong>Este kit incluye:<\/strong><\/p>\n<ul>\n<li>\u00c1rbol de levas Comp Cams Trackhawk NSR seg\u00fan nuestras especificaciones<\/li>\n<li>Varillas de empuje a juego<\/li>\n<li>Limitador Cam Phaser<\/li>\n<\/ul>\n<p>&nbsp;<\/p>\n<p><strong>Adecuado para:<\/strong><\/p>\n<table width=\"449\">\n<tbody>\n<tr>\n<td width=\"115\"><strong>Marca<\/strong><\/td>\n<td width=\"145\"><strong>Modelo<\/strong><\/td>\n<td width=\"106\"><strong>Motor<\/strong><\/td>\n<td width=\"83\"><strong>A\u00f1o de construcci\u00f3n<\/strong><\/td>\n<\/tr>\n<tr>\n<td width=\"115\">Jeep<\/td>\n<td width=\"145\">Grand Cherokee<\/td>\n<td width=\"106\">6,2 Trackhawk<\/td>\n<td>2018-2021<\/td>\n<\/tr>\n<\/tbody>\n<\/table>\n<p>&nbsp;<\/p>\n<p>&nbsp;<\/p>\n<p>&nbsp;<\/p>\n<p>&nbsp;<\/p>\n<p>&nbsp;<\/p>","protected":false},"excerpt":{"rendered":"<p>Jeep Trackhawk Kit de \u00e1rbol de levas NSR Nuestros kits de \u00e1rbol de levas HEMI est\u00e1n dise\u00f1ados para que la selecci\u00f3n del \u00e1rbol de levas adecuado para su veh\u00edculo sea pan comido.<\/p>","protected":false},"featured_media":68275521,"comment_status":"open","ping_status":"closed","template":"","meta":{"_acf_changed":false},"product_brand":[19068],"product_cat":[6673],"product_tag":[344,365,340,339,341,2329,50,4425,4427,4426,222,36,336,2449,817,96,1056,164,338,102,180,818,819],"class_list":{"0":"post-68253871","1":"product","2":"type-product","3":"status-publish","4":"has-post-thumbnail","6":"product_brand-kraftwerk","7":"product_cat-trackhawk-nockenwelle-ventiltrieb","8":"product_tag-blower","9":"product_tag-cam","10":"product_tag-cams","11":"product_tag-comp","12":"product_tag-compcam","13":"product_tag-compcams","14":"product_tag-jeep","15":"product_tag-jeep-grand-cherokee","16":"product_tag-jeep-grand-cherokee-trackhawk","17":"product_tag-jeep-trackhawk","18":"product_tag-kit","19":"product_tag-kraftwerk","20":"product_tag-nockenwelle","21":"product_tag-nockenwellenkit","22":"product_tag-nsr","23":"product_tag-srt","24":"product_tag-srt-8","25":"product_tag-srt8","26":"product_tag-standgas","27":"product_tag-trackhawk","28":"product_tag-umbau","29":"product_tag-umbausatz","30":"product_tag-unrund","31":"product_shipping_class-deutschlandohne","33":"first","34":"onbackorder","35":"taxable","36":"shipping-taxable","37":"purchasable","38":"product-type-simple"},"bundled_by":[],"bundle_stock_status":"onbackorder","bundle_stock_quantity":0,"bundle_virtual":false,"bundle_layout":"","bundle_add_to_cart_form_location":"","bundle_editable_in_cart":false,"bundle_sold_individually_context":"","bundle_item_grouping":"","bundle_min_size":"","bundle_max_size":"","bundle_price":[],"bundled_items":[],"bundle_sell_ids":[],"exclude_global_add_ons":[],"addons":[],"acf":[],"_links":{"self":[{"href":"https:\/\/kraftwerk-shop.cc\/es\/wp-json\/wp\/v2\/product\/68253871","targetHints":{"allow":["GET"]}}],"collection":[{"href":"https:\/\/kraftwerk-shop.cc\/es\/wp-json\/wp\/v2\/product"}],"about":[{"href":"https:\/\/kraftwerk-shop.cc\/es\/wp-json\/wp\/v2\/types\/product"}],"replies":[{"embeddable":true,"href":"https:\/\/kraftwerk-shop.cc\/es\/wp-json\/wp\/v2\/comments?post=68253871"}],"version-history":[{"count":0,"href":"https:\/\/kraftwerk-shop.cc\/es\/wp-json\/wp\/v2\/product\/68253871\/revisions"}],"wp:featuredmedia":[{"embeddable":true,"href":"https:\/\/kraftwerk-shop.cc\/es\/wp-json\/wp\/v2\/media\/68275521"}],"wp:attachment":[{"href":"https:\/\/kraftwerk-shop.cc\/es\/wp-json\/wp\/v2\/media?parent=68253871"}],"wp:term":[{"taxonomy":"product_brand","embeddable":true,"href":"https:\/\/kraftwerk-shop.cc\/es\/wp-json\/wp\/v2\/product_brand?post=68253871"},{"taxonomy":"product_cat","embeddable":true,"href":"https:\/\/kraftwerk-shop.cc\/es\/wp-json\/wp\/v2\/product_cat?post=68253871"},{"taxonomy":"product_tag","embeddable":true,"href":"https:\/\/kraftwerk-shop.cc\/es\/wp-json\/wp\/v2\/product_tag?post=68253871"}],"curies":[{"name":"wp","href":"https:\/\/api.w.org\/{rel}","templated":true}]}}