{"id":68253872,"date":"2021-09-17T12:57:53","date_gmt":"2021-09-17T12:57:53","guid":{"rendered":"https:\/\/kraftwerk-gruppe.de\/?post_type=product&#038;p=68253872"},"modified":"2026-02-15T00:46:06","modified_gmt":"2026-02-14T23:46:06","slug":"kit-arbol-de-levas-hellcat-power-plant","status":"publish","type":"product","link":"https:\/\/kraftwerk-shop.cc\/es\/produkt\/hellcat-kraftwerk-nockenwellen-kit\/","title":{"rendered":"Hellcat Kraftwerk Kit de \u00e1rbol de levas"},"content":{"rendered":"<h1>Hellcat Kraftwerk Kit de \u00e1rbol de levas<\/h1>\n<p>&nbsp;<\/p>\n<p>Nuestros kits de \u00e1rbol de levas HEMI se han desarrollado para que la selecci\u00f3n del \u00e1rbol de levas adecuado para su veh\u00edculo sea extremadamente f\u00e1cil.<br \/>\nPuede estar seguro de que est\u00e1 recibiendo piezas de la m\u00e1s alta calidad y el mejor dise\u00f1o de \u00e1rbol de levas, montados para usted por los t\u00e9cnicos m\u00e1s experimentados del sector.<br \/>\nEste \u00e1rbol de levas est\u00e1 dise\u00f1ado para el m\u00e1ximo rendimiento y requiere mejoras adicionales.<\/p>\n<p>&nbsp;<\/p>\n<p><strong>Este kit incluye:<\/strong><\/p>\n<ul>\n<li>\u00c1rbol de levas Comp Cams Hellcat Kraftwerk seg\u00fan nuestras especificaciones<\/li>\n<li>1516 Muelles de v\u00e1lvula reforzados Behieve<\/li>\n<li>Varillas de empuje premium reforzadas<\/li>\n<li>Limitador Cam Phaser<\/li>\n<li>Perno del \u00e1rbol de levas<\/li>\n<li>Lubricante de montaje<\/li>\n<\/ul>\n<p>&nbsp;<\/p>\n<p><strong>Adecuado para:<\/strong><\/p>\n<table width=\"449\">\n<tbody>\n<tr>\n<td width=\"115\"><strong>Marca<\/strong><\/td>\n<td width=\"145\"><strong>Modelo<\/strong><\/td>\n<td width=\"106\"><strong>Motor<\/strong><\/td>\n<td width=\"83\"><strong>A\u00f1o de construcci\u00f3n<\/strong><\/td>\n<\/tr>\n<tr>\n<td width=\"115\">Dodge<\/td>\n<td width=\"145\">Charger<\/td>\n<td width=\"106\">6.2 Hellcat<\/td>\n<td>2015-2023<\/td>\n<\/tr>\n<tr>\n<td width=\"115\">Dodge<\/td>\n<td width=\"145\">Challenger<\/td>\n<td width=\"106\">6.2 Hellcat<\/td>\n<td>2015-2023<\/td>\n<\/tr>\n<tr>\n<td width=\"115\">Dodge<\/td>\n<td width=\"145\">Durango<\/td>\n<td width=\"106\">6.2 Hellcat<\/td>\n<td>2021-2025<\/td>\n<\/tr>\n<\/tbody>\n<\/table>\n<p>&nbsp;<\/p>\n<p>&nbsp;<\/p>\n<p>&nbsp;<\/p>\n<p>&nbsp;<\/p>\n<p>&nbsp;<\/p>\n<p>&nbsp;<\/p>\n<p>&nbsp;<\/p>","protected":false},"excerpt":{"rendered":"<p>Hellcat Kraftwerk Kit de \u00e1rbol de levas Nuestros kits de \u00e1rbol de levas HEMI est\u00e1n dise\u00f1ados para que la elecci\u00f3n del \u00e1rbol de levas adecuado para su veh\u00edculo sea extremadamente f\u00e1cil.<\/p>","protected":false},"featured_media":68275523,"comment_status":"open","ping_status":"closed","template":"","meta":{"_acf_changed":false},"product_brand":[19068],"product_cat":[6658,6663,6668],"product_tag":[344,365,340,54,53,339,341,2329,49,3853,3854,100,222,36,336,2449,96,1056,164,338,180,818,819,319],"class_list":{"0":"post-68253872","1":"product","2":"type-product","3":"status-publish","4":"has-post-thumbnail","6":"product_brand-kraftwerk","7":"product_cat-challenger-hellcat-nockenwelle-ventiltrieb","8":"product_cat-charger-hellcat-nockenwelle-ventiltrieb","9":"product_cat-durango-hellcat-nockenwelle-ventiltrieb","10":"product_tag-blower","11":"product_tag-cam","12":"product_tag-cams","13":"product_tag-challenger","14":"product_tag-charger","15":"product_tag-comp","16":"product_tag-compcam","17":"product_tag-compcams","18":"product_tag-dodge","19":"product_tag-dodge-challenger","20":"product_tag-dodge-charger","21":"product_tag-hellcat","22":"product_tag-kit","23":"product_tag-kraftwerk","24":"product_tag-nockenwelle","25":"product_tag-nockenwellenkit","26":"product_tag-srt","27":"product_tag-srt-8","28":"product_tag-srt8","29":"product_tag-standgas","30":"product_tag-umbau","31":"product_tag-umbausatz","32":"product_tag-unrund","33":"product_tag-ventilfedern","35":"first","36":"onbackorder","37":"taxable","38":"shipping-taxable","39":"purchasable","40":"product-type-simple"},"bundled_by":[],"bundle_stock_status":"onbackorder","bundle_stock_quantity":0,"bundle_virtual":false,"bundle_layout":"","bundle_add_to_cart_form_location":"","bundle_editable_in_cart":false,"bundle_sold_individually_context":"","bundle_item_grouping":"","bundle_min_size":"","bundle_max_size":"","bundle_price":[],"bundled_items":[],"bundle_sell_ids":[],"exclude_global_add_ons":[],"addons":[],"acf":[],"_links":{"self":[{"href":"https:\/\/kraftwerk-shop.cc\/es\/wp-json\/wp\/v2\/product\/68253872","targetHints":{"allow":["GET"]}}],"collection":[{"href":"https:\/\/kraftwerk-shop.cc\/es\/wp-json\/wp\/v2\/product"}],"about":[{"href":"https:\/\/kraftwerk-shop.cc\/es\/wp-json\/wp\/v2\/types\/product"}],"replies":[{"embeddable":true,"href":"https:\/\/kraftwerk-shop.cc\/es\/wp-json\/wp\/v2\/comments?post=68253872"}],"version-history":[{"count":0,"href":"https:\/\/kraftwerk-shop.cc\/es\/wp-json\/wp\/v2\/product\/68253872\/revisions"}],"wp:featuredmedia":[{"embeddable":true,"href":"https:\/\/kraftwerk-shop.cc\/es\/wp-json\/wp\/v2\/media\/68275523"}],"wp:attachment":[{"href":"https:\/\/kraftwerk-shop.cc\/es\/wp-json\/wp\/v2\/media?parent=68253872"}],"wp:term":[{"taxonomy":"product_brand","embeddable":true,"href":"https:\/\/kraftwerk-shop.cc\/es\/wp-json\/wp\/v2\/product_brand?post=68253872"},{"taxonomy":"product_cat","embeddable":true,"href":"https:\/\/kraftwerk-shop.cc\/es\/wp-json\/wp\/v2\/product_cat?post=68253872"},{"taxonomy":"product_tag","embeddable":true,"href":"https:\/\/kraftwerk-shop.cc\/es\/wp-json\/wp\/v2\/product_tag?post=68253872"}],"curies":[{"name":"wp","href":"https:\/\/api.w.org\/{rel}","templated":true}]}}