{"id":68253889,"date":"2021-09-17T12:57:54","date_gmt":"2021-09-17T12:57:54","guid":{"rendered":"https:\/\/kraftwerk-gruppe.de\/?post_type=product&#038;p=68253889"},"modified":"2026-02-15T00:02:24","modified_gmt":"2026-02-14T23:02:24","slug":"6-1-srt-kit-arbol-de-levas-stroker","status":"publish","type":"product","link":"https:\/\/kraftwerk-shop.cc\/es\/produkt\/6-1-srt-nockenwellen-kit-stroker\/","title":{"rendered":"Kit de \u00e1rbol de levas 6.1 SRT \"Stroker"},"content":{"rendered":"<h1>Kit de \u00e1rbol de levas 6.1 SRT \"Stroker<\/h1>\n<p>&nbsp;<\/p>\n<p>Nuestros kits de \u00e1rbol de levas HEMI se han desarrollado para que la selecci\u00f3n del \u00e1rbol de levas adecuado para su veh\u00edculo sea extremadamente f\u00e1cil.<br \/>\nPuede estar seguro de que est\u00e1 recibiendo piezas de la m\u00e1s alta calidad y el mejor dise\u00f1o de \u00e1rbol de levas, montados para usted por los t\u00e9cnicos m\u00e1s experimentados del sector.<\/p>\n<p>Este \u00e1rbol de levas est\u00e1 dise\u00f1ado para motores de mayor cilindrada.<br \/>\nLas especificaciones var\u00edan en funci\u00f3n de la cilindrada.<\/p>\n<p>&nbsp;<\/p>\n<p><strong>Este kit incluye:<\/strong><\/p>\n<ul>\n<li>\u00c1rbol de levas Comp Cams 6.1 SRT \"Stroker\" seg\u00fan nuestras especificaciones<\/li>\n<li>1511 muelles de v\u00e1lvula reforzados<\/li>\n<li>Varillas de empuje premium reforzadas<\/li>\n<li>Juego completo de taqu\u00e9s no MDS (16 piezas)<\/li>\n<li>Juntas de v\u00e1stago de v\u00e1lvula<\/li>\n<\/ul>\n<p>&nbsp;<\/p>\n<p><strong>Adecuado para:<\/strong><\/p>\n<table width=\"437\">\n<tbody>\n<tr>\n<td width=\"83\"><strong>Marca<\/strong><\/td>\n<td width=\"122\"><strong>Modelo<\/strong><\/td>\n<td width=\"136\"><strong>Motor<\/strong><\/td>\n<td width=\"96\"><strong>A\u00f1o de construcci\u00f3n<\/strong><\/td>\n<\/tr>\n<tr>\n<td>Chrysler<\/td>\n<td>300C<\/td>\n<td>6.1<\/td>\n<td>2005-2010<\/td>\n<\/tr>\n<tr>\n<td>Dodge<\/td>\n<td>Challenger<\/td>\n<td>6.1<\/td>\n<td>2008-2010<\/td>\n<\/tr>\n<tr>\n<td>Dodge<\/td>\n<td>Charger<\/td>\n<td>6.1<\/td>\n<td>2005-2010<\/td>\n<\/tr>\n<tr>\n<td>Dodge<\/td>\n<td>Magnum<\/td>\n<td>6.1<\/td>\n<td>2006-2008<\/td>\n<\/tr>\n<tr>\n<td>Jeep<\/td>\n<td>Grand Cherokee<\/td>\n<td>6.1<\/td>\n<td>2006-2010<\/td>\n<\/tr>\n<\/tbody>\n<\/table>\n<p>&nbsp;<\/p>\n<p>&nbsp;<\/p>","protected":false},"excerpt":{"rendered":"<p>6.1 SRT Nockenwellen Kit &#8220;Stroker&#8221; &nbsp; Unsere HEMI Nockenwellen-Kits wurden entwickelt, um die Auswahl der richtigen Nockenwelle f\u00fcr Ihr Fahrzeug<\/p>","protected":false},"featured_media":68275512,"comment_status":"open","ping_status":"closed","template":"","meta":{"_acf_changed":false},"product_brand":[19068],"product_cat":[6683,6688,6693,6697,6702,17619],"product_tag":[52,92,365,340,54,53,821,48,536,339,341,2329,49,3853,3854,56,50,4425,36,55,336,2449,186,337,96,1056,164,338],"class_list":{"0":"post-68253889","1":"product","2":"type-product","3":"status-publish","4":"has-post-thumbnail","6":"product_brand-kraftwerk","7":"product_cat-300c-61-nockenwelle-ventiltrieb","8":"product_cat-challenger-61-nockenwelle-ventiltrieb","9":"product_cat-charger-61-nockenwelle-ventiltrieb","10":"product_cat-magnum-61-nockenwelle-ventiltrieb","11":"product_cat-grand-cherokee-61-nockenwelle-ventiltrieb","12":"product_cat-stroker-kit","13":"product_tag-300c","14":"product_tag-6-1","15":"product_tag-cam","16":"product_tag-cams","17":"product_tag-challenger","18":"product_tag-charger","19":"product_tag-chopstix","20":"product_tag-chrysler","21":"product_tag-chrysler-300c","22":"product_tag-comp","23":"product_tag-compcam","24":"product_tag-compcams","25":"product_tag-dodge","26":"product_tag-dodge-challenger","27":"product_tag-dodge-charger","28":"product_tag-grand-cherokee","29":"product_tag-jeep","30":"product_tag-jeep-grand-cherokee","31":"product_tag-kraftwerk","32":"product_tag-magnum","33":"product_tag-nockenwelle","34":"product_tag-nockenwellenkit","35":"product_tag-performance","36":"product_tag-scharfe","37":"product_tag-srt","38":"product_tag-srt-8","39":"product_tag-srt8","40":"product_tag-standgas","42":"first","43":"onbackorder","44":"taxable","45":"shipping-taxable","46":"purchasable","47":"product-type-simple"},"bundled_by":[],"bundle_stock_status":"onbackorder","bundle_stock_quantity":0,"bundle_virtual":false,"bundle_layout":"","bundle_add_to_cart_form_location":"","bundle_editable_in_cart":false,"bundle_sold_individually_context":"","bundle_item_grouping":"","bundle_min_size":"","bundle_max_size":"","bundle_price":[],"bundled_items":[],"bundle_sell_ids":[],"exclude_global_add_ons":false,"addons":[{"name":"Dimensi\u00f3n del pist\u00f3n","type":"multiple_choice","position":0,"required":true,"title_format":"heading","default":"","description_enable":false,"description":"","placeholder_enable":false,"placeholder":"","display":"select","restrictions_type":"any_text","adjust_price":false,"price":"","price_type":"flat_fee","restrictions":false,"min":"0","max":"0","options":[{"label":"Standard","price":"","price_type":"flat_fee","image":0,"visibility":true},{"label":"+ 0,005\" \u00dcberma\u00df","price":"99","price_type":"flat_fee","image":0,"visibility":true},{"label":"+ 0,010\" \u00dcberma\u00df","price":"99","price_type":"flat_fee","image":0,"visibility":true}],"id":1715359218},{"name":"Almac\u00e9n","type":"multiple_choice","position":1,"required":true,"title_format":"heading","default":"","description_enable":false,"description":"","placeholder_enable":false,"placeholder":"","display":"select","restrictions_type":"any_text","adjust_price":false,"price":"","price_type":"flat_fee","restrictions":false,"min":"0","max":"0","options":[{"label":"Standard Pleuellager","price":"149","price_type":"flat_fee","image":0,"visibility":true},{"label":"Beschichtete Pleuellager","price":"289","price_type":"flat_fee","image":0,"visibility":true},{"label":"Beschichtete Pleuellager + Premium Hauptlager","price":"399","price_type":"flat_fee","image":0,"visibility":true}],"id":1715359219},{"name":"Placa deflectora","type":"multiple_choice","position":2,"required":true,"title_format":"heading","default":"","description_enable":false,"description":"","placeholder_enable":false,"placeholder":"","display":"select","restrictions_type":"any_text","adjust_price":false,"price":"","price_type":"flat_fee","restrictions":false,"min":"0","max":"0","options":[{"label":"ohne Stroker Schwallblech","price":"","price_type":"flat_fee","image":0,"visibility":true},{"label":"mit Stroker Schwallblech","price":"159","price_type":"flat_fee","image":0,"visibility":true}],"id":1723842490}],"acf":[],"_links":{"self":[{"href":"https:\/\/kraftwerk-shop.cc\/es\/wp-json\/wp\/v2\/product\/68253889","targetHints":{"allow":["GET"]}}],"collection":[{"href":"https:\/\/kraftwerk-shop.cc\/es\/wp-json\/wp\/v2\/product"}],"about":[{"href":"https:\/\/kraftwerk-shop.cc\/es\/wp-json\/wp\/v2\/types\/product"}],"replies":[{"embeddable":true,"href":"https:\/\/kraftwerk-shop.cc\/es\/wp-json\/wp\/v2\/comments?post=68253889"}],"version-history":[{"count":0,"href":"https:\/\/kraftwerk-shop.cc\/es\/wp-json\/wp\/v2\/product\/68253889\/revisions"}],"wp:featuredmedia":[{"embeddable":true,"href":"https:\/\/kraftwerk-shop.cc\/es\/wp-json\/wp\/v2\/media\/68275512"}],"wp:attachment":[{"href":"https:\/\/kraftwerk-shop.cc\/es\/wp-json\/wp\/v2\/media?parent=68253889"}],"wp:term":[{"taxonomy":"product_brand","embeddable":true,"href":"https:\/\/kraftwerk-shop.cc\/es\/wp-json\/wp\/v2\/product_brand?post=68253889"},{"taxonomy":"product_cat","embeddable":true,"href":"https:\/\/kraftwerk-shop.cc\/es\/wp-json\/wp\/v2\/product_cat?post=68253889"},{"taxonomy":"product_tag","embeddable":true,"href":"https:\/\/kraftwerk-shop.cc\/es\/wp-json\/wp\/v2\/product_tag?post=68253889"}],"curies":[{"name":"wp","href":"https:\/\/api.w.org\/{rel}","templated":true}]}}