{"id":68253939,"date":"2021-09-17T12:57:59","date_gmt":"2021-09-17T12:57:59","guid":{"rendered":"https:\/\/kraftwerk-gruppe.de\/?post_type=product&#038;p=68253939"},"modified":"2026-04-07T12:01:34","modified_gmt":"2026-04-07T10:01:34","slug":"mopar-filtro-de-aceite-5281090ab","status":"publish","type":"product","link":"https:\/\/kraftwerk-shop.cc\/es\/produkt\/mopar-oelfilter-5281090ab\/","title":{"rendered":"Filtro de aceite Mopar (5281090AB)"},"content":{"rendered":"<h1>Mopar filtro de aceite 5281090AB - <span lang=\"DE\" style=\"display: inline;\">Recambio original<\/span><\/h1>\n<p>&nbsp;<\/p>\n<p>Para que su motor funcione correctamente, necesita aceite limpio. Pero incluso el aceite de motor nuevo puede contener contaminantes. A medida que \u00e9stos recorren su motor, se acumulan en las distintas piezas y afectan a la eficiencia del movimiento.<br \/>\nJunto con las dem\u00e1s impurezas que el aceite de motor acumula en su recorrido por el motor, esto puede provocar da\u00f1os en el motor.<br \/>\nAqu\u00ed es donde entra en juego el filtro de aceite original de Mopar.<br \/>\nIntercepta a estos alborotadores microsc\u00f3picos en el camino del aceite para que s\u00f3lo fluya aceite limpio de vuelta al motor y lubrique las distintas piezas. Sin embargo, con el tiempo, incluso un filtro de aceite de alta calidad se estropea o se obstruye.<\/p>\n<p>Cuando necesite cambiar su filtro de aceite, aseg\u00farese de utilizar un filtro de aceite original Mopar. Son los \u00fanicos filtros cuya compatibilidad con el motor de tu modelo est\u00e1 garantizada, por lo que puedes confiar en su ajuste y rendimiento.<br \/>\nUn filtro de aceite de terceros puede no ser un 100% ajuste perfecto, lo que puede dar lugar a fugas o incluso problemas m\u00e1s graves del motor.<br \/>\nEn nuestra gama online encontrar\u00e1 los filtros de aceite originales Mopar adecuados para su veh\u00edculo.<\/p>\n<p>Esta pieza original Mopar cumple todos los requisitos de la garant\u00eda de f\u00e1brica.<\/p>\n<p>&nbsp;<\/p>\n<p><strong>Adecuado para:<\/strong><\/p>\n<table width=\"1115\">\n<tbody>\n<tr>\n<td width=\"64\"><strong>A\u00f1o de construcci\u00f3n<\/strong><\/td>\n<td width=\"83\"><strong>Marca<\/strong><\/td>\n<td width=\"146\"><strong>Modelo<\/strong><\/td>\n<td width=\"438\"><strong>Versi\u00f3n<\/strong><\/td>\n<td width=\"384\"><strong>Motor<\/strong><\/td>\n<\/tr>\n<tr>\n<td width=\"64\">2008<\/td>\n<td width=\"83\">Chrysler<\/td>\n<td width=\"146\">Pacifica<\/td>\n<td width=\"438\">LX, Limited, Touring<\/td>\n<td width=\"384\">4.0L<\/td>\n<\/tr>\n<tr>\n<td width=\"64\">2008<\/td>\n<td width=\"83\">Chrysler<\/td>\n<td width=\"146\">Sebring<\/td>\n<td width=\"438\">LX, Limited, Touring<\/td>\n<td width=\"384\">2.7L V6 - Flex, 2.7L, 3.5L<\/td>\n<\/tr>\n<tr>\n<td width=\"64\">2008<\/td>\n<td width=\"83\">Dodge<\/td>\n<td width=\"146\">Avenger<\/td>\n<td width=\"438\">R\/T, SE, SXT<\/td>\n<td width=\"384\">2.7L V6 - Flex, 2.7L, 3.5L<\/td>\n<\/tr>\n<tr>\n<td width=\"64\">2008<\/td>\n<td width=\"83\">Dodge<\/td>\n<td width=\"146\">Nitro<\/td>\n<td width=\"438\">R\/T<\/td>\n<td width=\"384\">4.0L<\/td>\n<\/tr>\n<tr>\n<td width=\"64\">2007<\/td>\n<td width=\"83\">Chrysler<\/td>\n<td width=\"146\">300<\/td>\n<td width=\"438\">Base, C, C SRT8, Limited, Touring<\/td>\n<td width=\"384\">2.7L, 3.5L, 5.7L, 6.1L<\/td>\n<\/tr>\n<tr>\n<td width=\"64\">2007<\/td>\n<td width=\"83\">Chrysler<\/td>\n<td width=\"146\">Aspen<\/td>\n<td width=\"438\">Limited<\/td>\n<td width=\"384\">4.7L, 5.7L<\/td>\n<\/tr>\n<tr>\n<td width=\"64\">2007<\/td>\n<td width=\"83\">Chrysler<\/td>\n<td width=\"146\">Pacifica<\/td>\n<td width=\"438\">Base, Limited, Touring<\/td>\n<td width=\"384\">3.8L, 4.0L<\/td>\n<\/tr>\n<tr>\n<td width=\"64\">2007<\/td>\n<td width=\"83\">Chrysler<\/td>\n<td width=\"146\">Sebring<\/td>\n<td width=\"438\">Base, Limited, Touring<\/td>\n<td width=\"384\">2.7L V6 - Flex, 2.7L, 3.5L<\/td>\n<\/tr>\n<tr>\n<td width=\"64\">2007<\/td>\n<td width=\"83\">Dodge<\/td>\n<td width=\"146\">Charger<\/td>\n<td width=\"438\">Pursuit, R\/T, SE, SRT8, SXT<\/td>\n<td width=\"384\">2.7L, 3.5L, 5.7L, 6.1L<\/td>\n<\/tr>\n<tr>\n<td width=\"64\">2007<\/td>\n<td width=\"83\">Dodge<\/td>\n<td width=\"146\">Dakota<\/td>\n<td width=\"438\">Laramie, SLT, ST<\/td>\n<td width=\"384\">4.7L<\/td>\n<\/tr>\n<tr>\n<td width=\"64\">2007<\/td>\n<td width=\"83\">Dodge<\/td>\n<td width=\"146\">Durango<\/td>\n<td width=\"438\">Adventurer, Limited, SLT, SXT<\/td>\n<td width=\"384\">4.7L, 5.7L<\/td>\n<\/tr>\n<tr>\n<td width=\"64\">2007<\/td>\n<td width=\"83\">Dodge<\/td>\n<td width=\"146\">Magnum<\/td>\n<td width=\"438\">R\/T, SE, SRT8, SXT<\/td>\n<td width=\"384\">2.7L, 3.5L, 5.7L, 6.1L<\/td>\n<\/tr>\n<tr>\n<td width=\"64\">2007<\/td>\n<td width=\"83\">Dodge<\/td>\n<td width=\"146\">Nitro<\/td>\n<td width=\"438\">R\/T<\/td>\n<td width=\"384\">4.0L<\/td>\n<\/tr>\n<tr>\n<td width=\"64\">2007<\/td>\n<td width=\"83\">Dodge<\/td>\n<td width=\"146\">Ram 1500<\/td>\n<td width=\"438\">Laramie, SLT, ST, Sport, TRX4<\/td>\n<td width=\"384\">4.7L, 5.7L<\/td>\n<\/tr>\n<tr>\n<td width=\"64\">2007<\/td>\n<td width=\"83\">Dodge<\/td>\n<td width=\"146\">Ram 2500<\/td>\n<td width=\"438\">Laramie, Power Wagon, SLT, ST, Sport, TRX4<\/td>\n<td width=\"384\">5.7L<\/td>\n<\/tr>\n<tr>\n<td width=\"64\">2007<\/td>\n<td width=\"83\">Dodge<\/td>\n<td width=\"146\">Ram 3500<\/td>\n<td width=\"438\">Laramie, SLT, ST, Sport<\/td>\n<td width=\"384\">5.7L<\/td>\n<\/tr>\n<tr>\n<td width=\"64\">2007<\/td>\n<td width=\"83\">Jeep<\/td>\n<td width=\"146\">Commander<\/td>\n<td width=\"438\">Base, Limited, Overland, Sport<\/td>\n<td width=\"384\">4.7L, 5.7L<\/td>\n<\/tr>\n<tr>\n<td width=\"64\">2007<\/td>\n<td width=\"83\">Jeep<\/td>\n<td width=\"146\">Grand Cherokee<\/td>\n<td width=\"438\">Laredo, Limited, Overland, SRT8<\/td>\n<td width=\"384\">4.7L, 5.7L, 6.1L<\/td>\n<\/tr>\n<tr>\n<td width=\"64\">2006<\/td>\n<td width=\"83\">Chrysler<\/td>\n<td width=\"146\">300<\/td>\n<td width=\"438\">Base, C, Touring<\/td>\n<td width=\"384\">2.7L, 3.5L, 5.7L<\/td>\n<\/tr>\n<tr>\n<td width=\"64\">2006<\/td>\n<td width=\"83\">Chrysler<\/td>\n<td width=\"146\">Pacifica<\/td>\n<td width=\"438\">Base, Limited, Touring<\/td>\n<td width=\"384\">3.5L, 3.8L<\/td>\n<\/tr>\n<tr>\n<td width=\"64\">2006<\/td>\n<td width=\"83\">Chrysler<\/td>\n<td width=\"146\">Sebring<\/td>\n<td width=\"438\">Base, GTC, Limited, TSi, Touring<\/td>\n<td width=\"384\">2.4L, 2.7L<\/td>\n<\/tr>\n<tr>\n<td width=\"64\">2006<\/td>\n<td width=\"83\">Chrysler<\/td>\n<td width=\"146\">Town &amp; Country<\/td>\n<td width=\"438\">Base, LX, Limited, Touring<\/td>\n<td width=\"384\">3.3L, 3.8L<\/td>\n<\/tr>\n<tr>\n<td width=\"64\">2006<\/td>\n<td width=\"83\">Dodge<\/td>\n<td width=\"146\">Caravana<\/td>\n<td width=\"438\">C\/V, SE, SXT<\/td>\n<td width=\"384\">3.3L V6 - Flex, 3.3L<\/td>\n<\/tr>\n<tr>\n<td width=\"64\">2006<\/td>\n<td width=\"83\">Dodge<\/td>\n<td width=\"146\">Charger<\/td>\n<td width=\"438\">R\/T, SE, SRT8<\/td>\n<td width=\"384\">3.5L, 5.7L, 6.1L<\/td>\n<\/tr>\n<tr>\n<td width=\"64\">2006<\/td>\n<td width=\"83\">Dodge<\/td>\n<td width=\"146\">Dakota<\/td>\n<td width=\"438\">Laramie, SLT, ST<\/td>\n<td width=\"384\">4.7L<\/td>\n<\/tr>\n<tr>\n<td width=\"64\">2006<\/td>\n<td width=\"83\">Dodge<\/td>\n<td width=\"146\">Durango<\/td>\n<td width=\"438\">Limited, SLT, SXT<\/td>\n<td width=\"384\">4.7L, 5.7L<\/td>\n<\/tr>\n<tr>\n<td width=\"64\">2006<\/td>\n<td width=\"83\">Dodge<\/td>\n<td width=\"146\">Gran Caravana<\/td>\n<td width=\"438\">SE, SXT<\/td>\n<td width=\"384\">3.3L V6 - Flex, 3.3L, 3.8L<\/td>\n<\/tr>\n<tr>\n<td width=\"64\">2006<\/td>\n<td width=\"83\">Dodge<\/td>\n<td width=\"146\">Magnum<\/td>\n<td width=\"438\">R\/T, SE, SRT8, SXT<\/td>\n<td width=\"384\">2.7L, 3.5L, 5.7L, 6.1L<\/td>\n<\/tr>\n<tr>\n<td width=\"64\">2006<\/td>\n<td width=\"83\">Dodge<\/td>\n<td width=\"146\">Ram 1500<\/td>\n<td width=\"438\">Laramie, SLT, ST<\/td>\n<td width=\"384\">4.7L, 5.7L<\/td>\n<\/tr>\n<tr>\n<td width=\"64\">2006<\/td>\n<td width=\"83\">Dodge<\/td>\n<td width=\"146\">Ram 2500<\/td>\n<td width=\"438\">Laramie, SLT, ST<\/td>\n<td width=\"384\">5.7L<\/td>\n<\/tr>\n<tr>\n<td width=\"64\">2006<\/td>\n<td width=\"83\">Dodge<\/td>\n<td width=\"146\">Ram 3500<\/td>\n<td width=\"438\">Laramie, SLT, ST<\/td>\n<td width=\"384\">5.7L<\/td>\n<\/tr>\n<tr>\n<td width=\"64\">2006<\/td>\n<td width=\"83\">Dodge<\/td>\n<td width=\"146\">Stratus<\/td>\n<td width=\"438\">R\/T, SXT<\/td>\n<td width=\"384\">2.4L, 2.7L<\/td>\n<\/tr>\n<tr>\n<td width=\"64\">2006<\/td>\n<td width=\"83\">Jeep<\/td>\n<td width=\"146\">Commander<\/td>\n<td width=\"438\">Base, Limited<\/td>\n<td width=\"384\">4.7L, 5.7L<\/td>\n<\/tr>\n<tr>\n<td width=\"64\">2006<\/td>\n<td width=\"83\">Jeep<\/td>\n<td width=\"146\">Grand Cherokee<\/td>\n<td width=\"438\">Laredo, Limited, Overland, SRT8<\/td>\n<td width=\"384\">4.7L, 5.7L, 6.1L<\/td>\n<\/tr>\n<tr>\n<td width=\"64\">2006<\/td>\n<td width=\"83\">Jeep<\/td>\n<td width=\"146\">Wrangler<\/td>\n<td width=\"438\">Rubicon, SE, Sport, Unlimited, Unlimited Rubicon, X<\/td>\n<td width=\"384\">4.0L<\/td>\n<\/tr>\n<tr>\n<td width=\"64\">2005<\/td>\n<td width=\"83\">Chrysler<\/td>\n<td width=\"146\">300<\/td>\n<td width=\"438\">Base, C, Touring<\/td>\n<td width=\"384\">2.7L, 3.5L, 5.7L<\/td>\n<\/tr>\n<tr>\n<td width=\"64\">2005<\/td>\n<td width=\"83\">Chrysler<\/td>\n<td width=\"146\">Pacifica<\/td>\n<td width=\"438\">Base, Limited, Touring<\/td>\n<td width=\"384\">3.5L, 3.8L<\/td>\n<\/tr>\n<tr>\n<td width=\"64\">2005<\/td>\n<td width=\"83\">Chrysler<\/td>\n<td width=\"146\">Sebring<\/td>\n<td width=\"438\">Base, GTC, Limited, TSi, Touring<\/td>\n<td width=\"384\">2.4L, 2.7L<\/td>\n<\/tr>\n<tr>\n<td width=\"64\">2005<\/td>\n<td width=\"83\">Chrysler<\/td>\n<td width=\"146\">Town &amp; Country<\/td>\n<td width=\"438\">Base, LX, Limited, Touring<\/td>\n<td width=\"384\">3.3L, 3.8L<\/td>\n<\/tr>\n<tr>\n<td width=\"64\">2005<\/td>\n<td width=\"83\">Dodge<\/td>\n<td width=\"146\">Caravana<\/td>\n<td width=\"438\">C\/V, SE, SXT<\/td>\n<td width=\"384\">3.3L V6 - Flex, 3.3L<\/td>\n<\/tr>\n<tr>\n<td width=\"64\">2005<\/td>\n<td width=\"83\">Dodge<\/td>\n<td width=\"146\">Dakota<\/td>\n<td width=\"438\">Laramie, SLT, ST<\/td>\n<td width=\"384\">4.7L<\/td>\n<\/tr>\n<tr>\n<td width=\"64\">2005<\/td>\n<td width=\"83\">Dodge<\/td>\n<td width=\"146\">Durango<\/td>\n<td width=\"438\">Limited, SLT, SXT<\/td>\n<td width=\"384\">4.7L, 5.7L<\/td>\n<\/tr>\n<tr>\n<td width=\"64\">2005<\/td>\n<td width=\"83\">Dodge<\/td>\n<td width=\"146\">Gran Caravana<\/td>\n<td width=\"438\">C\/V, SE, SXT<\/td>\n<td width=\"384\">3.3L V6 - Flex, 3.3L, 3.8L<\/td>\n<\/tr>\n<tr>\n<td width=\"64\">2005<\/td>\n<td width=\"83\">Dodge<\/td>\n<td width=\"146\">Magnum<\/td>\n<td width=\"438\">R\/T, SE, SXT<\/td>\n<td width=\"384\">2.7L, 3.5L, 5.7L<\/td>\n<\/tr>\n<tr>\n<td width=\"64\">2005<\/td>\n<td width=\"83\">Dodge<\/td>\n<td width=\"146\">Ram 1500<\/td>\n<td width=\"438\">SLT, SRT-10, ST<\/td>\n<td width=\"384\">4.7L, 5.7L, 8.3L V10 - Gasolina<\/td>\n<\/tr>\n<tr>\n<td width=\"64\">2005<\/td>\n<td width=\"83\">Dodge<\/td>\n<td width=\"146\">Ram 2500<\/td>\n<td width=\"438\">SLT, ST<\/td>\n<td width=\"384\">5.7L<\/td>\n<\/tr>\n<tr>\n<td width=\"64\">2005<\/td>\n<td width=\"83\">Dodge<\/td>\n<td width=\"146\">Ram 3500<\/td>\n<td width=\"438\">SLT, ST<\/td>\n<td width=\"384\">5.7L<\/td>\n<\/tr>\n<tr>\n<td width=\"64\">2005<\/td>\n<td width=\"83\">Dodge<\/td>\n<td width=\"146\">Stratus<\/td>\n<td width=\"438\">R\/T, SXT<\/td>\n<td width=\"384\">2.4L, 2.7L<\/td>\n<\/tr>\n<tr>\n<td width=\"64\">2005<\/td>\n<td width=\"83\">Jeep<\/td>\n<td width=\"146\">Grand Cherokee<\/td>\n<td width=\"438\">Laredo, Limited<\/td>\n<td width=\"384\">4.7L, 5.7L<\/td>\n<\/tr>\n<tr>\n<td width=\"64\">2005<\/td>\n<td width=\"83\">Jeep<\/td>\n<td width=\"146\">Wrangler<\/td>\n<td width=\"438\">Rubicon, SE, Sport, Unlimited, Unlimited Rubicon, X<\/td>\n<td width=\"384\">4.0L<\/td>\n<\/tr>\n<tr>\n<td width=\"64\">2004<\/td>\n<td width=\"83\">Chrysler<\/td>\n<td width=\"146\">300M<\/td>\n<td width=\"438\">Base, Special<\/td>\n<td width=\"384\">3.5L<\/td>\n<\/tr>\n<tr>\n<td width=\"64\">2004<\/td>\n<td width=\"83\">Chrysler<\/td>\n<td width=\"146\">Concorde<\/td>\n<td width=\"438\">LX, LXi, Limited<\/td>\n<td width=\"384\">2.7L, 3.5L<\/td>\n<\/tr>\n<tr>\n<td width=\"64\">2004<\/td>\n<td width=\"83\">Chrysler<\/td>\n<td width=\"146\">Pacifica<\/td>\n<td width=\"438\">Base<\/td>\n<td width=\"384\">3.5L<\/td>\n<\/tr>\n<tr>\n<td width=\"64\">2004<\/td>\n<td width=\"83\">Chrysler<\/td>\n<td width=\"146\">Sebring<\/td>\n<td width=\"438\">Base, GTC, Limited, Touring<\/td>\n<td width=\"384\">2.4L, 2.7L<\/td>\n<\/tr>\n<tr>\n<td width=\"64\">2004<\/td>\n<td width=\"83\">Chrysler<\/td>\n<td width=\"146\">Town &amp; Country<\/td>\n<td width=\"438\">Base, LX, Limited, Touring<\/td>\n<td width=\"384\">3.3L, 3.8L<\/td>\n<\/tr>\n<tr>\n<td width=\"64\">2004<\/td>\n<td width=\"83\">Dodge<\/td>\n<td width=\"146\">Caravana<\/td>\n<td width=\"438\">C\/V, SE, SXT<\/td>\n<td width=\"384\">3.3L V6 - Flex, 3.3L<\/td>\n<\/tr>\n<tr>\n<td width=\"64\">2004<\/td>\n<td width=\"83\">Dodge<\/td>\n<td width=\"146\">Dakota<\/td>\n<td width=\"438\">SLT, Sport<\/td>\n<td width=\"384\">4.7L<\/td>\n<\/tr>\n<tr>\n<td width=\"64\">2004<\/td>\n<td width=\"83\">Dodge<\/td>\n<td width=\"146\">Durango<\/td>\n<td width=\"438\">Limited, SLT, ST<\/td>\n<td width=\"384\">4.7L, 5.7L<\/td>\n<\/tr>\n<tr>\n<td width=\"64\">2004<\/td>\n<td width=\"83\">Dodge<\/td>\n<td width=\"146\">Gran Caravana<\/td>\n<td width=\"438\">C\/V, EX, SE, SXT<\/td>\n<td width=\"384\">3.3L, 3.8L<\/td>\n<\/tr>\n<tr>\n<td width=\"64\">2004<\/td>\n<td width=\"83\">Dodge<\/td>\n<td width=\"146\">Intrepid<\/td>\n<td width=\"438\">ES, SE<\/td>\n<td width=\"384\">2.7L, 3.5L<\/td>\n<\/tr>\n<tr>\n<td width=\"64\">2004<\/td>\n<td width=\"83\">Dodge<\/td>\n<td width=\"146\">Ram 1500<\/td>\n<td width=\"438\">SLT, ST<\/td>\n<td width=\"384\">4.7L, 5.7L<\/td>\n<\/tr>\n<tr>\n<td width=\"64\">2004<\/td>\n<td width=\"83\">Dodge<\/td>\n<td width=\"146\">Ram 2500<\/td>\n<td width=\"438\">SLT, ST<\/td>\n<td width=\"384\">5.7L<\/td>\n<\/tr>\n<tr>\n<td width=\"64\">2004<\/td>\n<td width=\"83\">Dodge<\/td>\n<td width=\"146\">Ram 3500<\/td>\n<td width=\"438\">SLT, ST<\/td>\n<td width=\"384\">5.7L<\/td>\n<\/tr>\n<tr>\n<td width=\"64\">2004<\/td>\n<td width=\"83\">Dodge<\/td>\n<td width=\"146\">Stratus<\/td>\n<td width=\"438\">ES, R\/T, SE, SXT<\/td>\n<td width=\"384\">2.4L, 2.7L<\/td>\n<\/tr>\n<tr>\n<td width=\"64\">2004<\/td>\n<td width=\"83\">Jeep<\/td>\n<td width=\"146\">Grand Cherokee<\/td>\n<td width=\"438\">Laredo, Limited, Overland<\/td>\n<td width=\"384\">4.0L, 4.7L<\/td>\n<\/tr>\n<tr>\n<td width=\"64\">2004<\/td>\n<td width=\"83\">Jeep<\/td>\n<td width=\"146\">Wrangler<\/td>\n<td width=\"438\">Rubicon, Sahara, Sport, Unlimited, X<\/td>\n<td width=\"384\">4.0L<\/td>\n<\/tr>\n<tr>\n<td width=\"64\">2003<\/td>\n<td width=\"83\">Chrysler<\/td>\n<td width=\"146\">300M<\/td>\n<td width=\"438\">Base, Special<\/td>\n<td width=\"384\">3.5L<\/td>\n<\/tr>\n<tr>\n<td width=\"64\">2003<\/td>\n<td width=\"83\">Chrysler<\/td>\n<td width=\"146\">Concorde<\/td>\n<td width=\"438\">LX, LXi, Limited<\/td>\n<td width=\"384\">2.7L, 3.5L<\/td>\n<\/tr>\n<tr>\n<td width=\"64\">2003<\/td>\n<td width=\"83\">Chrysler<\/td>\n<td width=\"146\">Sebring<\/td>\n<td width=\"438\">GTC, LX, LXi, Limited<\/td>\n<td width=\"384\">2.4L, 2.7L<\/td>\n<\/tr>\n<tr>\n<td width=\"64\">2003<\/td>\n<td width=\"83\">Chrysler<\/td>\n<td width=\"146\">Town &amp; Country<\/td>\n<td width=\"438\">Base, LX, Limited<\/td>\n<td width=\"384\">3.3L V6 - Flex, 3.3L, 3.8L<\/td>\n<\/tr>\n<tr>\n<td width=\"64\">2003<\/td>\n<td width=\"83\">Chrysler<\/td>\n<td width=\"146\">Voyager<\/td>\n<td width=\"438\">LX<\/td>\n<td width=\"384\">3.3L V6 - Flex, 3.3L<\/td>\n<\/tr>\n<tr>\n<td width=\"64\">2003<\/td>\n<td width=\"83\">Dodge<\/td>\n<td width=\"146\">Caravana<\/td>\n<td width=\"438\">C\/V, SE, Sport<\/td>\n<td width=\"384\">3.3L V6 - Flex, 3.3L<\/td>\n<\/tr>\n<tr>\n<td width=\"64\">2003<\/td>\n<td width=\"83\">Dodge<\/td>\n<td width=\"146\">Dakota<\/td>\n<td width=\"438\">Base, R\/T, SLT, Sport<\/td>\n<td width=\"384\">3.9L, 4.7L, 5.9L<\/td>\n<\/tr>\n<tr>\n<td width=\"64\">2003<\/td>\n<td width=\"83\">Dodge<\/td>\n<td width=\"146\">Durango<\/td>\n<td width=\"438\">R\/T, SLT, SLT Plus, Sport<\/td>\n<td width=\"384\">4.7L, 5.9L<\/td>\n<\/tr>\n<tr>\n<td width=\"64\">2003<\/td>\n<td width=\"83\">Dodge<\/td>\n<td width=\"146\">Gran Caravana<\/td>\n<td width=\"438\">EL, ES, EX, SE, Sport<\/td>\n<td width=\"384\">3.3L V6 - Flex, 3.3L, 3.8L<\/td>\n<\/tr>\n<tr>\n<td width=\"64\">2003<\/td>\n<td width=\"83\">Dodge<\/td>\n<td width=\"146\">Intrepid<\/td>\n<td width=\"438\">ES, SE<\/td>\n<td width=\"384\">2.7L, 3.5L<\/td>\n<\/tr>\n<tr>\n<td width=\"64\">2003<\/td>\n<td width=\"83\">Dodge<\/td>\n<td width=\"146\">Ram 1500<\/td>\n<td width=\"438\">SLT, ST<\/td>\n<td width=\"384\">4.7L, 5.7L, 5.9L<\/td>\n<\/tr>\n<tr>\n<td width=\"64\">2003<\/td>\n<td width=\"83\">Dodge<\/td>\n<td width=\"146\">Ram 2500<\/td>\n<td width=\"438\">SLT, ST<\/td>\n<td width=\"384\">5.7L, 8.0L V10 - Gasolina<\/td>\n<\/tr>\n<tr>\n<td width=\"64\">2003<\/td>\n<td width=\"83\">Dodge<\/td>\n<td width=\"146\">Ram 3500<\/td>\n<td width=\"438\">SLT, ST<\/td>\n<td width=\"384\">5.7L, 8.0L V10 - Gasolina<\/td>\n<\/tr>\n<tr>\n<td width=\"64\">2003<\/td>\n<td width=\"83\">Dodge<\/td>\n<td width=\"146\">Stratus<\/td>\n<td width=\"438\">ES, R\/T, SE, SXT<\/td>\n<td width=\"384\">2.4L, 2.7L<\/td>\n<\/tr>\n<tr>\n<td width=\"64\">2003<\/td>\n<td width=\"83\">Jeep<\/td>\n<td width=\"146\">Grand Cherokee<\/td>\n<td width=\"438\">Laredo, Limited, Overland<\/td>\n<td width=\"384\">4.0L, 4.7L<\/td>\n<\/tr>\n<tr>\n<td width=\"64\">2003<\/td>\n<td width=\"83\">Jeep<\/td>\n<td width=\"146\">Wrangler<\/td>\n<td width=\"438\">Rubicon, Sahara, Sport, X<\/td>\n<td width=\"384\">4.0L<\/td>\n<\/tr>\n<tr>\n<td width=\"64\">2002<\/td>\n<td width=\"83\">Chrysler<\/td>\n<td width=\"146\">300M<\/td>\n<td width=\"438\">Base, Special<\/td>\n<td width=\"384\">3.5L<\/td>\n<\/tr>\n<tr>\n<td width=\"64\">2002<\/td>\n<td width=\"83\">Chrysler<\/td>\n<td width=\"146\">Concorde<\/td>\n<td width=\"438\">LX, LXi, Limited<\/td>\n<td width=\"384\">2.7L, 3.5L<\/td>\n<\/tr>\n<tr>\n<td width=\"64\">2002<\/td>\n<td width=\"83\">Chrysler<\/td>\n<td width=\"146\">Sebring<\/td>\n<td width=\"438\">GTC, LX, LXi, Limited<\/td>\n<td width=\"384\">2.4L, 2.7L<\/td>\n<\/tr>\n<tr>\n<td width=\"64\">2002<\/td>\n<td width=\"83\">Chrysler<\/td>\n<td width=\"146\">Town &amp; Country<\/td>\n<td width=\"438\">LX, Limited<\/td>\n<td width=\"384\">3.3L V6 - Flex, 3.8L<\/td>\n<\/tr>\n<tr>\n<td width=\"64\">2002<\/td>\n<td width=\"83\">Chrysler<\/td>\n<td width=\"146\">Voyager<\/td>\n<td width=\"438\">Base, LX<\/td>\n<td width=\"384\">3.3L V6 - Flex, 3.3L<\/td>\n<\/tr>\n<tr>\n<td width=\"64\">2002<\/td>\n<td width=\"83\">Dodge<\/td>\n<td width=\"146\">Caravana<\/td>\n<td width=\"438\">SE, Sport<\/td>\n<td width=\"384\">3.3L V6 - Flex, 3.3L<\/td>\n<\/tr>\n<tr>\n<td width=\"64\">2002<\/td>\n<td width=\"83\">Dodge<\/td>\n<td width=\"146\">Dakota<\/td>\n<td width=\"438\">Base, SLT, Sport<\/td>\n<td width=\"384\">2.5L, 3.9L, 4.7L, 5.9L<\/td>\n<\/tr>\n<tr>\n<td width=\"64\">2002<\/td>\n<td width=\"83\">Dodge<\/td>\n<td width=\"146\">Durango<\/td>\n<td width=\"438\">R\/T, SLT, SLT Plus, Sport<\/td>\n<td width=\"384\">4.7L, 5.9L<\/td>\n<\/tr>\n<tr>\n<td width=\"64\">2002<\/td>\n<td width=\"83\">Dodge<\/td>\n<td width=\"146\">Gran Caravana<\/td>\n<td width=\"438\">EL, ES, EX, SE, Sport<\/td>\n<td width=\"384\">3.3L V6 - Flex, 3.3L, 3.8L<\/td>\n<\/tr>\n<tr>\n<td width=\"64\">2002<\/td>\n<td width=\"83\">Dodge<\/td>\n<td width=\"146\">Intrepid<\/td>\n<td width=\"438\">ES, R\/T, SE<\/td>\n<td width=\"384\">2.7L, 3.5L<\/td>\n<\/tr>\n<tr>\n<td width=\"64\">2002<\/td>\n<td width=\"83\">Dodge<\/td>\n<td width=\"146\">Ram 1500<\/td>\n<td width=\"438\">ST<\/td>\n<td width=\"384\">4.7L, 5.9L<\/td>\n<\/tr>\n<tr>\n<td width=\"64\">2002<\/td>\n<td width=\"83\">Dodge<\/td>\n<td width=\"146\">Ram 2500<\/td>\n<td width=\"438\">Base<\/td>\n<td width=\"384\">5.9L, 8.0L V10 - Gasolina<\/td>\n<\/tr>\n<tr>\n<td width=\"64\">2002<\/td>\n<td width=\"83\">Dodge<\/td>\n<td width=\"146\">Ram 3500<\/td>\n<td width=\"438\">Base<\/td>\n<td width=\"384\">5.9L, 8.0L V10 - Gasolina<\/td>\n<\/tr>\n<tr>\n<td width=\"64\">2002<\/td>\n<td width=\"83\">Dodge<\/td>\n<td width=\"146\">Stratus<\/td>\n<td width=\"438\">ES, R\/T, SE, SE Plus<\/td>\n<td width=\"384\">2.4L, 2.7L<\/td>\n<\/tr>\n<tr>\n<td width=\"64\">2002<\/td>\n<td width=\"83\">Jeep<\/td>\n<td width=\"146\">Grand Cherokee<\/td>\n<td width=\"438\">Laredo, Limited, Overland, Sport<\/td>\n<td width=\"384\">4.0L, 4.7L<\/td>\n<\/tr>\n<tr>\n<td width=\"64\">2002<\/td>\n<td width=\"83\">Jeep<\/td>\n<td width=\"146\">Wrangler<\/td>\n<td width=\"438\">SE, Sahara, Sport, X<\/td>\n<td width=\"384\">2.5L, 4.0L<\/td>\n<\/tr>\n<tr>\n<td width=\"64\">2001<\/td>\n<td width=\"83\">Chrysler<\/td>\n<td width=\"146\">300M<\/td>\n<td width=\"438\">Base<\/td>\n<td width=\"384\">3.5L<\/td>\n<\/tr>\n<tr>\n<td width=\"64\">2001<\/td>\n<td width=\"83\">Chrysler<\/td>\n<td width=\"146\">Concorde<\/td>\n<td width=\"438\">LX, LXi<\/td>\n<td width=\"384\">2.7L, 3.2L<\/td>\n<\/tr>\n<tr>\n<td width=\"64\">2001<\/td>\n<td width=\"83\">Chrysler<\/td>\n<td width=\"146\">Sebring<\/td>\n<td width=\"438\">LX, LXi, Limited<\/td>\n<td width=\"384\">2.7L<\/td>\n<\/tr>\n<tr>\n<td width=\"64\">2001<\/td>\n<td width=\"83\">Chrysler<\/td>\n<td width=\"146\">Town &amp; Country<\/td>\n<td width=\"438\">LX, Limited<\/td>\n<td width=\"384\">3.3L V6 - Flex, 3.3L, 3.8L<\/td>\n<\/tr>\n<tr>\n<td width=\"64\">2001<\/td>\n<td width=\"83\">Chrysler<\/td>\n<td width=\"146\">Voyager<\/td>\n<td width=\"438\">Base, LX<\/td>\n<td width=\"384\">3.3L V6 - Flex, 3.3L<\/td>\n<\/tr>\n<tr>\n<td width=\"64\">2001<\/td>\n<td width=\"83\">Dodge<\/td>\n<td width=\"146\">Caravana<\/td>\n<td width=\"438\">SE, Sport<\/td>\n<td width=\"384\">3.3L V6 - Flex, 3.3L<\/td>\n<\/tr>\n<tr>\n<td width=\"64\">2001<\/td>\n<td width=\"83\">Dodge<\/td>\n<td width=\"146\">Dakota<\/td>\n<td width=\"438\">Deporte<\/td>\n<td width=\"384\">2.5L, 3.9L, 4.7L, 5.9L<\/td>\n<\/tr>\n<tr>\n<td width=\"64\">2001<\/td>\n<td width=\"83\">Dodge<\/td>\n<td width=\"146\">Durango<\/td>\n<td width=\"438\">Base<\/td>\n<td width=\"384\">4.7L, 5.9L<\/td>\n<\/tr>\n<tr>\n<td width=\"64\">2001<\/td>\n<td width=\"83\">Dodge<\/td>\n<td width=\"146\">Gran Caravana<\/td>\n<td width=\"438\">ES, EX, SE, Sport<\/td>\n<td width=\"384\">3.3L V6 - Flex, 3.3L, 3.8L<\/td>\n<\/tr>\n<tr>\n<td width=\"64\">2001<\/td>\n<td width=\"83\">Dodge<\/td>\n<td width=\"146\">Intrepid<\/td>\n<td width=\"438\">ES, R\/T, SE<\/td>\n<td width=\"384\">2.7L, 3.2L, 3.5L<\/td>\n<\/tr>\n<tr>\n<td width=\"64\">2001<\/td>\n<td width=\"83\">Dodge<\/td>\n<td width=\"146\">Ram 1500<\/td>\n<td width=\"438\">WS<\/td>\n<td width=\"384\">3.9L<\/td>\n<\/tr>\n<tr>\n<td width=\"64\">2001<\/td>\n<td width=\"83\">Dodge<\/td>\n<td width=\"146\">Ram 2500<\/td>\n<td width=\"438\">Base<\/td>\n<td width=\"384\">5.9L, 8.0L V10<\/td>\n<\/tr>\n<tr>\n<td width=\"64\">2001<\/td>\n<td width=\"83\">Dodge<\/td>\n<td width=\"146\">Ram 3500<\/td>\n<td width=\"438\">Base<\/td>\n<td width=\"384\">5.9L, 8.0L V10<\/td>\n<\/tr>\n<tr>\n<td width=\"64\">2001<\/td>\n<td width=\"83\">Dodge<\/td>\n<td width=\"146\">Stratus<\/td>\n<td width=\"438\">ES<\/td>\n<td width=\"384\">2.7L<\/td>\n<\/tr>\n<tr>\n<td width=\"64\">2001<\/td>\n<td width=\"83\">Jeep<\/td>\n<td width=\"146\">Cherokee<\/td>\n<td width=\"438\">Limited, SE, Sport<\/td>\n<td width=\"384\">4.0L<\/td>\n<\/tr>\n<tr>\n<td width=\"64\">2001<\/td>\n<td width=\"83\">Jeep<\/td>\n<td width=\"146\">Grand Cherokee<\/td>\n<td width=\"438\">Laredo, Limited<\/td>\n<td width=\"384\">4.0L, 4.7L<\/td>\n<\/tr>\n<tr>\n<td width=\"64\">2001<\/td>\n<td width=\"83\">Jeep<\/td>\n<td width=\"146\">Wrangler<\/td>\n<td width=\"438\">SE, Sahara, Sport<\/td>\n<td width=\"384\">2.5L, 4.0L<\/td>\n<\/tr>\n<\/tbody>\n<\/table>","protected":false},"excerpt":{"rendered":"<p>Pieza original Mopar<\/p>","protected":false},"featured_media":68271404,"comment_status":"open","ping_status":"closed","template":"","meta":{"_acf_changed":false},"product_brand":[16270],"product_cat":[19657,7771],"product_tag":[18176,52,217,2318,91,686,92,93,54,53,48,94,49,95,2321,648,56,126,675,50,31,7221,404,2320,647,2453,655,34,35,86,674,96,164,38,37,673],"class_list":{"0":"post-68253939","1":"product","2":"type-product","3":"status-publish","4":"has-post-thumbnail","6":"product_brand-mopar","7":"product_cat-pacifica-wartung","8":"product_cat-1500-57-2003-2008-wartung","9":"product_tag-05281090ab","10":"product_tag-300c","11":"product_tag-217","12":"product_tag-2318","13":"product_tag-5-7","14":"product_tag-5281090ab","15":"product_tag-6-1","16":"product_tag-6-4","17":"product_tag-challenger","18":"product_tag-charger","19":"product_tag-chrysler","20":"product_tag-commander","21":"product_tag-dodge","22":"product_tag-durango","23":"product_tag-erstausruester","24":"product_tag-filter","25":"product_tag-grand-cherokee","26":"product_tag-hemi","27":"product_tag-inspektion","28":"product_tag-jeep","29":"product_tag-mopar","30":"product_tag-mopar10","31":"product_tag-motoroel","32":"product_tag-motoroelfilter","33":"product_tag-oelfilter","34":"product_tag-oelfilter10","35":"product_tag-oelwechsel","36":"product_tag-original","37":"product_tag-originalersatzteil","38":"product_tag-ram","39":"product_tag-service","40":"product_tag-srt","41":"product_tag-srt8","42":"product_tag-teile","43":"product_tag-wartung","44":"product_tag-zubehoer","46":"first","47":"instock","48":"taxable","49":"shipping-taxable","50":"purchasable","51":"product-type-simple"},"bundled_by":[],"bundle_stock_status":"instock","bundle_stock_quantity":62,"bundle_virtual":false,"bundle_layout":"","bundle_add_to_cart_form_location":"","bundle_editable_in_cart":false,"bundle_sold_individually_context":"","bundle_item_grouping":"","bundle_min_size":"","bundle_max_size":"","bundle_price":[],"bundled_items":[],"bundle_sell_ids":[],"exclude_global_add_ons":[],"addons":[],"acf":[],"_links":{"self":[{"href":"https:\/\/kraftwerk-shop.cc\/es\/wp-json\/wp\/v2\/product\/68253939","targetHints":{"allow":["GET"]}}],"collection":[{"href":"https:\/\/kraftwerk-shop.cc\/es\/wp-json\/wp\/v2\/product"}],"about":[{"href":"https:\/\/kraftwerk-shop.cc\/es\/wp-json\/wp\/v2\/types\/product"}],"replies":[{"embeddable":true,"href":"https:\/\/kraftwerk-shop.cc\/es\/wp-json\/wp\/v2\/comments?post=68253939"}],"version-history":[{"count":0,"href":"https:\/\/kraftwerk-shop.cc\/es\/wp-json\/wp\/v2\/product\/68253939\/revisions"}],"wp:featuredmedia":[{"embeddable":true,"href":"https:\/\/kraftwerk-shop.cc\/es\/wp-json\/wp\/v2\/media\/68271404"}],"wp:attachment":[{"href":"https:\/\/kraftwerk-shop.cc\/es\/wp-json\/wp\/v2\/media?parent=68253939"}],"wp:term":[{"taxonomy":"product_brand","embeddable":true,"href":"https:\/\/kraftwerk-shop.cc\/es\/wp-json\/wp\/v2\/product_brand?post=68253939"},{"taxonomy":"product_cat","embeddable":true,"href":"https:\/\/kraftwerk-shop.cc\/es\/wp-json\/wp\/v2\/product_cat?post=68253939"},{"taxonomy":"product_tag","embeddable":true,"href":"https:\/\/kraftwerk-shop.cc\/es\/wp-json\/wp\/v2\/product_tag?post=68253939"}],"curies":[{"name":"wp","href":"https:\/\/api.w.org\/{rel}","templated":true}]}}