{"id":68254284,"date":"2021-09-17T13:00:02","date_gmt":"2021-09-17T13:00:02","guid":{"rendered":"https:\/\/kraftwerk-gruppe.de\/?post_type=product&#038;p=68254284"},"modified":"2026-02-15T00:50:21","modified_gmt":"2026-02-14T23:50:21","slug":"camaro-ls3-l99","status":"publish","type":"product","link":"https:\/\/kraftwerk-shop.cc\/es\/produkt\/facherkrummer-camaro-ls3-l99\/","title":{"rendered":"Colector de ventilador Camaro LS3 \/ L99"},"content":{"rendered":"<h1><strong>Colector de acero inoxidable Grams con tubos de reemplazo cat y material de instalaci\u00f3n completa para el Camaro LS3 y L99<\/strong><\/h1>\n<p>&nbsp;<\/p>\n<p>Estos colectores se suministran con tubos de recambio para gatos y pueden convertirse f\u00e1cilmente en catalizadores de alto rendimiento.<br \/>\nLos colectores Grams est\u00e1n dise\u00f1ados y fabricados para aumentar la potencia y el par motor en toda la banda de potencia (m\u00e1s de 30 CV y m\u00e1s).<\/p>\n<p>&nbsp;<\/p>\n<p><strong>Volumen de suministro:<\/strong><\/p>\n<ul>\n<li>Curvas de abanico de acero inoxidable soldadas con TIG<\/li>\n<li>Tubos de recambio Cat<\/li>\n<li>Juntas de colector<\/li>\n<li>Cable de extensi\u00f3n de la sonda Lambda<\/li>\n<li>Separadores de sonda Lambda para evitar los c\u00f3digos de error P0420 y P0430<\/li>\n<\/ul>","protected":false},"excerpt":{"rendered":"<p>Colector de ventilador de acero inoxidable Grams con tubos de reemplazo de gato y material de instalaci\u00f3n completo para el Camaro LS3 y L99 Este colector de ventilador se suministra con tubos de reemplazo de gato<\/p>","protected":false},"featured_media":68278526,"comment_status":"open","ping_status":"closed","template":"","meta":{"_acf_changed":false},"product_brand":[],"product_cat":[1530],"product_tag":[546,191,2340,189,190,528,204,2339,543,3614,532,529,587,36,550,192,927,193,547,291,233,673],"class_list":{"0":"post-68254284","1":"product","2":"type-product","3":"status-publish","4":"has-post-thumbnail","6":"product_cat-camaro-62-2010-2015-abgasanlage","7":"product_tag-auspuff","8":"product_tag-camaro","9":"product_tag-catless","10":"product_tag-chevrolet","11":"product_tag-chevy","12":"product_tag-downpipe","13":"product_tag-ersatz","14":"product_tag-ersatzrohr","15":"product_tag-faecherkruemmer","16":"product_tag-grams","17":"product_tag-kat","18":"product_tag-katalysator","19":"product_tag-katersatz","20":"product_tag-kraftwerk","21":"product_tag-kruemmer","22":"product_tag-l99","23":"product_tag-longtubes","24":"product_tag-ls3","25":"product_tag-sportauspuff","26":"product_tag-ss","27":"product_tag-tuning","28":"product_tag-zubehoer","30":"first","31":"outofstock","32":"taxable","33":"shipping-taxable","34":"purchasable","35":"product-type-simple"},"bundled_by":[],"bundle_stock_status":"outofstock","bundle_stock_quantity":0,"bundle_virtual":false,"bundle_layout":"","bundle_add_to_cart_form_location":"","bundle_editable_in_cart":false,"bundle_sold_individually_context":"","bundle_item_grouping":"","bundle_min_size":"","bundle_max_size":"","bundle_price":[],"bundled_items":[],"bundle_sell_ids":[],"exclude_global_add_ons":[],"addons":[],"acf":[],"_links":{"self":[{"href":"https:\/\/kraftwerk-shop.cc\/es\/wp-json\/wp\/v2\/product\/68254284","targetHints":{"allow":["GET"]}}],"collection":[{"href":"https:\/\/kraftwerk-shop.cc\/es\/wp-json\/wp\/v2\/product"}],"about":[{"href":"https:\/\/kraftwerk-shop.cc\/es\/wp-json\/wp\/v2\/types\/product"}],"replies":[{"embeddable":true,"href":"https:\/\/kraftwerk-shop.cc\/es\/wp-json\/wp\/v2\/comments?post=68254284"}],"version-history":[{"count":0,"href":"https:\/\/kraftwerk-shop.cc\/es\/wp-json\/wp\/v2\/product\/68254284\/revisions"}],"wp:featuredmedia":[{"embeddable":true,"href":"https:\/\/kraftwerk-shop.cc\/es\/wp-json\/wp\/v2\/media\/68278526"}],"wp:attachment":[{"href":"https:\/\/kraftwerk-shop.cc\/es\/wp-json\/wp\/v2\/media?parent=68254284"}],"wp:term":[{"taxonomy":"product_brand","embeddable":true,"href":"https:\/\/kraftwerk-shop.cc\/es\/wp-json\/wp\/v2\/product_brand?post=68254284"},{"taxonomy":"product_cat","embeddable":true,"href":"https:\/\/kraftwerk-shop.cc\/es\/wp-json\/wp\/v2\/product_cat?post=68254284"},{"taxonomy":"product_tag","embeddable":true,"href":"https:\/\/kraftwerk-shop.cc\/es\/wp-json\/wp\/v2\/product_tag?post=68254284"}],"curies":[{"name":"wp","href":"https:\/\/api.w.org\/{rel}","templated":true}]}}