{"id":68254298,"date":"2021-09-17T13:00:04","date_gmt":"2021-09-17T13:00:04","guid":{"rendered":"https:\/\/kraftwerk-gruppe.de\/?post_type=product&#038;p=68254298"},"modified":"2026-02-23T18:23:45","modified_gmt":"2026-02-23T17:23:45","slug":"pastillas-de-freno-brembo-grand-cherokee-srt-durango-srt-eje-delantero","status":"publish","type":"product","link":"https:\/\/kraftwerk-shop.cc\/es\/produkt\/brembo-bremsbelage-grand-cherokee-srt-durango-srt-vorderachse\/","title":{"rendered":"Brembo pastillas de freno Grand Cherokee SRT &amp; Durango SRT"},"content":{"rendered":"<h1>Pastillas de freno Brembo para Jeep Grand Cherokee SRT WK (6.4) y Dodge Durango SRT (6.4)<\/h1>\n<p>&nbsp;<\/p>\n<p>Las pastillas de freno Brembo son <strong>no<\/strong> Id\u00e9nticas a las pastillas de freno originales Mopar. Las pastillas tienen una composici\u00f3n de material diferente y un dise\u00f1o diferente en los bordes.<\/p>\n<p>N\u00fameros de referencia Mopar: 68144427AA, 68144427AB, 68303052AA<\/p>\n<p>&nbsp;<\/p>\n<p><strong>Adecuado para:<\/strong><\/p>\n<table width=\"584\">\n<tbody>\n<tr>\n<td width=\"97\"><strong>A\u00f1o de construcci\u00f3n<\/strong><\/td>\n<td width=\"158\"><strong>Marca<\/strong><\/td>\n<td width=\"134\"><strong>Modelo<\/strong><\/td>\n<td width=\"112\"><strong>Variante<\/strong><\/td>\n<td width=\"83\"><strong>Motor<\/strong><\/td>\n<\/tr>\n<tr>\n<td width=\"97\">2018-2024<\/td>\n<td width=\"158\">Dodge<\/td>\n<td width=\"134\">Durango<\/td>\n<td width=\"112\">6.4 SRT<\/td>\n<td width=\"83\">V8 6.4L<\/td>\n<\/tr>\n<tr>\n<td width=\"97\">2012-2021<\/td>\n<td width=\"158\">Jeep<\/td>\n<td width=\"134\">Grand Cherokee<\/td>\n<td width=\"112\">6.4 SRT<\/td>\n<td width=\"83\">V8 6.4L<\/td>\n<\/tr>\n<\/tbody>\n<\/table>\n<p>El precio se refiere a 1 juego para el eje delantero completo.<\/p>\n<p>&nbsp;<\/p>\n<p><strong>Nota:<\/strong> Estas pastillas de freno no son id\u00e9nticas a las que Brembo fabrica para Mopar como piezas originales.<br \/>\nTienen una mezcla de cobertura diferente.<\/p>\n<p>&nbsp;<\/p>","protected":false},"excerpt":{"rendered":"<p>Pastillas de freno Brembo para Jeep Grand Cherokee SRT WK (6.4) y Dodge Durango SRT (6.4) Las pastillas de freno Brembo no son<\/p>","protected":false},"featured_media":68278510,"comment_status":"open","ping_status":"closed","template":"","meta":{"_acf_changed":false},"product_brand":[],"product_cat":[17932,17966],"product_tag":[93,929,930,931,932,832,838,590,10805,795,839,840,49,95,692,56,50,4425,31,34,794,96,842,841,653,673],"class_list":{"0":"post-68254298","1":"product","2":"type-product","3":"status-publish","4":"has-post-thumbnail","6":"product_cat-durango-64-bremsbelaege-vorne","7":"product_cat-grand-cherokee-64-bremsbelaege-vorne","8":"product_tag-6-4","9":"product_tag-68144427aa","10":"product_tag-68144427ab","11":"product_tag-68303052aa","12":"product_tag-br4","13":"product_tag-brembo","14":"product_tag-bremsbelag","15":"product_tag-bremsbelaege","16":"product_tag-bremsbelaege-fuer-jeep-grand-cherokee-6-4-srt","17":"product_tag-bremse","18":"product_tag-bremsklotz","19":"product_tag-bremskloetze","20":"product_tag-dodge","21":"product_tag-durango","22":"product_tag-ersatzteil","23":"product_tag-grand-cherokee","24":"product_tag-jeep","25":"product_tag-jeep-grand-cherokee","26":"product_tag-mopar","27":"product_tag-original","28":"product_tag-premium","29":"product_tag-srt","30":"product_tag-vorderachse","31":"product_tag-vorne","32":"product_tag-wk2","33":"product_tag-zubehoer","35":"first","36":"instock","37":"taxable","38":"shipping-taxable","39":"purchasable","40":"product-type-simple"},"bundled_by":[],"bundle_stock_status":"instock","bundle_stock_quantity":3,"bundle_virtual":false,"bundle_layout":"","bundle_add_to_cart_form_location":"","bundle_editable_in_cart":false,"bundle_sold_individually_context":"","bundle_item_grouping":"","bundle_min_size":"","bundle_max_size":"","bundle_price":[],"bundled_items":[],"bundle_sell_ids":[],"exclude_global_add_ons":[],"addons":[],"acf":[],"_links":{"self":[{"href":"https:\/\/kraftwerk-shop.cc\/es\/wp-json\/wp\/v2\/product\/68254298","targetHints":{"allow":["GET"]}}],"collection":[{"href":"https:\/\/kraftwerk-shop.cc\/es\/wp-json\/wp\/v2\/product"}],"about":[{"href":"https:\/\/kraftwerk-shop.cc\/es\/wp-json\/wp\/v2\/types\/product"}],"replies":[{"embeddable":true,"href":"https:\/\/kraftwerk-shop.cc\/es\/wp-json\/wp\/v2\/comments?post=68254298"}],"version-history":[{"count":0,"href":"https:\/\/kraftwerk-shop.cc\/es\/wp-json\/wp\/v2\/product\/68254298\/revisions"}],"wp:featuredmedia":[{"embeddable":true,"href":"https:\/\/kraftwerk-shop.cc\/es\/wp-json\/wp\/v2\/media\/68278510"}],"wp:attachment":[{"href":"https:\/\/kraftwerk-shop.cc\/es\/wp-json\/wp\/v2\/media?parent=68254298"}],"wp:term":[{"taxonomy":"product_brand","embeddable":true,"href":"https:\/\/kraftwerk-shop.cc\/es\/wp-json\/wp\/v2\/product_brand?post=68254298"},{"taxonomy":"product_cat","embeddable":true,"href":"https:\/\/kraftwerk-shop.cc\/es\/wp-json\/wp\/v2\/product_cat?post=68254298"},{"taxonomy":"product_tag","embeddable":true,"href":"https:\/\/kraftwerk-shop.cc\/es\/wp-json\/wp\/v2\/product_tag?post=68254298"}],"curies":[{"name":"wp","href":"https:\/\/api.w.org\/{rel}","templated":true}]}}