{"id":68254304,"date":"2021-09-17T13:00:04","date_gmt":"2021-09-17T13:00:04","guid":{"rendered":"https:\/\/kraftwerk-gruppe.de\/?post_type=product&#038;p=68254304"},"modified":"2026-02-15T00:47:29","modified_gmt":"2026-02-14T23:47:29","slug":"pastillas-de-freno-brembo-grand-cherokee-srt-durango-srt-eje-trasero","status":"publish","type":"product","link":"https:\/\/kraftwerk-shop.cc\/es\/produkt\/brembo-bremsbelage-grand-cherokee-srt-durango-srt-hinterachse\/","title":{"rendered":"Brembo pastillas de freno Grand Cherokee SRT &amp; Durango SRT"},"content":{"rendered":"<h1>Pastillas de freno Brembo para Jeep Grand Cherokee SRT WK (6.4) y Dodge Durango SRT (6.4)<\/h1>\n<p>&nbsp;<\/p>\n<p>Las pastillas de freno Brembo son <strong>no<\/strong> Id\u00e9nticas a las pastillas de freno originales Mopar. Las pastillas tienen una composici\u00f3n de material diferente y un dise\u00f1o diferente en los bordes.<\/p>\n<p>N\u00fameros de referencia Mopar: 68144432AA, <span class=\"list-value sku-display\">68399102AB<\/span><\/p>\n<p>&nbsp;<\/p>\n<p><strong>Adecuado para:<\/strong><\/p>\n<table width=\"584\">\n<tbody>\n<tr>\n<td width=\"97\"><strong>A\u00f1o de construcci\u00f3n<\/strong><\/td>\n<td width=\"158\"><strong>Marca<\/strong><\/td>\n<td width=\"134\"><strong>Modelo<\/strong><\/td>\n<td width=\"112\"><strong>Variante<\/strong><\/td>\n<td width=\"83\"><strong>Motor<\/strong><\/td>\n<\/tr>\n<tr>\n<td width=\"97\">2018-2024<\/td>\n<td width=\"158\">Dodge<\/td>\n<td width=\"134\">Durango<\/td>\n<td width=\"112\">6.4 SRT<\/td>\n<td width=\"83\">V8 6.4L<\/td>\n<\/tr>\n<tr>\n<td width=\"97\">2012-2021<\/td>\n<td width=\"158\">Jeep<\/td>\n<td width=\"134\">Grand Cherokee<\/td>\n<td width=\"112\">6.4 SRT<\/td>\n<td width=\"83\">V8 6.4L<\/td>\n<\/tr>\n<\/tbody>\n<\/table>\n<p>El precio se refiere a 1 juego para el eje trasero completo.<\/p>\n<p>&nbsp;<\/p>\n<p><strong>Nota:<\/strong> Estas pastillas de freno no son id\u00e9nticas a las que Brembo fabrica para Mopar como piezas originales.<br \/>\nTienen una mezcla de cobertura diferente.<\/p>","protected":false},"excerpt":{"rendered":"<p>Pastillas de freno Brembo para Jeep Grand Cherokee SRT WK (6.4) y Dodge Durango SRT (6.4) Las pastillas de freno Brembo no son<\/p>","protected":false},"featured_media":68278513,"comment_status":"open","ping_status":"closed","template":"","meta":{"_acf_changed":false},"product_brand":[],"product_cat":[17933,17967],"product_tag":[93,933,2436,932,832,838,590,795,839,840,49,95,692,56,798,799,50,4425,31,34,794,96,653,673],"class_list":{"0":"post-68254304","1":"product","2":"type-product","3":"status-publish","4":"has-post-thumbnail","6":"product_cat-durango-64-bremsbelaege-hinten","7":"product_cat-grand-cherokee-64-bremsbelaege-hinten","8":"product_tag-6-4","9":"product_tag-68144432aa","10":"product_tag-68399102ab","11":"product_tag-br4","12":"product_tag-brembo","13":"product_tag-bremsbelag","14":"product_tag-bremsbelaege","15":"product_tag-bremse","16":"product_tag-bremsklotz","17":"product_tag-bremskloetze","18":"product_tag-dodge","19":"product_tag-durango","20":"product_tag-ersatzteil","21":"product_tag-grand-cherokee","22":"product_tag-hinten","23":"product_tag-hinterachse","24":"product_tag-jeep","25":"product_tag-jeep-grand-cherokee","26":"product_tag-mopar","27":"product_tag-original","28":"product_tag-premium","29":"product_tag-srt","30":"product_tag-wk2","31":"product_tag-zubehoer","33":"first","34":"instock","35":"taxable","36":"shipping-taxable","37":"purchasable","38":"product-type-simple"},"bundled_by":[],"bundle_stock_status":"instock","bundle_stock_quantity":2,"bundle_virtual":false,"bundle_layout":"","bundle_add_to_cart_form_location":"","bundle_editable_in_cart":false,"bundle_sold_individually_context":"","bundle_item_grouping":"","bundle_min_size":"","bundle_max_size":"","bundle_price":[],"bundled_items":[],"bundle_sell_ids":[],"exclude_global_add_ons":[],"addons":[],"acf":[],"_links":{"self":[{"href":"https:\/\/kraftwerk-shop.cc\/es\/wp-json\/wp\/v2\/product\/68254304","targetHints":{"allow":["GET"]}}],"collection":[{"href":"https:\/\/kraftwerk-shop.cc\/es\/wp-json\/wp\/v2\/product"}],"about":[{"href":"https:\/\/kraftwerk-shop.cc\/es\/wp-json\/wp\/v2\/types\/product"}],"replies":[{"embeddable":true,"href":"https:\/\/kraftwerk-shop.cc\/es\/wp-json\/wp\/v2\/comments?post=68254304"}],"version-history":[{"count":0,"href":"https:\/\/kraftwerk-shop.cc\/es\/wp-json\/wp\/v2\/product\/68254304\/revisions"}],"wp:featuredmedia":[{"embeddable":true,"href":"https:\/\/kraftwerk-shop.cc\/es\/wp-json\/wp\/v2\/media\/68278513"}],"wp:attachment":[{"href":"https:\/\/kraftwerk-shop.cc\/es\/wp-json\/wp\/v2\/media?parent=68254304"}],"wp:term":[{"taxonomy":"product_brand","embeddable":true,"href":"https:\/\/kraftwerk-shop.cc\/es\/wp-json\/wp\/v2\/product_brand?post=68254304"},{"taxonomy":"product_cat","embeddable":true,"href":"https:\/\/kraftwerk-shop.cc\/es\/wp-json\/wp\/v2\/product_cat?post=68254304"},{"taxonomy":"product_tag","embeddable":true,"href":"https:\/\/kraftwerk-shop.cc\/es\/wp-json\/wp\/v2\/product_tag?post=68254304"}],"curies":[{"name":"wp","href":"https:\/\/api.w.org\/{rel}","templated":true}]}}