{"id":68255437,"date":"2021-09-17T13:03:55","date_gmt":"2021-09-17T13:03:55","guid":{"rendered":"https:\/\/kraftwerk-gruppe.de\/?post_type=product&#038;p=68255437"},"modified":"2026-02-14T23:59:11","modified_gmt":"2026-02-14T22:59:11","slug":"bujias-brisk-silver-racing-er15ys","status":"publish","type":"product","link":"https:\/\/kraftwerk-shop.cc\/es\/produkt\/brisk-silver-racing-er15ys-zuendkerzen\/","title":{"rendered":"Buj\u00edas Brisk Silver Racing ER15YS (16 piezas)"},"content":{"rendered":"<h1>Buj\u00edas Brisk Silver Racing ER15YS para motores Chrysler, Dodge, Jeep y RAM 5.7 y 6.2 Hellcat, Trackhawk y TRX<\/h1>\n<p>&nbsp;<\/p>\n<p>Las buj\u00edas Brisk Silver Racing se han desarrollado especialmente para veh\u00edculos de altas prestaciones.<\/p>\n<p>El electrodo central de plata es un excelente conductor de la electricidad y el calor.<br \/>\nLa mayor capacidad de ignici\u00f3n de la buj\u00eda aumenta el rendimiento del motor.<br \/>\nSe requiere una tensi\u00f3n de encendido m\u00e1s baja.<br \/>\nBuena resistencia a la contaminaci\u00f3n y mejores propiedades de arranque.<\/p>\n<p>&nbsp;<\/p>\n<ul>\n<li>Di\u00e1metro de la rosca: 14 mm<\/li>\n<li>Alcance de la rosca: 26,5 mm - 1,04\u2033.<\/li>\n<li>Hex\u00e1gono: 16 mm - 5\/8\u2033.<\/li>\n<li>Tipo de asiento: Junta<\/li>\n<li>Versi\u00f3n: Silver Racing<\/li>\n<li>Resistencia: S\u00ed<\/li>\n<li>Proyectado: S\u00ed<\/li>\n<li>Poder calor\u00edfico: 15<\/li>\n<\/ul>\n<p>&nbsp;<\/p>\n<p>Las buj\u00edas Brisk Silver Racing tienen un n\u00facleo de plata de menor di\u00e1metro y un electrodo de masa abierto convencional que proporciona un excelente rendimiento al encender mezclas de combustible de alto octanaje.<\/p>\n<p>El metal plateado es el mejor material para el electrodo central de una buj\u00eda, ya que puede disipar el calor r\u00e1pidamente, lo que se traduce en una menor temperatura general de la buj\u00eda y una chispa m\u00e1s potente.<\/p>\n<p>Cuanto m\u00e1s fuerte es la chispa, m\u00e1s r\u00e1pido y mejor es el frente de llama y la velocidad de la llama, lo que conduce a una gama de revoluciones m\u00e1s suave y m\u00e1s alta en los motores.<\/p>\n<p>La gama Brisk Silver Racing funciona bien con la mayor\u00eda de los sistemas de encendido del mercado de accesorios y OEM, desde la simple bobina y distribuidor hasta el encendido electr\u00f3nico y los sistemas de encendido directo de alto rendimiento utilizados en los modernos motores de puerto y de inyecci\u00f3n directa.<\/p>\n<p>&nbsp;<\/p>\n<p><strong>Adecuado para:<\/strong><\/p>\n<p>Motores 5.7 Hemi a partir de 2009 (mismo valor t\u00e9rmico que las buj\u00edas est\u00e1ndar)<br \/>\n6.2 Motores Hellcat (mismo valor t\u00e9rmico que las clavijas de serie)<\/p>\n<p>&nbsp;<\/p>\n<p><strong>Volumen de suministro:<\/strong><\/p>\n<ul>\n<li>16 buj\u00edas Brisk Silver Racing ER15YS<\/li>\n<\/ul>","protected":false},"excerpt":{"rendered":"<p>Buj\u00edas Brisk Silver Racing ER15YS para motores Chrysler, Dodge, Jeep y RAM 5.7 y 6.2 Hellcat, Trackhawk y TRX &nbsp;<\/p>","protected":false},"featured_media":68274792,"comment_status":"open","ping_status":"closed","template":"","meta":{"_acf_changed":false},"product_brand":[18923],"product_cat":[7261,7266,7290,7302,7316,7320,7328,7343,7347,7373,7393,7397,7407,7443,7448,9949,7453],"product_tag":[52,8893,8882,8895,8890,9023,8923,8910,9010,8902,8992,9003,8855,8870,8936,8944,8969,8926,8953,8961,1074,8990,8998,9017,9026,8922,9024,9008,8881,9019,8912,8918,8989,8919,9001,9014,8876,8995,8887,9016,8917,9021,8909,8879,8997,8920,8914,9025,9015,8891,8874,8986,8883,8993,8921,9020,8916,8886,8991,9005,9018,9013,9012,8899,8999,8913,8907,9006,9022,54,8878,8987,8988,8927,8978,8925,8928,8930,8932,8929,8877,8868,8872,53,8939,8935,8983,8940,8934,8979,8938,8862,48,8897,8892,8896,8852,8857,8856,8894,8858,8854,94,49,8880,8875,8873,8871,8869,8860,8937,8863,8861,8864,8865,8884,8943,8948,8959,8888,8889,8996,8994,8945,8942,8947,8982,8885,1083,56,8904,8900,8931,8985,8966,8967,8898,8970,8905,50,8906,8901,8903,9004,8951,8955,8981,8954,8975,55,8973,8971,1077,8915,8908,9009,8911,9007,8962,8965,8958,8964,8980,8960,8963,1076,9002,9000,8977,8984,8952,8950,8972,8968,1073,8851,8867,8924,8859,8933,8866,8941,8853,8974,8976,8949,8957,9011,8946,8956],"class_list":{"0":"post-68255437","1":"product","2":"type-product","3":"status-publish","4":"has-post-thumbnail","6":"product_brand-brisk","7":"product_cat-300c-57-2005-2010-zuendung","8":"product_cat-300c-57-2011-2023-zuendung","9":"product_cat-challenger-57-zuendung","10":"product_cat-challenger-hellcat-zuendung","11":"product_cat-charger-57-zuendung","12":"product_cat-charger-57-2011-2023-zuendung","13":"product_cat-charger-hellcat-zuendung","14":"product_cat-durango-57-zuendung","15":"product_cat-durango-hellcat-zuendung","16":"product_cat-commander-zuendung","17":"product_cat-grand-cherokee-57-2005-2010-zuendung","18":"product_cat-grand-cherokee-57-2011-2021-zuendung","19":"product_cat-trackhawk-zuendung","20":"product_cat-1500-57-2009-2018-classic-zuendung","21":"product_cat-1500-57-dt-zuendung","22":"product_cat-2500-3500-57-zuendung","23":"product_cat-trx-zuendung","24":"product_tag-300c","25":"product_tag-300c-brisk-performance-zuendkerzen","26":"product_tag-beste-brisk-zuendkerzen-challenger","27":"product_tag-beste-brisk-zuendkerzen-fuer-chrysler-300c","28":"product_tag-beste-brisk-zuendkerzen-fuer-durango","29":"product_tag-beste-brisk-zuendkerzen-fuer-durango-hellcat","30":"product_tag-beste-brisk-zuendkerzen-fuer-jeep-und-dodge","31":"product_tag-beste-brisk-zuendkerzen-fuer-ram-1500","32":"product_tag-beste-brisk-zuendkerzen-fuer-ram-trx","33":"product_tag-beste-brisk-zuendkerzen-grand-cherokee","34":"product_tag-beste-brisk-zuendkerzen-hellcat","35":"product_tag-beste-brisk-zuendkerzen-trackhawk","36":"product_tag-beste-zuendkerzen-300c","37":"product_tag-beste-zuendkerzen-challenger","38":"product_tag-beste-zuendkerzen-charger-hellcat","39":"product_tag-beste-zuendkerzen-durango-hellcat","40":"product_tag-beste-zuendkerzen-fuer-hemi","41":"product_tag-beste-zuendkerzen-hellcat","42":"product_tag-beste-zuendkerzen-jeep-trackhawk","43":"product_tag-beste-zuendkerzen-ram-trx","44":"product_tag-brisk","45":"product_tag-brisk-challenger-hellcat-zuendkerzen-set","46":"product_tag-brisk-durango-hemi-zuendkerzen","47":"product_tag-brisk-er14s-fuer-v8-hemi","48":"product_tag-brisk-er14s-performance-fuer-ram-trx","49":"product_tag-brisk-ersatzteile-fuer-ram","50":"product_tag-brisk-hemi-zuendkerzen-fuer-trackhawk-und-ram","51":"product_tag-brisk-hemi-zuendkerzen-ram-trx","52":"product_tag-brisk-hochleistungszuendkerzen-challenger","53":"product_tag-brisk-hochleistungszuendkerzen-fuer-hemi","54":"product_tag-brisk-hochleistungszuendkerzen-ram","55":"product_tag-brisk-hochleistungszuendkerzen-v8","56":"product_tag-brisk-performance-zuendkerzen-hellcat","57":"product_tag-brisk-performance-zuendkerzen-hemi","58":"product_tag-brisk-performance-zuendkerzen-jeep-trackhawk","59":"product_tag-brisk-performance-zuendkerzen-v8-hemi","60":"product_tag-brisk-silver-racing-dodge-challenger","61":"product_tag-brisk-silver-racing-durango-hellcat","62":"product_tag-brisk-silver-racing-zuendkerzen-durango","63":"product_tag-brisk-silver-racing-zuendkerzen-fuer-hellcat","64":"product_tag-brisk-silver-racing-zuendkerzen-fuer-hemi","65":"product_tag-brisk-silver-racing-zuendkerzen-jeep-trackhawk","66":"product_tag-brisk-silver-racing-zuendkerzen-ram","67":"product_tag-brisk-tuning-zuendkerzen-challenger","68":"product_tag-brisk-tuning-zuendkerzen-durango-hellcat","69":"product_tag-brisk-tuning-zuendkerzen-fuer-chrysler","70":"product_tag-brisk-tuning-zuendkerzen-fuer-ram-hemi","71":"product_tag-brisk-tuning-zuendkerzen-hellcat-und-trackhawk","72":"product_tag-brisk-tuning-zuendkerzen-hemi-v8","73":"product_tag-brisk-zuendkerzen-chrysler-300c","74":"product_tag-brisk-zuendkerzen-dodge-challenger","75":"product_tag-brisk-zuendkerzen-dodge-challenger-hellcat","76":"product_tag-brisk-zuendkerzen-dodge-durango","77":"product_tag-brisk-zuendkerzen-dodge-durango-hellcat","78":"product_tag-brisk-zuendkerzen-fuer-amerikanische-autos","79":"product_tag-brisk-zuendkerzen-fuer-dodge-challenger-und-charger-hellcat","80":"product_tag-brisk-zuendkerzen-fuer-dodge-und-jeep","81":"product_tag-brisk-zuendkerzen-fuer-durango","82":"product_tag-brisk-zuendkerzen-fuer-hemi-challenger","83":"product_tag-brisk-zuendkerzen-fuer-kompressor-trackhawk","84":"product_tag-brisk-zuendkerzen-fuer-supercharged-motor","85":"product_tag-brisk-zuendkerzen-hellcat-motor","86":"product_tag-brisk-zuendkerzen-hemi","87":"product_tag-brisk-zuendkerzen-jeep-grand-cherokee","88":"product_tag-brisk-zuendkerzen-jeep-trackhawk","89":"product_tag-brisk-zuendkerzen-kaufen-ram","90":"product_tag-brisk-zuendkerzen-ram","91":"product_tag-brisk-zuendkerzen-ram-trx","92":"product_tag-brisk-zuendkerzen-ram-trx-kaufen","93":"product_tag-challenger","94":"product_tag-challenger-brisk-performance-zuendkerzen","95":"product_tag-challenger-hellcat-brisk-er14s","96":"product_tag-challenger-hellcat-brisk-silver-racing","97":"product_tag-challenger-hellcat-ersatzteile","98":"product_tag-challenger-hellcat-ersatzteile-kaufen","99":"product_tag-challenger-hellcat-performance-zuendkerzen","100":"product_tag-challenger-hellcat-tuning","101":"product_tag-challenger-hellcat-zuendkerzen-hemi","102":"product_tag-challenger-hellcat-zuendkerzen-preis","103":"product_tag-challenger-hellcat-zuendkerzen-set","104":"product_tag-challenger-hemi-brisk-zuendkerzen","105":"product_tag-challenger-zuendkerzen-set","106":"product_tag-challenger-zuendkerzen-wechsel","107":"product_tag-charger","108":"product_tag-charger-hellcat-ersatzteile","109":"product_tag-charger-hellcat-hemi-zuendkerzen","110":"product_tag-charger-hellcat-originalteile","111":"product_tag-charger-hellcat-performance-teile","112":"product_tag-charger-hellcat-tuning-zuendkerzen","113":"product_tag-charger-hellcat-tuningteile","114":"product_tag-charger-hellcat-v8-zuendkerzen","115":"product_tag-charger-zuendkerzen-kaufen","116":"product_tag-chrysler","117":"product_tag-chrysler-300c-brisk-ersatzteile","118":"product_tag-chrysler-300c-brisk-silver-racing","119":"product_tag-chrysler-300c-brisk-zuendkerzen-kaufen","120":"product_tag-chrysler-300c-ersatzteile","121":"product_tag-chrysler-300c-originalteile","122":"product_tag-chrysler-300c-performance-zuendkerzen","123":"product_tag-chrysler-300c-tuning-brisk-zuendkerzen","124":"product_tag-chrysler-300c-zuendkerzen-preis","125":"product_tag-chrysler-300c-zuendkerzen-wechsel","126":"product_tag-commander","127":"product_tag-dodge","128":"product_tag-dodge-challenger-brisk-ersatzteile","129":"product_tag-dodge-challenger-brisk-zuendkerzen","130":"product_tag-dodge-challenger-ersatzteile","131":"product_tag-dodge-challenger-srt-zuendkerzen","132":"product_tag-dodge-challenger-tuning","133":"product_tag-dodge-charger-ersatzteile","134":"product_tag-dodge-charger-hellcat-zuendkerzen-set","135":"product_tag-dodge-charger-performance","136":"product_tag-dodge-charger-tuning-zuendkerzen","137":"product_tag-dodge-charger-zuendkerzen-set","138":"product_tag-dodge-charger-zuendkerzen-vergleich","139":"product_tag-dodge-durango-brisk-performance-zuendkerzen","140":"product_tag-dodge-durango-hellcat-performance-zuendkerzen","141":"product_tag-dodge-durango-hellcat-tuning-teile","142":"product_tag-dodge-ram-trx-performance-zuendkerzen","143":"product_tag-durango-brisk-hochleistungszuendkerzen","144":"product_tag-durango-brisk-tuning-zuendkerzen","145":"product_tag-durango-hellcat-brisk-er14s-kaufen","146":"product_tag-durango-hellcat-brisk-performance-zuendkerzen","147":"product_tag-durango-hellcat-ersatzteile","148":"product_tag-durango-hellcat-hemi-zuendkerzen","149":"product_tag-durango-hellcat-v8-zuendkerzen","150":"product_tag-durango-hellcat-zubehoer","151":"product_tag-durango-hemi-brisk-zuendkerzen","152":"product_tag-er15ys","153":"product_tag-grand-cherokee","154":"product_tag-grand-cherokee-brisk-tuning-zuendkerzen","155":"product_tag-grand-cherokee-hemi-brisk-zuendkerzen","156":"product_tag-hellcat-challenger-v8-zuendkerzen","157":"product_tag-hellcat-performance-zuendkerzen-preisvergleich","158":"product_tag-hellcat-zuendkerzen","159":"product_tag-hemi-performance-zuendkerzen","160":"product_tag-hochleistungszuendkerzen-chrysler-300c-brisk","161":"product_tag-hochleistungszuendkerzen-hellcat","162":"product_tag-hochleistungszuendkerzen-jeep-grand-cherokee-brisk","163":"product_tag-jeep","164":"product_tag-jeep-grand-cherokee-brisk-ersatzteile","165":"product_tag-jeep-grand-cherokee-brisk-silver-racing","166":"product_tag-jeep-grand-cherokee-performance-zuendkerzen-brisk","167":"product_tag-jeep-grand-cherokee-trackhawk-brisk-ersatzteile","168":"product_tag-jeep-grand-cherokee-trackhawk-zuendkerzen","169":"product_tag-jeep-trackhawk-ersatzteile","170":"product_tag-jeep-trackhawk-tuning","171":"product_tag-jeep-trackhawk-tuning-zuendkerzen","172":"product_tag-kompressor-zuendkerzen-hemi","173":"product_tag-magnum","174":"product_tag-mopar-zuendkerzen-hellcat","175":"product_tag-performance-zuendkerzen-fuer-hemi-v8","176":"product_tag-racing","177":"product_tag-ram-brisk-ersatzteile","178":"product_tag-ram-hemi-brisk-zuendkerzen","179":"product_tag-ram-trx-brisk-er14s","180":"product_tag-ram-trx-brisk-performance-zuendkerzen","181":"product_tag-ram-trx-brisk-silver-racing-zuendkerzen","182":"product_tag-ram-trx-ersatzteile","183":"product_tag-ram-trx-hellcat-motor-zuendkerze","184":"product_tag-ram-trx-hemi-zuendkerzen","185":"product_tag-ram-trx-v8-zuendkerzen","186":"product_tag-ram-trx-zuendkerzen-kaufen","187":"product_tag-ram-trx-zuendkerzen-set","188":"product_tag-ram-trx-zuendkerzen-tuning","189":"product_tag-silver","190":"product_tag-trackhawk-brisk-er14s-zuendkerzen","191":"product_tag-trackhawk-brisk-silver-racing-zuendkerzen","192":"product_tag-trackhawk-hemi-zuendkerzen","193":"product_tag-trackhawk-kompressor-zuendkerzen","194":"product_tag-trackhawk-performance-zuendkerzen","195":"product_tag-trackhawk-zuendkerzen-hemi","196":"product_tag-tuning-zuendkerzen-hemi-motor","197":"product_tag-v8-hemi-zuendkerzen","198":"product_tag-zuendkerzen","199":"product_tag-zuendkerzen-chrysler-300c","200":"product_tag-zuendkerzen-dodge-challenger","201":"product_tag-zuendkerzen-dodge-challenger-hellcat","202":"product_tag-zuendkerzen-dodge-charger","203":"product_tag-zuendkerzen-dodge-charger-hellcat","204":"product_tag-zuendkerzen-dodge-charger-srt","205":"product_tag-zuendkerzen-dodge-durango-hellcat","206":"product_tag-zuendkerzen-fuer-chrysler-300c","207":"product_tag-zuendkerzen-fuer-supercharged-v8","208":"product_tag-zuendkerzen-hellcat-motor","209":"product_tag-zuendkerzen-jeep-trackhawk","210":"product_tag-zuendkerzen-ram-trx","211":"product_tag-zuendkerzen-set-brisk-ram-trx","212":"product_tag-zuendkerzen-set-durango-hellcat","213":"product_tag-zuendkerzen-set-trackhawk","215":"first","216":"instock","217":"taxable","218":"shipping-taxable","219":"purchasable","220":"product-type-simple"},"bundled_by":[],"bundle_stock_status":"instock","bundle_stock_quantity":1,"bundle_virtual":false,"bundle_layout":"","bundle_add_to_cart_form_location":"","bundle_editable_in_cart":false,"bundle_sold_individually_context":"","bundle_item_grouping":"","bundle_min_size":"","bundle_max_size":"","bundle_price":[],"bundled_items":[],"bundle_sell_ids":[],"exclude_global_add_ons":[],"addons":[],"acf":[],"_links":{"self":[{"href":"https:\/\/kraftwerk-shop.cc\/es\/wp-json\/wp\/v2\/product\/68255437","targetHints":{"allow":["GET"]}}],"collection":[{"href":"https:\/\/kraftwerk-shop.cc\/es\/wp-json\/wp\/v2\/product"}],"about":[{"href":"https:\/\/kraftwerk-shop.cc\/es\/wp-json\/wp\/v2\/types\/product"}],"replies":[{"embeddable":true,"href":"https:\/\/kraftwerk-shop.cc\/es\/wp-json\/wp\/v2\/comments?post=68255437"}],"version-history":[{"count":0,"href":"https:\/\/kraftwerk-shop.cc\/es\/wp-json\/wp\/v2\/product\/68255437\/revisions"}],"wp:featuredmedia":[{"embeddable":true,"href":"https:\/\/kraftwerk-shop.cc\/es\/wp-json\/wp\/v2\/media\/68274792"}],"wp:attachment":[{"href":"https:\/\/kraftwerk-shop.cc\/es\/wp-json\/wp\/v2\/media?parent=68255437"}],"wp:term":[{"taxonomy":"product_brand","embeddable":true,"href":"https:\/\/kraftwerk-shop.cc\/es\/wp-json\/wp\/v2\/product_brand?post=68255437"},{"taxonomy":"product_cat","embeddable":true,"href":"https:\/\/kraftwerk-shop.cc\/es\/wp-json\/wp\/v2\/product_cat?post=68255437"},{"taxonomy":"product_tag","embeddable":true,"href":"https:\/\/kraftwerk-shop.cc\/es\/wp-json\/wp\/v2\/product_tag?post=68255437"}],"curies":[{"name":"wp","href":"https:\/\/api.w.org\/{rel}","templated":true}]}}