{"id":68255528,"date":"2021-09-17T13:04:06","date_gmt":"2021-09-17T13:04:06","guid":{"rendered":"https:\/\/kraftwerk-gruppe.de\/?post_type=product&#038;p=68255528"},"modified":"2026-02-15T00:05:37","modified_gmt":"2026-02-14T23:05:37","slug":"jlt-cold-air-intake-300c-charger-challenger-6-4-srt","status":"publish","type":"product","link":"https:\/\/kraftwerk-shop.cc\/es\/produkt\/jlt-cold-air-intake-300c-charger-challenger-6-4-srt\/","title":{"rendered":"JLT Admisi\u00f3n de aire fr\u00edo 300C, Charger, Challenger 6.4 SRT"},"content":{"rendered":"<h1>JLT Sistema de admisi\u00f3n de aire fr\u00edo \/ filtro de aire deportivo para Chrysler 300C, Dodge Charger y Challenger 6.4 SRT<\/h1>\n<p>&nbsp;<\/p>\n<p><strong>Filtro de aire grande<\/strong><br \/>\nEl filtro de aire de generosas dimensiones permite un mayor flujo de aire que el filtro est\u00e1ndar.<br \/>\nEl elemento filtrante del aire est\u00e1 compuesto por material filtrante de algod\u00f3n, que se humedece con un aceite filtrante especial y puede lavarse. Esto maximiza la capacidad y el rendimiento del filtro.<\/p>\n<p><strong>Colector de admisi\u00f3n<\/strong><br \/>\nEl tubo de admisi\u00f3n est\u00e1 hecho de pl\u00e1stico rotomoldeado con una enorme abertura de filtro de 5\u2033 para un flujo de aire superior y SIN acumulaci\u00f3n de calor como con los tubos de metal.<br \/>\nCon una abertura de 4\u2033 en el extremo de la v\u00e1lvula de mariposa, tambi\u00e9n es adecuado para v\u00e1lvulas de mariposa m\u00e1s grandes.<\/p>\n<p><strong>Carcasa del filtro de aire<\/strong><br \/>\nIncluye nuestro gran escudo t\u00e9rmico de pl\u00e1stico ABS para aislar el aire de admisi\u00f3n del calor del motor al ralent\u00ed y a bajas revoluciones.<br \/>\nUtiliza una gran superficie para garantizar que el filtro reciba abundante aire fr\u00edo, que se introduce a trav\u00e9s de la parrilla y la zona de los faros para mantener las temperaturas lo m\u00e1s bajas posible.<\/p>\n<p>&nbsp;<\/p>\n<p><strong>Material de instalaci\u00f3n de alta calidad<\/strong><\/p>\n<ul>\n<li>Colector de admisi\u00f3n de pl\u00e1stico moldeado JLT Roto<\/li>\n<li>Reductor de silicona<\/li>\n<li>Filtro de aire 5\u00d77 S&amp;B Powerstack<\/li>\n<li>Escudo t\u00e9rmico ABS<\/li>\n<li>Abrazaderas HD, todas las piezas necesarias<\/li>\n<li>Instrucciones de instalaci\u00f3n en alem\u00e1n<\/li>\n<\/ul>\n<p>&nbsp;<\/p>\n<p><strong>detalles<\/strong><\/p>\n<p>- + 15 CV, + 20 NM de aumento m\u00e1ximo de potencia (especificaci\u00f3n del fabricante)<br \/>\n- Carcasa del filtro de aire con soportes para montaje directo<br \/>\n- Filtro de aire Pro 10R preengrasado, lavable y reutilizable para un rendimiento m\u00e1ximo<\/p>\n<p>&nbsp;<\/p>\n<p><strong>Adecuado para:<\/strong><\/p>\n<table border=\"0\" width=\"970\" cellspacing=\"0\" cellpadding=\"0\">\n<colgroup>\n<col \/>\n<col \/>\n<col \/>\n<col \/>\n<col \/> <\/colgroup>\n<tbody>\n<tr>\n<td style=\"height: 20px; width: 177px;\" height=\"20\"><strong>A\u00f1o de construcci\u00f3n<\/strong><\/td>\n<td style=\"width: 167px;\"><strong>Marca<\/strong><\/td>\n<td style=\"width: 131px;\"><strong>Modelo<\/strong><\/td>\n<td style=\"width: 367px;\"><strong>Variante<\/strong><\/td>\n<td style=\"width: 129px;\">Motor<\/td>\n<\/tr>\n<tr>\n<td style=\"height: 20px; width: 177px;\" height=\"20\">2011-2023<\/td>\n<td style=\"width: 167px;\">Dodge<\/td>\n<td style=\"width: 131px;\">Challenger<\/td>\n<td style=\"width: 367px;\">TER (<u>no<\/u> para agitadores)<\/td>\n<td style=\"width: 129px;\">V8 6.4 L<\/td>\n<\/tr>\n<tr>\n<td style=\"height: 20px; width: 177px;\" height=\"20\">2011-2023<\/td>\n<td style=\"width: 167px;\">Dodge<\/td>\n<td style=\"width: 131px;\">Charger<\/td>\n<td style=\"width: 367px;\">SRT<\/td>\n<td style=\"width: 129px;\">V8 6.4 L<\/td>\n<\/tr>\n<tr>\n<td style=\"height: 20px; width: 177px;\" height=\"20\">2011-2014<\/td>\n<td style=\"width: 167px;\">Chrysler<\/td>\n<td style=\"width: 131px;\">300<\/td>\n<td style=\"width: 367px;\">SRT<\/td>\n<td style=\"width: 129px;\">V8 6.4 L<\/td>\n<\/tr>\n<\/tbody>\n<\/table>\n<p>&nbsp;<\/p>\n<p><iframe loading=\"lazy\" title=\"JLT Admisi\u00f3n de Aire Fr\u00edo 300C, Charger, Challenger 6.4 SRT video de instalaci\u00f3n\" width=\"500\" height=\"281\" src=\"https:\/\/www.youtube.com\/embed\/J1zx7k7pdis?feature=oembed\" frameborder=\"0\" allow=\"accelerometer; autoplay; clipboard-write; encrypted-media; gyroscope; picture-in-picture; web-share\" referrerpolicy=\"strict-origin-when-cross-origin\" allowfullscreen><\/iframe><\/p>\n<p>&nbsp;<\/p>","protected":false},"excerpt":{"rendered":"<p>2011-2023<\/p>","protected":false},"featured_media":68277452,"comment_status":"open","ping_status":"closed","template":"","meta":{"_acf_changed":false},"product_brand":[17168],"product_cat":[2517,2512,2516],"product_tag":[176,177,165,248,249,250,251,252,1096,2066,52,217,93,826,824,54,53,48,536,825,49,3853,3854,1094,1093,2444,2237,20273,57,500,96],"class_list":{"0":"post-68255528","1":"product","2":"type-product","3":"status-publish","4":"has-post-thumbnail","6":"product_brand-jlt","7":"product_cat-300c-64-ansaugung","8":"product_cat-challenger-64-ansaugung","9":"product_cat-charger-64-ansaugung","10":"product_tag-176","11":"product_tag-177","12":"product_tag-165","13":"product_tag-248","14":"product_tag-249","15":"product_tag-250","16":"product_tag-251","17":"product_tag-252","18":"product_tag-2019-2020","19":"product_tag-2066","20":"product_tag-300c","21":"product_tag-217","22":"product_tag-6-4","23":"product_tag-ansaugung","24":"product_tag-cai","25":"product_tag-challenger","26":"product_tag-charger","27":"product_tag-chrysler","28":"product_tag-chrysler-300c","29":"product_tag-cold-air-intake","30":"product_tag-dodge","31":"product_tag-dodge-challenger","32":"product_tag-dodge-charger","33":"product_tag-intake","34":"product_tag-jlt","35":"product_tag-jlt-performance","36":"product_tag-jlt_cai2-dh64-11","37":"product_tag-keintuev","38":"product_tag-luftfilter","39":"product_tag-sportluftfilter","40":"product_tag-srt","42":"first","43":"outofstock","44":"taxable","45":"shipping-taxable","46":"purchasable","47":"product-type-simple"},"bundled_by":[],"bundle_stock_status":"outofstock","bundle_stock_quantity":0,"bundle_virtual":false,"bundle_layout":"","bundle_add_to_cart_form_location":"","bundle_editable_in_cart":false,"bundle_sold_individually_context":"","bundle_item_grouping":"","bundle_min_size":"","bundle_max_size":"","bundle_price":[],"bundled_items":[],"bundle_sell_ids":[],"exclude_global_add_ons":[],"addons":[],"acf":[],"_links":{"self":[{"href":"https:\/\/kraftwerk-shop.cc\/es\/wp-json\/wp\/v2\/product\/68255528","targetHints":{"allow":["GET"]}}],"collection":[{"href":"https:\/\/kraftwerk-shop.cc\/es\/wp-json\/wp\/v2\/product"}],"about":[{"href":"https:\/\/kraftwerk-shop.cc\/es\/wp-json\/wp\/v2\/types\/product"}],"replies":[{"embeddable":true,"href":"https:\/\/kraftwerk-shop.cc\/es\/wp-json\/wp\/v2\/comments?post=68255528"}],"version-history":[{"count":0,"href":"https:\/\/kraftwerk-shop.cc\/es\/wp-json\/wp\/v2\/product\/68255528\/revisions"}],"wp:featuredmedia":[{"embeddable":true,"href":"https:\/\/kraftwerk-shop.cc\/es\/wp-json\/wp\/v2\/media\/68277452"}],"wp:attachment":[{"href":"https:\/\/kraftwerk-shop.cc\/es\/wp-json\/wp\/v2\/media?parent=68255528"}],"wp:term":[{"taxonomy":"product_brand","embeddable":true,"href":"https:\/\/kraftwerk-shop.cc\/es\/wp-json\/wp\/v2\/product_brand?post=68255528"},{"taxonomy":"product_cat","embeddable":true,"href":"https:\/\/kraftwerk-shop.cc\/es\/wp-json\/wp\/v2\/product_cat?post=68255528"},{"taxonomy":"product_tag","embeddable":true,"href":"https:\/\/kraftwerk-shop.cc\/es\/wp-json\/wp\/v2\/product_tag?post=68255528"}],"curies":[{"name":"wp","href":"https:\/\/api.w.org\/{rel}","templated":true}]}}