{"id":68255650,"date":"2021-09-17T13:04:32","date_gmt":"2021-09-17T13:04:32","guid":{"rendered":"https:\/\/kraftwerk-gruppe.de\/?post_type=product&#038;p=68255650"},"modified":"2026-04-13T12:27:22","modified_gmt":"2026-04-13T10:27:22","slug":"ngk-6510-ltr7ix-11-ix-bujias-de-iridio","status":"publish","type":"product","link":"https:\/\/kraftwerk-shop.cc\/es\/produkt\/ngk-6510-ltr7ix-11-ix-iridium-zuendkerzen\/","title":{"rendered":"Buj\u00edas NGK 6510 LTR7IX-11 IX Iridium (16 piezas)"},"content":{"rendered":"<h1>Buj\u00edas NGK Iridium para motores Hemi 5.7 Chrysler, Dodge y Jeep hasta 2008, motores SRT8 6.1 y SRT 6.4<\/h1>\n<p>&nbsp;<\/p>\n<p>Estas buj\u00edas de alto rendimiento con un electrodo central fabricado con el metal precioso iridio son utilizadas por muchos fabricantes como equipo original.<br \/>\nSe han desarrollado especialmente para las \u00faltimas tecnolog\u00edas de motores, pero tambi\u00e9n son la alternativa al tipo est\u00e1ndar para los modelos m\u00e1s antiguos con el fin de aprovechar al m\u00e1ximo las reservas de potencia.<\/p>\n<p>Lo m\u00e1s especial:<\/p>\n<ul>\n<li>El material del electrodo, el iridio, es pr\u00e1cticamente resistente a la erosi\u00f3n por chispas.<\/li>\n<li>El iridio permite utilizar electrodos centrales especialmente estrechos, de s\u00f3lo 0,6 mm de di\u00e1metro<\/li>\n<li>Con electrodos centrales estrechos, llega m\u00e1s mezcla inflamable a la chispa de encendido. Esto permite un encendido seguro y una mejor propagaci\u00f3n del frente de llama.<\/li>\n<\/ul>\n<p>&nbsp;<\/p>\n<p><strong>Adecuado para:<\/strong><\/p>\n<p>Motores 5.7 Hemi (2 etapas m\u00e1s fr\u00edas que las buj\u00edas de serie) hasta 2008 inclusive<br \/>\nMotores 6.1 SRT8 (2 etapas m\u00e1s fr\u00edas que las buj\u00edas de serie)<br \/>\nMotores 6.4 SRT8 (1 etapa m\u00e1s fr\u00eda que las buj\u00edas de serie)<\/p>\n<p>&nbsp;<\/p>\n<p><strong>Volumen de suministro:<br \/>\n<\/strong><br \/>\n16 buj\u00edas<\/p>","protected":false},"excerpt":{"rendered":"<p>Buj\u00edas NGK Iridium para motores Hemi 5.7 Chrysler, Dodge y Jeep hasta 2008, motores SRT8 6.1 y SRT 6.4 &nbsp;<\/p>","protected":false},"featured_media":68274681,"comment_status":"open","ping_status":"closed","template":"","meta":{"_acf_changed":false},"product_brand":[19384],"product_cat":[7261,7272,7277,7294,7298,7316,7324,7332,7343,7353,7362,7368,7373,7393,7402,7412,7418],"product_tag":[52,9093,217,9233,9234,1124,9083,9196,9214,9095,9142,9037,9228,9222,9122,9110,9102,8855,8870,54,9202,9078,9079,9200,9197,8868,8872,53,9208,9205,8862,48,9191,9193,8852,9097,9195,9092,9096,8857,8856,9094,8858,8854,94,49,9198,8873,9081,9076,8871,8869,9210,8860,9207,8863,8861,8864,8865,9211,9216,9085,9213,9086,9089,9090,56,9100,9104,9218,9098,9105,50,9219,9106,9223,9101,9103,1126,242,1125,55,1117,9121,9082,9111,9117,9123,9124,9126,9125,9206,9118,9221,9057,9212,9229,9080,9215,9119,9113,9230,6993,9226,9227,9091,9194,9075,9199,9204,9084,9120,9203,9192,9231,9115,9087,9209,9225,9099,9220,9112,9107,9232,9217,9224,9201,9108,9114,9053,164,3574,1073,8851,8867,8859,8866,8853,4422],"class_list":{"0":"post-68255650","1":"product","2":"type-product","3":"status-publish","4":"has-post-thumbnail","6":"product_brand-ngk","7":"product_cat-300c-57-2005-2010-zuendung","8":"product_cat-300c-61-zuendung","9":"product_cat-300c-64-zuendung","10":"product_cat-challenger-61-zuendung","11":"product_cat-challenger-64-zuendung","12":"product_cat-charger-57-zuendung","13":"product_cat-charger-61-zuendung","14":"product_cat-charger-64-zuendung","15":"product_cat-durango-57-zuendung","16":"product_cat-durango-64-zuendung","17":"product_cat-magnum-57-zuendung","18":"product_cat-magnum-61-zuendung","19":"product_cat-commander-zuendung","20":"product_cat-grand-cherokee-57-2005-2010-zuendung","21":"product_cat-grand-cherokee-61-zuendung","22":"product_cat-grand-cherokee-64-zuendung","23":"product_cat-wagoneer-64-zuendung","24":"product_tag-300c","25":"product_tag-300c-ngk-performance-zuendkerzen","26":"product_tag-217","27":"product_tag-6-1-hemi-ngk-ersatzteile","28":"product_tag-6-4-hemi-ngk-tuning-zuendkerzen","29":"product_tag-1124","30":"product_tag-beste-ngk-zuendkerzen-challenger","31":"product_tag-beste-ngk-zuendkerzen-chrysler-300c","32":"product_tag-beste-ngk-zuendkerzen-durango","33":"product_tag-beste-ngk-zuendkerzen-fuer-chrysler-300c","34":"product_tag-beste-ngk-zuendkerzen-fuer-dodge-charger","35":"product_tag-beste-ngk-zuendkerzen-fuer-durango","36":"product_tag-beste-ngk-zuendkerzen-fuer-hemi-motoren","37":"product_tag-beste-ngk-zuendkerzen-fuer-jeep-grand-cherokee","38":"product_tag-beste-ngk-zuendkerzen-fuer-jeep-und-dodge","39":"product_tag-beste-ngk-zuendkerzen-fuer-ram-1500","40":"product_tag-beste-ngk-zuendkerzen-grand-cherokee","41":"product_tag-beste-zuendkerzen-300c","42":"product_tag-beste-zuendkerzen-challenger","43":"product_tag-challenger","44":"product_tag-challenger-hemi-ngk-platinum-zuendkerzen","45":"product_tag-challenger-hemi-ngk-zuendkerzen","46":"product_tag-challenger-ngk-performance-zuendkerzen","47":"product_tag-challenger-ngk-tuning-zuendkerzen","48":"product_tag-challenger-ngk-zuendkerzen-5-7l","49":"product_tag-challenger-zuendkerzen-set","50":"product_tag-challenger-zuendkerzen-wechsel","51":"product_tag-charger","52":"product_tag-charger-ngk-tuning-zuendkerzen","53":"product_tag-charger-ngk-zuendkerzen-5-7","54":"product_tag-charger-zuendkerzen-kaufen","55":"product_tag-chrysler","56":"product_tag-chrysler-300c-5-7-ngk-zuendkerzen","57":"product_tag-chrysler-300c-6-1l-ngk-performance-zuendkerzen","58":"product_tag-chrysler-300c-ersatzteile","59":"product_tag-chrysler-300c-ngk-ersatzteile","60":"product_tag-chrysler-300c-ngk-platinum-zuendkerzen","61":"product_tag-chrysler-300c-ngk-silver-racing","62":"product_tag-chrysler-300c-ngk-zuendkerzen-kaufen","63":"product_tag-chrysler-300c-originalteile","64":"product_tag-chrysler-300c-performance-zuendkerzen","65":"product_tag-chrysler-300c-tuning-ngk-zuendkerzen","66":"product_tag-chrysler-300c-zuendkerzen-preis","67":"product_tag-chrysler-300c-zuendkerzen-wechsel","68":"product_tag-commander","69":"product_tag-dodge","70":"product_tag-dodge-challenger-6-1-hemi-ngk-zuendkerzen","71":"product_tag-dodge-challenger-ersatzteile","72":"product_tag-dodge-challenger-ngk-ersatzteile","73":"product_tag-dodge-challenger-ngk-zuendkerzen","74":"product_tag-dodge-challenger-srt-zuendkerzen","75":"product_tag-dodge-challenger-tuning","76":"product_tag-dodge-charger-6-4-hemi-ngk-zuendkerzen-set","77":"product_tag-dodge-charger-ersatzteile","78":"product_tag-dodge-charger-ngk-zuendkerzen-6-4l","79":"product_tag-dodge-charger-performance","80":"product_tag-dodge-charger-tuning-zuendkerzen","81":"product_tag-dodge-charger-zuendkerzen-set","82":"product_tag-dodge-charger-zuendkerzen-vergleich","83":"product_tag-dodge-durango-5-7-hemi-ngk-zuendkerzen","84":"product_tag-dodge-durango-ngk-ersatzteile-zuendkerzen","85":"product_tag-dodge-durango-ngk-performance-zuendkerzen","86":"product_tag-dodge-durango-ngk-performance-zuendkerzen-6-4-hemi","87":"product_tag-durango-hemi-ngk-zuendkerzen","88":"product_tag-durango-ngk-hochleistungszuendkerzen","89":"product_tag-durango-ngk-tuning-zuendkerzen","90":"product_tag-grand-cherokee","91":"product_tag-grand-cherokee-hemi-ngk-zuendkerzen","92":"product_tag-grand-cherokee-ngk-tuning-zuendkerzen","93":"product_tag-grand-cherokee-ngk-zuendkerzen-5-7l","94":"product_tag-hochleistungszuendkerzen-chrysler-300c-ngk","95":"product_tag-hochleistungszuendkerzen-jeep-grand-cherokee-ngk","96":"product_tag-jeep","97":"product_tag-jeep-grand-cherokee-6-1-hemi-ngk-zuendkerzen","98":"product_tag-jeep-grand-cherokee-ngk-ersatzteile","99":"product_tag-jeep-grand-cherokee-ngk-platinum-zuendkerzen","100":"product_tag-jeep-grand-cherokee-ngk-silver-racing","101":"product_tag-jeep-grand-cherokee-performance-zuendkerzen-ngk","102":"product_tag-kaelter","103":"product_tag-kompressor","104":"product_tag-ltr7ix-11-ix","105":"product_tag-magnum","106":"product_tag-ngk","107":"product_tag-ngk-ersatzteile-fuer-ram","108":"product_tag-ngk-hochleistungszuendkerzen-challenger","109":"product_tag-ngk-hochleistungszuendkerzen-ram","110":"product_tag-ngk-hochleistungszuendkerzen-v8","111":"product_tag-ngk-iridium-dodge-challenger","112":"product_tag-ngk-iridium-zuendkerzen-durango","113":"product_tag-ngk-iridium-zuendkerzen-fuer-hemi","114":"product_tag-ngk-iridium-zuendkerzen-ram","115":"product_tag-ngk-performance-zuendkerzen-charger-6-1-hemi","116":"product_tag-ngk-performance-zuendkerzen-hemi","117":"product_tag-ngk-performance-zuendkerzen-jeep-grand-cherokee","118":"product_tag-ngk-performance-zuendkerzen-v8-hemi","119":"product_tag-ngk-platinum-zuendkerzen-durango-6-1l","120":"product_tag-ngk-platinum-zuendkerzen-hemi","121":"product_tag-ngk-tuning-zuendkerzen-challenger","122":"product_tag-ngk-tuning-zuendkerzen-durango-hemi","123":"product_tag-ngk-tuning-zuendkerzen-fuer-chrysler","124":"product_tag-ngk-tuning-zuendkerzen-fuer-ram-hemi","125":"product_tag-ngk-tuning-zuendkerzen-hemi","126":"product_tag-ngk-zuendkerzen","127":"product_tag-ngk-zuendkerzen-6-1-hemi","128":"product_tag-ngk-zuendkerzen-6-4-hemi","129":"product_tag-ngk-zuendkerzen-chrysler-300c","130":"product_tag-ngk-zuendkerzen-chrysler-300c-6-4-hemi","131":"product_tag-ngk-zuendkerzen-dodge-challenger","132":"product_tag-ngk-zuendkerzen-dodge-challenger-6-4-hemi","133":"product_tag-ngk-zuendkerzen-dodge-charger","134":"product_tag-ngk-zuendkerzen-dodge-durango","135":"product_tag-ngk-zuendkerzen-fuer-amerikanische-autos","136":"product_tag-ngk-zuendkerzen-fuer-challenger-kaufen","137":"product_tag-ngk-zuendkerzen-fuer-chrysler-300c-hemi","138":"product_tag-ngk-zuendkerzen-fuer-chrysler-hemi","139":"product_tag-ngk-zuendkerzen-fuer-dodge-und-jeep","140":"product_tag-ngk-zuendkerzen-fuer-durango","141":"product_tag-ngk-zuendkerzen-fuer-hemi-dodge-charger","142":"product_tag-ngk-zuendkerzen-hemi-5-7","143":"product_tag-ngk-zuendkerzen-jeep-grand-cherokee","144":"product_tag-ngk-zuendkerzen-jeep-grand-cherokee-6-4-hemi","145":"product_tag-ngk-zuendkerzen-kaufen-ram","146":"product_tag-ngk-zuendkerzen-ram","147":"product_tag-ngk-zuendkerzen-set-fuer-5-7-hemi","148":"product_tag-ngk-zuendkerzen-set-fuer-durango","149":"product_tag-ngk-zuendkerzen-set-hemi-grand-cherokee","150":"product_tag-performance-ngk-zuendkerzen-challenger","151":"product_tag-ram-hemi-ngk-zuendkerzen","152":"product_tag-ram-ngk-ersatzteile","153":"product_tag-ram-trx-ngk-performance-zuendkerzen","154":"product_tag-srt8","155":"product_tag-zuendkerze","156":"product_tag-zuendkerzen","157":"product_tag-zuendkerzen-chrysler-300c","158":"product_tag-zuendkerzen-dodge-challenger","159":"product_tag-zuendkerzen-dodge-charger","160":"product_tag-zuendkerzen-dodge-charger-srt","161":"product_tag-zuendkerzen-fuer-chrysler-300c","162":"product_tag-zuendung","164":"first","165":"instock","166":"taxable","167":"shipping-taxable","168":"purchasable","169":"product-type-simple"},"bundled_by":[],"bundle_stock_status":"instock","bundle_stock_quantity":1,"bundle_virtual":false,"bundle_layout":"","bundle_add_to_cart_form_location":"","bundle_editable_in_cart":false,"bundle_sold_individually_context":"","bundle_item_grouping":"","bundle_min_size":"","bundle_max_size":"","bundle_price":[],"bundled_items":[],"bundle_sell_ids":[],"exclude_global_add_ons":[],"addons":[],"acf":[],"_links":{"self":[{"href":"https:\/\/kraftwerk-shop.cc\/es\/wp-json\/wp\/v2\/product\/68255650","targetHints":{"allow":["GET"]}}],"collection":[{"href":"https:\/\/kraftwerk-shop.cc\/es\/wp-json\/wp\/v2\/product"}],"about":[{"href":"https:\/\/kraftwerk-shop.cc\/es\/wp-json\/wp\/v2\/types\/product"}],"replies":[{"embeddable":true,"href":"https:\/\/kraftwerk-shop.cc\/es\/wp-json\/wp\/v2\/comments?post=68255650"}],"version-history":[{"count":0,"href":"https:\/\/kraftwerk-shop.cc\/es\/wp-json\/wp\/v2\/product\/68255650\/revisions"}],"wp:featuredmedia":[{"embeddable":true,"href":"https:\/\/kraftwerk-shop.cc\/es\/wp-json\/wp\/v2\/media\/68274681"}],"wp:attachment":[{"href":"https:\/\/kraftwerk-shop.cc\/es\/wp-json\/wp\/v2\/media?parent=68255650"}],"wp:term":[{"taxonomy":"product_brand","embeddable":true,"href":"https:\/\/kraftwerk-shop.cc\/es\/wp-json\/wp\/v2\/product_brand?post=68255650"},{"taxonomy":"product_cat","embeddable":true,"href":"https:\/\/kraftwerk-shop.cc\/es\/wp-json\/wp\/v2\/product_cat?post=68255650"},{"taxonomy":"product_tag","embeddable":true,"href":"https:\/\/kraftwerk-shop.cc\/es\/wp-json\/wp\/v2\/product_tag?post=68255650"}],"curies":[{"name":"wp","href":"https:\/\/api.w.org\/{rel}","templated":true}]}}