{"id":68255652,"date":"2021-09-17T13:04:33","date_gmt":"2021-09-17T13:04:33","guid":{"rendered":"https:\/\/kraftwerk-gruppe.de\/?post_type=product&#038;p=68255652"},"modified":"2026-03-01T00:37:46","modified_gmt":"2026-02-28T23:37:46","slug":"injen-cold-air-intake-grand-cherokee-durango-srt","status":"publish","type":"product","link":"https:\/\/kraftwerk-shop.cc\/es\/produkt\/injen-cold-air-intake-grand-cherokee-durango-srt\/","title":{"rendered":"Admisi\u00f3n de aire fr\u00edo Injen Grand Cherokee y Durango SRT"},"content":{"rendered":"<h1>Sistema de admisi\u00f3n de aire fr\u00edo Injen <label> <\/label><span class=\"wsm-prod-sku\">PF5013WB<\/span> para Jeep Grand Cherokee y Dodge Durango SRT<strong><br \/>\n<\/strong><\/h1>\n<p>&nbsp;<\/p>\n<p>\u00bfSu Jeep Grand Cherokee o Dodge Durango necesita algo emocionante? Por supuesto que s\u00ed y \u00bfpor qu\u00e9 ser\u00eda una pregunta? Bueno, est\u00e1s de suerte porque los ingenieros de Injen Technology te tienen cubierto.<br \/>\nLa admisi\u00f3n Injen PowerFlow (PF) satisface todas las necesidades de rendimiento de su motor. Las tomas de aire fr\u00edo Injen PF tienen un aumento de rendimiento demostrado en el banco de potencia que no miente. Los tubos de aluminio 6061-T6 proporcionan un excelente flujo de aire y dise\u00f1o.<\/p>\n<p>A Injen le gusta el aire fr\u00edo, por lo que el filtro de aire se coloca en el mejor lugar posible para evitar que el aire caliente no deseado entre en el tracto de admisi\u00f3n. Esto reduce la temperatura en el sistema de admisi\u00f3n y suministra el motor hambriento con aire fresco y denso.<br \/>\nEste kit de admisi\u00f3n Injen PF contiene todo lo necesario para su instalaci\u00f3n directa.<\/p>\n<p>&nbsp;<\/p>\n<ul>\n<li>Aumento del rendimiento de hasta 19 CV y 25 NM seg\u00fan el fabricante<\/li>\n<li>Permite aumentar el rendimiento manteniendo la relaci\u00f3n aire\/combustible sin ajustes adicionales<\/li>\n<li>Colector de admisi\u00f3n de aluminio 6061-T6, con revestimiento negro<\/li>\n<li>Los conductos de admisi\u00f3n lisos eliminan las restricciones y mejoran el flujo de aire<\/li>\n<li>Filtro de aire seco Injen SuperNano-Web reemplazable<\/li>\n<li>Agresivo sonido del motor a pleno gas<\/li>\n<\/ul>\n<p>&nbsp;<\/p>\n<p><strong>Adecuado para:<\/strong><\/p>\n<table width=\"654\">\n<tbody>\n<tr>\n<td width=\"158\"><strong>A\u00f1o de construcci\u00f3n<\/strong><\/td>\n<td width=\"117\"><strong>Marca<\/strong><\/td>\n<td width=\"146\"><strong>Modelo<\/strong><\/td>\n<td width=\"118\"><strong>Variante<\/strong><\/td>\n<td width=\"115\"><strong>Motor<\/strong><\/td>\n<\/tr>\n<tr>\n<td width=\"158\">2018-2024<\/td>\n<td width=\"117\">Dodge<\/td>\n<td width=\"146\">Durango<\/td>\n<td width=\"118\">SRT<\/td>\n<td width=\"115\">V8 6.4<\/td>\n<\/tr>\n<tr>\n<td width=\"158\">2012-2021<\/td>\n<td width=\"117\">Jeep<\/td>\n<td width=\"146\">Grand Cherokee<\/td>\n<td width=\"118\">SRT<\/td>\n<td width=\"115\">V8 6.4<\/td>\n<\/tr>\n<\/tbody>\n<\/table>\n<p>&nbsp;<\/p>","protected":false},"excerpt":{"rendered":"<p>Sistema de admisi\u00f3n de aire fr\u00edo Injen PF5013WB para Jeep Grand Cherokee y Dodge Durango SRT \u00bfSu Jeep Grand Cherokee necesita un sistema de admisi\u00f3n de aire fr\u00edo?<\/p>","protected":false},"featured_media":68278460,"comment_status":"open","ping_status":"closed","template":"","meta":{"_acf_changed":false},"product_brand":[],"product_cat":[2520,2518],"product_tag":[93,826,824,825,49,95,56,1127,50,4425,57,1128,500,96],"class_list":{"0":"post-68255652","1":"product","2":"type-product","3":"status-publish","4":"has-post-thumbnail","6":"product_cat-durango-64-ansaugung","7":"product_cat-grand-cherokee-64-ansaugung","8":"product_tag-6-4","9":"product_tag-ansaugung","10":"product_tag-cai","11":"product_tag-cold-air-intake","12":"product_tag-dodge","13":"product_tag-durango","14":"product_tag-grand-cherokee","15":"product_tag-injen","16":"product_tag-jeep","17":"product_tag-jeep-grand-cherokee","18":"product_tag-luftfilter","19":"product_tag-pf5013wb","20":"product_tag-sportluftfilter","21":"product_tag-srt","22":"product_shipping_class-deutschlandohne","24":"first","25":"onbackorder","26":"taxable","27":"shipping-taxable","28":"purchasable","29":"product-type-simple"},"bundled_by":[],"bundle_stock_status":"onbackorder","bundle_stock_quantity":0,"bundle_virtual":false,"bundle_layout":"","bundle_add_to_cart_form_location":"","bundle_editable_in_cart":false,"bundle_sold_individually_context":"","bundle_item_grouping":"","bundle_min_size":"","bundle_max_size":"","bundle_price":[],"bundled_items":[],"bundle_sell_ids":[],"exclude_global_add_ons":[],"addons":[],"acf":[],"_links":{"self":[{"href":"https:\/\/kraftwerk-shop.cc\/es\/wp-json\/wp\/v2\/product\/68255652","targetHints":{"allow":["GET"]}}],"collection":[{"href":"https:\/\/kraftwerk-shop.cc\/es\/wp-json\/wp\/v2\/product"}],"about":[{"href":"https:\/\/kraftwerk-shop.cc\/es\/wp-json\/wp\/v2\/types\/product"}],"replies":[{"embeddable":true,"href":"https:\/\/kraftwerk-shop.cc\/es\/wp-json\/wp\/v2\/comments?post=68255652"}],"version-history":[{"count":0,"href":"https:\/\/kraftwerk-shop.cc\/es\/wp-json\/wp\/v2\/product\/68255652\/revisions"}],"wp:featuredmedia":[{"embeddable":true,"href":"https:\/\/kraftwerk-shop.cc\/es\/wp-json\/wp\/v2\/media\/68278460"}],"wp:attachment":[{"href":"https:\/\/kraftwerk-shop.cc\/es\/wp-json\/wp\/v2\/media?parent=68255652"}],"wp:term":[{"taxonomy":"product_brand","embeddable":true,"href":"https:\/\/kraftwerk-shop.cc\/es\/wp-json\/wp\/v2\/product_brand?post=68255652"},{"taxonomy":"product_cat","embeddable":true,"href":"https:\/\/kraftwerk-shop.cc\/es\/wp-json\/wp\/v2\/product_cat?post=68255652"},{"taxonomy":"product_tag","embeddable":true,"href":"https:\/\/kraftwerk-shop.cc\/es\/wp-json\/wp\/v2\/product_tag?post=68255652"}],"curies":[{"name":"wp","href":"https:\/\/api.w.org\/{rel}","templated":true}]}}