{"id":68255655,"date":"2021-09-17T13:04:33","date_gmt":"2021-09-17T13:04:33","guid":{"rendered":"https:\/\/kraftwerk-gruppe.de\/?post_type=product&#038;p=68255655"},"modified":"2026-02-15T00:01:02","modified_gmt":"2026-02-14T23:01:02","slug":"bujias-brisk-silver-racing-rr12s","status":"publish","type":"product","link":"https:\/\/kraftwerk-shop.cc\/es\/produkt\/brisk-silver-racing-rr12s-zuendkerzen\/","title":{"rendered":"Buj\u00edas Brisk Silver Racing RR12S (16 piezas)"},"content":{"rendered":"<h1>Brisk Silver Racing RR12S buj\u00edas de encendido para Chrysler, Dodge y Jeep 5.7, 6.1 y 6.4<\/h1>\n<p>&nbsp;<\/p>\n<p>Las buj\u00edas Brisk Silver Racing se han desarrollado especialmente para veh\u00edculos de altas prestaciones.<br \/>\nEl electrodo central de plata es un excelente conductor de la electricidad y el calor.<br \/>\nLa mayor capacidad de ignici\u00f3n de la buj\u00eda aumenta el rendimiento del motor.<br \/>\nSe requiere una tensi\u00f3n de encendido m\u00e1s baja.<br \/>\nBuena resistencia a la contaminaci\u00f3n y mejores propiedades de arranque.<\/p>\n<p>&nbsp;<\/p>\n<ul>\n<li>Di\u00e1metro de la rosca: 14 mm<\/li>\n<li>Alcance de la rosca: 25mm -1 \"<\/li>\n<li>Hex\u00e1gono: 16 mm -5\/8\u2033.<\/li>\n<li>Tipo de asiento: c\u00f3nico<\/li>\n<li>Versi\u00f3n: Silver Racing<\/li>\n<li>Resistencia: S\u00ed<\/li>\n<li>Proyectado: No<\/li>\n<li>Poder calor\u00edfico: 12<\/li>\n<\/ul>\n<p>&nbsp;<\/p>\n<p>Las buj\u00edas Brisk Silver Racing tienen un n\u00facleo de plata de menor di\u00e1metro y un electrodo de masa abierto convencional que proporciona un excelente rendimiento al encender mezclas de combustible de alto octanaje.<\/p>\n<p>El metal plateado es el mejor material para el electrodo central de una buj\u00eda, ya que puede disipar el calor r\u00e1pidamente, lo que se traduce en una menor temperatura general de la buj\u00eda y una chispa m\u00e1s potente.<\/p>\n<p>Cuanto m\u00e1s fuerte es la chispa, m\u00e1s r\u00e1pido y mejor es el frente de llama y la velocidad de la llama, lo que conduce a una gama de revoluciones m\u00e1s suave y m\u00e1s alta en los motores.<\/p>\n<p>La gama Brisk Silver Racing funciona bien con la mayor\u00eda de los sistemas de encendido del mercado de accesorios y OEM, desde la simple bobina y distribuidor hasta el encendido electr\u00f3nico y los sistemas de encendido directo de alto rendimiento utilizados en los modernos motores de puerto y de inyecci\u00f3n directa.<\/p>\n<p>&nbsp;<\/p>\n<p><strong>Adecuado para:<\/strong><\/p>\n<div>\n<p>Motores 5.7 Hemi (4 etapas m\u00e1s fr\u00edas que las buj\u00edas de serie) hasta 2008 inclusive<br \/>\nMotores 6.1 SRT8 (3 etapas m\u00e1s fr\u00edas que las buj\u00edas de serie)<br \/>\nMotores 6.4 SRT8 (2 etapas m\u00e1s fr\u00edas que las buj\u00edas de serie)<\/p>\n<p>Estas buj\u00edas son adecuadas para motores muy cargados.<br \/>\nEspecialmente los veh\u00edculos de m\u00e1s de 800 CV necesitan estas buj\u00edas.<\/p>\n<\/div>\n<p>&nbsp;<\/p>\n<p><strong>Volumen de suministro:<\/strong><\/p>\n<ul>\n<li>16 buj\u00edas Brisk Silver Racing RR12S<\/li>\n<\/ul>\n<div>\n<p>&nbsp;<\/p>\n<\/div>","protected":false},"excerpt":{"rendered":"<p>Brisk Silver Racing RR12S buj\u00edas de encendido para Chrysler, Dodge y Jeep 5.7, 6.1 y 6.4 Brisk Silver Racing buj\u00edas de encendido son<\/p>","protected":false},"featured_media":68274756,"comment_status":"open","ping_status":"closed","template":"","meta":{"_acf_changed":false},"product_brand":[18923],"product_cat":[7261,7272,7277,7294,7298,7316,7324,7332,7343,7353,7362,7368,7373,7393,7402,7412,7418],"product_tag":[52,8893,8882,8895,8890,8923,8910,8902,8855,8870,1074,8922,8881,8912,8918,8919,8876,8887,8917,8909,8879,8920,8914,8891,8874,8883,8921,8916,8886,8899,8913,8907,54,8878,8877,8868,8872,53,8862,48,8897,8892,8896,8852,8857,8856,8894,8858,8854,94,49,8880,8875,8873,8871,8869,8860,8863,8861,8864,8865,8884,8888,8889,8885,56,8904,8900,8898,8905,50,8906,8901,8903,55,1077,8915,8908,8911,1129,1076,1073,8851,8867,8859,8866,8853],"class_list":{"0":"post-68255655","1":"product","2":"type-product","3":"status-publish","4":"has-post-thumbnail","6":"product_brand-brisk","7":"product_cat-300c-57-2005-2010-zuendung","8":"product_cat-300c-61-zuendung","9":"product_cat-300c-64-zuendung","10":"product_cat-challenger-61-zuendung","11":"product_cat-challenger-64-zuendung","12":"product_cat-charger-57-zuendung","13":"product_cat-charger-61-zuendung","14":"product_cat-charger-64-zuendung","15":"product_cat-durango-57-zuendung","16":"product_cat-durango-64-zuendung","17":"product_cat-magnum-57-zuendung","18":"product_cat-magnum-61-zuendung","19":"product_cat-commander-zuendung","20":"product_cat-grand-cherokee-57-2005-2010-zuendung","21":"product_cat-grand-cherokee-61-zuendung","22":"product_cat-grand-cherokee-64-zuendung","23":"product_cat-wagoneer-64-zuendung","24":"product_tag-300c","25":"product_tag-300c-brisk-performance-zuendkerzen","26":"product_tag-beste-brisk-zuendkerzen-challenger","27":"product_tag-beste-brisk-zuendkerzen-fuer-chrysler-300c","28":"product_tag-beste-brisk-zuendkerzen-fuer-durango","29":"product_tag-beste-brisk-zuendkerzen-fuer-jeep-und-dodge","30":"product_tag-beste-brisk-zuendkerzen-fuer-ram-1500","31":"product_tag-beste-brisk-zuendkerzen-grand-cherokee","32":"product_tag-beste-zuendkerzen-300c","33":"product_tag-beste-zuendkerzen-challenger","34":"product_tag-brisk","35":"product_tag-brisk-ersatzteile-fuer-ram","36":"product_tag-brisk-hochleistungszuendkerzen-challenger","37":"product_tag-brisk-hochleistungszuendkerzen-ram","38":"product_tag-brisk-hochleistungszuendkerzen-v8","39":"product_tag-brisk-performance-zuendkerzen-hemi","40":"product_tag-brisk-silver-racing-dodge-challenger","41":"product_tag-brisk-silver-racing-zuendkerzen-durango","42":"product_tag-brisk-silver-racing-zuendkerzen-fuer-hemi","43":"product_tag-brisk-silver-racing-zuendkerzen-ram","44":"product_tag-brisk-tuning-zuendkerzen-challenger","45":"product_tag-brisk-tuning-zuendkerzen-fuer-chrysler","46":"product_tag-brisk-tuning-zuendkerzen-fuer-ram-hemi","47":"product_tag-brisk-zuendkerzen-chrysler-300c","48":"product_tag-brisk-zuendkerzen-dodge-challenger","49":"product_tag-brisk-zuendkerzen-dodge-durango","50":"product_tag-brisk-zuendkerzen-fuer-amerikanische-autos","51":"product_tag-brisk-zuendkerzen-fuer-dodge-und-jeep","52":"product_tag-brisk-zuendkerzen-fuer-durango","53":"product_tag-brisk-zuendkerzen-jeep-grand-cherokee","54":"product_tag-brisk-zuendkerzen-kaufen-ram","55":"product_tag-brisk-zuendkerzen-ram","56":"product_tag-challenger","57":"product_tag-challenger-brisk-performance-zuendkerzen","58":"product_tag-challenger-hemi-brisk-zuendkerzen","59":"product_tag-challenger-zuendkerzen-set","60":"product_tag-challenger-zuendkerzen-wechsel","61":"product_tag-charger","62":"product_tag-charger-zuendkerzen-kaufen","63":"product_tag-chrysler","64":"product_tag-chrysler-300c-brisk-ersatzteile","65":"product_tag-chrysler-300c-brisk-silver-racing","66":"product_tag-chrysler-300c-brisk-zuendkerzen-kaufen","67":"product_tag-chrysler-300c-ersatzteile","68":"product_tag-chrysler-300c-originalteile","69":"product_tag-chrysler-300c-performance-zuendkerzen","70":"product_tag-chrysler-300c-tuning-brisk-zuendkerzen","71":"product_tag-chrysler-300c-zuendkerzen-preis","72":"product_tag-chrysler-300c-zuendkerzen-wechsel","73":"product_tag-commander","74":"product_tag-dodge","75":"product_tag-dodge-challenger-brisk-ersatzteile","76":"product_tag-dodge-challenger-brisk-zuendkerzen","77":"product_tag-dodge-challenger-ersatzteile","78":"product_tag-dodge-challenger-srt-zuendkerzen","79":"product_tag-dodge-challenger-tuning","80":"product_tag-dodge-charger-ersatzteile","81":"product_tag-dodge-charger-performance","82":"product_tag-dodge-charger-tuning-zuendkerzen","83":"product_tag-dodge-charger-zuendkerzen-set","84":"product_tag-dodge-charger-zuendkerzen-vergleich","85":"product_tag-dodge-durango-brisk-performance-zuendkerzen","86":"product_tag-durango-brisk-hochleistungszuendkerzen","87":"product_tag-durango-brisk-tuning-zuendkerzen","88":"product_tag-durango-hemi-brisk-zuendkerzen","89":"product_tag-grand-cherokee","90":"product_tag-grand-cherokee-brisk-tuning-zuendkerzen","91":"product_tag-grand-cherokee-hemi-brisk-zuendkerzen","92":"product_tag-hochleistungszuendkerzen-chrysler-300c-brisk","93":"product_tag-hochleistungszuendkerzen-jeep-grand-cherokee-brisk","94":"product_tag-jeep","95":"product_tag-jeep-grand-cherokee-brisk-ersatzteile","96":"product_tag-jeep-grand-cherokee-brisk-silver-racing","97":"product_tag-jeep-grand-cherokee-performance-zuendkerzen-brisk","98":"product_tag-magnum","99":"product_tag-racing","100":"product_tag-ram-brisk-ersatzteile","101":"product_tag-ram-hemi-brisk-zuendkerzen","102":"product_tag-ram-trx-brisk-performance-zuendkerzen","103":"product_tag-rr12s","104":"product_tag-silver","105":"product_tag-zuendkerzen","106":"product_tag-zuendkerzen-chrysler-300c","107":"product_tag-zuendkerzen-dodge-challenger","108":"product_tag-zuendkerzen-dodge-charger","109":"product_tag-zuendkerzen-dodge-charger-srt","110":"product_tag-zuendkerzen-fuer-chrysler-300c","112":"first","113":"instock","114":"taxable","115":"shipping-taxable","116":"purchasable","117":"product-type-simple"},"bundled_by":[],"bundle_stock_status":"instock","bundle_stock_quantity":1,"bundle_virtual":false,"bundle_layout":"","bundle_add_to_cart_form_location":"","bundle_editable_in_cart":false,"bundle_sold_individually_context":"","bundle_item_grouping":"","bundle_min_size":"","bundle_max_size":"","bundle_price":[],"bundled_items":[],"bundle_sell_ids":[],"exclude_global_add_ons":[],"addons":[],"acf":[],"_links":{"self":[{"href":"https:\/\/kraftwerk-shop.cc\/es\/wp-json\/wp\/v2\/product\/68255655","targetHints":{"allow":["GET"]}}],"collection":[{"href":"https:\/\/kraftwerk-shop.cc\/es\/wp-json\/wp\/v2\/product"}],"about":[{"href":"https:\/\/kraftwerk-shop.cc\/es\/wp-json\/wp\/v2\/types\/product"}],"replies":[{"embeddable":true,"href":"https:\/\/kraftwerk-shop.cc\/es\/wp-json\/wp\/v2\/comments?post=68255655"}],"version-history":[{"count":0,"href":"https:\/\/kraftwerk-shop.cc\/es\/wp-json\/wp\/v2\/product\/68255655\/revisions"}],"wp:featuredmedia":[{"embeddable":true,"href":"https:\/\/kraftwerk-shop.cc\/es\/wp-json\/wp\/v2\/media\/68274756"}],"wp:attachment":[{"href":"https:\/\/kraftwerk-shop.cc\/es\/wp-json\/wp\/v2\/media?parent=68255655"}],"wp:term":[{"taxonomy":"product_brand","embeddable":true,"href":"https:\/\/kraftwerk-shop.cc\/es\/wp-json\/wp\/v2\/product_brand?post=68255655"},{"taxonomy":"product_cat","embeddable":true,"href":"https:\/\/kraftwerk-shop.cc\/es\/wp-json\/wp\/v2\/product_cat?post=68255655"},{"taxonomy":"product_tag","embeddable":true,"href":"https:\/\/kraftwerk-shop.cc\/es\/wp-json\/wp\/v2\/product_tag?post=68255655"}],"curies":[{"name":"wp","href":"https:\/\/api.w.org\/{rel}","templated":true}]}}