{"id":68255717,"date":"2021-09-17T13:04:38","date_gmt":"2021-09-17T13:04:38","guid":{"rendered":"https:\/\/kraftwerk-gruppe.de\/?post_type=product&#038;p=68255717"},"modified":"2026-04-03T15:40:01","modified_gmt":"2026-04-03T13:40:01","slug":"diablosport-intune-i3-platinum-programador-chrysler-dodge-jeep-ram","status":"publish","type":"product","link":"https:\/\/kraftwerk-shop.cc\/es\/produkt\/diablosport-intune-i3-platinum-chrysler-dodge-jeep-ram-programmiergerat\/","title":{"rendered":"Diablosport inTune i3 Platinum"},"content":{"rendered":"<h1>Diablosport inTune i3 Platinum para Chrysler, Dodge, Jeep y RAM<\/h1>\n<p>&nbsp;<\/p>\n<p><span style=\"font-size: 16px;\"><span style=\"font-family: Arial,Verdana,Helvetica; line-height: 15.6px;\">En <strong>Diablosport inTune i3\u00a0 <\/strong>es un dispositivo de programaci\u00f3n para todos los veh\u00edculos Chrysler, Dodge, Jeep y RAM.<\/span><\/span><\/p>\n<p>&nbsp;<\/p>\n<p>Somos distribuidores autorizados de Diablosport y sintonizadores CMR.<\/p>\n<p>S\u00f3lo suministramos el <strong>Platino<\/strong> que, a diferencia de la versi\u00f3n normal, ofrece m\u00e1s opciones de configuraci\u00f3n y permite utilizar melod\u00edas personalizadas (software creado individualmente por terceros proveedores).<\/p>\n<p>El Diablosport inTune i3 se puede utilizar para cualquier veh\u00edculo de la lista de veh\u00edculos. *<br \/>\nLas actualizaciones y el software de los nuevos modelos se transfieren al dispositivo a trav\u00e9s del puerto USB.<\/p>\n<p>Adem\u00e1s de la sintonizaci\u00f3n est\u00e1ndar** incluida en el dispositivo, el inTune i3 tambi\u00e9n puede registrar datos OBD, leer y borrar c\u00f3digos de aver\u00eda y programar \"sintonizaciones personalizadas\", es decir, estados de datos creados individualmente por nosotros, en el veh\u00edculo.<\/p>\n<p>&nbsp;<\/p>\n<p>&nbsp;<\/p>\n<p><strong><span style=\"font-size: 16px;\">Funciones de inTune i3:<\/span><\/strong><\/p>\n<ul>\n<li><span style=\"font-size: 16px;\">Nuevo modo \"Easy Tune\" para una aplicaci\u00f3n sencilla<\/span><\/li>\n<li><span style=\"font-size: 16px;\">Programas de rendimiento probados en el banco de pruebas<\/span><\/li>\n<li><span style=\"font-size: 16px;\">Tiempos de lectura\/escritura del veh\u00edculo rapid\u00edsimos<\/span><\/li>\n<li><span style=\"font-size: 16px;\">Actualizaciones para Windows y Mac OSX<\/span><\/li>\n<li><span style=\"font-size: 16px;\">Registro de datos OBD-II<\/span><\/li>\n<li><span style=\"font-size: 16px;\">Leer y borrar la memoria de fallos\u00a0 <\/span><\/li>\n<\/ul>\n<p>&nbsp;<\/p>\n<p><strong><span style=\"font-size: 16px;\">Volumen de suministro:<\/span><\/strong><\/p>\n<ul>\n<li><span style=\"font-size: 16px;\">inTune i3 para Chrysler, Dodge, Jeep y RAM<\/span><\/li>\n<li><span style=\"font-size: 16px;\">Cable DAB<\/span><\/li>\n<li><span style=\"font-size: 16px;\">Cable USB<\/span><\/li>\n<li>Instrucciones de uso (ingl\u00e9s)<\/li>\n<\/ul>\n<p>&nbsp;<\/p>\n<p><span style=\"font-size: 16px;\">Nota: no ofrecemos asistencia ni instrucciones para dispositivos que no nos hayas comprado.<\/span><\/p>\n<p>&nbsp;<\/p>\n<p><span style=\"font-size: 16px;\"><strong>Veh\u00edculos compatibles con inTune i3:<\/strong><\/span><\/p>\n<table width=\"706\">\n<tbody>\n<tr>\n<td width=\"62\"><strong>Marca<\/strong><\/td>\n<td width=\"351\"><strong>Modelo<\/strong><\/td>\n<td width=\"199\"><strong>Motor<\/strong><\/td>\n<td width=\"47\"><strong>de<\/strong><\/td>\n<td width=\"47\"><strong>hasta<\/strong><\/td>\n<\/tr>\n<tr>\n<td width=\"62\">Chrysler<\/td>\n<td width=\"351\">200<\/td>\n<td width=\"199\">3.6L<\/td>\n<td width=\"47\">2011<\/td>\n<td width=\"47\">2014<\/td>\n<\/tr>\n<tr>\n<td width=\"62\">Chrysler<\/td>\n<td width=\"351\">300<\/td>\n<td width=\"199\">3.5L \/ 3.6L 5.7L \/ 6.1L \/ 6.4L<\/td>\n<td width=\"47\">2005<\/td>\n<td width=\"47\">2014<\/td>\n<\/tr>\n<tr>\n<td width=\"62\">Chrysler<\/td>\n<td width=\"351\">300 (requiere PCM modificado)<\/td>\n<td width=\"199\">3.6L \/ 5.7L \/ 6.4L<\/td>\n<td width=\"47\">2015*<\/td>\n<td width=\"47\">2017*<\/td>\n<\/tr>\n<tr>\n<td width=\"62\">Chrysler<\/td>\n<td width=\"351\">Aspen<\/td>\n<td width=\"199\">5.7L<\/td>\n<td width=\"47\">2007<\/td>\n<td width=\"47\">2009<\/td>\n<\/tr>\n<tr>\n<td width=\"62\">Chrysler<\/td>\n<td width=\"351\">PT Cruiser GT<\/td>\n<td width=\"199\">2.4L Turbo<\/td>\n<td width=\"47\">2003<\/td>\n<td width=\"47\">2006<\/td>\n<\/tr>\n<tr>\n<td width=\"62\">Chrysler<\/td>\n<td width=\"351\">Sebring<\/td>\n<td width=\"199\">2,7L \/ 3,5L<\/td>\n<td width=\"47\">2008<\/td>\n<td width=\"47\">2010<\/td>\n<\/tr>\n<tr>\n<td width=\"62\">Dodge<\/td>\n<td width=\"351\">Avenger<\/td>\n<td width=\"199\">2.7L \/ 3.5L \/ 3.6L<\/td>\n<td width=\"47\">2008<\/td>\n<td width=\"47\">2014<\/td>\n<\/tr>\n<tr>\n<td width=\"62\">Dodge<\/td>\n<td width=\"351\">Caliber SRT4<\/td>\n<td width=\"199\">2.4L Turbo<\/td>\n<td width=\"47\">2008<\/td>\n<td width=\"47\">2009<\/td>\n<\/tr>\n<tr>\n<td width=\"62\">Dodge<\/td>\n<td width=\"351\">Challenger<\/td>\n<td width=\"199\">3,5L \/ 3,6L \/ 5,7L \/ 6,1L \/ 6,4L<\/td>\n<td width=\"47\">2005<\/td>\n<td width=\"47\">2014<\/td>\n<\/tr>\n<tr>\n<td width=\"62\">Dodge<\/td>\n<td width=\"351\">Challenger (requiere PCM modificado)<\/td>\n<td width=\"199\">5.7L \/ 6.4L<\/td>\n<td width=\"47\">2015*<\/td>\n<td width=\"47\">2022*<\/td>\n<\/tr>\n<tr>\n<td width=\"62\">Dodge<\/td>\n<td width=\"351\">Challenger (requiere PCM modificado)<\/td>\n<td width=\"199\">3.6L<\/td>\n<td width=\"47\">2015*<\/td>\n<td width=\"47\">2018*<\/td>\n<\/tr>\n<tr>\n<td width=\"62\">Dodge<\/td>\n<td width=\"351\">Challenger Hellcat (requiere PCM modificado)<\/td>\n<td width=\"199\">6.2L sobrealimentado<\/td>\n<td width=\"47\">2015*<\/td>\n<td width=\"47\">2022*<\/td>\n<\/tr>\n<tr>\n<td width=\"62\">Dodge<\/td>\n<td width=\"351\">Charger<\/td>\n<td width=\"199\">3.5L \/ 3.6L 5.7L \/ 6.1L \/ 6.4L<\/td>\n<td width=\"47\">2005<\/td>\n<td width=\"47\">2014<\/td>\n<\/tr>\n<tr>\n<td width=\"62\">Dodge<\/td>\n<td width=\"351\">Charger (requiere PCM modificado)<\/td>\n<td width=\"199\">5.7L \/ 6.4L<\/td>\n<td width=\"47\">2015*<\/td>\n<td width=\"47\">2022*<\/td>\n<\/tr>\n<tr>\n<td width=\"62\">Dodge<\/td>\n<td width=\"351\">Charger (requiere PCM modificado)<\/td>\n<td width=\"199\">3.6L<\/td>\n<td width=\"47\">2015*<\/td>\n<td width=\"47\">2018*<\/td>\n<\/tr>\n<tr>\n<td width=\"62\">Dodge<\/td>\n<td width=\"351\">Charger Hellcat (requiere PCM modificado)<\/td>\n<td width=\"199\">6.2L sobrealimentado<\/td>\n<td width=\"47\">2015*<\/td>\n<td width=\"47\">2022*<\/td>\n<\/tr>\n<tr>\n<td width=\"62\">Dodge<\/td>\n<td width=\"351\">Dakota<\/td>\n<td width=\"199\">4.7L<\/td>\n<td width=\"47\">2008<\/td>\n<td width=\"47\">2011<\/td>\n<\/tr>\n<tr>\n<td width=\"62\">Dodge<\/td>\n<td width=\"351\">Durango<\/td>\n<td width=\"199\">5.7L<\/td>\n<td width=\"47\">2005<\/td>\n<td width=\"47\">2014<\/td>\n<\/tr>\n<tr>\n<td width=\"62\">Dodge<\/td>\n<td width=\"351\">Durango (requiere PCM modificado)<\/td>\n<td width=\"199\">3.6L \/ 5.7L<\/td>\n<td width=\"47\">2015*<\/td>\n<td width=\"47\">2018*<\/td>\n<\/tr>\n<tr>\n<td width=\"62\">Dodge<\/td>\n<td width=\"351\">Durango<\/td>\n<td width=\"199\">4.7L<\/td>\n<td width=\"47\">2006<\/td>\n<td width=\"47\">2006<\/td>\n<\/tr>\n<tr>\n<td width=\"62\">Dodge<\/td>\n<td width=\"351\">Durango<\/td>\n<td width=\"199\">4.7L<\/td>\n<td width=\"47\">2008<\/td>\n<td width=\"47\">2009<\/td>\n<\/tr>\n<tr>\n<td width=\"62\">Dodge<\/td>\n<td width=\"351\">Durango<\/td>\n<td width=\"199\">3.6L<\/td>\n<td width=\"47\">2011<\/td>\n<td width=\"47\">2014<\/td>\n<\/tr>\n<tr>\n<td width=\"62\">Dodge<\/td>\n<td width=\"351\">Magnum<\/td>\n<td width=\"199\">3,5L \/ 5,7L \/ 6,1L<\/td>\n<td width=\"47\">2005<\/td>\n<td width=\"47\">2008<\/td>\n<\/tr>\n<tr>\n<td width=\"62\">Dodge<\/td>\n<td width=\"351\">Neon SRT4<\/td>\n<td width=\"199\">2.4L Turbo<\/td>\n<td width=\"47\">2003<\/td>\n<td width=\"47\">2005<\/td>\n<\/tr>\n<tr>\n<td width=\"62\">Dodge<\/td>\n<td width=\"351\">Ram<\/td>\n<td width=\"199\">4.7L<\/td>\n<td width=\"47\">2011<\/td>\n<td width=\"47\">2013<\/td>\n<\/tr>\n<tr>\n<td width=\"62\">Dodge<\/td>\n<td width=\"351\">Ram<\/td>\n<td width=\"199\">3.6L \/ 5.7L \/ 6.4L<\/td>\n<td width=\"47\">2003<\/td>\n<td width=\"47\">2014<\/td>\n<\/tr>\n<tr>\n<td width=\"62\">Dodge<\/td>\n<td width=\"351\">Ram 1500 (requiere PCM modificado)<\/td>\n<td width=\"199\">3.6L \/ 5.7L<\/td>\n<td width=\"47\">2015*<\/td>\n<td width=\"47\">2022*<\/td>\n<\/tr>\n<tr>\n<td width=\"62\">Dodge<\/td>\n<td width=\"351\">Ram 2500\/3500 (requiere PCM modificado)<\/td>\n<td width=\"199\">6.4L<\/td>\n<td width=\"47\">2015*<\/td>\n<td width=\"47\">2020*<\/td>\n<\/tr>\n<tr>\n<td width=\"62\">Jeep<\/td>\n<td width=\"351\">Commander<\/td>\n<td width=\"199\">4.7L \/ 5.7L<\/td>\n<td width=\"47\">2006<\/td>\n<td width=\"47\">2010<\/td>\n<\/tr>\n<tr>\n<td width=\"62\">Jeep<\/td>\n<td width=\"351\">Grand Cherokee<\/td>\n<td width=\"199\">4.7L<\/td>\n<td width=\"47\">2006<\/td>\n<td width=\"47\">2006<\/td>\n<\/tr>\n<tr>\n<td width=\"62\">Jeep<\/td>\n<td width=\"351\">Grand Cherokee<\/td>\n<td width=\"199\">4.7L<\/td>\n<td width=\"47\">2008<\/td>\n<td width=\"47\">2009<\/td>\n<\/tr>\n<tr>\n<td width=\"62\">Jeep<\/td>\n<td width=\"351\">Grand Cherokee (requiere PCM modificado)<\/td>\n<td width=\"199\">5.7L<\/td>\n<td width=\"47\">2015*<\/td>\n<td width=\"47\">2019*<\/td>\n<\/tr>\n<tr>\n<td width=\"62\">Jeep<\/td>\n<td width=\"351\">Grand Cherokee<\/td>\n<td width=\"199\">3,5L \/3,6L \/ 5,7L **\/ 6,1L \/ 6,4L<\/td>\n<td width=\"47\">2005<\/td>\n<td width=\"47\">2014<\/td>\n<\/tr>\n<tr>\n<td width=\"62\">Jeep<\/td>\n<td width=\"351\">Wrangler<\/td>\n<td width=\"199\">3.8L \/ 3.6L \/ 4.0L<\/td>\n<td width=\"47\">2005<\/td>\n<td width=\"47\">2014<\/td>\n<\/tr>\n<tr>\n<td width=\"62\">Jeep<\/td>\n<td width=\"351\">Wrangler (requiere PCM modificado)<\/td>\n<td width=\"199\">3.6L<\/td>\n<td width=\"47\">2015*<\/td>\n<td width=\"47\">2021*<\/td>\n<\/tr>\n<\/tbody>\n<\/table>\n<p>&nbsp;<\/p>\n<ul>\n<li><span style=\"font-size: 16px;\"><span style=\"line-height: 1.3;\">\u00a0* Tambi\u00e9n se requiere una unidad de control del motor modificada. El uso con la unidad de control del motor original no es posible. <u>no <\/u>\u00a1Es posible!<\/span><\/span><\/li>\n<li>** Los modelos Grand Cherokee 5.7 2005-2010 EU no son compatibles. Para estos veh\u00edculos, p\u00f3ngase en contacto con nosotros.<\/li>\n<li><span style=\"font-size: 16px;\"><span style=\"line-height: 1.3;\">** No aceptamos ninguna garant\u00eda \/ responsabilidad por los datos de sintonizaci\u00f3n contenidos en el dispositivo por el fabricante o por da\u00f1os en el veh\u00edculo.<\/span><\/span><\/li>\n<li><span style=\"font-size: 16px;\"><span style=\"line-height: 1.3;\">El dispositivo se suministra con una licencia para su uso en un veh\u00edculo. Se pueden adquirir licencias adicionales por separado.<\/span><\/span><\/li>\n<\/ul>\n<p><span style=\"font-size: 16px;\">Se venden exclusivamente como art\u00edculos para deportes de motor.<br \/>\nEs necesario saber ingl\u00e9s y leer las instrucciones de uso en ingl\u00e9s antes de utilizar el aparato.<br \/>\nPara los modelos Chrysler, Dodge, Jeep y RAM, existen sintonizaciones individuales de acuerdo con nuestras <a href=\"http:\/\/www.kraftwerk.cc\/de\/fahrzeugauswahl\" target=\"_blank\" rel=\"noopener\">Mejoras de rendimiento<\/a>\u00a0tambi\u00e9n disponible para el inTune i3.<\/span><\/p>\n<p>&nbsp;<\/p>","protected":false},"excerpt":{"rendered":"<p>Chrysler, Dodge, Jeep y RAM Unidad de programaci\u00f3n<\/p>","protected":false},"featured_media":68271019,"comment_status":"open","ping_status":"closed","template":"","meta":{"_acf_changed":false},"product_brand":[],"product_cat":[1560,1568,1576,4984,1584,1592,2573,1673,1681,1689,1697,1705,1600,1608,1616,5162,1624,1632,1640,1649,1657,1665,1713,1721,1729,2719,3014,1745,4809,1753,1761,1769,1777,19727,2951,19784,2959,4760,19690,7770,1518,5020],"product_tag":[52,1225,1156,167,915,574,54,53,515,48,94,1197,429,427,49,3853,3854,95,119,1157,56,1224,428,50,4425,441,36,55,328,31,438,517,681,86,682,463,575,918,233,919,1226,1155,175,329],"class_list":{"0":"post-68255717","1":"product","2":"type-product","3":"status-publish","4":"has-post-thumbnail","6":"product_cat-300c-35-programmiergeraete","7":"product_cat-300c-36-programmiergeraete","8":"product_cat-300c-57-2005-2010-programmiergeraete","9":"product_cat-300c-57-2011-2023-programmiergeraete","10":"product_cat-300c-61-programmiergeraete","11":"product_cat-300c-64-programmiergeraete","12":"product_cat-challenger-35-programmiergerate","13":"product_cat-challenger-36-programmiergeraete","14":"product_cat-challenger-57-programmiergeraete","15":"product_cat-challenger-61-programmiergeraete","16":"product_cat-challenger-hellcat-programmiergeraete","17":"product_cat-challenger-64-programmiergeraete","18":"product_cat-charger-35-programmiergeraete","19":"product_cat-charger-36-programmiergeraete","20":"product_cat-charger-57-programmiergeraete","21":"product_cat-charger-57-2011-2023-programmiergeraete","22":"product_cat-charger-61-programmiergeraete","23":"product_cat-charger-hellcat-programmiergeraete","24":"product_cat-charger-64-programmiergeraete","25":"product_cat-durango-36-programmiergeraete","26":"product_cat-durango-57-programmiergeraete","27":"product_cat-durango-64-programmiergeraete","28":"product_cat-magnum-35-programmiergeraete","29":"product_cat-magnum-57-programmiergeraete","30":"product_cat-magnum-61-programmiergeraete","31":"product_cat-commander-programmiergeraete","32":"product_cat-gladiator-36-programmiergeraete","33":"product_cat-grand-cherokee-36-programmiergeraete","34":"product_cat-grand-cherokee-57-2005-2010-programmiergeraete","35":"product_cat-grand-cherokee-57-2011-2021-programmiergeraete","36":"product_cat-grand-cherokee-61-programmiergeraete","37":"product_cat-trackhawk-programmiergeraete","38":"product_cat-grand-cherokee-64-programmiergeraete","39":"product_cat-wrangler-36-jk-programmiergeraete","40":"product_cat-wrangler-36-programmiergeraete","41":"product_cat-wrangler-38-programmiergeraete","42":"product_cat-wrangler-64-programmiergeraete","43":"product_cat-1500-36-programmiergeraete","44":"product_cat-1500-36-dt-programmiergeraete","45":"product_cat-1500-57-2003-2008-programmiergeraete","46":"product_cat-1500-57-2009-2018-classic-programmiergeraete","47":"product_cat-1500-57-dt-programmiergeraete","48":"product_tag-300c","49":"product_tag-1225","50":"product_tag-aufhebung","51":"product_tag-avenger","52":"product_tag-bestellen","53":"product_tag-caliber","54":"product_tag-challenger","55":"product_tag-charger","56":"product_tag-chiptuning","57":"product_tag-chrysler","58":"product_tag-commander","59":"product_tag-dakota","60":"product_tag-deutschland","61":"product_tag-diablosport","62":"product_tag-dodge","63":"product_tag-dodge-challenger","64":"product_tag-dodge-charger","65":"product_tag-durango","66":"product_tag-entfernen","67":"product_tag-geschwindigkeitsbegrenzer","68":"product_tag-grand-cherokee","69":"product_tag-i3","70":"product_tag-intune","71":"product_tag-jeep","72":"product_tag-jeep-grand-cherokee","73":"product_tag-kaufen","74":"product_tag-kraftwerk","75":"product_tag-magnum","76":"product_tag-mds","77":"product_tag-mopar","78":"product_tag-obd","79":"product_tag-programmiergeraet","80":"product_tag-pt-cruiser","81":"product_tag-ram","82":"product_tag-sebring","83":"product_tag-shop","84":"product_tag-srt4","85":"product_tag-tuner","86":"product_tag-tuning","87":"product_tag-tuninggeraet","88":"product_tag-tuningsoftware","89":"product_tag-vmax","90":"product_tag-wrangler","91":"product_tag-zylinderabschaltung","93":"first","94":"outofstock","95":"taxable","96":"shipping-taxable","97":"purchasable","98":"product-type-simple"},"bundled_by":[],"bundle_stock_status":"outofstock","bundle_stock_quantity":0,"bundle_virtual":false,"bundle_layout":"","bundle_add_to_cart_form_location":"","bundle_editable_in_cart":false,"bundle_sold_individually_context":"","bundle_item_grouping":"","bundle_min_size":"","bundle_max_size":"","bundle_price":[],"bundled_items":[],"bundle_sell_ids":[],"exclude_global_add_ons":[],"addons":[],"acf":[],"_links":{"self":[{"href":"https:\/\/kraftwerk-shop.cc\/es\/wp-json\/wp\/v2\/product\/68255717","targetHints":{"allow":["GET"]}}],"collection":[{"href":"https:\/\/kraftwerk-shop.cc\/es\/wp-json\/wp\/v2\/product"}],"about":[{"href":"https:\/\/kraftwerk-shop.cc\/es\/wp-json\/wp\/v2\/types\/product"}],"replies":[{"embeddable":true,"href":"https:\/\/kraftwerk-shop.cc\/es\/wp-json\/wp\/v2\/comments?post=68255717"}],"version-history":[{"count":0,"href":"https:\/\/kraftwerk-shop.cc\/es\/wp-json\/wp\/v2\/product\/68255717\/revisions"}],"wp:featuredmedia":[{"embeddable":true,"href":"https:\/\/kraftwerk-shop.cc\/es\/wp-json\/wp\/v2\/media\/68271019"}],"wp:attachment":[{"href":"https:\/\/kraftwerk-shop.cc\/es\/wp-json\/wp\/v2\/media?parent=68255717"}],"wp:term":[{"taxonomy":"product_brand","embeddable":true,"href":"https:\/\/kraftwerk-shop.cc\/es\/wp-json\/wp\/v2\/product_brand?post=68255717"},{"taxonomy":"product_cat","embeddable":true,"href":"https:\/\/kraftwerk-shop.cc\/es\/wp-json\/wp\/v2\/product_cat?post=68255717"},{"taxonomy":"product_tag","embeddable":true,"href":"https:\/\/kraftwerk-shop.cc\/es\/wp-json\/wp\/v2\/product_tag?post=68255717"}],"curies":[{"name":"wp","href":"https:\/\/api.w.org\/{rel}","templated":true}]}}