{"id":68255845,"date":"2021-09-25T12:55:44","date_gmt":"2021-09-25T10:55:44","guid":{"rendered":"https:\/\/kraftwerk-gruppe.de\/?post_type=product&#038;p=68255845"},"modified":"2026-02-15T00:46:12","modified_gmt":"2026-02-14T23:46:12","slug":"discos-de-freno-ebc-premium-d7365","status":"publish","type":"product","link":"https:\/\/kraftwerk-shop.cc\/es\/produkt\/ebc-premium-bremsscheiben-d7365\/","title":{"rendered":"Discos de Freno EBC Premium D7365"},"content":{"rendered":"<h1>Discos de freno EBC Premium para Chrysler 300C, Dodge Challenger, Charger, Magnum 6.1 SRT8 y 6.4 SRT (eje delantero)<\/h1>\n<p>&nbsp;<\/p>\n<p>EBC ofrece los mejores discos de freno como recambios de equipo original. EBC tambi\u00e9n concede gran importancia a la fabricaci\u00f3n de productos de alta calidad en el sector de los recambios de equipo original para garantizar su seguridad.<\/p>\n<p>Todos los discos de freno EBC Premium est\u00e1n fabricados en fundici\u00f3n gris y tienen una resistencia a la tracci\u00f3n de 150N\/m2 con una desviaci\u00f3n en la dureza superficial de m\u00e1x. 20HB.<\/p>\n<p>Los discos de freno EBC Premium se fresan mediante CNC con una tolerancia de superficie de 0,01 mm.<\/p>\n<p>Por lo tanto, no se trata de un producto barato importado, sino de una pieza de recambio de equipo original de alta calidad que no tiene nada que envidiar a la calidad de los discos de freno originales.<\/p>\n<p>El recubrimiento en polvo negro de los discos de freno proporciona la mejor protecci\u00f3n posible contra la corrosi\u00f3n y es especialmente adecuado para veh\u00edculos con dise\u00f1o de llanta abierta.<\/p>\n<p>&nbsp;<\/p>\n<p><strong>Caracter\u00edsticas del producto:<\/strong><\/p>\n<p>360x32mm \/ altura: 58mm \/ n\u00famero de agujeros: 5 \/ c\u00edrculo de pernos: 114.3mm \/ ventilado \/ montado: frontal<br \/>\nEBA: sin registro<\/p>\n<p>N\u00famero OE (s\u00f3lo a efectos comparativos): 5290537AA,5290537AB, 5290537AC, 5290537AD, 04755538AA<\/p>\n<p>&nbsp;<\/p>\n<p><strong>Adecuado para:<br \/>\n<\/strong><\/p>\n<table width=\"0\">\n<tbody>\n<tr>\n<td width=\"64\">Chrysler<\/td>\n<td width=\"100\">300C<\/td>\n<td width=\"163\">6.1, 6.4<\/td>\n<td width=\"305\">Todos los modelos con discos de freno de 360 mm<\/td>\n<\/tr>\n<tr>\n<td width=\"64\">Dodge<\/td>\n<td width=\"100\">Challenger<\/td>\n<td width=\"163\">6.1, 6.4<\/td>\n<td width=\"305\">Todos los modelos con discos de freno de 360 mm<\/td>\n<\/tr>\n<tr>\n<td width=\"64\">Dodge<\/td>\n<td width=\"100\">Charger<\/td>\n<td width=\"163\">6.1, 6.4<\/td>\n<td width=\"305\">Todos los modelos con discos de freno de 360 mm<\/td>\n<\/tr>\n<tr>\n<td width=\"64\">Dodge<\/td>\n<td width=\"100\">Magnum<\/td>\n<td width=\"163\">6.1<\/td>\n<td width=\"305\">Todos los modelos con discos de freno de 360 mm<\/td>\n<\/tr>\n<\/tbody>\n<\/table>\n<p><strong><br \/>\nVolumen de suministro: <\/strong><\/p>\n<p>- 2 discos de freno EBC Premium (D7365) para el eje delantero<\/p>","protected":false},"excerpt":{"rendered":"<p>Discos de freno de 360 mm<\/p>","protected":false},"featured_media":68274262,"comment_status":"open","ping_status":"closed","template":"","meta":{"_acf_changed":false},"product_brand":[16875],"product_cat":[17733,17737,17697,17689,17757,17765,17777],"product_tag":[6857,18189,18190,18191,18192,52,17683,2338,2337,850,2069,795,796,3946,10802,54,53,48,536,2049,2068,49,3853,3854,964,2442,16877,16876,16878,692,126,36,55,794,797,216,842,841,673],"class_list":{"0":"post-68255845","1":"product","2":"type-product","3":"status-publish","4":"has-post-thumbnail","6":"product_brand-ebc-brakes","7":"product_cat-300c-61-bremsscheiben-vorne","8":"product_cat-300c-64-bremsscheiben-vorne","9":"product_cat-challenger-61-bremsscheiben-vorne","10":"product_cat-challenger-64-bremsscheiben-vorne","11":"product_cat-charger-61-bremsscheiben-vorne","12":"product_cat-charger-64-bremsscheiben-vorne","13":"product_cat-magnum-61-bremsscheiben-vorne","14":"product_tag-04755538aa","15":"product_tag-05290537aa","16":"product_tag-05290537ab","17":"product_tag-05290537ac","18":"product_tag-05290537ad","19":"product_tag-300c","20":"product_tag-4755538aa","21":"product_tag-5290537aa","22":"product_tag-5290537ab","23":"product_tag-5290537ac","24":"product_tag-5290537ad","25":"product_tag-bremse","26":"product_tag-bremsscheibe","27":"product_tag-bremsscheiben-fuer-dodge-challenger","28":"product_tag-bremsscheiben-fuer-dodge-challenger-6-4","29":"product_tag-challenger","30":"product_tag-charger","31":"product_tag-chrysler","32":"product_tag-chrysler-300c","33":"product_tag-d7241","34":"product_tag-d7365","35":"product_tag-dodge","36":"product_tag-dodge-challenger","37":"product_tag-dodge-charger","38":"product_tag-ebc","39":"product_tag-ebc-brakes","40":"product_tag-ebc-bremsbelaege","41":"product_tag-ebc-bremsen","42":"product_tag-ebc-bremsscheiben","43":"product_tag-ersatzteil","44":"product_tag-hemi","45":"product_tag-kraftwerk","46":"product_tag-magnum","47":"product_tag-premium","48":"product_tag-sportbremsscheibe","49":"product_tag-upgrade","50":"product_tag-vorderachse","51":"product_tag-vorne","52":"product_tag-zubehoer","54":"first","55":"onbackorder","56":"taxable","57":"shipping-taxable","58":"purchasable","59":"product-type-simple"},"bundled_by":[],"bundle_stock_status":"onbackorder","bundle_stock_quantity":0,"bundle_virtual":false,"bundle_layout":"","bundle_add_to_cart_form_location":"","bundle_editable_in_cart":false,"bundle_sold_individually_context":"","bundle_item_grouping":"","bundle_min_size":"","bundle_max_size":"","bundle_price":[],"bundled_items":[],"bundle_sell_ids":[],"exclude_global_add_ons":[],"addons":[],"acf":[],"_links":{"self":[{"href":"https:\/\/kraftwerk-shop.cc\/es\/wp-json\/wp\/v2\/product\/68255845","targetHints":{"allow":["GET"]}}],"collection":[{"href":"https:\/\/kraftwerk-shop.cc\/es\/wp-json\/wp\/v2\/product"}],"about":[{"href":"https:\/\/kraftwerk-shop.cc\/es\/wp-json\/wp\/v2\/types\/product"}],"replies":[{"embeddable":true,"href":"https:\/\/kraftwerk-shop.cc\/es\/wp-json\/wp\/v2\/comments?post=68255845"}],"version-history":[{"count":0,"href":"https:\/\/kraftwerk-shop.cc\/es\/wp-json\/wp\/v2\/product\/68255845\/revisions"}],"wp:featuredmedia":[{"embeddable":true,"href":"https:\/\/kraftwerk-shop.cc\/es\/wp-json\/wp\/v2\/media\/68274262"}],"wp:attachment":[{"href":"https:\/\/kraftwerk-shop.cc\/es\/wp-json\/wp\/v2\/media?parent=68255845"}],"wp:term":[{"taxonomy":"product_brand","embeddable":true,"href":"https:\/\/kraftwerk-shop.cc\/es\/wp-json\/wp\/v2\/product_brand?post=68255845"},{"taxonomy":"product_cat","embeddable":true,"href":"https:\/\/kraftwerk-shop.cc\/es\/wp-json\/wp\/v2\/product_cat?post=68255845"},{"taxonomy":"product_tag","embeddable":true,"href":"https:\/\/kraftwerk-shop.cc\/es\/wp-json\/wp\/v2\/product_tag?post=68255845"}],"curies":[{"name":"wp","href":"https:\/\/api.w.org\/{rel}","templated":true}]}}