{"id":68255846,"date":"2021-09-25T12:56:03","date_gmt":"2021-09-25T10:56:03","guid":{"rendered":"https:\/\/kraftwerk-gruppe.de\/?post_type=product&#038;p=68255846"},"modified":"2026-02-15T00:55:34","modified_gmt":"2026-02-14T23:55:34","slug":"discos-de-freno-ebc-premium-d7366","status":"publish","type":"product","link":"https:\/\/kraftwerk-shop.cc\/es\/produkt\/ebc-premium-bremsscheiben-d7366\/","title":{"rendered":"Discos de Freno EBC Premium D7366"},"content":{"rendered":"<h1>Discos de freno EBC Premium para Chrysler 300C, Dodge Challenger, Charger, Magnum 6.1 SRT8, 6.2 Hellcat y 6.4 SRT (eje trasero)<\/h1>\n<p>&nbsp;<\/p>\n<p>EBC ofrece los mejores discos de freno como recambios de equipo original. EBC tambi\u00e9n concede gran importancia a la fabricaci\u00f3n de productos de alta calidad en el sector de los recambios de equipo original para garantizar su seguridad.<\/p>\n<p>Todos los discos de freno EBC Premium est\u00e1n fabricados en fundici\u00f3n gris y tienen una resistencia a la tracci\u00f3n de 150N\/m2 con una desviaci\u00f3n en la dureza superficial de m\u00e1x. 20HB.<\/p>\n<p>Los discos de freno EBC Premium se fresan mediante CNC con una tolerancia de superficie de 0,01 mm.<\/p>\n<p>Por lo tanto, no se trata de un producto barato importado, sino de una pieza de recambio de equipo original de alta calidad que no tiene nada que envidiar a la calidad de los discos de freno originales.<\/p>\n<p>El recubrimiento en polvo negro de los discos de freno proporciona la mejor protecci\u00f3n posible contra la corrosi\u00f3n y es especialmente adecuado para veh\u00edculos con dise\u00f1o de llanta abierta.<\/p>\n<p>&nbsp;<\/p>\n<p><strong>Caracter\u00edsticas del producto:<\/strong><\/p>\n<p>350x28mm \/ altura: 68mm \/ n\u00famero de agujeros: 5 \/ c\u00edrculo de pernos: 115mm \/ ventilado \/ montado: trasero<br \/>\nHomologaci\u00f3n: libre de registro<\/p>\n<p>N\u00famero OE (s\u00f3lo a efectos comparativos): 5290538AA, 5290538AB, 5290538AC, 5290538AD, 5290538AE, 4755539AA<\/p>\n<p>&nbsp;<\/p>\n<p><strong>Adecuado para:<br \/>\n<\/strong><\/p>\n<table width=\"0\">\n<tbody>\n<tr>\n<td width=\"64\">Chrysler<\/td>\n<td width=\"100\">300C<\/td>\n<td width=\"163\">6.1, 6.4<\/td>\n<td width=\"305\">todos los a\u00f1os de construcci\u00f3n<\/td>\n<\/tr>\n<tr>\n<td width=\"64\">Dodge<\/td>\n<td width=\"100\">Challenger<\/td>\n<td width=\"163\">6.1, 6.2 Hellcat, 6.4<\/td>\n<td width=\"305\">todos los a\u00f1os de construcci\u00f3n<\/td>\n<\/tr>\n<tr>\n<td width=\"64\">Dodge<\/td>\n<td width=\"100\">Charger<\/td>\n<td width=\"163\">6.1, 6.2 Hellcat, 6.4<\/td>\n<td width=\"305\">todos los a\u00f1os de construcci\u00f3n<\/td>\n<\/tr>\n<tr>\n<td width=\"64\">Dodge<\/td>\n<td width=\"100\">Magnum<\/td>\n<td width=\"163\">6.1<\/td>\n<td width=\"305\">todos los a\u00f1os de construcci\u00f3n<\/td>\n<\/tr>\n<\/tbody>\n<\/table>\n<p><strong><br \/>\nVolumen de suministro: <\/strong><\/p>\n<p>- 2 discos de freno EBC Premium (D7366) para el eje trasero<\/p>","protected":false},"excerpt":{"rendered":"<p>Discos de freno EBC Premium para Chrysler 300C, Dodge Challenger, Charger, Magnum 6.1 SRT8, 6.2 Hellcat y 6.4 SRT (eje trasero) El<\/p>","protected":false},"featured_media":68274261,"comment_status":"open","ping_status":"closed","template":"","meta":{"_acf_changed":false},"product_brand":[16875],"product_cat":[17734,17738,17698,17694,17690,17758,17762,17766,17778],"product_tag":[17167,6816,6817,6818,6819,6820,52,217,17166,791,792,790,793,3744,795,796,3946,10802,54,53,48,536,2116,49,3853,3854,964,2442,16877,16876,16878,692,100,126,36,55,794,797,96,216,842,841,673],"class_list":{"0":"post-68255846","1":"product","2":"type-product","3":"status-publish","4":"has-post-thumbnail","6":"product_brand-ebc-brakes","7":"product_cat-300c-61-bremsscheiben-hinten","8":"product_cat-300c-64-bremsscheiben-hinten","9":"product_cat-challenger-61-bremsscheiben-hinten","10":"product_cat-challenger-hellcat-bremsscheiben-hinten","11":"product_cat-challenger-64-bremsscheiben-hinten","12":"product_cat-charger-61-bremsscheiben-hinten","13":"product_cat-charger-hellcat-bremsscheiben-hinten","14":"product_cat-charger-64-bremsscheiben-hinten","15":"product_cat-magnum-61-bremsscheiben-hinten","16":"product_tag-04755539aa","17":"product_tag-05290538aa","18":"product_tag-05290538ab","19":"product_tag-05290538ac","20":"product_tag-05290538ad","21":"product_tag-05290538ae","22":"product_tag-300c","23":"product_tag-217","24":"product_tag-4755539aa","25":"product_tag-5290538aa","26":"product_tag-5290538ab","27":"product_tag-5290538ac","28":"product_tag-5290538ad","29":"product_tag-5290538ae","30":"product_tag-bremse","31":"product_tag-bremsscheibe","32":"product_tag-bremsscheiben-fuer-dodge-challenger","33":"product_tag-bremsscheiben-fuer-dodge-challenger-6-4","34":"product_tag-challenger","35":"product_tag-charger","36":"product_tag-chrysler","37":"product_tag-chrysler-300c","38":"product_tag-d7366","39":"product_tag-dodge","40":"product_tag-dodge-challenger","41":"product_tag-dodge-charger","42":"product_tag-ebc","43":"product_tag-ebc-brakes","44":"product_tag-ebc-bremsbelaege","45":"product_tag-ebc-bremsen","46":"product_tag-ebc-bremsscheiben","47":"product_tag-ersatzteil","48":"product_tag-hellcat","49":"product_tag-hemi","50":"product_tag-kraftwerk","51":"product_tag-magnum","52":"product_tag-premium","53":"product_tag-sportbremsscheibe","54":"product_tag-srt","55":"product_tag-upgrade","56":"product_tag-vorderachse","57":"product_tag-vorne","58":"product_tag-zubehoer","60":"first","61":"onbackorder","62":"taxable","63":"shipping-taxable","64":"purchasable","65":"product-type-simple"},"bundled_by":[],"bundle_stock_status":"onbackorder","bundle_stock_quantity":0,"bundle_virtual":false,"bundle_layout":"","bundle_add_to_cart_form_location":"","bundle_editable_in_cart":false,"bundle_sold_individually_context":"","bundle_item_grouping":"","bundle_min_size":"","bundle_max_size":"","bundle_price":[],"bundled_items":[],"bundle_sell_ids":[],"exclude_global_add_ons":[],"addons":[],"acf":[],"_links":{"self":[{"href":"https:\/\/kraftwerk-shop.cc\/es\/wp-json\/wp\/v2\/product\/68255846","targetHints":{"allow":["GET"]}}],"collection":[{"href":"https:\/\/kraftwerk-shop.cc\/es\/wp-json\/wp\/v2\/product"}],"about":[{"href":"https:\/\/kraftwerk-shop.cc\/es\/wp-json\/wp\/v2\/types\/product"}],"replies":[{"embeddable":true,"href":"https:\/\/kraftwerk-shop.cc\/es\/wp-json\/wp\/v2\/comments?post=68255846"}],"version-history":[{"count":0,"href":"https:\/\/kraftwerk-shop.cc\/es\/wp-json\/wp\/v2\/product\/68255846\/revisions"}],"wp:featuredmedia":[{"embeddable":true,"href":"https:\/\/kraftwerk-shop.cc\/es\/wp-json\/wp\/v2\/media\/68274261"}],"wp:attachment":[{"href":"https:\/\/kraftwerk-shop.cc\/es\/wp-json\/wp\/v2\/media?parent=68255846"}],"wp:term":[{"taxonomy":"product_brand","embeddable":true,"href":"https:\/\/kraftwerk-shop.cc\/es\/wp-json\/wp\/v2\/product_brand?post=68255846"},{"taxonomy":"product_cat","embeddable":true,"href":"https:\/\/kraftwerk-shop.cc\/es\/wp-json\/wp\/v2\/product_cat?post=68255846"},{"taxonomy":"product_tag","embeddable":true,"href":"https:\/\/kraftwerk-shop.cc\/es\/wp-json\/wp\/v2\/product_tag?post=68255846"}],"curies":[{"name":"wp","href":"https:\/\/api.w.org\/{rel}","templated":true}]}}